{"id":7865,"date":"2025-08-30T23:14:44","date_gmt":"2025-08-30T20:14:44","guid":{"rendered":"https:\/\/northakademi.com\/tr\/?page_id=7865"},"modified":"2025-08-30T23:14:44","modified_gmt":"2025-08-30T20:14:44","slug":"drone-ile-ruzgar-turbini-kanat-kontrolu","status":"publish","type":"page","link":"https:\/\/northakademi.com\/tr\/drone-ile-ruzgar-turbini-kanat-kontrolu\/","title":{"rendered":"Drone ile R\u00fczgar T\u00fcrbini Kanat Kontrol\u00fc"},"content":{"rendered":"<\/div><\/div><\/div><!-- close content main div --><\/div><\/div><div id='av_section_1' class='avia-section main_color avia-section-default avia-no-shadow avia-bg-style-scroll   av-minimum-height av-minimum-height-custom container_wrap sidebar_right' style = 'background-repeat: no-repeat; background-image: url(https:\/\/northakademi.com\/tr\/wp-content\/uploads\/2019\/12\/slide-north-akademi-siyah-lacivert.jpg); background-attachment: scroll; background-position: top left; ' data-section-bg-repeat='no-repeat' ><div class='container' style='height:150px'><div class='template-page content  av-content-small alpha units'><div class='post-entry post-entry-type-page post-entry-7865'><div class='entry-content-wrapper clearfix'>\n<div style='padding-bottom:10px;color:#ffffff;' class='av-special-heading av-special-heading-h3 custom-color-heading   '><h3 class='av-special-heading-tag '  itemprop=\"headline\"  >Drone ile R\u00fczgar T\u00fcrbini Kanat Kontrol\u00fc<\/h3><div class='special-heading-border'><div class='special-heading-inner-border' style='border-color:#ffffff'><\/div><\/div><\/div>\n<\/div><\/div><\/div><!-- close content main div --><\/div><\/div><div id='after_section_1' class='main_color av_default_container_wrap container_wrap sidebar_right'   ><div class='container' ><div class='template-page content  av-content-small alpha units'><div class='post-entry post-entry-type-page post-entry-7865'><div class='entry-content-wrapper clearfix'><div class=\"flex_column av_one_full  flex_column_div av-zero-column-padding first  \" style='border-radius:0px; '><div class='avia-image-container  av-styling-    avia-align-center '  itemprop=\"ImageObject\" itemscope=\"itemscope\" itemtype=\"https:\/\/schema.org\/ImageObject\"  ><div class='avia-image-container-inner'><img class='avia_image ' src='https:\/\/northakademi.com\/tr\/wp-content\/uploads\/2025\/08\/90dd862b-e5aa-42f8-800b-d26e34cc5f82.jpg' alt='' title='90dd862b-e5aa-42f8-800b-d26e34cc5f82'   itemprop=\"thumbnailUrl\"  \/><\/div><\/div><\/div><div class=\"flex_column av_one_full  flex_column_div av-zero-column-padding first  \" style='border-radius:0px; '><section class=\"av_textblock_section \"  itemscope=\"itemscope\" itemtype=\"https:\/\/schema.org\/CreativeWork\" ><div class='avia_textblock  '   itemprop=\"text\" ><p>R\u00fczgar t\u00fcrbinlerinde g\u00fcvenli ve kesintisiz enerji \u00fcretiminin ilk ad\u0131m\u0131, d\u00fczenli ve do\u011fru kanat kontrolleridir. North Akademi, geli\u015fmi\u015f drone teknolojisi ile kanatlarda meydana gelebilecek en k\u00fc\u00e7\u00fck hasar\u0131 dahi h\u0131zl\u0131 ve g\u00fcvenli bir \u015fekilde tespit eder.<\/p>\n<p><strong>Drone Kontrol Hizmetlerimiz<\/strong><\/p>\n<p><strong>Y\u00fcksek \u00c7\u00f6z\u00fcn\u00fcrl\u00fckl\u00fc G\u00f6r\u00fcnt\u00fcleme:<\/strong> Mikro \u00e7atlaklar, erozyon izleri ve y\u00fczey deformasyonlar\u0131n\u0131n detayl\u0131 tespiti<\/p>\n<p><strong>Zor Noktalara Eri\u015fim:<\/strong> \u0130nsan eri\u015fiminin zor oldu\u011fu b\u00f6lgelerde h\u0131zl\u0131 ve g\u00fcvenli inceleme<\/p>\n<p><strong>H\u0131zl\u0131 Raporlama:<\/strong> Sahada \u00e7ekilen g\u00f6rsellerin analiz edilerek m\u00fc\u015fteriye teknik rapor halinde sunulmas\u0131<\/p>\n<p><strong>Tamir \u00d6ncesi ve Sonras\u0131 Kontroller:<\/strong> Onar\u0131m planlamas\u0131nda ve kalite do\u011frulama s\u00fcrecinde hassas \u00f6l\u00e7\u00fcm<\/p>\n<p><strong>Neden Drone Kontrol?<\/strong><\/p>\n<p><strong>Maliyet ve Zaman Tasarrufu:<\/strong> Geleneksel eri\u015fim y\u00f6ntemlerine g\u00f6re daha h\u0131zl\u0131 ve d\u00fc\u015f\u00fck maliyetli<\/p>\n<p><strong>G\u00fcvenlik:<\/strong> Y\u00fcksekte \u00e7al\u0131\u015fma risklerini minimuma indirir<\/p>\n<p><strong>Detayl\u0131 Analiz:<\/strong> Y\u00fcksek \u00e7\u00f6z\u00fcn\u00fcrl\u00fckl\u00fc g\u00f6r\u00fcnt\u00fclerle hatalar\u0131n erken te\u015fhisi<\/p>\n<p><strong>Entegre \u00c7\u00f6z\u00fcm:<\/strong> Tespit edilen hasarlar i\u00e7in ayn\u0131 anda North Akademi\u2019nin kanat tamir hizmetleri devreye al\u0131n\u0131r<\/p>\n<\/div><\/section><\/div><\/p>\n","protected":false},"excerpt":{"rendered":"","protected":false},"author":1,"featured_media":0,"parent":0,"menu_order":0,"comment_status":"closed","ping_status":"closed","template":"","meta":{"footnotes":""},"_links":{"self":[{"href":"https:\/\/northakademi.com\/tr\/wp-json\/wp\/v2\/pages\/7865"}],"collection":[{"href":"https:\/\/northakademi.com\/tr\/wp-json\/wp\/v2\/pages"}],"about":[{"href":"https:\/\/northakademi.com\/tr\/wp-json\/wp\/v2\/types\/page"}],"author":[{"embeddable":true,"href":"https:\/\/northakademi.com\/tr\/wp-json\/wp\/v2\/users\/1"}],"replies":[{"embeddable":true,"href":"https:\/\/northakademi.com\/tr\/wp-json\/wp\/v2\/comments?post=7865"}],"version-history":[{"count":2,"href":"https:\/\/northakademi.com\/tr\/wp-json\/wp\/v2\/pages\/7865\/revisions"}],"predecessor-version":[{"id":7868,"href":"https:\/\/northakademi.com\/tr\/wp-json\/wp\/v2\/pages\/7865\/revisions\/7868"}],"wp:attachment":[{"href":"https:\/\/northakademi.com\/tr\/wp-json\/wp\/v2\/media?parent=7865"}],"curies":[{"name":"wp","href":"https:\/\/api.w.org\/{rel}","templated":true}]}}