{"id":7834,"date":"2025-08-30T19:51:00","date_gmt":"2025-08-30T16:51:00","guid":{"rendered":"https:\/\/northakademi.com\/tr\/?page_id=7834"},"modified":"2025-08-30T22:21:34","modified_gmt":"2025-08-30T19:21:34","slug":"gwo-btt-kurulum-modulu","status":"publish","type":"page","link":"https:\/\/northakademi.com\/tr\/egitimler\/gwo-egitimi\/gwo-btt-kurulum-modulu\/","title":{"rendered":"GWO BTT Kurulum Mod\u00fcl\u00fc"},"content":{"rendered":"<\/div><\/div><\/div><!-- close content main div --><\/div><\/div><div id='av_section_1' class='avia-section main_color avia-section-default avia-no-shadow avia-bg-style-scroll   av-minimum-height av-minimum-height-custom container_wrap sidebar_right' style = 'background-repeat: no-repeat; background-image: url(https:\/\/northakademi.com\/tr\/wp-content\/uploads\/2019\/12\/slide-north-akademi-siyah-lacivert.jpg); background-attachment: scroll; background-position: top left; ' data-section-bg-repeat='no-repeat' ><div class='container' style='height:150px'><div class='template-page content  av-content-small alpha units'><div class='post-entry post-entry-type-page post-entry-7834'><div class='entry-content-wrapper clearfix'>\n<div style='padding-bottom:10px;color:#ffffff;' class='av-special-heading av-special-heading-h3 custom-color-heading   '><h3 class='av-special-heading-tag '  itemprop=\"headline\"  >GWO BTT Kurulum Mod\u00fcl\u00fc<\/h3><div class='special-heading-border'><div class='special-heading-inner-border' style='border-color:#ffffff'><\/div><\/div><\/div>\n<\/div><\/div><\/div><!-- close content main div --><\/div><\/div><div id='after_section_1' class='main_color av_default_container_wrap container_wrap sidebar_right'   ><div class='container' ><div class='template-page content  av-content-small alpha units'><div class='post-entry post-entry-type-page post-entry-7834'><div class='entry-content-wrapper clearfix'>\n<div class=\"flex_column av_one_half  flex_column_div av-zero-column-padding first  \" style='border-radius:0px; '><p><div class='avia-image-container  av-styling-    avia-align-center '  itemprop=\"ImageObject\" itemscope=\"itemscope\" itemtype=\"https:\/\/schema.org\/ImageObject\"  ><div class='avia-image-container-inner'><img class='avia_image ' src='https:\/\/northakademi.com\/tr\/wp-content\/uploads\/2025\/08\/WhatsApp-Image-2025-08-30-at-22.45.53-1.jpeg' alt='' title='WhatsApp Image 2025-08-30 at 22.45.53 (1)'   itemprop=\"thumbnailUrl\"  \/><\/div><\/div><br \/>\n<div class='avia-image-container  av-styling-    avia-align-center '  itemprop=\"ImageObject\" itemscope=\"itemscope\" itemtype=\"https:\/\/schema.org\/ImageObject\"  ><div class='avia-image-container-inner'><img class='avia_image ' src='https:\/\/northakademi.com\/tr\/wp-content\/uploads\/2025\/08\/WhatsApp-Image-2025-08-30-at-22.45.53-2.jpeg' alt='' title='WhatsApp Image 2025-08-30 at 22.45.53 (2)'   itemprop=\"thumbnailUrl\"  \/><\/div><\/div><\/p><\/div><div class=\"flex_column av_one_half  flex_column_div av-zero-column-padding   \" style='border-radius:0px; '><p><article class=\"iconbox iconbox_left    \"  itemscope=\"itemscope\" itemtype=\"https:\/\/schema.org\/CreativeWork\" ><div class=\"iconbox_content\"><header class=\"entry-content-header\"><div class=\"iconbox_icon heading-color \" aria-hidden='true' data-av_icon='\ue84e' data-av_iconfont='entypo-fontello'  ><\/div><h3 class='iconbox_content_title '  itemprop=\"headline\"  >E\u011fitim S\u00fcresi<\/h3><\/header><div class='iconbox_content_container  '  itemprop=\"text\"  ><p>Bu e\u011fitimin toplam s\u00fcresi <strong>1<\/strong> g\u00fcnd\u00fcr.<\/p>\n<\/div><\/div><footer class=\"entry-footer\"><\/footer><\/article><br \/>\n<section class=\"av_textblock_section \"  itemscope=\"itemscope\" itemtype=\"https:\/\/schema.org\/CreativeWork\" ><div class='avia_textblock  '   itemprop=\"text\" ><ul>\n<li>Bu BTT Kurulum Mod\u00fcl\u00fcn\u00fcn amac\u0131, kat\u0131l\u0131mc\u0131lara temel kurulum g\u00f6revlerini (deneyimli bir teknisyenin g\u00f6zetiminde), g\u00fcvenli \u00e7al\u0131\u015fma prosed\u00fcrlerini ve do\u011fru KKD&#8217;yi kullanarak yerine getirmeleri i\u00e7in gerekli bilgi ve becerileri kazand\u0131rmakt\u0131r.BTT Kurulum Mod\u00fcl\u00fcn\u00fc ba\u015far\u0131yla tamamlad\u0131ktan sonra kat\u0131l\u0131mc\u0131lar \u015funlar\u0131 yapabilecektir:\n<ul>\n<li style=\"list-style-type: none;\">\n<ul>\n<li>Ana kurulum faaliyetlerini tan\u0131mak<\/li>\n<li>Kurulum ortam\u0131yla ilgili genel riskleri ve tehlikeleri tan\u0131mak<\/li>\n<li>T\u00fcm kurulum s\u00fcreci boyunca kontrol listesi sistemini tan\u0131mak<\/li>\n<li>Kurulum ortamlar\u0131n\u0131n \u00f6zelliklerini a\u00e7\u0131klamak<\/li>\n<li>Kurulumdan \u00f6nce ve sonra mallar\u0131n ve bile\u015fenlerin yerinde veya bir depolama alan\u0131 i\u00e7inde ta\u015f\u0131nmas\u0131 ve depolanmas\u0131na ili\u015fkin ilke ve standartlar\u0131 tan\u0131mak<\/li>\n<li>Kald\u0131rma ekipman\u0131n\u0131n temel prensiplerini tan\u0131mak<\/li>\n<li>Kurulumdan \u00f6nce ana bile\u015fenlerin temel haz\u0131rl\u0131klar\u0131n\u0131 a\u00e7\u0131klamak<\/li>\n<li>Temel mekanik tamamlamay\u0131 a\u00e7\u0131klamak<\/li>\n<li>Kablolar\u0131n ta\u015f\u0131nmas\u0131 ve kurulumuna ili\u015fkin prensipler ve standartlar dahil olmak \u00fczere temel elektrik tamamlama i\u015flemlerini ger\u00e7ekle\u015ftirmek<\/li>\n<li>Temel hidrolik tamamlamay\u0131 a\u00e7\u0131klamak<\/li>\n<li>Kurulum s\u0131ras\u0131nda harici jenerat\u00f6rleri \u00e7al\u0131\u015ft\u0131rma prensiplerini tan\u0131mak<\/li>\n<li>Devreye alma devrinin nas\u0131l yap\u0131laca\u011f\u0131na ili\u015fkin esaslar\u0131 tan\u0131mak<\/li>\n<\/ul>\n<\/li>\n<\/ul>\n<p><strong>\u00a0<\/strong><strong>Kurulum Modul\u00fc E\u011fitim \u0130\u00e7eri\u011fi : 2 G\u00fcn<\/strong><\/p>\n<ul>\n<li>E\u011fitime Giri\u015f<\/li>\n<li>Kuruluma Giri\u015f<\/li>\n<li>Kurulum Yap\u0131lan Sahada \u00c7al\u0131\u015fma Prosed\u00fcrleri<\/li>\n<li>Kurulum Ortamlar\u0131<\/li>\n<li>Ta\u015f\u0131ma ve Depolama<\/li>\n<li>Kald\u0131rma \u0130\u015flemleri<\/li>\n<li>Ana Bile\u015fen Haz\u0131rl\u0131\u011f\u0131, \u00d6n Montaj ve Montaj<\/li>\n<li>Mekanik Prensipleri<\/li>\n<li>Elektrik Tamamlama Prensipleri<\/li>\n<li>Hidrolik Prensipleri<\/li>\n<li>Harici Jenerat\u00f6rle \u00c7al\u0131\u015fma<\/li>\n<li>Devreye Alma<\/li>\n<li>\u00d6zet ve Teorik Test<\/li>\n<li>E\u011fitim \u0130ncelemesi<\/li>\n<\/ul>\n<\/li>\n<\/ul>\n<\/div><\/section><\/p><\/div><\/p>\n","protected":false},"excerpt":{"rendered":"","protected":false},"author":1,"featured_media":0,"parent":6899,"menu_order":0,"comment_status":"closed","ping_status":"closed","template":"","meta":{"footnotes":""},"_links":{"self":[{"href":"https:\/\/northakademi.com\/tr\/wp-json\/wp\/v2\/pages\/7834"}],"collection":[{"href":"https:\/\/northakademi.com\/tr\/wp-json\/wp\/v2\/pages"}],"about":[{"href":"https:\/\/northakademi.com\/tr\/wp-json\/wp\/v2\/types\/page"}],"author":[{"embeddable":true,"href":"https:\/\/northakademi.com\/tr\/wp-json\/wp\/v2\/users\/1"}],"replies":[{"embeddable":true,"href":"https:\/\/northakademi.com\/tr\/wp-json\/wp\/v2\/comments?post=7834"}],"version-history":[{"count":4,"href":"https:\/\/northakademi.com\/tr\/wp-json\/wp\/v2\/pages\/7834\/revisions"}],"predecessor-version":[{"id":7851,"href":"https:\/\/northakademi.com\/tr\/wp-json\/wp\/v2\/pages\/7834\/revisions\/7851"}],"up":[{"embeddable":true,"href":"https:\/\/northakademi.com\/tr\/wp-json\/wp\/v2\/pages\/6899"}],"wp:attachment":[{"href":"https:\/\/northakademi.com\/tr\/wp-json\/wp\/v2\/media?parent=7834"}],"curies":[{"name":"wp","href":"https:\/\/api.w.org\/{rel}","templated":true}]}}