{"id":7831,"date":"2025-08-30T19:49:01","date_gmt":"2025-08-30T16:49:01","guid":{"rendered":"https:\/\/northakademi.com\/tr\/?page_id=7831"},"modified":"2025-08-30T22:07:20","modified_gmt":"2025-08-30T19:07:20","slug":"gwo-kanat-tamir-egitimi","status":"publish","type":"page","link":"https:\/\/northakademi.com\/tr\/egitimler\/gwo-egitimi\/gwo-kanat-tamir-egitimi\/","title":{"rendered":"GWO Kanat Tamir E\u011fitimi"},"content":{"rendered":"<\/div><\/div><\/div><!-- close content main div --><\/div><\/div><div id='av_section_1' class='avia-section main_color avia-section-default avia-no-shadow avia-bg-style-scroll   av-minimum-height av-minimum-height-custom container_wrap sidebar_right' style = 'background-repeat: no-repeat; background-image: url(https:\/\/northakademi.com\/tr\/wp-content\/uploads\/2019\/12\/slide-north-akademi-siyah-lacivert.jpg); background-attachment: scroll; background-position: top left; ' data-section-bg-repeat='no-repeat' ><div class='container' style='height:150px'><div class='template-page content  av-content-small alpha units'><div class='post-entry post-entry-type-page post-entry-7831'><div class='entry-content-wrapper clearfix'>\n<div style='padding-bottom:10px;color:#ffffff;' class='av-special-heading av-special-heading-h3 custom-color-heading   '><h3 class='av-special-heading-tag '  itemprop=\"headline\"  >GWO Kanat Tamir E\u011fitimi<\/h3><div class='special-heading-border'><div class='special-heading-inner-border' style='border-color:#ffffff'><\/div><\/div><\/div>\n<\/div><\/div><\/div><!-- close content main div --><\/div><\/div><div id='after_section_1' class='main_color av_default_container_wrap container_wrap sidebar_right'   ><div class='container' ><div class='template-page content  av-content-small alpha units'><div class='post-entry post-entry-type-page post-entry-7831'><div class='entry-content-wrapper clearfix'>\n<div class=\"flex_column av_one_full  flex_column_div av-zero-column-padding first  \" style='border-radius:0px; '><div class='avia-gallery  avia-gallery-1 avia_lazyload avia_animate_when_visible '  itemprop=\"ImageObject\" itemscope=\"itemscope\" itemtype=\"https:\/\/schema.org\/ImageObject\" ><div class='avia-gallery-thumb'> <a href='https:\/\/northakademi.com\/tr\/wp-content\/uploads\/2025\/08\/Kanat-tamir-egitimi-1-1030x773.jpeg' data-rel='gallery-1' data-prev-img='https:\/\/northakademi.com\/tr\/wp-content\/uploads\/2025\/08\/Kanat-tamir-egitimi-1-495x400.jpeg' class='first_thumb lightbox ' data-onclick='1' title=''  itemprop=\"thumbnailUrl\" ><img  src='https:\/\/northakademi.com\/tr\/wp-content\/uploads\/2025\/08\/Kanat-tamir-egitimi-1-495x400.jpeg' width='495' height='400'  title='Kanat-tamir-egitimi (1)' alt='' \/><\/a> <a href='https:\/\/northakademi.com\/tr\/wp-content\/uploads\/2025\/08\/Kanat-tamir-egitimi-2.jpeg' data-rel='gallery-1' data-prev-img='https:\/\/northakademi.com\/tr\/wp-content\/uploads\/2025\/08\/Kanat-tamir-egitimi-2-495x400.jpeg' class='lightbox ' data-onclick='2' title=''  itemprop=\"thumbnailUrl\" ><img  src='https:\/\/northakademi.com\/tr\/wp-content\/uploads\/2025\/08\/Kanat-tamir-egitimi-2-495x400.jpeg' width='495' height='400'  title='Kanat-tamir-egitimi (2)' alt='' \/><\/a> <a href='https:\/\/northakademi.com\/tr\/wp-content\/uploads\/2025\/08\/Kanat-tamir-egitimi-3.jpeg' data-rel='gallery-1' data-prev-img='https:\/\/northakademi.com\/tr\/wp-content\/uploads\/2025\/08\/Kanat-tamir-egitimi-3-495x400.jpeg' class='lightbox ' data-onclick='3' title=''  itemprop=\"thumbnailUrl\" ><img  src='https:\/\/northakademi.com\/tr\/wp-content\/uploads\/2025\/08\/Kanat-tamir-egitimi-3-495x400.jpeg' width='495' height='400'  title='Kanat-tamir-egitimi (3)' alt='' \/><\/a> <a href='https:\/\/northakademi.com\/tr\/wp-content\/uploads\/2025\/08\/Kanat-tamir-egitimi-4-1030x759.jpeg' data-rel='gallery-1' data-prev-img='https:\/\/northakademi.com\/tr\/wp-content\/uploads\/2025\/08\/Kanat-tamir-egitimi-4-495x400.jpeg' class='lightbox ' data-onclick='4' title=''  itemprop=\"thumbnailUrl\" ><img  src='https:\/\/northakademi.com\/tr\/wp-content\/uploads\/2025\/08\/Kanat-tamir-egitimi-4-495x400.jpeg' width='495' height='400'  title='Kanat-tamir-egitimi (4)' alt='' \/><\/a> <a href='https:\/\/northakademi.com\/tr\/wp-content\/uploads\/2025\/08\/Kanat-Temir-Egitimi-s-1030x773.jpeg' data-rel='gallery-1' data-prev-img='https:\/\/northakademi.com\/tr\/wp-content\/uploads\/2025\/08\/Kanat-Temir-Egitimi-s-495x400.jpeg' class='lightbox ' data-onclick='5' title=''  itemprop=\"thumbnailUrl\" ><img  src='https:\/\/northakademi.com\/tr\/wp-content\/uploads\/2025\/08\/Kanat-Temir-Egitimi-s-495x400.jpeg' width='495' height='400'  title='Kanat-Temir-Egitimi-s' alt='' \/><\/a><\/div><\/div><\/div><div class=\"flex_column av_one_full  flex_column_div av-zero-column-padding first  \" style='border-radius:0px; '><p><article class=\"iconbox iconbox_left    \"  itemscope=\"itemscope\" itemtype=\"https:\/\/schema.org\/CreativeWork\" ><div class=\"iconbox_content\"><header class=\"entry-content-header\"><div class=\"iconbox_icon heading-color \" aria-hidden='true' data-av_icon='\ue84e' data-av_iconfont='entypo-fontello'  ><\/div><h3 class='iconbox_content_title '  itemprop=\"headline\"  >E\u011fitim S\u00fcresi<\/h3><\/header><div class='iconbox_content_container  '  itemprop=\"text\"  ><p>Bu e\u011fitimin toplam s\u00fcresi <strong>9<\/strong>\u00a0g\u00fcnd\u00fcr.<\/p>\n<\/div><\/div><footer class=\"entry-footer\"><\/footer><\/article><br \/>\n<section class=\"av_textblock_section \"  itemscope=\"itemscope\" itemtype=\"https:\/\/schema.org\/CreativeWork\" ><div class='avia_textblock  '   itemprop=\"text\" ><ul>\n<li>North Akademi olarak, GWO taraf\u0131ndan akredite edilmi\u015f Blade Repair (BR) e\u011fitimimiz ile kat\u0131l\u0131mc\u0131lara, r\u00fczgar enerjisi sekt\u00f6r\u00fcn\u00fcn en kritik teknik alanlar\u0131ndan biri olan kanat tamiri konusunda yetkinlik kazand\u0131r\u0131yoruz.R\u00fczgar t\u00fcrbini kanatlar\u0131nda olu\u015fabilecek hasarlar\u0131 tespit edebilen, de\u011ferlendirebilen ve tamir edebilen uzmanlar yeti\u015ftiriyoruz.\n<p>Toplam 9 g\u00fcn (70 saat 20 dakika) s\u00fcren bu e\u011fitim; teorik bilgi, uygulamal\u0131 pratikler ve g\u00fcvenlik mod\u00fcllerini kapsar.<\/p>\n<p><strong>Kat\u0131l\u0131mc\u0131lar Bu E\u011fitimle Neler \u00d6\u011frenir?<\/strong><\/p>\n<p><strong>Kompozit Malzeme Bilgisi:<\/strong><\/p>\n<p>Epoksi re\u00e7ineler, cam elyaf\u0131, karbon fiber ve dolgu malzemeleri gibi yap\u0131sal elemanlar\u0131n \u00f6zellikleri ve kullan\u0131m alanlar\u0131.<\/p>\n<p><strong>Hasar Tespiti ve De\u011ferlendirme:<\/strong><\/p>\n<p>Kanat u\u0308zerindeki \u00e7atlaklar, ayr\u0131lmalar, erozyon gibi hasar tu\u0308rlerini tan\u0131ma ve s\u0131n\u0131fland\u0131rma becerisi.<\/p>\n<p>Tamir Y\u00f6ntemleri ve Uygulama:<\/p>\n<p>-Z\u0131mparalama ve kuma\u015f kat a\u00e7\u0131m\u0131<\/p>\n<p>-Core de\u011fi\u015fimi<\/p>\n<p>-Kuma\u015f yerle\u015ftirme<\/p>\n<p>-Vakumlama ve ku\u0308rleme teknikleri<\/p>\n<p><strong>Gu\u0308venlik Prosedu\u0308rleri:<\/strong><\/p>\n<p>Ki\u015fisel koruyucu donan\u0131m (KKD) kullan\u0131m\u0131, kimyasal<\/p>\n<p>madde gu\u0308venli\u011fi, \u00e7al\u0131\u015fma alan\u0131 organizasyonu ve acil durum prosedu\u0308rleri.<\/p>\n<p><strong>Kalite Kontrol ve Raporlama:<\/strong><\/p>\n<p>Tamir sonras\u0131 kalite de\u011ferlendirmesi ve doku\u0308mantasyon su\u0308re\u00e7leri hakk\u0131nda bilgi ve<\/p>\n<p>uygulama.<\/li>\n<\/ul>\n<\/div><\/section><\/p><\/div><\/p>\n","protected":false},"excerpt":{"rendered":"","protected":false},"author":1,"featured_media":0,"parent":6899,"menu_order":0,"comment_status":"closed","ping_status":"closed","template":"","meta":{"footnotes":""},"_links":{"self":[{"href":"https:\/\/northakademi.com\/tr\/wp-json\/wp\/v2\/pages\/7831"}],"collection":[{"href":"https:\/\/northakademi.com\/tr\/wp-json\/wp\/v2\/pages"}],"about":[{"href":"https:\/\/northakademi.com\/tr\/wp-json\/wp\/v2\/types\/page"}],"author":[{"embeddable":true,"href":"https:\/\/northakademi.com\/tr\/wp-json\/wp\/v2\/users\/1"}],"replies":[{"embeddable":true,"href":"https:\/\/northakademi.com\/tr\/wp-json\/wp\/v2\/comments?post=7831"}],"version-history":[{"count":5,"href":"https:\/\/northakademi.com\/tr\/wp-json\/wp\/v2\/pages\/7831\/revisions"}],"predecessor-version":[{"id":7847,"href":"https:\/\/northakademi.com\/tr\/wp-json\/wp\/v2\/pages\/7831\/revisions\/7847"}],"up":[{"embeddable":true,"href":"https:\/\/northakademi.com\/tr\/wp-json\/wp\/v2\/pages\/6899"}],"wp:attachment":[{"href":"https:\/\/northakademi.com\/tr\/wp-json\/wp\/v2\/media?parent=7831"}],"curies":[{"name":"wp","href":"https:\/\/api.w.org\/{rel}","templated":true}]}}