{"id":7823,"date":"2025-08-30T19:44:56","date_gmt":"2025-08-30T16:44:56","guid":{"rendered":"https:\/\/northakademi.com\/tr\/?page_id=7823"},"modified":"2025-08-30T22:22:14","modified_gmt":"2025-08-30T19:22:14","slug":"gwo-sls-ruzgar-turbinlerinde-sapanci-isaretci-egitimleri","status":"publish","type":"page","link":"https:\/\/northakademi.com\/tr\/egitimler\/gwo-egitimi\/gwo-sls-ruzgar-turbinlerinde-sapanci-isaretci-egitimleri\/","title":{"rendered":"GWO SLS &#8211; R\u00fczgar T\u00fcrbinlerinde Sapanc\u0131 &#038; \u0130\u015faret\u00e7i E\u011fitimleri"},"content":{"rendered":"<\/div><\/div><\/div><!-- close content main div --><\/div><\/div><div id='av_section_1' class='avia-section main_color avia-section-default avia-no-shadow avia-bg-style-scroll   av-minimum-height av-minimum-height-custom container_wrap sidebar_right' style = 'background-repeat: no-repeat; background-image: url(https:\/\/northakademi.com\/tr\/wp-content\/uploads\/2019\/12\/slide-north-akademi-siyah-lacivert.jpg); background-attachment: scroll; background-position: top left; ' data-section-bg-repeat='no-repeat' ><div class='container' style='height:150px'><div class='template-page content  av-content-small alpha units'><div class='post-entry post-entry-type-page post-entry-7823'><div class='entry-content-wrapper clearfix'>\n<div style='padding-bottom:10px;color:#ffffff;' class='av-special-heading av-special-heading-h3 custom-color-heading   '><h3 class='av-special-heading-tag '  itemprop=\"headline\"  >GWO SLS<\/h3><div class='special-heading-border'><div class='special-heading-inner-border' style='border-color:#ffffff'><\/div><\/div><\/div>\n<\/div><\/div><\/div><!-- close content main div --><\/div><\/div><div id='after_section_1' class='main_color av_default_container_wrap container_wrap sidebar_right'   ><div class='container' ><div class='template-page content  av-content-small alpha units'><div class='post-entry post-entry-type-page post-entry-7823'><div class='entry-content-wrapper clearfix'><div class=\"flex_column av_one_half  flex_column_div av-zero-column-padding first  \" style='border-radius:0px; '><div class='avia-image-container  av-styling-    avia-align-center '  itemprop=\"ImageObject\" itemscope=\"itemscope\" itemtype=\"https:\/\/schema.org\/ImageObject\"  ><div class='avia-image-container-inner'><img class='avia_image ' src='https:\/\/northakademi.com\/tr\/wp-content\/uploads\/2025\/08\/WhatsApp-Image-2025-08-30-at-22.45.53.jpeg' alt='' title='WhatsApp Image 2025-08-30 at 22.45.53'   itemprop=\"thumbnailUrl\"  \/><\/div><\/div><\/div><div class=\"flex_column av_one_half  flex_column_div av-zero-column-padding   \" style='border-radius:0px; '><p><article class=\"iconbox iconbox_left    \"  itemscope=\"itemscope\" itemtype=\"https:\/\/schema.org\/CreativeWork\" ><div class=\"iconbox_content\"><header class=\"entry-content-header\"><div class=\"iconbox_icon heading-color \" aria-hidden='true' data-av_icon='\ue84e' data-av_iconfont='entypo-fontello'  ><\/div><h3 class='iconbox_content_title '  itemprop=\"headline\"  >E\u011fitim S\u00fcresi<\/h3><\/header><div class='iconbox_content_container  '  itemprop=\"text\"  ><p>Bu e\u011fitimin toplam s\u00fcresi &#8230; g\u00fcnd\u00fcr.<\/p>\n<\/div><\/div><footer class=\"entry-footer\"><\/footer><\/article><br \/>\n<section class=\"av_textblock_section \"  itemscope=\"itemscope\" itemtype=\"https:\/\/schema.org\/CreativeWork\" ><div class='avia_textblock  '   itemprop=\"text\" ><p>North Akademi, GWO (Global Wind Organisation) E\u011fitim Merkezi olarak, r\u00fczg\u00e2r t\u00fcrbinlerine y\u00f6nelik, uluslararas\u0131 ge\u00e7erlilikte GWO Sapanc\u0131 &amp; \u0130\u015faret\u00e7i E\u011fitimi verme yetkisine sahiptir.<\/p>\n<p><strong>\u00a0<\/strong><\/p>\n<p><strong>E\u011e\u0130T\u0130M \u0130\u00c7ER\u0130\u011e\u0130<\/strong><\/p>\n<p><strong>\u00a0<\/strong><\/p>\n<ul>\n<li>\u00a0Giri\u015f &amp; Bilgilendirme<br \/>\n\u2022\u00a0\u00a0 \u00a0\u0130nsan Performans\u0131<br \/>\n\u2022\u00a0\u00a0 \u00a0Ki\u015fisel Koruyucu Donan\u0131mlar<br \/>\n\u2022\u00a0\u00a0 \u00a0Roller ve Temel \u0130\u015faretler<br \/>\n\u2022\u00a0\u00a0 \u00a0Mevzuat<br \/>\n\u2022\u00a0\u00a0 \u00a0Kald\u0131rma Ekipman\u0131 T\u00fcrleri<br \/>\n\u2022\u00a0\u00a0 \u00a0Aksesuarlar<br \/>\n\u2022\u00a0\u00a0 \u00a0Dinamik \/ Statik<br \/>\n\u2022\u00a0\u00a0 \u00a0Genel Rutin Kald\u0131rma Planlar\u0131<br \/>\n\u2022\u00a0\u00a0 \u00a0Risk De\u011ferlendirmesi<br \/>\n\u2022\u00a0\u00a0 \u00a0Elle Ta\u015f\u0131ma<br \/>\n\u2022\u00a0\u00a0 \u00a0Sapanlar<br \/>\n\u2022\u00a0\u00a0 \u00a0Kilitler<br \/>\n\u2022\u00a0\u00a0 \u00a0Kald\u0131rma Torbalar\u0131<br \/>\n\u2022\u00a0\u00a0 \u00a0Y\u00fck Ba\u011flama Noktas\u0131 T\u00fcrleri<br \/>\n\u2022\u00a0\u00a0 \u00a0Aksesuar Depolama<br \/>\n\u2022\u00a0\u00a0 \u00a0Kullan\u0131m \u00d6ncesi \/ Sonras\u0131 Kontrol<br \/>\n\u2022\u00a0\u00a0 \u00a0Karantina<br \/>\n\u2022\u00a0\u00a0 \u00a0Vin\u00e7 Fonksiyonlar\u0131<br \/>\n\u2022\u00a0\u00a0 \u00a0Y\u00fck Y\u00f6nlendirme Cihazlar\u0131<br \/>\n\u2022\u00a0\u00a0 \u00a0Kald\u0131rma A\u00e7\u0131lar\u0131<br \/>\n\u2022\u00a0\u00a0 \u00a0A\u011f\u0131rl\u0131k Merkezi<br \/>\n\u2022\u00a0\u00a0 \u00a0As\u0131l\u0131 Y\u00fckler ve D\u00fc\u015fen Objeler<br \/>\n\u2022\u00a0\u00a0 \u00a0Kald\u0131rma B\u00f6lgeleri<br \/>\n\u2022\u00a0\u00a0 \u00a0G\u00f6rev ve Sorumluluklar<br \/>\n\u2022\u00a0\u00a0 \u00a0\u0130\u015fba\u015f\u0131 Konu\u015fmas\u0131<br \/>\n\u2022\u00a0\u00a0 \u00a0El \u0130\u015faretleri \/\u0130leti\u015fim<br \/>\n\u2022\u00a0\u00a0 \u00a0Sapanlama Teknikleri<\/li>\n<\/ul>\n<\/div><\/section><\/p><\/div><\/p>\n","protected":false},"excerpt":{"rendered":"","protected":false},"author":1,"featured_media":0,"parent":6899,"menu_order":0,"comment_status":"closed","ping_status":"closed","template":"","meta":{"footnotes":""},"_links":{"self":[{"href":"https:\/\/northakademi.com\/tr\/wp-json\/wp\/v2\/pages\/7823"}],"collection":[{"href":"https:\/\/northakademi.com\/tr\/wp-json\/wp\/v2\/pages"}],"about":[{"href":"https:\/\/northakademi.com\/tr\/wp-json\/wp\/v2\/types\/page"}],"author":[{"embeddable":true,"href":"https:\/\/northakademi.com\/tr\/wp-json\/wp\/v2\/users\/1"}],"replies":[{"embeddable":true,"href":"https:\/\/northakademi.com\/tr\/wp-json\/wp\/v2\/comments?post=7823"}],"version-history":[{"count":4,"href":"https:\/\/northakademi.com\/tr\/wp-json\/wp\/v2\/pages\/7823\/revisions"}],"predecessor-version":[{"id":7853,"href":"https:\/\/northakademi.com\/tr\/wp-json\/wp\/v2\/pages\/7823\/revisions\/7853"}],"up":[{"embeddable":true,"href":"https:\/\/northakademi.com\/tr\/wp-json\/wp\/v2\/pages\/6899"}],"wp:attachment":[{"href":"https:\/\/northakademi.com\/tr\/wp-json\/wp\/v2\/media?parent=7823"}],"curies":[{"name":"wp","href":"https:\/\/api.w.org\/{rel}","templated":true}]}}