{"id":7815,"date":"2025-08-27T11:26:21","date_gmt":"2025-08-27T08:26:21","guid":{"rendered":"https:\/\/northakademi.com\/tr\/?page_id=7815"},"modified":"2025-08-27T11:27:23","modified_gmt":"2025-08-27T08:27:23","slug":"gwo-civata-sikma-modulu-egitimi-bursa","status":"publish","type":"page","link":"https:\/\/northakademi.com\/tr\/egitimler\/gwo-egitimi\/gwo-civata-sikma-modulu-egitimi-bursa\/","title":{"rendered":"Gwo C\u0131vata S\u0131kma Mod\u00fcl\u00fc E\u011fitimi"},"content":{"rendered":"<\/div><\/div><\/div><!-- close content main div --><\/div><\/div><div id='av_section_1' class='avia-section main_color avia-section-default avia-no-shadow avia-bg-style-scroll   av-minimum-height av-minimum-height-custom container_wrap sidebar_right' style = 'background-repeat: no-repeat; background-image: url(https:\/\/northakademi.com\/tr\/wp-content\/uploads\/2019\/12\/slide-north-akademi-siyah-lacivert.jpg); background-attachment: scroll; background-position: top left; ' data-section-bg-repeat='no-repeat' ><div class='container' style='height:150px'><div class='template-page content  av-content-small alpha units'><div class='post-entry post-entry-type-page post-entry-7815'><div class='entry-content-wrapper clearfix'>\n<div style='padding-bottom:10px;color:#ffffff;' class='av-special-heading av-special-heading-h3 custom-color-heading   '><h3 class='av-special-heading-tag '  itemprop=\"headline\"  >C\u0131vata S\u0131kma Mod\u00fcl\u00fc E\u011fitimi<\/h3><div class='special-heading-border'><div class='special-heading-inner-border' style='border-color:#ffffff'><\/div><\/div><\/div>\n<\/div><\/div><\/div><!-- close content main div --><\/div><\/div><div id='after_section_1' class='main_color av_default_container_wrap container_wrap sidebar_right'   ><div class='container' ><div class='template-page content  av-content-small alpha units'><div class='post-entry post-entry-type-page post-entry-7815'><div class='entry-content-wrapper clearfix'><div class=\"flex_column av_one_half  flex_column_div av-zero-column-padding first  \" style='border-radius:0px; '><div class='avia-image-container  av-styling-    avia-align-center '  itemprop=\"ImageObject\" itemscope=\"itemscope\" itemtype=\"https:\/\/schema.org\/ImageObject\"  ><div class='avia-image-container-inner'><img class='avia_image ' src='https:\/\/northakademi.com\/tr\/wp-content\/uploads\/2025\/08\/gwo-civata-sikma-egitimi-bursa-scaled.jpg' alt='' title='gwo-civata-sikma-egitimi-bursa'   itemprop=\"thumbnailUrl\"  \/><\/div><\/div><\/div><div class=\"flex_column av_one_half  flex_column_div av-zero-column-padding   \" style='border-radius:0px; '><p><article class=\"iconbox iconbox_left    \"  itemscope=\"itemscope\" itemtype=\"https:\/\/schema.org\/CreativeWork\" ><div class=\"iconbox_content\"><header class=\"entry-content-header\"><div class=\"iconbox_icon heading-color \" aria-hidden='true' data-av_icon='\ue84e' data-av_iconfont='entypo-fontello'  ><\/div><h3 class='iconbox_content_title '  itemprop=\"headline\"  >E\u011fitim S\u00fcresi<\/h3><\/header><div class='iconbox_content_container  '  itemprop=\"text\"  ><p>Bu e\u011fitimin toplam s\u00fcresi <strong>1<\/strong> g\u00fcnd\u00fcr.<\/p>\n<\/div><\/div><footer class=\"entry-footer\"><\/footer><\/article><br \/>\n<section class=\"av_textblock_section \"  itemscope=\"itemscope\" itemtype=\"https:\/\/schema.org\/CreativeWork\" ><div class='avia_textblock  '   itemprop=\"text\" ><ul>\n<li><strong>GWO BTT C\u0131vata S\u0131kma Mod\u00fcl\u00fc<\/strong>\n<ul>\n<li>Bu mod\u00fcl\u00fcn amac\u0131 senaryo bazl\u0131 e\u011fitim yoluyla kat\u0131l\u0131mc\u0131lar\u0131 firmaya \u00f6zel c\u0131vata s\u0131kma e\u011fitimine haz\u0131rlamakt\u0131r.<\/li>\n<\/ul>\n<p>BTT C\u0131vata S\u0131kma Mod\u00fcl\u00fcn\u00fc ba\u015far\u0131yla tamamlad\u0131ktan sonra kat\u0131l\u0131mc\u0131lar:<\/p>\n<ul>\n<li style=\"list-style-type: none;\">\n<ul>\n<li>Enerji ile \u00e7al\u0131\u015fan ekipmanlar\u0131 kullanarak, g\u00fcvenli bir \u015fekilde spesifikasyonlara uygun olarak genel c\u0131vata s\u0131kma ve germe g\u00f6revlerini ba\u011f\u0131ms\u0131z olarak planlayabilme, ger\u00e7ekle\u015ftirme ve tamamlama yetene\u011fi kazanacaklard\u0131r.<\/li>\n<\/ul>\n<\/li>\n<\/ul>\n<p><strong>C\u0131vata S\u0131kma Modul\u00fc E\u011fitim \u0130\u00e7eri\u011fi : 1 G\u00fcn<\/strong><\/p>\n<ul>\n<li>Bilgilendirme\/Giri\u015f<\/li>\n<li>R\u00fczgarda C\u0131vata S\u0131kma S\u0131n\u0131rlamalar\u0131<\/li>\n<li>Enerji \u0130le \u00c7al\u0131\u015fan Aletler Kullanarak C\u0131vata Torklama<\/li>\n<li>Teorik e\u011fitimin ard\u0131ndan torklama ve gerdirme ile alakal\u0131 3 adet ger\u00e7ek t\u00fcrbin flan\u015f\u0131 \u00fczerinde uygulama<\/li>\n<\/ul>\n<\/li>\n<\/ul>\n<\/div><\/section><\/p><\/div><\/p>\n","protected":false},"excerpt":{"rendered":"","protected":false},"author":1,"featured_media":0,"parent":6899,"menu_order":0,"comment_status":"closed","ping_status":"closed","template":"","meta":{"footnotes":""},"_links":{"self":[{"href":"https:\/\/northakademi.com\/tr\/wp-json\/wp\/v2\/pages\/7815"}],"collection":[{"href":"https:\/\/northakademi.com\/tr\/wp-json\/wp\/v2\/pages"}],"about":[{"href":"https:\/\/northakademi.com\/tr\/wp-json\/wp\/v2\/types\/page"}],"author":[{"embeddable":true,"href":"https:\/\/northakademi.com\/tr\/wp-json\/wp\/v2\/users\/1"}],"replies":[{"embeddable":true,"href":"https:\/\/northakademi.com\/tr\/wp-json\/wp\/v2\/comments?post=7815"}],"version-history":[{"count":3,"href":"https:\/\/northakademi.com\/tr\/wp-json\/wp\/v2\/pages\/7815\/revisions"}],"predecessor-version":[{"id":7819,"href":"https:\/\/northakademi.com\/tr\/wp-json\/wp\/v2\/pages\/7815\/revisions\/7819"}],"up":[{"embeddable":true,"href":"https:\/\/northakademi.com\/tr\/wp-json\/wp\/v2\/pages\/6899"}],"wp:attachment":[{"href":"https:\/\/northakademi.com\/tr\/wp-json\/wp\/v2\/media?parent=7815"}],"curies":[{"name":"wp","href":"https:\/\/api.w.org\/{rel}","templated":true}]}}