{"id":7811,"date":"2025-08-27T11:22:15","date_gmt":"2025-08-27T08:22:15","guid":{"rendered":"https:\/\/northakademi.com\/tr\/?page_id=7811"},"modified":"2025-08-27T11:22:15","modified_gmt":"2025-08-27T08:22:15","slug":"gwo-btt-mekanik-egitimi-bursa","status":"publish","type":"page","link":"https:\/\/northakademi.com\/tr\/egitimler\/gwo-egitimi\/gwo-btt-mekanik-egitimi-bursa\/","title":{"rendered":"Gwo Btt Mekanik E\u011fitimi"},"content":{"rendered":"<\/div><\/div><\/div><!-- close content main div --><\/div><\/div><div id='av_section_1' class='avia-section main_color avia-section-default avia-no-shadow avia-bg-style-scroll   av-minimum-height av-minimum-height-custom container_wrap sidebar_right' style = 'background-repeat: no-repeat; background-image: url(https:\/\/northakademi.com\/tr\/wp-content\/uploads\/2019\/12\/slide-north-akademi-siyah-lacivert.jpg); background-attachment: scroll; background-position: top left; ' data-section-bg-repeat='no-repeat' ><div class='container' style='height:150px'><div class='template-page content  av-content-small alpha units'><div class='post-entry post-entry-type-page post-entry-7811'><div class='entry-content-wrapper clearfix'>\n<div style='padding-bottom:10px;color:#ffffff;' class='av-special-heading av-special-heading-h3 custom-color-heading   '><h3 class='av-special-heading-tag '  itemprop=\"headline\"  >Gwo Btt Mekanik E\u011fitimi<\/h3><div class='special-heading-border'><div class='special-heading-inner-border' style='border-color:#ffffff'><\/div><\/div><\/div>\n<\/div><\/div><\/div><!-- close content main div --><\/div><\/div><div id='after_section_1' class='main_color av_default_container_wrap container_wrap sidebar_right'   ><div class='container' ><div class='template-page content  av-content-small alpha units'><div class='post-entry post-entry-type-page post-entry-7811'><div class='entry-content-wrapper clearfix'><div class=\"flex_column av_one_half  flex_column_div av-zero-column-padding first  \" style='border-radius:0px; '><div class='avia-image-container  av-styling-    avia-align-center '  itemprop=\"ImageObject\" itemscope=\"itemscope\" itemtype=\"https:\/\/schema.org\/ImageObject\"  ><div class='avia-image-container-inner'><img class='avia_image ' src='https:\/\/northakademi.com\/tr\/wp-content\/uploads\/2025\/08\/gwo-mekanik-egitimi-bursa-scaled.jpg' alt='' title='gwo-mekanik-egitimi-bursa'   itemprop=\"thumbnailUrl\"  \/><\/div><\/div><\/div><div class=\"flex_column av_one_half  flex_column_div av-zero-column-padding   \" style='border-radius:0px; '><p><article class=\"iconbox iconbox_left    \"  itemscope=\"itemscope\" itemtype=\"https:\/\/schema.org\/CreativeWork\" ><div class=\"iconbox_content\"><header class=\"entry-content-header\"><div class=\"iconbox_icon heading-color \" aria-hidden='true' data-av_icon='\ue84e' data-av_iconfont='entypo-fontello'  ><\/div><h3 class='iconbox_content_title '  itemprop=\"headline\"  >E\u011fitim S\u00fcresi<\/h3><\/header><div class='iconbox_content_container  '  itemprop=\"text\"  ><p>Bu e\u011fitimin toplam s\u00fcresi <strong>1<\/strong> g\u00fcnd\u00fcr.<\/p>\n<\/div><\/div><footer class=\"entry-footer\"><\/footer><\/article><br \/>\n<section class=\"av_textblock_section \"  itemscope=\"itemscope\" itemtype=\"https:\/\/schema.org\/CreativeWork\" ><div class='avia_textblock  '   itemprop=\"text\" ><ul>\n<li>Giri\u015f<\/li>\n<li>Mekani\u011fe Giri\u015f<\/li>\n<li>Mekanik G\u00fcvenli\u011fi<\/li>\n<li>Civatal\u0131 ve Kaynakl\u0131 Birle\u015ftirme Prensipleri<\/li>\n<li>Elle Somun S\u0131kma ve \u00d6l\u00e7me aletleri<\/li>\n<li>Di\u015fli Kutusu<\/li>\n<li>Fren sistemi<\/li>\n<li>Sapma sistemi<\/li>\n<li>So\u011futma Sistemi<\/li>\n<li>Ya\u011flama Sistemi<\/li>\n<li>\u00d6zet ve Teorik Test<\/li>\n<li>De\u011ferlendirme ve Geri D\u00f6n\u00fc\u015f<\/li>\n<\/ul>\n<\/div><\/section><\/p><\/div><\/p>\n","protected":false},"excerpt":{"rendered":"","protected":false},"author":1,"featured_media":0,"parent":6899,"menu_order":0,"comment_status":"closed","ping_status":"closed","template":"","meta":{"footnotes":""},"_links":{"self":[{"href":"https:\/\/northakademi.com\/tr\/wp-json\/wp\/v2\/pages\/7811"}],"collection":[{"href":"https:\/\/northakademi.com\/tr\/wp-json\/wp\/v2\/pages"}],"about":[{"href":"https:\/\/northakademi.com\/tr\/wp-json\/wp\/v2\/types\/page"}],"author":[{"embeddable":true,"href":"https:\/\/northakademi.com\/tr\/wp-json\/wp\/v2\/users\/1"}],"replies":[{"embeddable":true,"href":"https:\/\/northakademi.com\/tr\/wp-json\/wp\/v2\/comments?post=7811"}],"version-history":[{"count":2,"href":"https:\/\/northakademi.com\/tr\/wp-json\/wp\/v2\/pages\/7811\/revisions"}],"predecessor-version":[{"id":7814,"href":"https:\/\/northakademi.com\/tr\/wp-json\/wp\/v2\/pages\/7811\/revisions\/7814"}],"up":[{"embeddable":true,"href":"https:\/\/northakademi.com\/tr\/wp-json\/wp\/v2\/pages\/6899"}],"wp:attachment":[{"href":"https:\/\/northakademi.com\/tr\/wp-json\/wp\/v2\/media?parent=7811"}],"curies":[{"name":"wp","href":"https:\/\/api.w.org\/{rel}","templated":true}]}}