{"id":7735,"date":"2021-12-13T02:43:38","date_gmt":"2021-12-12T23:43:38","guid":{"rendered":"https:\/\/northakademi.com\/tr\/?page_id=7735"},"modified":"2021-12-13T02:43:38","modified_gmt":"2021-12-12T23:43:38","slug":"gwo-bst","status":"publish","type":"page","link":"https:\/\/northakademi.com\/tr\/gwo-bst\/","title":{"rendered":"GWO BST"},"content":{"rendered":"<\/div><\/div><\/div><!-- close content main div --><\/div><\/div><div id='av_section_1' class='avia-section main_color avia-section-default avia-no-shadow avia-bg-style-scroll   av-minimum-height av-minimum-height-custom container_wrap sidebar_right' style = 'background-repeat: no-repeat; background-image: url(https:\/\/northakademi.com\/tr\/wp-content\/uploads\/2019\/12\/slide-north-akademi-siyah-lacivert.jpg); background-attachment: scroll; background-position: top left; ' data-section-bg-repeat='no-repeat' ><div class='container' style='height:150px'><div class='template-page content  av-content-small alpha units'><div class='post-entry post-entry-type-page post-entry-7735'><div class='entry-content-wrapper clearfix'>\n<div style='padding-bottom:10px;color:#ffffff;' class='av-special-heading av-special-heading-h3 custom-color-heading   '><h3 class='av-special-heading-tag '  itemprop=\"headline\"  >GWO BST<\/h3><div class='special-heading-border'><div class='special-heading-inner-border' style='border-color:#ffffff'><\/div><\/div><\/div>\n<\/div><\/div><\/div><!-- close content main div --><\/div><\/div><div id='after_section_1' class='main_color av_default_container_wrap container_wrap sidebar_right'   ><div class='container' ><div class='template-page content  av-content-small alpha units'><div class='post-entry post-entry-type-page post-entry-7735'><div class='entry-content-wrapper clearfix'><div class='avia-image-container  av-styling-    avia-align-center '  itemprop=\"ImageObject\" itemscope=\"itemscope\" itemtype=\"https:\/\/schema.org\/ImageObject\"  ><div class='avia-image-container-inner'><img class='avia_image ' src='https:\/\/northakademi.com\/tr\/wp-content\/uploads\/2019\/12\/north-akademi-egitim-0124.jpg' alt='' title=''   itemprop=\"thumbnailUrl\"  \/><\/div><\/div><\/p>\n<div class=\"flex_column av_one_full  flex_column_div av-zero-column-padding first  \" style='border-radius:0px; '><section class=\"av_textblock_section \"  itemscope=\"itemscope\" itemtype=\"https:\/\/schema.org\/CreativeWork\" ><div class='avia_textblock  '   itemprop=\"text\" ><p>GWO (Global Wind Organisation) E\u011fitim Merkezi olarak, r\u00fczg\u00e2r t\u00fcrbinlerine y\u00f6nelik, uluslararas\u0131 ge\u00e7erlilikte GWO Temel G\u00fcvenlik E\u011fitimi verme yetkisine sahiptir.<\/p>\n<p>North Akademi GWO Y\u00fcksekte \u00c7al\u0131\u015fma, \u0130lk Yard\u0131m, Yang\u0131n Bilinci ve elle ta\u015f\u0131ma mod\u00fcllerini 21 ki\u015filik e\u011fitim kadrosu ile m\u00fc\u015fterilerine sunmaktad\u0131r. E\u011fitimlerimiz ayn\u0131 zamanda \u00dcniversitesi, Y\u00fcksekte \u00c7al\u0131\u015fma E\u011fitmenli\u011fi sertifikalar\u0131na sahip olup, hem teorik hem de pratik e\u011fitimleri ister e\u011fitim alan\u0131nda ister m\u00fc\u015fteri sahas\u0131nda verebilmektedir. Kurs sonunda verilen sertifika 2 sene boyunca ge\u00e7erlidir.<\/p>\n<p><strong>GWO, Temel G\u00fcvenlik E\u011fitim (Basic Safety Training) 4 mod\u00fcl i\u00e7erir:<\/strong><\/p>\n<p>\u2022 Y\u00fcksekte \u00c7al\u0131\u015fma ve Kurtarma<br \/>\n\u2022 Elle Ta\u015f\u0131ma<br \/>\n\u2022 Yang\u0131n Bilin\u00e7lendirme<br \/>\n\u2022 \u0130lk Yard\u0131m<\/p>\n<p><strong>GWO BST-R Temel G\u00fcvenlik E\u011fitimi Yenileme :<\/strong><\/p>\n<p>\u2022 Y\u00fcksekte \u00c7al\u0131\u015fma Yenileme<br \/>\n\u2022 \u0130lk Yard\u0131m Yenileme<br \/>\n\u2022 Elle Ta\u015f\u0131ma Yenileme<br \/>\n\u2022 Yang\u0131n Bilinci Yenileme<br \/>\nE\u011fitim talebiniz oldu\u011funda bizimle irtibata ge\u00e7erek, planl\u0131 e\u011fitimlerimizde veya size uygun tarihli a\u00e7\u0131lacak bir kursta \u00e7al\u0131\u015fanlar\u0131n\u0131za e\u011fitim ve sertifikasyon sa\u011flayabiliriz.<\/p>\n<\/div><\/section><\/div>\n","protected":false},"excerpt":{"rendered":"","protected":false},"author":1,"featured_media":0,"parent":0,"menu_order":0,"comment_status":"closed","ping_status":"closed","template":"","meta":{"footnotes":""},"_links":{"self":[{"href":"https:\/\/northakademi.com\/tr\/wp-json\/wp\/v2\/pages\/7735"}],"collection":[{"href":"https:\/\/northakademi.com\/tr\/wp-json\/wp\/v2\/pages"}],"about":[{"href":"https:\/\/northakademi.com\/tr\/wp-json\/wp\/v2\/types\/page"}],"author":[{"embeddable":true,"href":"https:\/\/northakademi.com\/tr\/wp-json\/wp\/v2\/users\/1"}],"replies":[{"embeddable":true,"href":"https:\/\/northakademi.com\/tr\/wp-json\/wp\/v2\/comments?post=7735"}],"version-history":[{"count":1,"href":"https:\/\/northakademi.com\/tr\/wp-json\/wp\/v2\/pages\/7735\/revisions"}],"predecessor-version":[{"id":7736,"href":"https:\/\/northakademi.com\/tr\/wp-json\/wp\/v2\/pages\/7735\/revisions\/7736"}],"wp:attachment":[{"href":"https:\/\/northakademi.com\/tr\/wp-json\/wp\/v2\/media?parent=7735"}],"curies":[{"name":"wp","href":"https:\/\/api.w.org\/{rel}","templated":true}]}}