{"id":7730,"date":"2021-12-13T02:36:17","date_gmt":"2021-12-12T23:36:17","guid":{"rendered":"https:\/\/northakademi.com\/tr\/?page_id=7730"},"modified":"2021-12-13T02:39:33","modified_gmt":"2021-12-12T23:39:33","slug":"gwo-art","status":"publish","type":"page","link":"https:\/\/northakademi.com\/tr\/gwo-art\/","title":{"rendered":"GWO ART"},"content":{"rendered":"<\/div><\/div><\/div><!-- close content main div --><\/div><\/div><div id='av_section_1' class='avia-section main_color avia-section-default avia-no-shadow avia-bg-style-scroll   av-minimum-height av-minimum-height-custom container_wrap sidebar_right' style = 'background-repeat: no-repeat; background-image: url(https:\/\/northakademi.com\/tr\/wp-content\/uploads\/2019\/12\/slide-north-akademi-siyah-lacivert.jpg); background-attachment: scroll; background-position: top left; ' data-section-bg-repeat='no-repeat' ><div class='container' style='height:150px'><div class='template-page content  av-content-small alpha units'><div class='post-entry post-entry-type-page post-entry-7730'><div class='entry-content-wrapper clearfix'>\n<div style='padding-bottom:10px;color:#ffffff;' class='av-special-heading av-special-heading-h3 custom-color-heading   '><h3 class='av-special-heading-tag '  itemprop=\"headline\"  >GWO ART<\/h3><div class='special-heading-border'><div class='special-heading-inner-border' style='border-color:#ffffff'><\/div><\/div><\/div>\n<\/div><\/div><\/div><!-- close content main div --><\/div><\/div><div id='after_section_1' class='main_color av_default_container_wrap container_wrap sidebar_right'   ><div class='container' ><div class='template-page content  av-content-small alpha units'><div class='post-entry post-entry-type-page post-entry-7730'><div class='entry-content-wrapper clearfix'><div class='avia-image-container  av-styling-    avia-align-center '  itemprop=\"ImageObject\" itemscope=\"itemscope\" itemtype=\"https:\/\/schema.org\/ImageObject\"  ><div class='avia-image-container-inner'><img class='avia_image ' src='https:\/\/northakademi.com\/tr\/wp-content\/uploads\/2019\/12\/north-akademi-egitim-0124.jpg' alt='' title=''   itemprop=\"thumbnailUrl\"  \/><\/div><\/div><\/p>\n<div class=\"flex_column av_one_full  flex_column_div av-zero-column-padding first  \" style='border-radius:0px; '><section class=\"av_textblock_section \"  itemscope=\"itemscope\" itemtype=\"https:\/\/schema.org\/CreativeWork\" ><div class='avia_textblock  '   itemprop=\"text\" ><p>1-Hub, \u00c7evirici ve Kanat \u0130\u00e7i Kurtarma-(ART-H) \u2013 7 saat<br \/>\n2-Nasel, Kule ve Bodrum Kat\u0131 Kurtarma-(ART-N) \u2013 14 saat<br \/>\n3-Tek Kurtar\u0131c\u0131: Hub, \u00c7evirici ve Kanat \u0130\u00e7i Kurtarma-(SART-H) \u2013 4 saat<br \/>\n4-Tek Kurtar\u0131c\u0131: Nasel, Kule ve Bodrum Kat\u0131 Kurtarma-(SART-H) \u2013 4 saat<br \/>\nolmak \u00fczere d\u00f6rt mod\u00fclden olu\u015fmaktad\u0131r.<\/p>\n<p>Bu e\u011fitimlerinin amac\u0131, \u00e7al\u0131\u015fanlar\u0131 nacelle, hub ve kanat i\u00e7i \u00e7al\u0131\u015fmalar\u0131nda olas\u0131 tehlikeler konusunda bilin\u00e7lendirmek, acil bir durumda ya da olas\u0131 bir kaza sonras\u0131nda g\u00fcvenli tahliyeyi ger\u00e7ekle\u015ftirmesini sa\u011flamakt\u0131r.<\/p>\n<p>E\u011fitimler North Akademi E\u011fitim Merkezin\u2019de de\u011fil, talep edilmesi halinde t\u00fcrbin sahalar\u0131nda da planlanabilir. Ayn\u0131 zamanda e\u011fitimler North Akademi E\u011fitim Merkezin\u2019de T\u00fcrk\u00e7e, \u0130ngilizce, Rus\u00e7a, Almanca ve Arap\u00e7a dillerinde planlanabilir.<\/p>\n<p>GWO \u0130leri Seviye Kurtarma E\u011fitiminde, temel kurtarma manevralar\u0131, sedye ba\u011flama, kald\u0131rma, aktarma ve indirmeye y\u00f6nelik manevralar g\u00f6sterilir. Bu manevralar esnas\u0131nda kullan\u0131labilecek makara sistemleri kurulumu ve kurtarma cihaz\u0131n\u0131n bu ama\u00e7la kullan\u0131m\u0131 g\u00f6sterilir ve e\u011fitmenler g\u00f6zetiminde her bir kat\u0131l\u0131mc\u0131ya uygulat\u0131l\u0131r.<\/p>\n<p>E\u011fitim talebiniz oldu\u011funda bizimle irtibata ge\u00e7erek, planl\u0131 e\u011fitimlerimizde veya size uygun tarihli a\u00e7\u0131lacak bir kursta \u00e7al\u0131\u015fanlar\u0131n\u0131za e\u011fitim ve sertifikasyon sa\u011flayabiliriz.<\/p>\n<\/div><\/section><\/div>\n","protected":false},"excerpt":{"rendered":"","protected":false},"author":1,"featured_media":0,"parent":0,"menu_order":0,"comment_status":"closed","ping_status":"closed","template":"","meta":{"footnotes":""},"_links":{"self":[{"href":"https:\/\/northakademi.com\/tr\/wp-json\/wp\/v2\/pages\/7730"}],"collection":[{"href":"https:\/\/northakademi.com\/tr\/wp-json\/wp\/v2\/pages"}],"about":[{"href":"https:\/\/northakademi.com\/tr\/wp-json\/wp\/v2\/types\/page"}],"author":[{"embeddable":true,"href":"https:\/\/northakademi.com\/tr\/wp-json\/wp\/v2\/users\/1"}],"replies":[{"embeddable":true,"href":"https:\/\/northakademi.com\/tr\/wp-json\/wp\/v2\/comments?post=7730"}],"version-history":[{"count":4,"href":"https:\/\/northakademi.com\/tr\/wp-json\/wp\/v2\/pages\/7730\/revisions"}],"predecessor-version":[{"id":7734,"href":"https:\/\/northakademi.com\/tr\/wp-json\/wp\/v2\/pages\/7730\/revisions\/7734"}],"wp:attachment":[{"href":"https:\/\/northakademi.com\/tr\/wp-json\/wp\/v2\/media?parent=7730"}],"curies":[{"name":"wp","href":"https:\/\/api.w.org\/{rel}","templated":true}]}}