{"id":7507,"date":"2020-05-09T15:42:20","date_gmt":"2020-05-09T12:42:20","guid":{"rendered":"https:\/\/northakademi.com\/tr\/?page_id=7507"},"modified":"2020-05-09T15:42:20","modified_gmt":"2020-05-09T12:42:20","slug":"iso-140012015-ic-tetkikci-egitimi","status":"publish","type":"page","link":"https:\/\/northakademi.com\/tr\/ic-tetkikci-egitimleri\/iso-140012015-ic-tetkikci-egitimi\/","title":{"rendered":"ISO 14001:2015 \u0130\u00e7 Tetkik\u00e7i E\u011fitimi"},"content":{"rendered":"<\/div><\/div><\/div><!-- close content main div --><\/div><\/div><div id='av_section_1' class='avia-section main_color avia-section-default avia-no-shadow avia-bg-style-scroll   av-minimum-height av-minimum-height-custom container_wrap sidebar_right' style = 'background-repeat: no-repeat; background-image: url(https:\/\/northakademi.com\/tr\/wp-content\/uploads\/2019\/12\/slide-north-akademi-siyah-lacivert.jpg); background-attachment: scroll; background-position: top left; ' data-section-bg-repeat='no-repeat' ><div class='container' style='height:150px'><div class='template-page content  av-content-small alpha units'><div class='post-entry post-entry-type-page post-entry-7507'><div class='entry-content-wrapper clearfix'>\n<div style='padding-bottom:10px;color:#ffffff;' class='av-special-heading av-special-heading-h3 custom-color-heading   '><h3 class='av-special-heading-tag '  itemprop=\"headline\"  >ISO 14001:2015 \u0130\u00e7 Tetkik\u00e7i E\u011fitimi<\/h3><div class='special-heading-border'><div class='special-heading-inner-border' style='border-color:#ffffff'><\/div><\/div><\/div>\n<\/div><\/div><\/div><!-- close content main div --><\/div><\/div><div id='after_section_1' class='main_color av_default_container_wrap container_wrap sidebar_right'   ><div class='container' ><div class='template-page content  av-content-small alpha units'><div class='post-entry post-entry-type-page post-entry-7507'><div class='entry-content-wrapper clearfix'><div class=\"flex_column av_one_full  flex_column_div av-zero-column-padding first  \" style='border-radius:0px; '><p><div class='avia-image-container  av-styling-    avia-align-center '  itemprop=\"ImageObject\" itemscope=\"itemscope\" itemtype=\"https:\/\/schema.org\/ImageObject\"  ><div class='avia-image-container-inner'><img class='avia_image ' src='https:\/\/northakademi.com\/tr\/wp-content\/uploads\/2020\/05\/north-icerik-gorsels.jpg' alt='' title=''   itemprop=\"thumbnailUrl\"  \/><\/div><\/div><br \/>\n<section class=\"av_textblock_section \"  itemscope=\"itemscope\" itemtype=\"https:\/\/schema.org\/CreativeWork\" ><div class='avia_textblock  '   itemprop=\"text\" ><p><strong>Konusu:<\/strong><\/p>\n<ul>\n<li>\u00c7evre ve ISO 14001 Standard\u0131ndaki temel terim ve kavramlar\u0131n a\u00e7\u0131klanmas\u0131<\/li>\n<li>ISO 14001 Standard\u0131ndaki t\u00fcm maddelerin objektif delillerle a\u00e7\u0131klanmas\u0131<\/li>\n<li>Denetim, denetim tipleri ve uygunsuzluk tan\u0131mlar\u0131<\/li>\n<li>Denet\u00e7i \/ ba\u015f denet\u00e7i sorumluluklar\u0131 ve \u00f6zellikleri<\/li>\n<li>Denetim planlama (Check list, denetim plan\u0131 v.b olu\u015fturma)<\/li>\n<li>Denetim ve uygunsuzluklar\u0131n raporlanmas\u0131<\/li>\n<li>D\u00fczeltici faaliyetlerin de\u011ferlendirilmesi<\/li>\n<li>Pratik \u00e7al\u0131\u015fmalar<\/li>\n<li>Belgelendirme ve akreditasyon hakk\u0131nda bilgilendirme<\/li>\n<li>De\u011ferlendirme s\u0131nav\u0131<\/li>\n<\/ul>\n<p><strong>Kimler Kat\u0131labilir:<\/strong><\/p>\n<ul>\n<li>\u0130\u00e7 denet\u00e7i olmak isteyenler<\/li>\n<li>\u015eirketlerinde ISO 14001 \u00c7evre y\u00f6netim sisteminin uygunlu\u011funu de\u011ferlendirmek isteyen t\u00fcm \u00e7al\u0131\u015fanlar<\/li>\n<li>Dan\u0131\u015fmanlar.<\/li>\n<\/ul>\n<\/div><\/section><\/p><\/div><\/p>\n","protected":false},"excerpt":{"rendered":"","protected":false},"author":1,"featured_media":0,"parent":7504,"menu_order":0,"comment_status":"closed","ping_status":"closed","template":"","meta":{"footnotes":""},"_links":{"self":[{"href":"https:\/\/northakademi.com\/tr\/wp-json\/wp\/v2\/pages\/7507"}],"collection":[{"href":"https:\/\/northakademi.com\/tr\/wp-json\/wp\/v2\/pages"}],"about":[{"href":"https:\/\/northakademi.com\/tr\/wp-json\/wp\/v2\/types\/page"}],"author":[{"embeddable":true,"href":"https:\/\/northakademi.com\/tr\/wp-json\/wp\/v2\/users\/1"}],"replies":[{"embeddable":true,"href":"https:\/\/northakademi.com\/tr\/wp-json\/wp\/v2\/comments?post=7507"}],"version-history":[{"count":1,"href":"https:\/\/northakademi.com\/tr\/wp-json\/wp\/v2\/pages\/7507\/revisions"}],"predecessor-version":[{"id":7508,"href":"https:\/\/northakademi.com\/tr\/wp-json\/wp\/v2\/pages\/7507\/revisions\/7508"}],"up":[{"embeddable":true,"href":"https:\/\/northakademi.com\/tr\/wp-json\/wp\/v2\/pages\/7504"}],"wp:attachment":[{"href":"https:\/\/northakademi.com\/tr\/wp-json\/wp\/v2\/media?parent=7507"}],"curies":[{"name":"wp","href":"https:\/\/api.w.org\/{rel}","templated":true}]}}