{"id":7501,"date":"2020-05-09T15:28:46","date_gmt":"2020-05-09T12:28:46","guid":{"rendered":"https:\/\/northakademi.com\/tr\/?page_id=7501"},"modified":"2020-05-09T15:28:46","modified_gmt":"2020-05-09T12:28:46","slug":"iso-9001-bas-denetci-egitimi","status":"publish","type":"page","link":"https:\/\/northakademi.com\/tr\/bas-denetci-egitimleri\/iso-9001-bas-denetci-egitimi\/","title":{"rendered":"ISO 9001 Ba\u015f Denet\u00e7i E\u011fitimi"},"content":{"rendered":"<\/div><\/div><\/div><!-- close content main div --><\/div><\/div><div id='av_section_1' class='avia-section main_color avia-section-default avia-no-shadow avia-bg-style-scroll   av-minimum-height av-minimum-height-custom container_wrap sidebar_right' style = 'background-repeat: no-repeat; background-image: url(https:\/\/northakademi.com\/tr\/wp-content\/uploads\/2019\/12\/slide-north-akademi-siyah-lacivert.jpg); background-attachment: scroll; background-position: top left; ' data-section-bg-repeat='no-repeat' ><div class='container' style='height:150px'><div class='template-page content  av-content-small alpha units'><div class='post-entry post-entry-type-page post-entry-7501'><div class='entry-content-wrapper clearfix'>\n<div style='padding-bottom:10px;color:#ffffff;' class='av-special-heading av-special-heading-h3 custom-color-heading   '><h3 class='av-special-heading-tag '  itemprop=\"headline\"  >ISO 9001 Ba\u015f Denet\u00e7i E\u011fitimi<\/h3><div class='special-heading-border'><div class='special-heading-inner-border' style='border-color:#ffffff'><\/div><\/div><\/div>\n<\/div><\/div><\/div><!-- close content main div --><\/div><\/div><div id='after_section_1' class='main_color av_default_container_wrap container_wrap sidebar_right'   ><div class='container' ><div class='template-page content  av-content-small alpha units'><div class='post-entry post-entry-type-page post-entry-7501'><div class='entry-content-wrapper clearfix'><div class=\"flex_column av_one_full  flex_column_div av-zero-column-padding first  \" style='border-radius:0px; '><p><div class='avia-image-container  av-styling-    avia-align-center '  itemprop=\"ImageObject\" itemscope=\"itemscope\" itemtype=\"https:\/\/schema.org\/ImageObject\"  ><div class='avia-image-container-inner'><img class='avia_image ' src='https:\/\/northakademi.com\/tr\/wp-content\/uploads\/2020\/05\/north-icerik-gorsels.jpg' alt='' title=''   itemprop=\"thumbnailUrl\"  \/><\/div><\/div><br \/>\n<section class=\"av_textblock_section \"  itemscope=\"itemscope\" itemtype=\"https:\/\/schema.org\/CreativeWork\" ><div class='avia_textblock  '   itemprop=\"text\" ><p><strong>ISO 9001:2015 nedir?<\/strong><\/p>\n<p>Ana standartlara giri\u015f niteli\u011findedir. Firmada verimlili\u011fin artmas\u0131nda, maliyetlerin azalmas\u0131nda, s\u00fcrekli iyile\u015fmede ve kurumsalla\u015fmada ba\u015frol oynar. 9000 standard\u0131n kodu; 2008 ise yaz\u0131ld\u0131\u011f\u0131 y\u0131l\u0131 ifade eder. ISO 9001:2015\u00b4nin bir \u00fcr\u00fcne verilen belge de\u011fil, her t\u00fcrl\u00fc kurulu\u015flara uygulanabilecek bir Kalite Y\u00f6netim Sistemi dir. Bu sistemin, ba\u011f\u0131ms\u0131z denetim firmalar\u0131nca denetlenip belgelendirilmesi sonucu i\u015fletmenize ISO 9001:2015 sertifikas\u0131 sa\u011flanabilmektedir. ISO 9001:2015 Kalite Y\u00f6netim Sistemi\u00b4ni \u00f6zel ve kamu sekt\u00f6r\u00fcnde her t\u00fcrl\u00fc kurulu\u015f kurabilir.<\/p>\n<p>ISO 9001:2015 Kalite Y\u00f6netim Sistemi\u2019nin kurulu\u015f amac\u0131; i\u015fletmenin mal veya hizmet \u00fcretimindeki t\u00fcm a\u015famalar\u0131 belirleyerek ve bir nevi i\u015fletmenin kullanma k\u0131lavuzunu olu\u015fturarak her defas\u0131nda ayn\u0131 kalitede sonucun al\u0131naca\u011f\u0131 i\u015f s\u00fcre\u00e7leri yaratmaya \u00e7al\u0131\u015fmakt\u0131r.\u00dcretim, hizmet, yaz\u0131l\u0131m ve donan\u0131m sekt\u00f6rlerindeki t\u00fcm kurulu\u015flar bu sistemden yararlanabilir. \u00d6rne\u011fin, d\u0131\u015f ticaret pazarlama firmalar\u0131, hastaneler, belediyeler, \u00fcretim yapan i\u015fletmeler, oteller, restoranlar\u2026 Bu liste uzar gider. ISO 9001:2015 uygulanabilmesi i\u00e7in firman\u0131n sekt\u00f6r\u00fc \u00f6nemli de\u011fildir. ISO 9001:2015, kurulu\u015fun ne \u00fczerine \u00e7al\u0131\u015f\u0131p \u00e7al\u0131\u015fmad\u0131\u011f\u0131na de\u011fil y\u00f6netim sistemine odaklan\u0131r.<br \/>\nAyr\u0131ca i\u015fletmenin b\u00fcy\u00fckl\u00fc\u011f\u00fc veya k\u00fc\u00e7\u00fckl\u00fc\u011f\u00fc, ka\u00e7 ki\u015finin \u00e7al\u0131\u015ft\u0131\u011f\u0131 sistemin kurulmas\u0131na engel olmaktad\u0131r. 2 Ki\u015filik bir i\u015fletme de 1000 ki\u015filik bir i\u015fletme de ISO 9001 kapsam\u0131na girer.<\/p>\n<p><strong>ISO 9001:2015 belgesi ka\u00e7 y\u0131ll\u0131\u011f\u0131na verilir, ne kadar ge\u00e7erlidir?<\/strong><br \/>\nYayg\u0131n uygulamada belge 3 y\u0131ll\u0131\u011f\u0131na ge\u00e7erli olmak \u00fczere verilmektedir ve 3. y\u0131l\u0131n sonunda belge yenileme denetimi yap\u0131larak, uygun bulunur ise belgeniz yenilenmektedir. Fakat takip denetimleri sonucunda kurulu\u015fun sistemin y\u00fcr\u00fct\u00fclmesi ile ilgili \u00fczerine d\u00fc\u015fen sorumluluklar\u0131 yerine getirmedi\u011fi tespit edilirse belge iptali veya belgenin ask\u0131ya al\u0131nmas\u0131 karar\u0131 verilebilmektedir.<\/p>\n<p><strong>ISO 9000:2000 nedir?<\/strong><br \/>\nKalite Y\u00f6netim Sistemleri: K\u0131lavuz (ISO 9001 Standard\u0131na g\u00f6re olu\u015fturulmu\u015f sistemi iyile\u015ftirmek i\u00e7in ayr\u0131nt\u0131lar\u0131 i\u00e7ermektedir).<\/p>\n<\/div><\/section><\/p><\/div><\/p>\n","protected":false},"excerpt":{"rendered":"","protected":false},"author":1,"featured_media":0,"parent":7489,"menu_order":0,"comment_status":"closed","ping_status":"closed","template":"","meta":{"footnotes":""},"_links":{"self":[{"href":"https:\/\/northakademi.com\/tr\/wp-json\/wp\/v2\/pages\/7501"}],"collection":[{"href":"https:\/\/northakademi.com\/tr\/wp-json\/wp\/v2\/pages"}],"about":[{"href":"https:\/\/northakademi.com\/tr\/wp-json\/wp\/v2\/types\/page"}],"author":[{"embeddable":true,"href":"https:\/\/northakademi.com\/tr\/wp-json\/wp\/v2\/users\/1"}],"replies":[{"embeddable":true,"href":"https:\/\/northakademi.com\/tr\/wp-json\/wp\/v2\/comments?post=7501"}],"version-history":[{"count":1,"href":"https:\/\/northakademi.com\/tr\/wp-json\/wp\/v2\/pages\/7501\/revisions"}],"predecessor-version":[{"id":7502,"href":"https:\/\/northakademi.com\/tr\/wp-json\/wp\/v2\/pages\/7501\/revisions\/7502"}],"up":[{"embeddable":true,"href":"https:\/\/northakademi.com\/tr\/wp-json\/wp\/v2\/pages\/7489"}],"wp:attachment":[{"href":"https:\/\/northakademi.com\/tr\/wp-json\/wp\/v2\/media?parent=7501"}],"curies":[{"name":"wp","href":"https:\/\/api.w.org\/{rel}","templated":true}]}}