{"id":7499,"date":"2020-05-09T15:26:48","date_gmt":"2020-05-09T12:26:48","guid":{"rendered":"https:\/\/northakademi.com\/tr\/?page_id=7499"},"modified":"2020-05-09T15:26:48","modified_gmt":"2020-05-09T12:26:48","slug":"iso-14001-bas-denetci-egitimi","status":"publish","type":"page","link":"https:\/\/northakademi.com\/tr\/bas-denetci-egitimleri\/iso-14001-bas-denetci-egitimi\/","title":{"rendered":"ISO 14001 Ba\u015f Denet\u00e7i E\u011fitimi"},"content":{"rendered":"<\/div><\/div><\/div><!-- close content main div --><\/div><\/div><div id='av_section_1' class='avia-section main_color avia-section-default avia-no-shadow avia-bg-style-scroll   av-minimum-height av-minimum-height-custom container_wrap sidebar_right' style = 'background-repeat: no-repeat; background-image: url(https:\/\/northakademi.com\/tr\/wp-content\/uploads\/2019\/12\/slide-north-akademi-siyah-lacivert.jpg); background-attachment: scroll; background-position: top left; ' data-section-bg-repeat='no-repeat' ><div class='container' style='height:150px'><div class='template-page content  av-content-small alpha units'><div class='post-entry post-entry-type-page post-entry-7499'><div class='entry-content-wrapper clearfix'>\n<div style='padding-bottom:10px;color:#ffffff;' class='av-special-heading av-special-heading-h3 custom-color-heading   '><h3 class='av-special-heading-tag '  itemprop=\"headline\"  >ISO 14001 Ba\u015f Denet\u00e7i E\u011fitimi<\/h3><div class='special-heading-border'><div class='special-heading-inner-border' style='border-color:#ffffff'><\/div><\/div><\/div>\n<\/div><\/div><\/div><!-- close content main div --><\/div><\/div><div id='after_section_1' class='main_color av_default_container_wrap container_wrap sidebar_right'   ><div class='container' ><div class='template-page content  av-content-small alpha units'><div class='post-entry post-entry-type-page post-entry-7499'><div class='entry-content-wrapper clearfix'><div class=\"flex_column av_one_full  flex_column_div av-zero-column-padding first  \" style='border-radius:0px; '><p><div class='avia-image-container  av-styling-    avia-align-center '  itemprop=\"ImageObject\" itemscope=\"itemscope\" itemtype=\"https:\/\/schema.org\/ImageObject\"  ><div class='avia-image-container-inner'><img class='avia_image ' src='https:\/\/northakademi.com\/tr\/wp-content\/uploads\/2020\/05\/north-icerik-gorsels.jpg' alt='' title=''   itemprop=\"thumbnailUrl\"  \/><\/div><\/div><br \/>\n<section class=\"av_textblock_section \"  itemscope=\"itemscope\" itemtype=\"https:\/\/schema.org\/CreativeWork\" ><div class='avia_textblock  '   itemprop=\"text\" ><p>T\u00fcm d\u00fcnyada en \u00e7ok uygulanan standartlardan biri olan ISO 14001 standard\u0131 2015 y\u0131l\u0131nda revize edilmi\u015ftir.2015 versiyonuna ge\u00e7i\u015f i\u00e7in son tarih Eyl\u00fcl 2018 dir.<br \/>\nISO 14001 Standard\u0131, t\u00fcm y\u00f6netim sistemlerine ortak bir \u00e7er\u00e7eve getiren yeni y\u00fcksek seviye yap\u0131s\u0131 Annex SL\u2019e dayand\u0131r\u0131lm\u0131\u015ft\u0131r. Olu\u015fturulan bu yap\u0131 sayesinde t\u00fcm y\u00f6netim sistemi standartlar\u0131nda ayn\u0131 tan\u0131m ve ba\u015fl\u0131klar yer almaktad\u0131r.<br \/>\nYeni standart yap\u0131s\u0131n\u0131n yerle\u015fmesi ile kurulu\u015flar \u00e7evre y\u00f6netim sistemlerini temel i\u015f prosesleri ile birle\u015ftirmeyi ve \u00fcst y\u00f6netimin daha etkin rol oynamas\u0131na katk\u0131 sa\u011flanm\u0131\u015f olacakt\u0131r.<br \/>\n\u00c7evre Y\u00f6netim Sisteminin Genel tan\u0131m ve amac\u0131na bakacak olursak;<br \/>\n\u00c7evre boyutlar\u0131n\u0131 y\u00f6netmek, uygunluk y\u00fck\u00fcml\u00fcl\u00fcklerinin yerine getirilmesi<br \/>\n\u0130le risk ve f\u0131rsatlar\u0131 ifade etmek i\u00e7in kullan\u0131lan y\u00f6netim sistemi olarak tan\u0131mlanmaktad\u0131r.<br \/>\nKurulu\u015flara \u00e7evreyi korumak ve sosyoekonomik ihtiya\u00e7larla denge i\u00e7erisinde de\u011fi\u015fen<br \/>\n\u00e7evre \u015fartlar\u0131na tepki vermek i\u00e7in bir \u00e7er\u00e7eve sa\u011flamakt\u0131r. Bu standard, kurulu\u015flar\u0131n kendi y\u00f6netim sistemi i\u00e7in belirledi\u011fi ama\u00e7lanan \u00e7\u0131kt\u0131lar\u0131na eri\u015fmek i\u00e7in kurulu\u015flara \u015fartlar belirler.<\/p>\n<p><strong>ISO 14001\u2018E KURULU\u015eLAR NEDEN \u0130HT\u0130YA\u00c7 DUYAR, AVANTAJLARI NELERD\u0130R?<\/strong><\/p>\n<p>\u00c7evre y\u00f6netim sistemi;, \u00e7evresel ama\u00e7 ve hedefleri tan\u0131mlama ve \u00e7evre y\u00f6netim sistemi gereksinimlerini kar\u015f\u0131lamak i\u00e7in yeterli ve uygun, politika ve prosed\u00fcrlerin olu\u015fturulmas\u0131, s\u00fcrekli \u00e7evresel performans elde etmeyi sa\u011flayan bir ara\u00e7t\u0131r.<\/p>\n<ul>\n<li>Kurulu\u015fun yasal \u015fartlara uyumunun artt\u0131r\u0131lmas\u0131n\u0131 sa\u011flar.<\/li>\n<li>Kurulu\u015fun \u00e7evre \u00fczerindeki olumsuz etkisini azalt\u0131r.<\/li>\n<li>Do\u011fal kaynaklar\u0131n etkin kullan\u0131m\u0131na fayda sa\u011flar ve bu sayede maliyetin azalmas\u0131na yard\u0131mc\u0131 olur.<\/li>\n<li>Kurulu\u015fun itibar\u0131n\u0131n artmas\u0131na fayda sa\u011flar<\/li>\n<li>\u00c7evresel \u015fartlar\u0131n potansiyel olumsuz etkilerinin kurulu\u015f \u00fczerinde hafifletilmesine katk\u0131 sa\u011flar<\/li>\n<li>\u00c7evresel performans\u0131n artmas\u0131na katk\u0131 sa\u011flar<\/li>\n<\/ul>\n<p>T\u00fcm d\u00fcnyada en \u00e7ok uygulanan standartlardan biri olan ISO 14001 standard\u0131 2015 y\u0131l\u0131nda revize edilmi\u015ftir.2015 versiyonuna ge\u00e7i\u015f i\u00e7in son tarih Eyl\u00fcl 2018 dir.<\/p>\n<p>ISO 14001 Standard\u0131, t\u00fcm y\u00f6netim sistemlerine ortak bir \u00e7er\u00e7eve getiren yeni y\u00fcksek seviye yap\u0131s\u0131 Annex SL\u2019e dayand\u0131r\u0131lm\u0131\u015ft\u0131r. Olu\u015fturulan bu yap\u0131 sayesinde t\u00fcm y\u00f6netim sistemi standartlar\u0131nda ayn\u0131 tan\u0131m ve ba\u015fl\u0131klar yer almaktad\u0131r.<br \/>\nYeni standart yap\u0131s\u0131n\u0131n yerle\u015fmesi ile kurulu\u015flar \u00e7evre y\u00f6netim sistemlerini temel i\u015f prosesleri ile birle\u015ftirmeyi ve \u00fcst y\u00f6netimin daha etkin rol oynamas\u0131na katk\u0131 sa\u011flanm\u0131\u015f olacakt\u0131r.<br \/>\n\u00c7evre Y\u00f6netim Sisteminin Genel tan\u0131m ve amac\u0131na bakacak olursak;<br \/>\n\u00c7evre boyutlar\u0131n\u0131 y\u00f6netmek, uygunluk y\u00fck\u00fcml\u00fcl\u00fcklerinin yerine getirilmesi<br \/>\n\u0130le risk ve f\u0131rsatlar\u0131 ifade etmek i\u00e7in kullan\u0131lan y\u00f6netim sistemi olarak tan\u0131mlanmaktad\u0131r.<br \/>\nKurulu\u015flara \u00e7evreyi korumak ve sosyoekonomik ihtiya\u00e7larla denge i\u00e7erisinde de\u011fi\u015fen<br \/>\n\u00e7evre \u015fartlar\u0131na tepki vermek i\u00e7in bir \u00e7er\u00e7eve sa\u011flamakt\u0131r. Bu standard, kurulu\u015flar\u0131n kendi y\u00f6netim sistemi i\u00e7in belirledi\u011fi ama\u00e7lanan \u00e7\u0131kt\u0131lar\u0131na eri\u015fmek i\u00e7in kurulu\u015flara \u015fartlar belirler.<\/p>\n<p><strong>ISO 14001\u2018E KURULU\u015eLAR NEDEN \u0130HT\u0130YA\u00c7 DUYAR, AVANTAJLARI NELERD\u0130R?<\/strong><\/p>\n<p>\u00c7evre y\u00f6netim sistemi;, \u00e7evresel ama\u00e7 ve hedefleri tan\u0131mlama ve \u00e7evre y\u00f6netim sistemi gereksinimlerini kar\u015f\u0131lamak i\u00e7in yeterli ve uygun, politika ve prosed\u00fcrlerin olu\u015fturulmas\u0131, s\u00fcrekli \u00e7evresel performans elde etmeyi sa\u011flayan bir ara\u00e7t\u0131r.<\/p>\n<ul>\n<li>Kurulu\u015fun yasal \u015fartlara uyumunun artt\u0131r\u0131lmas\u0131n\u0131 sa\u011flar.<\/li>\n<li>Kurulu\u015fun \u00e7evre \u00fczerindeki olumsuz etkisini azalt\u0131r.<\/li>\n<li>Do\u011fal kaynaklar\u0131n etkin kullan\u0131m\u0131na fayda sa\u011flar ve bu sayede maliyetin azalmas\u0131na yard\u0131mc\u0131 olur.<\/li>\n<li>Kurulu\u015fun itibar\u0131n\u0131n artmas\u0131na fayda sa\u011flar<\/li>\n<li>\u00c7evresel \u015fartlar\u0131n potansiyel olumsuz etkilerinin kurulu\u015f \u00fczerinde hafifletilmesine katk\u0131 sa\u011flar<\/li>\n<li>\u00c7evresel performans\u0131n artmas\u0131na katk\u0131 sa\u011flar<\/li>\n<\/ul>\n<\/div><\/section><\/p><\/div><\/p>\n","protected":false},"excerpt":{"rendered":"","protected":false},"author":1,"featured_media":0,"parent":7489,"menu_order":0,"comment_status":"closed","ping_status":"closed","template":"","meta":{"footnotes":""},"_links":{"self":[{"href":"https:\/\/northakademi.com\/tr\/wp-json\/wp\/v2\/pages\/7499"}],"collection":[{"href":"https:\/\/northakademi.com\/tr\/wp-json\/wp\/v2\/pages"}],"about":[{"href":"https:\/\/northakademi.com\/tr\/wp-json\/wp\/v2\/types\/page"}],"author":[{"embeddable":true,"href":"https:\/\/northakademi.com\/tr\/wp-json\/wp\/v2\/users\/1"}],"replies":[{"embeddable":true,"href":"https:\/\/northakademi.com\/tr\/wp-json\/wp\/v2\/comments?post=7499"}],"version-history":[{"count":1,"href":"https:\/\/northakademi.com\/tr\/wp-json\/wp\/v2\/pages\/7499\/revisions"}],"predecessor-version":[{"id":7500,"href":"https:\/\/northakademi.com\/tr\/wp-json\/wp\/v2\/pages\/7499\/revisions\/7500"}],"up":[{"embeddable":true,"href":"https:\/\/northakademi.com\/tr\/wp-json\/wp\/v2\/pages\/7489"}],"wp:attachment":[{"href":"https:\/\/northakademi.com\/tr\/wp-json\/wp\/v2\/media?parent=7499"}],"curies":[{"name":"wp","href":"https:\/\/api.w.org\/{rel}","templated":true}]}}