{"id":7497,"date":"2020-05-09T15:23:27","date_gmt":"2020-05-09T12:23:27","guid":{"rendered":"https:\/\/northakademi.com\/tr\/?page_id=7497"},"modified":"2020-05-09T15:23:27","modified_gmt":"2020-05-09T12:23:27","slug":"iso-22000-bas-denetci-egitimi","status":"publish","type":"page","link":"https:\/\/northakademi.com\/tr\/bas-denetci-egitimleri\/iso-22000-bas-denetci-egitimi\/","title":{"rendered":"ISO 22000 Ba\u015f Denet\u00e7i E\u011fitimi"},"content":{"rendered":"<\/div><\/div><\/div><!-- close content main div --><\/div><\/div><div id='av_section_1' class='avia-section main_color avia-section-default avia-no-shadow avia-bg-style-scroll   av-minimum-height av-minimum-height-custom container_wrap sidebar_right' style = 'background-repeat: no-repeat; background-image: url(https:\/\/northakademi.com\/tr\/wp-content\/uploads\/2019\/12\/slide-north-akademi-siyah-lacivert.jpg); background-attachment: scroll; background-position: top left; ' data-section-bg-repeat='no-repeat' ><div class='container' style='height:150px'><div class='template-page content  av-content-small alpha units'><div class='post-entry post-entry-type-page post-entry-7497'><div class='entry-content-wrapper clearfix'>\n<div style='padding-bottom:10px;color:#ffffff;' class='av-special-heading av-special-heading-h3 custom-color-heading   '><h3 class='av-special-heading-tag '  itemprop=\"headline\"  >ISO 22000 Ba\u015f Denet\u00e7i E\u011fitimi<\/h3><div class='special-heading-border'><div class='special-heading-inner-border' style='border-color:#ffffff'><\/div><\/div><\/div>\n<\/div><\/div><\/div><!-- close content main div --><\/div><\/div><div id='after_section_1' class='main_color av_default_container_wrap container_wrap sidebar_right'   ><div class='container' ><div class='template-page content  av-content-small alpha units'><div class='post-entry post-entry-type-page post-entry-7497'><div class='entry-content-wrapper clearfix'><div class=\"flex_column av_one_full  flex_column_div av-zero-column-padding first  \" style='border-radius:0px; '><p><div class='avia-image-container  av-styling-    avia-align-center '  itemprop=\"ImageObject\" itemscope=\"itemscope\" itemtype=\"https:\/\/schema.org\/ImageObject\"  ><div class='avia-image-container-inner'><img class='avia_image ' src='https:\/\/northakademi.com\/tr\/wp-content\/uploads\/2020\/05\/north-icerik-gorsels.jpg' alt='' title=''   itemprop=\"thumbnailUrl\"  \/><\/div><\/div><br \/>\n<section class=\"av_textblock_section \"  itemscope=\"itemscope\" itemtype=\"https:\/\/schema.org\/CreativeWork\" ><div class='avia_textblock  '   itemprop=\"text\" ><p>G\u0131da G\u00fcvenli\u011fi Konusunda, Uluslararas\u0131 Standartlar Organizasyonu (ISO) ISO 22000:2005 G\u0131da G\u00fcvenli\u011fi Y\u00f6netim Sistemleri Standard\u0131n\u0131 geli\u015ftirmi\u015ftir. Resmi ad\u0131 ISO 22000:2005 G\u0131da G\u00fcvenli\u011fi Y\u00f6netim Sistemleri G\u0131da Zincirinde T\u00fcm Kurulu\u015flar \u0130\u00e7in \u015eartlar, olan ISO 22000:2005 uluslararas\u0131 bir standartt\u0131r ve yiyecek, i\u00e7ecek sunumu (catering) ve paketleme firmalar\u0131 dahil \u201ctarladan sofraya\u201d g\u0131da zincirindeki t\u00fcm kurulu\u015flar\u0131 kapsayan bir G\u0131da G\u00fcvenli\u011fi Y\u00f6netim Sisteminin \u015fartlar\u0131n\u0131 tan\u0131mlar. Bu \u015fartlar\u0131 uygulayan firmalar standarda g\u00f6re yap\u0131lan denetim sonunda ISO 22000 Belgesi (HACCP Belgesi) ni almaya hak kazan\u0131rlar. Metodolojik olarak di\u011fer iso kalite standartlar\u0131na benzeyen ISO 22000 (HACCP) Standard\u0131 aynen di\u011ferlerinde oldu\u011fu gibi Demingin PUK\u00d6 D\u00f6ng\u00fcs\u00fc ile uygulanma imkan\u0131 sa\u011flanmaktad\u0131r. Dok\u00fcman ve Kay\u0131t Kontrol\u00fc aynen ISO 9001:2008 Standard\u0131nda oldu\u011fu gibidir.<\/p>\n<p>G\u00fcvenli g\u0131da i\u00e7in s\u00fcrekli artan bir m\u00fc\u015fteri talebi bulunmaktad\u0131r. Bu, bir\u00e7ok G\u0131da G\u00fcvenli\u011fi Standardlar\u0131n\u0131n geli\u015ftirilmesine yol a\u00e7m\u0131\u015ft\u0131r. G\u0131da g\u00fcvenli\u011fi y\u00f6netimi i\u00e7in artan say\u0131da ulusal standartlar kar\u0131\u015f\u0131kl\u0131\u011fa neden olmu\u015ftur. Sonu\u00e7 olarak uluslararas\u0131 bir uyumlulu\u011fa ihtiya\u00e7 vard\u0131r ve ISO 22000:2005 ile bu ihtiyac\u0131 kar\u015f\u0131lamay\u0131 hedeflemektedir.<\/p>\n<p>Standard, g\u0131da zinciri boyunca g\u0131da g\u00fcvenli\u011fini temin etmek i\u00e7in, etkile\u015fimli ileti\u015fim, sistem y\u00f6netimi, \u00f6n \u015fartl\u0131 programlar ve HACCP planlar\u0131 vas\u0131tas\u0131yla g\u0131da g\u00fcvenli\u011fi tehlikelerinin kontrol\u00fc ve s\u00fcrekli iyile\u015ftirme ve y\u00f6netim sisteminin g\u00fcncellenmesi dahil kabul g\u00f6rm\u00fc\u015f ana unsurlar\u0131 birle\u015ftirir.<\/p>\n<p>ISO 22000:2005, g\u0131da g\u00fcvenli\u011fi konusunda yasal gerekliliklerin \u00f6tesine ge\u00e7mek isteyen \u015firketler i\u00e7in gereklilikleri tan\u0131mlamak amac\u0131ndad\u0131r.<\/p>\n<p><strong>ISO 22000 Belgesi Neden Gereklidir?<\/strong><br \/>\nEkipman, paketleme malzemesi, temizlik malzemeleri ve katk\u0131 malzemeleri \u00fcreticileri gibi ili\u015fkili kurulu\u015flar da dahil \u201ctarladan sofraya\u201d g\u0131da zincirindeki t\u00fcm kurulu\u015flar i\u00e7in ger\u00e7ek bir uluslararas\u0131 standartt\u0131r. ISO 22000:2005 ayr\u0131ca ISO 9001:2008 gibi kalite y\u00f6netim sistemleri ile kendi g\u0131da g\u00fcvenli\u011fi y\u00f6netim sistemlerini birle\u015ftirmek isteyen t\u00fcm kurulu\u015flar i\u00e7indir.<\/p>\n<p><strong>ISO 22000 Belgesi Ne \u0130\u015fe Yarar?<\/strong><br \/>\nG\u0131da g\u00fcvenli\u011fi y\u00f6netim sisteminizi ISO 22000:2005\u2019in gerekliliklerine g\u00f6re belgelendirmeniz kurulu\u015funuza a\u015fa\u011f\u0131daki faydalar\u0131 sa\u011flayacakt\u0131r;<\/p>\n<ul>\n<li>Global g\u0131da temini zincirindeki t\u00fcm kurulu\u015flar i\u00e7in ge\u00e7erlidir.<\/li>\n<li>Ger\u00e7ek bir global uluslararas\u0131 standartt\u0131r.<\/li>\n<li>Ulusal standartlara uyum konusunda olanak sa\u011flar.<\/li>\n<li>Mevcut perakende G\u0131da G\u00fcvenli\u011fi Standardlar\u0131 \u015fartlar\u0131n\u0131n \u00e7o\u011funu kapsar.<\/li>\n<li>HACCP Kural\u0131 ilkelerine uygundur.<\/li>\n<li>HACCP kavramlar\u0131n\u0131n uluslararas\u0131 ileti\u015fimini sa\u011flar.<\/li>\n<li>\u00dc\u00e7\u00fcnc\u00fc taraf belgelendirmesi i\u00e7in \u00e7er\u00e7eve sa\u011flayan tetkik edilebilir bir standartt\u0131r.<\/li>\n<li>Belirgin \u015fartlar\u0131 olan tetkik edilebilir bir standartt\u0131r.<\/li>\n<li>D\u00fczenleyiciler i\u00e7in uygundur.<\/li>\n<li>Yap\u0131 ISO 9001:2008 ve ISO 14001:2004 y\u00f6netim sistemleri maddeleri ile uyumludur.<\/li>\n<\/ul>\n<\/div><\/section><\/p><\/div><\/p>\n","protected":false},"excerpt":{"rendered":"","protected":false},"author":1,"featured_media":0,"parent":7489,"menu_order":0,"comment_status":"closed","ping_status":"closed","template":"","meta":{"footnotes":""},"_links":{"self":[{"href":"https:\/\/northakademi.com\/tr\/wp-json\/wp\/v2\/pages\/7497"}],"collection":[{"href":"https:\/\/northakademi.com\/tr\/wp-json\/wp\/v2\/pages"}],"about":[{"href":"https:\/\/northakademi.com\/tr\/wp-json\/wp\/v2\/types\/page"}],"author":[{"embeddable":true,"href":"https:\/\/northakademi.com\/tr\/wp-json\/wp\/v2\/users\/1"}],"replies":[{"embeddable":true,"href":"https:\/\/northakademi.com\/tr\/wp-json\/wp\/v2\/comments?post=7497"}],"version-history":[{"count":1,"href":"https:\/\/northakademi.com\/tr\/wp-json\/wp\/v2\/pages\/7497\/revisions"}],"predecessor-version":[{"id":7498,"href":"https:\/\/northakademi.com\/tr\/wp-json\/wp\/v2\/pages\/7497\/revisions\/7498"}],"up":[{"embeddable":true,"href":"https:\/\/northakademi.com\/tr\/wp-json\/wp\/v2\/pages\/7489"}],"wp:attachment":[{"href":"https:\/\/northakademi.com\/tr\/wp-json\/wp\/v2\/media?parent=7497"}],"curies":[{"name":"wp","href":"https:\/\/api.w.org\/{rel}","templated":true}]}}