{"id":7487,"date":"2020-05-09T15:14:06","date_gmt":"2020-05-09T12:14:06","guid":{"rendered":"https:\/\/northakademi.com\/tr\/?page_id=7487"},"modified":"2020-05-09T15:20:46","modified_gmt":"2020-05-09T12:20:46","slug":"ohsas-18001-temel-egitimi","status":"publish","type":"page","link":"https:\/\/northakademi.com\/tr\/bas-denetci-egitimleri\/ohsas-18001-temel-egitimi\/","title":{"rendered":"OHSAS 18001 Temel E\u011fitimi"},"content":{"rendered":"<\/div><\/div><\/div><!-- close content main div --><\/div><\/div><div id='av_section_1' class='avia-section main_color avia-section-default avia-no-shadow avia-bg-style-scroll   av-minimum-height av-minimum-height-custom container_wrap sidebar_right' style = 'background-repeat: no-repeat; background-image: url(https:\/\/northakademi.com\/tr\/wp-content\/uploads\/2019\/12\/slide-north-akademi-siyah-lacivert.jpg); background-attachment: scroll; background-position: top left; ' data-section-bg-repeat='no-repeat' ><div class='container' style='height:150px'><div class='template-page content  av-content-small alpha units'><div class='post-entry post-entry-type-page post-entry-7487'><div class='entry-content-wrapper clearfix'>\n<div style='padding-bottom:10px;color:#ffffff;' class='av-special-heading av-special-heading-h3 custom-color-heading   '><h3 class='av-special-heading-tag '  itemprop=\"headline\"  >OHSAS 18001 Temel E\u011fitimi<\/h3><div class='special-heading-border'><div class='special-heading-inner-border' style='border-color:#ffffff'><\/div><\/div><\/div>\n<\/div><\/div><\/div><!-- close content main div --><\/div><\/div><div id='after_section_1' class='main_color av_default_container_wrap container_wrap sidebar_right'   ><div class='container' ><div class='template-page content  av-content-small alpha units'><div class='post-entry post-entry-type-page post-entry-7487'><div class='entry-content-wrapper clearfix'>\n<div class=\"flex_column av_one_full  flex_column_div av-zero-column-padding first  \" style='border-radius:0px; '><p><div class='avia-image-container  av-styling-    avia-align-center '  itemprop=\"ImageObject\" itemscope=\"itemscope\" itemtype=\"https:\/\/schema.org\/ImageObject\"  ><div class='avia-image-container-inner'><img class='avia_image ' src='https:\/\/northakademi.com\/tr\/wp-content\/uploads\/2020\/05\/north-icerik-gorsels.jpg' alt='' title=''   itemprop=\"thumbnailUrl\"  \/><\/div><\/div><br \/>\n<section class=\"av_textblock_section \"  itemscope=\"itemscope\" itemtype=\"https:\/\/schema.org\/CreativeWork\" ><div class='avia_textblock  '   itemprop=\"text\" ><p><strong>OHSAS 18001 Temel E\u011fitim Amac\u0131<\/strong><\/p>\n<p>TS 18001 OHSAS \u0130\u015f Sa\u011fl\u0131\u011f\u0131 ve G\u00fcvenli\u011fi Y\u00f6netim Sistemi Standard\u0131\u2019na ve yasal mevzuatlara uygun bir \u0130\u015f Sa\u011fl\u0131\u011f\u0131 ve G\u00fcvenli\u011fi Y\u00f6netim Sistemi kurmak, geli\u015ftirmek veya s\u00fcrd\u00fcrmek isteyen firmalardan kat\u0131l\u0131mc\u0131lara, standard\u0131n istedi\u011fi minimum gerekliliklerin kar\u015f\u0131lanmas\u0131na y\u00f6nelik a\u00e7\u0131klay\u0131c\u0131 bilgi verilmesi ama\u00e7lanmaktad\u0131r. E\u011fitim interaktif olarak ger\u00e7ekle\u015ftirilmekte ve anlay\u0131\u015f\u0131n peki\u015ftirilmesi i\u00e7in genel \u00f6rnekler verilmektedir. E\u011fitim sonunda, kat\u0131l\u0131mc\u0131lar, TS 18001 OHSAS \u0130\u015f Sa\u011fl\u0131\u011f\u0131 ve G\u00fcvenli\u011fi Y\u00f6netim Sistemi Standard\u0131\u2019na ve Yasal Mevzuatlara ili\u015fkin minimum gereklilikler konusunda bilgi edineceklerdir. E\u011fitimi tamamlayan t\u00fcm kat\u0131l\u0131mc\u0131lar, OHSAS 18001 TEMEL E\u011e\u0130T\u0130M KATILIM BELGES\u0130 sahibi olaca<br \/>\nklard\u0131r.<\/p>\n<p><strong>OHSAS 18001 Temel E\u011fitim \u0130\u00e7eri\u011fi<\/strong><br \/>\n\u0130\u015f sa\u011fl\u0131\u011f\u0131 g\u00fcvenli\u011fi nedir?<br \/>\nTerimler ve tarifler<br \/>\nKanun, y\u00f6netmelik, mevzuat ve t\u00fcz\u00fcklere uyumu g\u00fcvence alt\u0131na almak,<br \/>\n\u0130\u015f sa\u011fl\u0131\u011f\u0131 ve g\u00fcvenli\u011fi konular\u0131nda s\u00fcrekli geli\u015fmeyi sa\u011flamak,<br \/>\n\u00c7al\u0131\u015fanlarla ilgili i\u015f kazalar\u0131, meslek hastal\u0131klar\u0131 ve i\u015f g\u00fcc\u00fc kayb\u0131n\u0131 azaltmak,<br \/>\n\u0130SG \u00e7al\u0131\u015fmalar\u0131n\u0131 di\u011fer faaliyetlere entegre ederek kaynaklar\u0131n korunmas\u0131n\u0131 sa\u011flamak,<br \/>\nY\u00f6netim taahh\u00fcd\u00fcn\u00fcn sa\u011fland\u0131\u011f\u0131n\u0131 g\u00f6stermek,<br \/>\nMotivasyon ve kat\u0131l\u0131m\u0131 sa\u011flamak,<br \/>\n\u0130\u015f sa\u011fl\u0131\u011f\u0131 ve g\u00fcvenli\u011fine (OHSAS) genel bak\u0131\u015f<br \/>\nTehlike tan\u0131mlamas\u0131, risk de\u011ferlendirmesi ve risk denetimi planlamas\u0131<br \/>\nOHSAS y\u00f6netim program\u0131<br \/>\n\u0130\u015f sa\u011fl\u0131\u011f\u0131 ve g\u00fcvenli\u011fi (ohsas) standart maddeleri(\u015fartlar)<br \/>\nY\u00f6netim sistemlerinin yakla\u015f\u0131mlar\u0131ndaki benzerlikler<br \/>\nE\u011fitim, fark\u0131ndal\u0131k ve yeterlik<br \/>\nAcil durum haz\u0131rl\u0131\u011f\u0131 ve tepkisi<br \/>\nPerformans \u00f6l\u00e7\u00fcm\u00fc, izleme ve \u00f6l\u00e7me<br \/>\nEkler(dok\u00fcman \u00f6rnekleri)<\/p>\n<p><strong>OHSAS 18001 Temel E\u011fitim Yeri<\/strong><br \/>\nGenel Kat\u0131l\u0131ma a\u00e7\u0131k e\u011fitimler Bursa Merkez Ofisimizde veya Otellerde d\u00fczenlenmektedir. Firman\u0131za \u00f6zel e\u011fitim programlar\u0131 talebiniz do\u011frultusunda d\u00fczenlenmektedir. E\u011fitim talepleriniz i\u00e7in l\u00fctfen 0224 272 49 82 numaral\u0131 telefondan bize ula\u015f\u0131n\u0131z.<\/p>\n<p><strong>OHSAS 18001 Temel E\u011fitim S\u00fcresi<\/strong><br \/>\nE\u011fitim s\u00fcresi kat\u0131l\u0131mc\u0131 say\u0131s\u0131na g\u00f6re 1 veya 2 g\u00fcn olarak planlanmaktad\u0131r. E\u011fitimler 10:00 \u201317:00 saatleri aras\u0131nda ger\u00e7ekle\u015ftirilecektir.<\/p>\n<p><strong>OHSAS 18001 Temel E\u011fitim Kat\u0131l\u0131mc\u0131lar\u0131<\/strong><br \/>\nKalite Y\u00f6netim Sistemi kurulmas\u0131, geli\u015ftirilmesi veya i\u015fletilmesi ile ilgili \u00e7al\u0131\u015fmalarda g\u00f6rev alacak ki\u015filer ile konu hakk\u0131nda bilgi sahibi olmas\u0131 gerekli g\u00f6r\u00fclen i\u015fletme \u00e7al\u0131\u015fanlar\u0131 ve y\u00f6neticiler, TS 18001 OHSAS hakk\u0131nda kendini geli\u015ftirmek isteyen herkes.<\/p>\n<\/div><\/section><\/p><\/div>\n","protected":false},"excerpt":{"rendered":"","protected":false},"author":1,"featured_media":0,"parent":7489,"menu_order":0,"comment_status":"closed","ping_status":"closed","template":"","meta":{"footnotes":""},"_links":{"self":[{"href":"https:\/\/northakademi.com\/tr\/wp-json\/wp\/v2\/pages\/7487"}],"collection":[{"href":"https:\/\/northakademi.com\/tr\/wp-json\/wp\/v2\/pages"}],"about":[{"href":"https:\/\/northakademi.com\/tr\/wp-json\/wp\/v2\/types\/page"}],"author":[{"embeddable":true,"href":"https:\/\/northakademi.com\/tr\/wp-json\/wp\/v2\/users\/1"}],"replies":[{"embeddable":true,"href":"https:\/\/northakademi.com\/tr\/wp-json\/wp\/v2\/comments?post=7487"}],"version-history":[{"count":3,"href":"https:\/\/northakademi.com\/tr\/wp-json\/wp\/v2\/pages\/7487\/revisions"}],"predecessor-version":[{"id":7496,"href":"https:\/\/northakademi.com\/tr\/wp-json\/wp\/v2\/pages\/7487\/revisions\/7496"}],"up":[{"embeddable":true,"href":"https:\/\/northakademi.com\/tr\/wp-json\/wp\/v2\/pages\/7489"}],"wp:attachment":[{"href":"https:\/\/northakademi.com\/tr\/wp-json\/wp\/v2\/media?parent=7487"}],"curies":[{"name":"wp","href":"https:\/\/api.w.org\/{rel}","templated":true}]}}