{"id":7469,"date":"2020-04-29T05:15:29","date_gmt":"2020-04-29T02:15:29","guid":{"rendered":"https:\/\/northakademi.com\/tr\/?page_id=7469"},"modified":"2020-04-29T05:15:29","modified_gmt":"2020-04-29T02:15:29","slug":"sahit-denetimleri","status":"publish","type":"page","link":"https:\/\/northakademi.com\/tr\/3-taraf-denetimler\/sahit-denetimleri\/","title":{"rendered":"\u015eahit Denetimleri"},"content":{"rendered":"<\/div><\/div><\/div><!-- close content main div --><\/div><\/div><div id='av_section_1' class='avia-section main_color avia-section-default avia-no-shadow avia-bg-style-scroll   av-minimum-height av-minimum-height-custom container_wrap sidebar_right' style = 'background-repeat: no-repeat; background-image: url(https:\/\/northakademi.com\/tr\/wp-content\/uploads\/2019\/12\/slide-north-akademi-siyah-lacivert.jpg); background-attachment: scroll; background-position: top left; ' data-section-bg-repeat='no-repeat' ><div class='container' style='height:150px'><div class='template-page content  av-content-small alpha units'><div class='post-entry post-entry-type-page post-entry-7469'><div class='entry-content-wrapper clearfix'>\n<div style='padding-bottom:10px;color:#ffffff;' class='av-special-heading av-special-heading-h3 custom-color-heading   '><h3 class='av-special-heading-tag '  itemprop=\"headline\"  >\u015eahit Denetimleri<\/h3><div class='special-heading-border'><div class='special-heading-inner-border' style='border-color:#ffffff'><\/div><\/div><\/div>\n<\/div><\/div><\/div><!-- close content main div --><\/div><\/div><div id='after_section_1' class='main_color av_default_container_wrap container_wrap sidebar_right'   ><div class='container' ><div class='template-page content  av-content-small alpha units'><div class='post-entry post-entry-type-page post-entry-7469'><div class='entry-content-wrapper clearfix'><div class=\"flex_column av_one_full  flex_column_div av-zero-column-padding first  \" style='border-radius:0px; '><p><div class='avia-image-container  av-styling-    avia-align-center '  itemprop=\"ImageObject\" itemscope=\"itemscope\" itemtype=\"https:\/\/schema.org\/ImageObject\"  ><div class='avia-image-container-inner'><img class='avia_image ' src='https:\/\/northakademi.com\/tr\/wp-content\/uploads\/2020\/04\/3taraf-denetimler.jpg' alt='' title=''   itemprop=\"thumbnailUrl\"  \/><\/div><\/div><br \/>\n<section class=\"av_textblock_section \"  itemscope=\"itemscope\" itemtype=\"https:\/\/schema.org\/CreativeWork\" ><div class='avia_textblock  '   itemprop=\"text\" ><p>\u00c7e\u015fitli belgelendirme faaliyetlerini ger\u00e7ekle\u015ftirecek olan belgelendirme kurululu\u015flar\u0131n\u0131n bu y\u00f6nde faaliyet g\u00f6sterebilmeleri ve verdikleri belgelerin ulusal ve uluslararas\u0131 alanlarda ge\u00e7erli ve kabul edilebilir olmas\u0131 i\u00e7in, yerli veya yabanc\u0131 akreditasyon kurulu\u015flar\u0131ndan birinden akredite olmalar\u0131 gerekmektedir. Akreditasyon kurulu\u015flar\u0131, belgelendirme \u015firketini denetledikten ve gerekli kriterleri sa\u011flad\u0131\u011f\u0131ndan emin olduktan sonra bu yetkiyi vermektedir.<\/p>\n<p>Gerek ilk akreditasyon talepleri s\u0131ras\u0131nda gerekse mevcut akreditasyon yetkilerinin yenilenmesi d\u00f6nemlerinde, belgelendirme kurulu\u015funun y\u00f6netim merkezinde yap\u0131lacak denetimlerin kapsam\u0131, \u00fcr\u00fcn \u00e7e\u015fitlili\u011fi ve risk durumu, bu kurulu\u015fun ayn\u0131 zamanda yabanc\u0131 \u00fclkelerdeki \u015fubeleri ve faaliyetleri de dikkate al\u0131narak tespit edilmektedir. E\u011fer belgelendirme kurulu\u015funun merkez d\u0131\u015f\u0131nda ba\u015fka \u015fubeleri de varsa, ilk akreditasyon denetimi s\u0131ras\u0131nda kritik olarak kabul edilen \u015fubelerde de denetim yap\u0131lmaktad\u0131r.<\/p>\n<p>Yap\u0131lan bu denetimlerin temel amac\u0131, belgelendirme kurulu\u015funun akreditasyon yetkisi kapsam\u0131nda ger\u00e7ekle\u015ftirece\u011fi faaliyetlerin etkinli\u011fini tespit etmektir.<\/p>\n<p><strong>\u015eahit denetimler \u015fu \u015fekilde ger\u00e7ekle\u015ftirilmektedir:<\/strong><\/p>\n<p>\u00dcr\u00fcn belgelendirme yapan belgelendirme kurulu\u015funda g\u00f6rev yapan denet\u00e7ilerin \u00fcr\u00fcn hakk\u0131ndaki bilgilerini \u00f6l\u00e7mek<br \/>\nDenet\u00e7ilerin belgelendirme program\u0131na hakim olup olmad\u0131\u011f\u0131n\u0131 g\u00f6rmek<br \/>\nDenet\u00e7ilerin, denetlenen i\u015fletmenin yapmaya \u00e7al\u0131\u015ft\u0131\u011f\u0131 kontrol ve testlerin ne kadar etkin oldu\u011funu \u00f6l\u00e7me yetene\u011fine ve yetkinli\u011fine sahip olup olmad\u0131\u011f\u0131n\u0131 anlamak<br \/>\nE\u011fer belgelendirme kurulu\u015funun, ISO \/ IEC 17020 standard\u0131na g\u00f6re akreditasyonu yoksa, \u015fahit denetimleri, muayene faaliyetlerinin denetimi ve y\u00f6netim sistemlerinin de\u011ferlendirilmesi olarak yap\u0131lmaktad\u0131r.<\/p>\n<p>E\u011fer belgelendirme kurulu\u015fu, ISO\/ IEC 17025 standartlar\u0131na g\u00f6re akredite de\u011filse, \u015fahit denetimleri, sadece test faaliyetlerinin izlenmesi \u015feklinde yap\u0131lmaktad\u0131r.<\/p>\n<p>Belgelendirme kurulu\u015funun ilk akreditasyon denetimi s\u0131ras\u0131nda, belgelendirme ba\u015fvurusunda bulunulan kapsam i\u00e7inde en az bir alt \u00fcr\u00fcn i\u00e7in \u015fahit denetim yap\u0131lmas\u0131 gerekmektedir. Ancak \u015fahit denetim say\u0131s\u0131, ba\u015fvurusu yap\u0131lan kapsamlar\u0131n geni\u015fli\u011fi ve karma\u015f\u0131kl\u0131\u011f\u0131na ba\u011fl\u0131 olarak artt\u0131r\u0131labilir.<\/p>\n<p>\u015eahit denetimleri ilk akreditasyon talebinde yap\u0131ld\u0131\u011f\u0131 gibi, akreditasyon yenileme denetimleri s\u0131ras\u0131nda da talep edilmektedir. Bu \u00e7al\u0131\u015fmalar \u00f6ncesinde, tan\u0131k olunacak denetimlerin planlamas\u0131 (yani \u015fahit denetim program\u0131) mutlaka yap\u0131lmaktad\u0131r.<\/p>\n<p>Kurulu\u015fumuz denetim hizmetleri kapsam\u0131nda belgelendirme kurulu\u015flar\u0131na da \u00fc\u00e7\u00fcnc\u00fc taraf denetim hizmetleri vermekte ve bu \u00e7er\u00e7evede \u015fahit denetimleri yapmaktad\u0131r. Bu \u00e7al\u0131\u015fmalarda kurulu\u015fumuz, ilgili yasal d\u00fczenlemelere, yerli ve yabanc\u0131 kurulu\u015flar taraf\u0131ndan yay\u0131nlanan standartlara ve genel kabul g\u00f6rm\u00fc\u015f denetim y\u00f6ntemlerine uygun hizmet vermektedir.<\/p>\n<\/div><\/section><\/p><\/div><\/p>\n","protected":false},"excerpt":{"rendered":"","protected":false},"author":1,"featured_media":0,"parent":7463,"menu_order":0,"comment_status":"closed","ping_status":"closed","template":"","meta":{"footnotes":""},"_links":{"self":[{"href":"https:\/\/northakademi.com\/tr\/wp-json\/wp\/v2\/pages\/7469"}],"collection":[{"href":"https:\/\/northakademi.com\/tr\/wp-json\/wp\/v2\/pages"}],"about":[{"href":"https:\/\/northakademi.com\/tr\/wp-json\/wp\/v2\/types\/page"}],"author":[{"embeddable":true,"href":"https:\/\/northakademi.com\/tr\/wp-json\/wp\/v2\/users\/1"}],"replies":[{"embeddable":true,"href":"https:\/\/northakademi.com\/tr\/wp-json\/wp\/v2\/comments?post=7469"}],"version-history":[{"count":1,"href":"https:\/\/northakademi.com\/tr\/wp-json\/wp\/v2\/pages\/7469\/revisions"}],"predecessor-version":[{"id":7470,"href":"https:\/\/northakademi.com\/tr\/wp-json\/wp\/v2\/pages\/7469\/revisions\/7470"}],"up":[{"embeddable":true,"href":"https:\/\/northakademi.com\/tr\/wp-json\/wp\/v2\/pages\/7463"}],"wp:attachment":[{"href":"https:\/\/northakademi.com\/tr\/wp-json\/wp\/v2\/media?parent=7469"}],"curies":[{"name":"wp","href":"https:\/\/api.w.org\/{rel}","templated":true}]}}