{"id":7467,"date":"2020-04-29T05:14:38","date_gmt":"2020-04-29T02:14:38","guid":{"rendered":"https:\/\/northakademi.com\/tr\/?page_id=7467"},"modified":"2020-04-29T05:14:38","modified_gmt":"2020-04-29T02:14:38","slug":"habersiz-denetim","status":"publish","type":"page","link":"https:\/\/northakademi.com\/tr\/3-taraf-denetimler\/habersiz-denetim\/","title":{"rendered":"Habersiz Denetim"},"content":{"rendered":"<\/div><\/div><\/div><!-- close content main div --><\/div><\/div><div id='av_section_1' class='avia-section main_color avia-section-default avia-no-shadow avia-bg-style-scroll   av-minimum-height av-minimum-height-custom container_wrap sidebar_right' style = 'background-repeat: no-repeat; background-image: url(https:\/\/northakademi.com\/tr\/wp-content\/uploads\/2019\/12\/slide-north-akademi-siyah-lacivert.jpg); background-attachment: scroll; background-position: top left; ' data-section-bg-repeat='no-repeat' ><div class='container' style='height:150px'><div class='template-page content  av-content-small alpha units'><div class='post-entry post-entry-type-page post-entry-7467'><div class='entry-content-wrapper clearfix'>\n<div style='padding-bottom:10px;color:#ffffff;' class='av-special-heading av-special-heading-h3 custom-color-heading   '><h3 class='av-special-heading-tag '  itemprop=\"headline\"  >Habersiz Denetim<\/h3><div class='special-heading-border'><div class='special-heading-inner-border' style='border-color:#ffffff'><\/div><\/div><\/div>\n<\/div><\/div><\/div><!-- close content main div --><\/div><\/div><div id='after_section_1' class='main_color av_default_container_wrap container_wrap sidebar_right'   ><div class='container' ><div class='template-page content  av-content-small alpha units'><div class='post-entry post-entry-type-page post-entry-7467'><div class='entry-content-wrapper clearfix'><div class=\"flex_column av_one_full  flex_column_div av-zero-column-padding first  \" style='border-radius:0px; '><p><div class='avia-image-container  av-styling-    avia-align-center '  itemprop=\"ImageObject\" itemscope=\"itemscope\" itemtype=\"https:\/\/schema.org\/ImageObject\"  ><div class='avia-image-container-inner'><img class='avia_image ' src='https:\/\/northakademi.com\/tr\/wp-content\/uploads\/2020\/04\/3taraf-denetimler.jpg' alt='' title=''   itemprop=\"thumbnailUrl\"  \/><\/div><\/div><br \/>\n<section class=\"av_textblock_section \"  itemscope=\"itemscope\" itemtype=\"https:\/\/schema.org\/CreativeWork\" ><div class='avia_textblock  '   itemprop=\"text\" ><p>Habersiz denetimler, \u00fc\u00e7\u00fcnc\u00fc taraf denetim kapsam\u0131nda verilen hizmetlerden biridir. \u0130\u015fletmede \u00e7al\u0131\u015fanlar\u0131n haberleri ve bilgisi olmadan ger\u00e7ekle\u015ftirilen bu denetimler ile, i\u015f ak\u0131\u015flar\u0131nda ya\u015fanan s\u0131k\u0131\u015f\u0131kl\u0131klar ve aksamalar bir \u00fc\u00e7\u00fcnc\u00fc g\u00f6z taraf\u0131ndan \u00e7ok a\u00e7\u0131k bir \u015fekilde g\u00f6zlenmekte ve tespit edilmektedir. \u00c7al\u0131\u015fanlar\u0131n ne kadar belirlenen s\u00fcre\u00e7lere uygun hareket ettikleri ve belirlenen kriterlere ve standartlara ne \u00f6l\u00e7\u00fcde uyum sa\u011flad\u0131klar\u0131, \u00e7al\u0131\u015fanlar\u0131n ne kadar i\u015fletmenin vizyon ve misyonunu kabul ettikleri ve uygulad\u0131klar\u0131 bu \u015fekilde tespit edilmektedir.<\/p>\n<p>Habersiz denetimler ayn\u0131 zamanda i\u015fletmelerde ya\u015fanan ve i\u015fletme k\u00f6rl\u00fc\u011f\u00fc denilen bir durumu da \u00e7ok \u00e7abuk ve net bir \u015fekilde ortaya \u00e7\u0131karmaktad\u0131r.<\/p>\n<p>Kurulu\u015fumuz denetim hizmetleri kapsam\u0131nda i\u015fletmelere \u00fc\u00e7\u00fcnc\u00fc taraf denetim hizmetleri vermekte, bu \u00e7er\u00e7evede habersiz denetimler de yapmaktad\u0131r. Bu \u00e7al\u0131\u015fmalarda kurulu\u015fumuz, ilgili yasal d\u00fczenlemelere, yerli ve yabanc\u0131 kurulu\u015flar taraf\u0131ndan yay\u0131nlanan standartlara ve genel kabul g\u00f6rm\u00fc\u015f denetim y\u00f6ntemlerine uygun hizmet vermektedir.<\/p>\n<p>Kurulu\u015fumuz \u00e7al\u0131\u015fmalar\u0131nda i\u015fletmenin geli\u015fimine odaklanm\u0131\u015f yak\u0131n bir i\u015f birli\u011fi sergilemektedir. \u0130\u015fletmelere, \u00fcr\u00fcn ve hizmet \u00fcretiminde etkinli\u011fini ve verimlili\u011fini y\u00fckseltmek konusunda destek olmaktad\u0131r. G\u00fcn\u00fcm\u00fcz rekabet ko\u015fullar\u0131nda, rakiplerin \u00f6n\u00fcnde olman\u0131n yolu, ulusal ve uluslararas\u0131 standartlara uygun \u00fcr\u00fcn ve hizmet geli\u015ftirmekten ve m\u00fc\u015fteri memnuniyetini \u00f6n planda tutmaktan ge\u00e7mektedir.<\/p>\n<\/div><\/section><\/p><\/div><\/p>\n","protected":false},"excerpt":{"rendered":"","protected":false},"author":1,"featured_media":0,"parent":7463,"menu_order":0,"comment_status":"closed","ping_status":"closed","template":"","meta":{"footnotes":""},"_links":{"self":[{"href":"https:\/\/northakademi.com\/tr\/wp-json\/wp\/v2\/pages\/7467"}],"collection":[{"href":"https:\/\/northakademi.com\/tr\/wp-json\/wp\/v2\/pages"}],"about":[{"href":"https:\/\/northakademi.com\/tr\/wp-json\/wp\/v2\/types\/page"}],"author":[{"embeddable":true,"href":"https:\/\/northakademi.com\/tr\/wp-json\/wp\/v2\/users\/1"}],"replies":[{"embeddable":true,"href":"https:\/\/northakademi.com\/tr\/wp-json\/wp\/v2\/comments?post=7467"}],"version-history":[{"count":1,"href":"https:\/\/northakademi.com\/tr\/wp-json\/wp\/v2\/pages\/7467\/revisions"}],"predecessor-version":[{"id":7468,"href":"https:\/\/northakademi.com\/tr\/wp-json\/wp\/v2\/pages\/7467\/revisions\/7468"}],"up":[{"embeddable":true,"href":"https:\/\/northakademi.com\/tr\/wp-json\/wp\/v2\/pages\/7463"}],"wp:attachment":[{"href":"https:\/\/northakademi.com\/tr\/wp-json\/wp\/v2\/media?parent=7467"}],"curies":[{"name":"wp","href":"https:\/\/api.w.org\/{rel}","templated":true}]}}