{"id":7461,"date":"2020-04-29T05:05:25","date_gmt":"2020-04-29T02:05:25","guid":{"rendered":"https:\/\/northakademi.com\/tr\/?page_id=7461"},"modified":"2020-04-29T05:05:41","modified_gmt":"2020-04-29T02:05:41","slug":"tedarikci-denetimleri","status":"publish","type":"page","link":"https:\/\/northakademi.com\/tr\/3-taraf-denetimler\/tedarikci-denetimleri\/","title":{"rendered":"Tedarik\u00e7i Denetimleri"},"content":{"rendered":"<\/div><\/div><\/div><!-- close content main div --><\/div><\/div><div id='av_section_1' class='avia-section main_color avia-section-default avia-no-shadow avia-bg-style-scroll   av-minimum-height av-minimum-height-custom container_wrap sidebar_right' style = 'background-repeat: no-repeat; background-image: url(https:\/\/northakademi.com\/tr\/wp-content\/uploads\/2019\/12\/slide-north-akademi-siyah-lacivert.jpg); background-attachment: scroll; background-position: top left; ' data-section-bg-repeat='no-repeat' ><div class='container' style='height:150px'><div class='template-page content  av-content-small alpha units'><div class='post-entry post-entry-type-page post-entry-7461'><div class='entry-content-wrapper clearfix'>\n<div style='padding-bottom:10px;color:#ffffff;' class='av-special-heading av-special-heading-h3 custom-color-heading   '><h3 class='av-special-heading-tag '  itemprop=\"headline\"  >Forklift Muayenesi<\/h3><div class='special-heading-border'><div class='special-heading-inner-border' style='border-color:#ffffff'><\/div><\/div><\/div>\n<\/div><\/div><\/div><!-- close content main div --><\/div><\/div><div id='after_section_1' class='main_color av_default_container_wrap container_wrap sidebar_right'   ><div class='container' ><div class='template-page content  av-content-small alpha units'><div class='post-entry post-entry-type-page post-entry-7461'><div class='entry-content-wrapper clearfix'>\n<div class=\"flex_column av_one_full  flex_column_div av-zero-column-padding first  \" style='border-radius:0px; '><p><div class='avia-image-container  av-styling-    avia-align-center '  itemprop=\"ImageObject\" itemscope=\"itemscope\" itemtype=\"https:\/\/schema.org\/ImageObject\"  ><div class='avia-image-container-inner'><img class='avia_image ' src='https:\/\/northakademi.com\/tr\/wp-content\/uploads\/2020\/04\/3taraf-denetimler.jpg' alt='' title=''   itemprop=\"thumbnailUrl\"  \/><\/div><\/div><br \/>\n<section class=\"av_textblock_section \"  itemscope=\"itemscope\" itemtype=\"https:\/\/schema.org\/CreativeWork\" ><div class='avia_textblock  '   itemprop=\"text\" ><p>Denetim hizmetleri i\u00e7inde ikinci parti denetim faaliyetleri kapsam\u0131nda ele al\u0131nan\u00a0<strong>Tedarik\u00e7i denetimleri,<\/strong>\u00a0bug\u00fcn\u00fcn rekabet\u00e7i ortam\u0131nda ve piyasa ko\u015fullar\u0131nda i\u015fletmelerin ba\u015far\u0131l\u0131 olmalar\u0131 konusunda \u00f6nemi tart\u0131\u015f\u0131lmaz bir denetim hizmetidir. Tedarik\u00e7i firmalar\u0131n, i\u015flemenin belirlerdi\u011fi kalite politikalar\u0131 ve \u00fcretim standartlar\u0131nda hizmet vermesi gerekmektedir. Bu ama\u00e7la tedarik\u00e7i firmalar\u0131n denetimi, tedarik zincirinde belli bir \u00fcretim standard\u0131n\u0131n elde edilmesi ve t\u00fcketiciler nezdinde g\u00fcvenilir bir marka imaj\u0131 yarat\u0131lmas\u0131 a\u00e7\u0131s\u0131ndan gereklidir.<\/p>\n<p>Bu denetimleri yap\u0131l\u0131rken, i\u015fletmenin kendi belirledi\u011fi politikalar, ilkeler, prensipler, standartlar ve i\u015f s\u00fcre\u00e7leri esas al\u0131nmaktad\u0131r. Yap\u0131lan denetimler ile tedarik\u00e7i firmalar\u0131n y\u00f6netim ve \u00fcretim yakla\u015f\u0131mlar\u0131 ortaya konmu\u015f ve olas\u0131 sorun ve aksakl\u0131klara zaman\u0131nda m\u00fcdahale edilmesine imkan tan\u0131nm\u0131\u015f olmaktad\u0131r.<\/p>\n<p>\u0130\u015fletmeler a\u00e7\u0131s\u0131ndan tedarik\u00e7i denetimlerinin b\u00fcy\u00fck kazan\u0131m\u0131 olmaktad\u0131r. Her\u015feyden \u00f6nce, y\u00f6ntem ve s\u00fcre\u00e7leri i\u015fletmeye \u00f6zel olarak tasarlanan denetim hizmetleri, i\u015fletmenin, tedarik zincirini etkin bir \u015fekilde izlemesine imkan vermektedir. Tedarik\u00e7i firmalar\u0131n, uluslararas\u0131 kalite standartlar\u0131, \u00e7evreye kar\u015f\u0131 duyarl\u0131l\u0131klar\u0131 ve sosyal sorumluluklar\u0131 yan\u0131 s\u0131ra, i\u015fletmenin kendi gerekliliklerini de ne d\u00fczeyde yerine getirdikleri bu \u00e7al\u0131\u015fmalar ile ortaya konmakta ve i\u015fletmenin emin olmas\u0131 sa\u011flanmaktad\u0131r. Bu denetimler ile ayn\u0131 zamanda tedarik\u00e7i firmalar\u0131n eksikleri ve hangi y\u00f6netim sistemlerine sahip olmas\u0131 gerekti\u011fi tespit edilmi\u015f olmaktad\u0131r.<\/p>\n<p>Tedarik\u00e7i denetimleri ile, tedarik\u00e7i firmalar\u0131n performanslar\u0131 izlenmekte, performans de\u011ferlendirme programlar\u0131 geli\u015ftirilmekte ve yetkinlikleri artt\u0131r\u0131lmaktad\u0131r. Ayr\u0131ca m\u00fc\u015fteri odakl\u0131 \u00e7\u00f6z\u00fcmler sunularak, tedarik\u00e7ilerin mevcut kalite, \u00e7evre ve sosyal sorumluluk standartlar\u0131na uygunlu\u011fu tespit edilmektedir.<\/p>\n<p>Tedarik\u00e7i denetimleri ile i\u015fletmelerin elde etti\u011fi kazan\u00e7lar \u015fu \u015fekilde \u00f6zetlenebilir:<\/p>\n<p>Tedarik\u00e7i firma yerinde \u00e7ok daha iyi tan\u0131nm\u0131\u015f olmaktad\u0131r.<br \/>\nTedarik\u00e7i firma hakk\u0131nda eldeki bilgiler yerinde do\u011frulanm\u0131\u015f olmaktad\u0131r.<br \/>\nTedarik\u00e7i firman\u0131n i\u015fletmeye sundu\u011fu sistem ve \u00fcr\u00fcn belgelelerinin altyap\u0131s\u0131n\u0131n ne derece yeterli oldu\u011fu tespit edilmi\u015f olmaktad\u0131r.<br \/>\nTedarik\u00e7i firman\u0131n g\u00f6z\u00fcnden ka\u00e7an veya tespit edemedi\u011fi uygunsuzluklar ortaya konmu\u015f olmaktad\u0131r.<br \/>\nYerinde yap\u0131lan tespitler ile tedarik\u00e7i firmaya iyile\u015ftirme \u00f6nerileri sunulmakta ve s\u00fcre\u00e7lerini geli\u015ftirmesi sa\u011flanmaktad\u0131r.<\/p>\n<p>Kurulu\u015fumuz denetim hizmetleri kapsam\u0131nda i\u015fletmelere \u00fc\u00e7\u00fcnc\u00fc taraf denetim hizmetleri vermektedir. Bu \u00e7er\u00e7evede verilen himetlerden biri de tedarik\u00e7i denetimleridir. Bu \u00e7al\u0131\u015fmalarda kurulu\u015fumuz, ilgili yasal d\u00fczenlemelere, yerli ve yabanc\u0131 kurulu\u015flar taraf\u0131ndan yay\u0131nlanan standartlara ve genel kabul g\u00f6rm\u00fc\u015f denetim y\u00f6ntemlerine uygun hizmet vermektedir.<\/p>\n<\/div><\/section><\/p><\/div>\n","protected":false},"excerpt":{"rendered":"","protected":false},"author":1,"featured_media":0,"parent":7463,"menu_order":0,"comment_status":"closed","ping_status":"closed","template":"","meta":{"footnotes":""},"_links":{"self":[{"href":"https:\/\/northakademi.com\/tr\/wp-json\/wp\/v2\/pages\/7461"}],"collection":[{"href":"https:\/\/northakademi.com\/tr\/wp-json\/wp\/v2\/pages"}],"about":[{"href":"https:\/\/northakademi.com\/tr\/wp-json\/wp\/v2\/types\/page"}],"author":[{"embeddable":true,"href":"https:\/\/northakademi.com\/tr\/wp-json\/wp\/v2\/users\/1"}],"replies":[{"embeddable":true,"href":"https:\/\/northakademi.com\/tr\/wp-json\/wp\/v2\/comments?post=7461"}],"version-history":[{"count":2,"href":"https:\/\/northakademi.com\/tr\/wp-json\/wp\/v2\/pages\/7461\/revisions"}],"predecessor-version":[{"id":7466,"href":"https:\/\/northakademi.com\/tr\/wp-json\/wp\/v2\/pages\/7461\/revisions\/7466"}],"up":[{"embeddable":true,"href":"https:\/\/northakademi.com\/tr\/wp-json\/wp\/v2\/pages\/7463"}],"wp:attachment":[{"href":"https:\/\/northakademi.com\/tr\/wp-json\/wp\/v2\/media?parent=7461"}],"curies":[{"name":"wp","href":"https:\/\/api.w.org\/{rel}","templated":true}]}}