{"id":7447,"date":"2020-04-29T04:25:56","date_gmt":"2020-04-29T01:25:56","guid":{"rendered":"https:\/\/northakademi.com\/tr\/?page_id=7447"},"modified":"2020-04-29T04:25:56","modified_gmt":"2020-04-29T01:25:56","slug":"gezi-tekneleri-ce-belgesi","status":"publish","type":"page","link":"https:\/\/northakademi.com\/tr\/belgelendirme\/urun-belgelendirme\/gezi-tekneleri-ce-belgesi\/","title":{"rendered":"Gezi Tekneleri CE Belgesi"},"content":{"rendered":"<\/div><\/div><\/div><!-- close content main div --><\/div><\/div><div id='av_section_1' class='avia-section main_color avia-section-default avia-no-shadow avia-bg-style-scroll   av-minimum-height av-minimum-height-custom container_wrap sidebar_right' style = 'background-repeat: no-repeat; background-image: url(https:\/\/northakademi.com\/tr\/wp-content\/uploads\/2019\/12\/slide-north-akademi-siyah-lacivert.jpg); background-attachment: scroll; background-position: top left; ' data-section-bg-repeat='no-repeat' ><div class='container' style='height:150px'><div class='template-page content  av-content-small alpha units'><div class='post-entry post-entry-type-page post-entry-7447'><div class='entry-content-wrapper clearfix'>\n<div style='padding-bottom:10px;color:#ffffff;' class='av-special-heading av-special-heading-h3 custom-color-heading   '><h3 class='av-special-heading-tag '  itemprop=\"headline\"  >Gezi Tekneleri CE Belgesi<\/h3><div class='special-heading-border'><div class='special-heading-inner-border' style='border-color:#ffffff'><\/div><\/div><\/div>\n<\/div><\/div><\/div><!-- close content main div --><\/div><\/div><div id='after_section_1' class='main_color av_default_container_wrap container_wrap sidebar_right'   ><div class='container' ><div class='template-page content  av-content-small alpha units'><div class='post-entry post-entry-type-page post-entry-7447'><div class='entry-content-wrapper clearfix'><div class=\"flex_column av_one_full  flex_column_div av-zero-column-padding first  \" style='border-radius:0px; '><p><div class='avia-image-container  av-styling-    avia-align-center '  itemprop=\"ImageObject\" itemscope=\"itemscope\" itemtype=\"https:\/\/schema.org\/ImageObject\"  ><div class='avia-image-container-inner'><img class='avia_image ' src='https:\/\/northakademi.com\/tr\/wp-content\/uploads\/2019\/12\/north-akademi-egitim-0124.jpg' alt='' title=''   itemprop=\"thumbnailUrl\"  \/><\/div><\/div><br \/>\n<section class=\"av_textblock_section \"  itemscope=\"itemscope\" itemtype=\"https:\/\/schema.org\/CreativeWork\" ><div class='avia_textblock  '   itemprop=\"text\" ><p>Boylar\u0131 2,5 ile 24 metre aras\u0131ndan bulunan, herhangi klastaki gezi ve spor ama\u00e7l\u0131 tekneler, Gezi Tekneleri Y\u00f6netmeli\u011fine dahildir. BU tekneler Ek-2 &#8216;de ifade edilen bile\u015fen kapsam\u0131nda de\u011ferlendirilirler.<br \/>\nGezi teknecili\u011fi e\u011fitimi i\u00e7in kullan\u0131lan ve kiral\u0131k olan teknelerde bu y\u00f6netmelik kapsam\u0131na dahildirler.<\/p>\n<p>Gezi Teknelerinin Bile\u015fenleri \u015eunlard\u0131r;<\/p>\n<p>Teknenin i\u00e7erisine yerle\u015ftirilmi\u015f ve arkadan (k\u0131\u00e7tan) tahrikli motorlar i\u00e7in tutu\u015fmadan koruma donan\u0131mlar\u0131,<br \/>\nD\u0131\u015ftan takma motorlarda, motor viteste iken ilk hareketi \u00f6nleyen \u00f6nleme donan\u0131mlar\u0131,<br \/>\nD\u00fcmen simitleri, d\u00fcmen mekanizmalar\u0131 ve kablo donan\u0131mlar\u0131,<br \/>\nYak\u0131t tanklar\u0131, yak\u0131t borular\u0131 ve hortumlar\u0131,<br \/>\nHaz\u0131r (prefabrik) kaporta ve lumbuzlar.<\/p>\n<p><strong>CE \u0130\u015faretlemesinin Yap\u0131lmas\u0131 ve CE Belgelendirme S\u00fcreci<\/strong><\/p>\n<p>2013\/53\/AB Gezi Tekneleri Y\u00f6netmeli\u011finde tasar\u0131m kategorisi ve teknenin boyuna ba\u011fl\u0131 olarak \u00fcreticinin se\u00e7ebilece\u011fi mod\u00fcller tan\u0131mlanmaktad\u0131r.<br \/>\nUygunluk De\u011ferlendirilmesi ger\u00e7ekle\u015ftirilecek gezi teknesi veya bile\u015fenin tipi, boyutlar\u0131 ve se\u00e7ilen mod\u00fcl dikkate al\u0131narak, 2013\/53\/AB Gezi Tekneleri Y\u00f6netmeli\u011fi do\u011frultusunda, y\u00f6netmeli\u011fe ve ilgili uyumla\u015ft\u0131r\u0131lm\u0131\u015f standartlara uygunluk y\u00f6n\u00fcnden incelenir;<br \/>\nGezi teknesi veya bile\u015fenleri, Teknik Dosya\u2019ya uygunluk y\u00f6n\u00fcnden, yerinde kontrol edilerek, gerekli t\u00fcm testler yap\u0131l\u0131r. \u00dcr\u00fcne uygulanan mod\u00fcle g\u00f6re kontrol, deney ve testler ger\u00e7ekle\u015ftirilip i\u015flemler tamamland\u0131ktan sonra, bir rapor d\u00fczenlenir. Bu raporda, yap\u0131lan kontrol, deney ve testler yaz\u0131l\u0131r; ilgili uyumla\u015ft\u0131r\u0131lm\u0131\u015f standartlar belirtilir; teknenin bu standartlara uygunlu\u011fu kan\u0131tlar\u0131 ile yaz\u0131l\u0131r.<br \/>\nSonu\u00e7lar\u0131n de\u011ferlendirilerek uygunlu\u011fun tespit edilmesinin ard\u0131ndan, uygulanan mod\u00fcle g\u00f6re Yetkilendirilmi\u015f Kurulu\u015f (Notified Body), AT Tip \u0130nceleme Sertifikas\u0131 (Belgesi) veya Uygunluk Belgesi d\u00fczenleyerek, ba\u015fvuru sahibine CE i\u015fareti kullanma hakk\u0131 verilmi\u015f olur.<\/p>\n<p>2013\/53\/EU Gezi Tekneleri Direktifine Dahil Olmayan \u00dcr\u00fcn ve Bile\u015fenler<br \/>\nK\u00fcrekli e\u011fitim tekneleri ve k\u00fcrekli yar\u0131\u015f tekneleri dahil, imalat\u00e7\u0131s\u0131 taraf\u0131ndan sadece yar\u0131\u015f i\u00e7in tasar\u0131mlanm\u0131\u015f ve etiketlenmi\u015f tekneler, kanolar, kayaklar, gondollar ve deniz bisikletleri,<br \/>\nYelkenli kayaklar,<br \/>\nMotorlu kayaklar, ki\u015fisel deniz ara\u00e7lar\u0131 ve di\u011fer benzeri motorlu deniz ara\u00e7lar\u0131,<br \/>\n\u0130malat\u00e7\u0131s\u0131 taraf\u0131ndan bu \u015fekilde etiketlenmi\u015f olmas\u0131 \u015fart\u0131yla, 1950 y\u0131l\u0131ndan \u00f6nce tasar\u0131mlanm\u0131\u015f tarihi teknelerin orijinal malzemelerden tek olarak \u00fcretilen kopyalar\u0131,<br \/>\nSonradan piyasaya arz edilmemesi \u015fart\u0131yla deneme amac\u0131yla \u00fcretilen tekneler,<br \/>\n\u0130malat\u0131n\u0131 takiben be\u015f y\u0131l s\u00fcreyle piyasaya arz edilmemek kayd\u0131yla, kendi ki\u015fisel kullan\u0131m\u0131 i\u00e7in imal edilen tekneler,<br \/>\nBu maddenin birinci f\u0131kras\u0131na ayk\u0131r\u0131 olmaks\u0131z\u0131n, ticari ama\u00e7la yolcu ta\u015f\u0131yan ve m\u00fcrettebat bulunduran, \u00f6zellikle; 15 DWT veya daha b\u00fcy\u00fck olan, 15 m3 veya daha b\u00fcy\u00fck hacimli e\u015fya ta\u015f\u0131ma ama\u00e7l\u0131 olmayan, deplasman\u0131 15 m3 ten az olanlar da d\u00e2hil olmak \u00fczere tekneleri \u00e7ekmek veya itmek i\u00e7in kullan\u0131lan i\u00e7 suyolu tekneleri,<br \/>\nDenizalt\u0131lar,<br \/>\nHava yast\u0131kl\u0131 tekneler,<br \/>\nAyakl\u0131 tekneler<br \/>\nBu Y\u00f6netmeli\u011fin y\u00fcr\u00fcrl\u00fc\u011fe girdi\u011fi tarihten \u00f6nce piyasada bulunan gezi tekneleri ve bile\u015fenleri<\/p>\n<\/div><\/section><\/p><\/div><\/p>\n","protected":false},"excerpt":{"rendered":"","protected":false},"author":1,"featured_media":0,"parent":6261,"menu_order":0,"comment_status":"closed","ping_status":"closed","template":"","meta":{"footnotes":""},"_links":{"self":[{"href":"https:\/\/northakademi.com\/tr\/wp-json\/wp\/v2\/pages\/7447"}],"collection":[{"href":"https:\/\/northakademi.com\/tr\/wp-json\/wp\/v2\/pages"}],"about":[{"href":"https:\/\/northakademi.com\/tr\/wp-json\/wp\/v2\/types\/page"}],"author":[{"embeddable":true,"href":"https:\/\/northakademi.com\/tr\/wp-json\/wp\/v2\/users\/1"}],"replies":[{"embeddable":true,"href":"https:\/\/northakademi.com\/tr\/wp-json\/wp\/v2\/comments?post=7447"}],"version-history":[{"count":1,"href":"https:\/\/northakademi.com\/tr\/wp-json\/wp\/v2\/pages\/7447\/revisions"}],"predecessor-version":[{"id":7448,"href":"https:\/\/northakademi.com\/tr\/wp-json\/wp\/v2\/pages\/7447\/revisions\/7448"}],"up":[{"embeddable":true,"href":"https:\/\/northakademi.com\/tr\/wp-json\/wp\/v2\/pages\/6261"}],"wp:attachment":[{"href":"https:\/\/northakademi.com\/tr\/wp-json\/wp\/v2\/media?parent=7447"}],"curies":[{"name":"wp","href":"https:\/\/api.w.org\/{rel}","templated":true}]}}