{"id":7445,"date":"2020-04-29T04:24:53","date_gmt":"2020-04-29T01:24:53","guid":{"rendered":"https:\/\/northakademi.com\/tr\/?page_id=7445"},"modified":"2020-04-29T04:24:53","modified_gmt":"2020-04-29T01:24:53","slug":"gaz-yakan-cihazlar-ce-belgesi","status":"publish","type":"page","link":"https:\/\/northakademi.com\/tr\/belgelendirme\/urun-belgelendirme\/gaz-yakan-cihazlar-ce-belgesi\/","title":{"rendered":"Gaz Yakan Cihazlar CE Belgesi"},"content":{"rendered":"<\/div><\/div><\/div><!-- close content main div --><\/div><\/div><div id='av_section_1' class='avia-section main_color avia-section-default avia-no-shadow avia-bg-style-scroll   av-minimum-height av-minimum-height-custom container_wrap sidebar_right' style = 'background-repeat: no-repeat; background-image: url(https:\/\/northakademi.com\/tr\/wp-content\/uploads\/2019\/12\/slide-north-akademi-siyah-lacivert.jpg); background-attachment: scroll; background-position: top left; ' data-section-bg-repeat='no-repeat' ><div class='container' style='height:150px'><div class='template-page content  av-content-small alpha units'><div class='post-entry post-entry-type-page post-entry-7445'><div class='entry-content-wrapper clearfix'>\n<div style='padding-bottom:10px;color:#ffffff;' class='av-special-heading av-special-heading-h3 custom-color-heading   '><h3 class='av-special-heading-tag '  itemprop=\"headline\"  >Gaz Yakan Cihazlar CE Belgesi<\/h3><div class='special-heading-border'><div class='special-heading-inner-border' style='border-color:#ffffff'><\/div><\/div><\/div>\n<\/div><\/div><\/div><!-- close content main div --><\/div><\/div><div id='after_section_1' class='main_color av_default_container_wrap container_wrap sidebar_right'   ><div class='container' ><div class='template-page content  av-content-small alpha units'><div class='post-entry post-entry-type-page post-entry-7445'><div class='entry-content-wrapper clearfix'><div class=\"flex_column av_one_full  flex_column_div av-zero-column-padding first  \" style='border-radius:0px; '><p><div class='avia-image-container  av-styling-    avia-align-center '  itemprop=\"ImageObject\" itemscope=\"itemscope\" itemtype=\"https:\/\/schema.org\/ImageObject\"  ><div class='avia-image-container-inner'><img class='avia_image ' src='https:\/\/northakademi.com\/tr\/wp-content\/uploads\/2019\/12\/north-akademi-egitim-0124.jpg' alt='' title=''   itemprop=\"thumbnailUrl\"  \/><\/div><\/div><br \/>\n<section class=\"av_textblock_section \"  itemscope=\"itemscope\" itemtype=\"https:\/\/schema.org\/CreativeWork\" ><div class='avia_textblock  '   itemprop=\"text\" ><p>Gaz yakan cihazlar y\u00f6netmeli\u011finin kapsam\u0131, su s\u0131cakl\u0131\u011f\u0131 105 santigrat dereceyi ge\u00e7meyen pi\u015firme, \u0131s\u0131tma, s\u0131cak su \u00fcretimi, so\u011futma, ayd\u0131nlatma veya y\u0131kama gibi i\u015flemler i\u00e7in gaz yakan cihazlara uygulan\u0131r.<\/p>\n<p>End\u00fcstriyel alanlarda kullan\u0131lmak i\u00e7in tasarlanm\u0131\u015f cihazlar yukar\u0131da bahsedilen kapsam\u0131n d\u0131\u015f\u0131nda tutulurlar.<\/p>\n<p><strong>Gaz Yakan Cihazlar Y\u00f6netmeli\u011fi Kapsam\u0131ndaki \u00dcr\u00fcnler<\/strong><\/p>\n<p>Gaz yakan merkezi \u0131s\u0131tma kazanlar\u0131<br \/>\nS\u0131v\u0131la\u015ft\u0131r\u0131lm\u0131\u015f Petrol Gaz\u0131 (LPG) yakan cihazlar<br \/>\nEvlerde kullan\u0131lan, gazl\u0131 su \u0131s\u0131t\u0131c\u0131lar\u0131<br \/>\nFan \u00fcflemeli gaz br\u00fcl\u00f6rleri<br \/>\nGazla \u00e7al\u0131\u015fan ocaklar<br \/>\nGazla \u00e7al\u0131\u015fan hava \u0131s\u0131t\u0131c\u0131lar\u0131<br \/>\nM\u00fcstakil, gazla \u00e7al\u0131\u015fan \u0131s\u0131t\u0131c\u0131lar<br \/>\nGazla \u00e7al\u0131\u015fan sanayi mutfak aletleri<br \/>\nGazla \u00e7al\u0131\u015fan ve evlerde kullan\u0131lmayan asma tip radyan \u0131s\u0131t\u0131c\u0131lar<br \/>\nLastik ve plastik hortum ve aksesuarlar\u0131<br \/>\nGaz br\u00fcl\u00f6rlerini ve gaz yakan aletleri denetleyen emniyet ve kontrol cihazlar\u0131<br \/>\nTertibatlar<br \/>\nGaz vanas\u0131<br \/>\nAte\u015fleyici<br \/>\nElastomer malzemeler<\/p>\n<p><strong>Gaz Yakan Cihazlar \u0130\u00e7in Uygunluk De\u011ferlendirme Prosed\u00fcrleri<\/strong><\/p>\n<p>AT Tip \u0130ncelemesi (Mod\u00fcl B) (EK II Madde 1)<br \/>\nAT Tip Uygunluk Beyan\u0131 (Mod\u00fcl C) (EK II Madde 2)<br \/>\nAT Tip Uygunluk Beyan\u0131 (Mod\u00fcl D) (EK II Madde 3) \u00dcretim Kalite G\u00fcvencesi<br \/>\nAT Tip Uygunluk Beyan\u0131 (Mod\u00fcl E) (EK II Madde 4) \u00dcr\u00fcn Kalite G\u00fcvencesi<br \/>\nAT Tip Do\u011frulamas\u0131 (Mod\u00fcl F) (EK II Madde 5)AT Birim Do\u011frulamas\u0131 (Mod\u00fcl G) (EKII Madde 6)<br \/>\nAT Tip \u0130ncelemesi (Mod\u00fcl B)<\/p>\n<p>Tasarlanan \u00fcretimin bir numunesi olan ve bu Y\u00f6netmeli\u011fin kapsam\u0131na giren bir cihaz\u0131n, Y\u00f6netmelik h\u00fck\u00fcmlerine uygunlu\u011funun onaylanm\u0131\u015f kurulu\u015f taraf\u0131ndan incelenmesi ve sertifikaland\u0131r\u0131lmas\u0131d\u0131r.<br \/>\nY\u00f6netmelik kapsam\u0131na giren ve seri olarak imal edilen \u00fcr\u00fcnler i\u00e7in zorunlu bir mod\u00fcld\u00fcr.<\/p>\n<p>Bu incelemenin sonucu olarak AT Tip Sertifikas\u0131 yay\u0131nlan\u0131r.<br \/>\nAT Tip Uygunluk Beyan\u0131 (Mod\u00fcl C)<br \/>\nAT Tipe Uygunluk Beyan\u0131 \u00fcreticinin ilgili cihazlar\u0131n AT Tip Sertifikas\u0131nda belirtilen tipe uygunluklar\u0131n\u0131 ve bu cihazlar\u0131n Y\u00f6netmeli\u011fin temel gereksinimlerini kar\u015f\u0131lad\u0131\u011f\u0131n\u0131 beyan etmesidir.<br \/>\nCE uygunluk markas\u0131 cihazlara ili\u015ftirilir.<br \/>\nCE uygunluk i\u015faretinin yan\u0131na onaylanm\u0131\u015f kurulu\u015fun tan\u0131t\u0131m numaras\u0131 konulmal\u0131d\u0131r.<br \/>\nAT Tip Uygunluk Beyan\u0131 (Mod\u00fcl D) \u00dcretim Kalite G\u00fcvencesi<br \/>\n\u00dcretici cihazlar AT Tip Sertifikas\u0131nda belirtilen tipe ve bu y\u00f6netmeli\u011fin temel gereklerine uygunlu\u011funu temin eden bir kalite sistemine sahip olmal\u0131d\u0131r.<br \/>\n\u00dcretici cihazlar\u0131n AT Tip Sertifikas\u0131nda belirtilen tipe ve bu y\u00f6netmeli\u011fin temel gereklerine uygunlu\u011funu beyan etmelidir.<br \/>\nCE uygunluk markas\u0131 cihazlara ili\u015ftirilir.<br \/>\nCE uygunluk i\u015faretinin yan\u0131na onaylanm\u0131\u015f kurulu\u015fun tan\u0131t\u0131m numaras\u0131 konulmal\u0131d\u0131r.<\/p>\n<p>\u00dcretici AT g\u00f6zetimine tabidir. ISO 9001:2015 Madde 7.3. Onaylanm\u0131\u015f Kurulu\u015f en az 2 y\u0131lda bir bu g\u00f6zetimi yapmak zorundad\u0131r. \u00dcreticiye bu g\u00f6zetimler ile ilgili rapor vermek zorundad\u0131r.<br \/>\n\u00dcretici AT g\u00f6zetimi i\u00e7in kalite sistemine ili\u015fkin dok\u00fcmantasyonu ve<br \/>\nmuayene raporlar\u0131, deney verileri, kalibrasyon verileri, ilgili personelin nitelikleri hakk\u0131ndaki raporlar gibi kalite kay\u0131tlar\u0131na ili\u015fkin bilgileri sa\u011flamal\u0131d\u0131r.<br \/>\nAT Tip Uygunluk Beyan\u0131 (Mod\u00fcl E) \u00dcr\u00fcn Kalite G\u00fcvencesi<br \/>\n\u00dcretici cihazlar\u0131n AT Tip Sertifikas\u0131nda belirtilen tipe ve bu y\u00f6netmeli\u011fin temel gereklerine uygunlu\u011funu temin eden bir kalite sistemine sahip olmal\u0131d\u0131r.<br \/>\n\u00dcretici cihazlar\u0131n AT Tip Sertifikas\u0131nda belirtilen tipe ve bu y\u00f6netmeli\u011fin temel gereklerine uygunlu\u011funu beyan etmelidir.<br \/>\nCE uygunluk markas\u0131 cihazlara ili\u015ftirilir.<br \/>\nCE uygunluk i\u015faretinin yan\u0131na onaylanm\u0131\u015f kurulu\u015fun tan\u0131t\u0131m numaras\u0131 konulmal\u0131d\u0131r.<br \/>\n\u00dcretici AT g\u00f6zetimine tabidir. ISO 9001:2015 Madde 7.1, 7.2.3, 7.3, 7.4, 7.5.1, 7.5.2, 7.5.3. Onaylanm\u0131\u015f Kurulu\u015f en az 2 y\u0131lda bir bu g\u00f6zetimi yapmak zorundad\u0131r. \u00dcreticiye bu g\u00f6zetimler ile ilgili rapor vermek zorundad\u0131r.<br \/>\n\u00dcretici AT g\u00f6zetimi i\u00e7in kalite sistemine ili\u015fkin dok\u00fcmantasyonu ve muayene raporlar\u0131, deney verileri, kalibrasyon verileri, ilgili personelin nitelikleri hakk\u0131ndaki raporlar gibi kalite kay\u0131tlar\u0131na ili\u015fkin bilgileri sa\u011flamal\u0131d\u0131r.<br \/>\nAT Do\u011frulamas\u0131 (Mod\u00fcl F)<br \/>\n\u00dcretici cihazlar\u0131n AT Tip Sertifikas\u0131nda belirtilen tipe ve bu y\u00f6netmeli\u011fin temel gereklerine uygunlu\u011funu beyan etmelidir.<br \/>\nCE uygunluk markas\u0131 cihazlara ili\u015ftirilir.<br \/>\nCE uygunluk i\u015faretinin yan\u0131na onaylanm\u0131\u015f kurulu\u015fun tan\u0131t\u0131m numaras\u0131 konulmal\u0131d\u0131r.<br \/>\nOnaylanm\u0131\u015f kurulu\u015f ya her bir cihaz\u0131 muayene ve test ederek ya da cihazlar\u0131 istatistik\u00ee bir bazda muayene ve test ederek cihazlar\u0131n bu Y\u00f6netmelik gereklerine uygunlu\u011funu denetler.<br \/>\nOnaylanm\u0131\u015f kurulu\u015f her cihaza bir kimlik numaras\u0131 vermeli ve yap\u0131lan deneyler ile ilgili yaz\u0131l\u0131 bir uygunluk sertifikas\u0131 d\u00fczenlemelidir.<br \/>\n\u0130statistik\u00ee denetim i\u00e7in cihazlar ayn\u0131 ko\u015fullarda imal edilen ayn\u0131 modelin birimlerinden olu\u015fan tan\u0131mlanabilir y\u0131\u011f\u0131nlar halinde gruplanmal\u0131d\u0131r.<br \/>\nY\u0131\u011f\u0131nlar rastgele aral\u0131klar ile muayene edilir.<br \/>\n\u00d6rneklemede uygun olmayan \u00fcr\u00fcnler d\u0131\u015f\u0131nda di\u011fer t\u00fcm \u00fcr\u00fcnler piyasaya s\u00fcr\u00fclebilir.<br \/>\nAT Birim Do\u011frulamas\u0131 (Mod\u00fcl G)<br \/>\n\u00dcretici cihaz\u0131n, y\u00f6netmeli\u011fin gereklerini sa\u011flad\u0131\u011f\u0131n\u0131 beyan etmelidir.<br \/>\nCE uygunluk markas\u0131 cihazlara ili\u015ftirilir.<br \/>\nCE uygunluk i\u015faretinin yan\u0131na onaylanm\u0131\u015f kurulu\u015fun tan\u0131t\u0131m numaras\u0131 konulmal\u0131d\u0131r.<br \/>\nEK IV\u2019 de belirtilen tasar\u0131m dok\u00fcmantasyonu onaylanm\u0131\u015f kurulu\u015fa sunulmal\u0131d\u0131r.<br \/>\nTek bir cihaz i\u00e7in uygun muayene ve deneyler yap\u0131l\u0131r.<br \/>\nOnaylanm\u0131\u015f kurulu\u015f gerekli g\u00f6rd\u00fc\u011f\u00fc takdirde, cihaz monte edildikten sonra deney ve muayeneler uygulayabilir.<br \/>\nTasar\u0131m Dok\u00fcmantasyonu Neleri \u0130\u00e7erir? (Ek IV)<br \/>\nCihaz\u0131n genel bir tan\u0131m\u0131<br \/>\nCihaz\u0131n kavramsal tasar\u0131mlar\u0131, imalat resimleri ile par\u00e7a alt montaj gurubu, devrelerle ilgili diyagramlar<br \/>\nCihaz\u0131n \u00e7al\u0131\u015fmas\u0131n\u0131 da i\u00e7eren tan\u0131m ve a\u00e7\u0131klamalar<br \/>\nK\u0131smen ya da tamamen uygulanan Standartlar\u0131n bir listesi ve bu standartlar uygulanmad\u0131\u011f\u0131nda EK I\u2019 i kar\u015f\u0131layacak \u00e7\u00f6z\u00fcmlerin tan\u0131m\u0131<br \/>\nDeney raporlar\u0131<br \/>\nMontaj ve kullan\u0131m talimatlar\u0131<\/p>\n<p>Uygun hallerde \u015funlar\u0131 da i\u00e7ermelidir:<br \/>\nCihaza tak\u0131lan donan\u0131mla ilgili onay sertifikalar\u0131<br \/>\nCihaz\u0131n \u00fcretim, muayene ve izlenme metodlar\u0131yla ilgili onay ve sertifikalar<br \/>\nOnaylanm\u0131\u015f kurulu\u015fun yapt\u0131\u011f\u0131 de\u011ferlendirmeye faydal\u0131 olacak her t\u00fcrl\u00fc dok\u00fcmanlar<\/p>\n<\/div><\/section><\/p><\/div><\/p>\n","protected":false},"excerpt":{"rendered":"","protected":false},"author":1,"featured_media":0,"parent":6261,"menu_order":0,"comment_status":"closed","ping_status":"closed","template":"","meta":{"footnotes":""},"_links":{"self":[{"href":"https:\/\/northakademi.com\/tr\/wp-json\/wp\/v2\/pages\/7445"}],"collection":[{"href":"https:\/\/northakademi.com\/tr\/wp-json\/wp\/v2\/pages"}],"about":[{"href":"https:\/\/northakademi.com\/tr\/wp-json\/wp\/v2\/types\/page"}],"author":[{"embeddable":true,"href":"https:\/\/northakademi.com\/tr\/wp-json\/wp\/v2\/users\/1"}],"replies":[{"embeddable":true,"href":"https:\/\/northakademi.com\/tr\/wp-json\/wp\/v2\/comments?post=7445"}],"version-history":[{"count":1,"href":"https:\/\/northakademi.com\/tr\/wp-json\/wp\/v2\/pages\/7445\/revisions"}],"predecessor-version":[{"id":7446,"href":"https:\/\/northakademi.com\/tr\/wp-json\/wp\/v2\/pages\/7445\/revisions\/7446"}],"up":[{"embeddable":true,"href":"https:\/\/northakademi.com\/tr\/wp-json\/wp\/v2\/pages\/6261"}],"wp:attachment":[{"href":"https:\/\/northakademi.com\/tr\/wp-json\/wp\/v2\/media?parent=7445"}],"curies":[{"name":"wp","href":"https:\/\/api.w.org\/{rel}","templated":true}]}}