{"id":7443,"date":"2020-04-29T04:23:07","date_gmt":"2020-04-29T01:23:07","guid":{"rendered":"https:\/\/northakademi.com\/tr\/?page_id=7443"},"modified":"2020-04-29T04:23:07","modified_gmt":"2020-04-29T01:23:07","slug":"elektromanyetik-uyumluluk-emc-ce-belgesi","status":"publish","type":"page","link":"https:\/\/northakademi.com\/tr\/belgelendirme\/urun-belgelendirme\/elektromanyetik-uyumluluk-emc-ce-belgesi\/","title":{"rendered":"Elektromanyetik Uyumluluk (EMC) CE Belgesi"},"content":{"rendered":"<\/div><\/div><\/div><!-- close content main div --><\/div><\/div><div id='av_section_1' class='avia-section main_color avia-section-default avia-no-shadow avia-bg-style-scroll   av-minimum-height av-minimum-height-custom container_wrap sidebar_right' style = 'background-repeat: no-repeat; background-image: url(https:\/\/northakademi.com\/tr\/wp-content\/uploads\/2019\/12\/slide-north-akademi-siyah-lacivert.jpg); background-attachment: scroll; background-position: top left; ' data-section-bg-repeat='no-repeat' ><div class='container' style='height:150px'><div class='template-page content  av-content-small alpha units'><div class='post-entry post-entry-type-page post-entry-7443'><div class='entry-content-wrapper clearfix'>\n<div style='padding-bottom:10px;color:#ffffff;' class='av-special-heading av-special-heading-h3 custom-color-heading   '><h3 class='av-special-heading-tag '  itemprop=\"headline\"  >Elektromanyetik Uyumluluk (EMC) CE Belgesi<\/h3><div class='special-heading-border'><div class='special-heading-inner-border' style='border-color:#ffffff'><\/div><\/div><\/div>\n<\/div><\/div><\/div><!-- close content main div --><\/div><\/div><div id='after_section_1' class='main_color av_default_container_wrap container_wrap sidebar_right'   ><div class='container' ><div class='template-page content  av-content-small alpha units'><div class='post-entry post-entry-type-page post-entry-7443'><div class='entry-content-wrapper clearfix'><div class=\"flex_column av_one_full  flex_column_div av-zero-column-padding first  \" style='border-radius:0px; '><p><div class='avia-image-container  av-styling-    avia-align-center '  itemprop=\"ImageObject\" itemscope=\"itemscope\" itemtype=\"https:\/\/schema.org\/ImageObject\"  ><div class='avia-image-container-inner'><img class='avia_image ' src='https:\/\/northakademi.com\/tr\/wp-content\/uploads\/2019\/12\/north-akademi-egitim-0124.jpg' alt='' title=''   itemprop=\"thumbnailUrl\"  \/><\/div><\/div><br \/>\n<section class=\"av_textblock_section \"  itemscope=\"itemscope\" itemtype=\"https:\/\/schema.org\/CreativeWork\" ><div class='avia_textblock  '   itemprop=\"text\" ><p>AB \u00fclkelerinde kullan\u0131lacak ve sat\u0131lacak olan elektrikli \u00fcr\u00fcnlerin serbest dola\u015f\u0131m\u0131na katk\u0131 sa\u011flamak, Elektromanyetik Uyumluluk Direktifinin (EMC) temel amac\u0131n\u0131 olu\u015fturur.<\/p>\n<p>Elektromanyetik Uyumluluk Direktifinin esas amac\u0131n\u0131 a\u015fa\u011f\u0131daki iki maddeyle birlikte anlatabiliriz.<\/p>\n<p>1- Madde1.1\u2019de ifade edildi\u011fi gibi elektrikli veya elektronik cihazlar, \u00e7al\u0131\u015fmalar\u0131 esnas\u0131nda \u00fcrettikleri elektromanyetik g\u00fcr\u00fclt\u00fc ya da darbelerle, di\u011fer elektrikli veya elektronik cihazlar\u0131n i\u015flevlerini, fonksiyonlar\u0131n\u0131 veya performanslar\u0131n\u0131 etkilememelidir. Radyo, haberle\u015fme a\u011flar\u0131 ve elektrik da\u011f\u0131t\u0131m istasyon ve \u015febekeleri de ayn\u0131 \u015fekilde etkilenmemelidir.<\/p>\n<p>2- Madde1.2\u2019de ise herhangi bir elektrikli cihaz, \u00e7al\u0131\u015fmas\u0131 s\u0131ras\u0131nda ortamdan gelebilecek elektromanyetik etkilere kar\u015f\u0131 ba\u011f\u0131\u015f\u0131kl\u0131k sistemine sahip olmal\u0131d\u0131r \u015feklinde belirtilmektedir.<\/p>\n<p>Dikkat edilecek olunursa, bu iki a\u00e7\u0131klamada birbirini tamamlayan unsurlard\u0131r ve EMC Direktifinin ana temas\u0131n\u0131 ifade etmektedirler. Yukar\u0131da bahsedilen temel gerekleri yerine getirmek i\u00e7in EMC Direktifi \u00fcreticilerin neler yapmas\u0131 gerekti\u011fini anlatmaktad\u0131r.<\/p>\n<p>EMC Y\u00f6netmeli\u011fi kapsam\u0131ndaki b\u00fct\u00fcn elektrikli aletler \u00fcreticileri, bu y\u00f6netmelik ve ilgili uyumla\u015ft\u0131r\u0131lm\u0131\u015f harmonize standartlarda istenilen gereklilikleri yerine getirdikleri takdirde, \u00fcr\u00fcnlerinin \u00fczerine CE i\u015faretini ili\u015ftirildikten sonra, \u00fcr\u00fcnlerini ortak pazarda serbest\u00e7e dola\u015ft\u0131rabilirler.<\/p>\n<\/div><\/section><\/p><\/div><\/p>\n","protected":false},"excerpt":{"rendered":"","protected":false},"author":1,"featured_media":0,"parent":6261,"menu_order":0,"comment_status":"closed","ping_status":"closed","template":"","meta":{"footnotes":""},"_links":{"self":[{"href":"https:\/\/northakademi.com\/tr\/wp-json\/wp\/v2\/pages\/7443"}],"collection":[{"href":"https:\/\/northakademi.com\/tr\/wp-json\/wp\/v2\/pages"}],"about":[{"href":"https:\/\/northakademi.com\/tr\/wp-json\/wp\/v2\/types\/page"}],"author":[{"embeddable":true,"href":"https:\/\/northakademi.com\/tr\/wp-json\/wp\/v2\/users\/1"}],"replies":[{"embeddable":true,"href":"https:\/\/northakademi.com\/tr\/wp-json\/wp\/v2\/comments?post=7443"}],"version-history":[{"count":1,"href":"https:\/\/northakademi.com\/tr\/wp-json\/wp\/v2\/pages\/7443\/revisions"}],"predecessor-version":[{"id":7444,"href":"https:\/\/northakademi.com\/tr\/wp-json\/wp\/v2\/pages\/7443\/revisions\/7444"}],"up":[{"embeddable":true,"href":"https:\/\/northakademi.com\/tr\/wp-json\/wp\/v2\/pages\/6261"}],"wp:attachment":[{"href":"https:\/\/northakademi.com\/tr\/wp-json\/wp\/v2\/media?parent=7443"}],"curies":[{"name":"wp","href":"https:\/\/api.w.org\/{rel}","templated":true}]}}