{"id":7441,"date":"2020-04-29T04:22:19","date_gmt":"2020-04-29T01:22:19","guid":{"rendered":"https:\/\/northakademi.com\/tr\/?page_id=7441"},"modified":"2020-04-29T04:22:19","modified_gmt":"2020-04-29T01:22:19","slug":"alcak-gerilim-lvd-ce-belgesi","status":"publish","type":"page","link":"https:\/\/northakademi.com\/tr\/belgelendirme\/urun-belgelendirme\/alcak-gerilim-lvd-ce-belgesi\/","title":{"rendered":"Al\u00e7ak Gerilim (LVD) CE Belgesi"},"content":{"rendered":"<\/div><\/div><\/div><!-- close content main div --><\/div><\/div><div id='av_section_1' class='avia-section main_color avia-section-default avia-no-shadow avia-bg-style-scroll   av-minimum-height av-minimum-height-custom container_wrap sidebar_right' style = 'background-repeat: no-repeat; background-image: url(https:\/\/northakademi.com\/tr\/wp-content\/uploads\/2019\/12\/slide-north-akademi-siyah-lacivert.jpg); background-attachment: scroll; background-position: top left; ' data-section-bg-repeat='no-repeat' ><div class='container' style='height:150px'><div class='template-page content  av-content-small alpha units'><div class='post-entry post-entry-type-page post-entry-7441'><div class='entry-content-wrapper clearfix'>\n<div style='padding-bottom:10px;color:#ffffff;' class='av-special-heading av-special-heading-h3 custom-color-heading   '><h3 class='av-special-heading-tag '  itemprop=\"headline\"  >Al\u00e7ak Gerilim (LVD) CE Belgesi<\/h3><div class='special-heading-border'><div class='special-heading-inner-border' style='border-color:#ffffff'><\/div><\/div><\/div>\n<\/div><\/div><\/div><!-- close content main div --><\/div><\/div><div id='after_section_1' class='main_color av_default_container_wrap container_wrap sidebar_right'   ><div class='container' ><div class='template-page content  av-content-small alpha units'><div class='post-entry post-entry-type-page post-entry-7441'><div class='entry-content-wrapper clearfix'><div class=\"flex_column av_one_full  flex_column_div av-zero-column-padding first  \" style='border-radius:0px; '><p><div class='avia-image-container  av-styling-    avia-align-center '  itemprop=\"ImageObject\" itemscope=\"itemscope\" itemtype=\"https:\/\/schema.org\/ImageObject\"  ><div class='avia-image-container-inner'><img class='avia_image ' src='https:\/\/northakademi.com\/tr\/wp-content\/uploads\/2019\/12\/north-akademi-egitim-0124.jpg' alt='' title=''   itemprop=\"thumbnailUrl\"  \/><\/div><\/div><br \/>\n<section class=\"av_textblock_section \"  itemscope=\"itemscope\" itemtype=\"https:\/\/schema.org\/CreativeWork\" ><div class='avia_textblock  '   itemprop=\"text\" ><p>Belli bir ak\u0131m aras\u0131nda kalan t\u00fcm elektrikli cihazlar (50V \u2013 1000V AC ve 75- 1500V DC) Al\u00e7ak Gerilim Y\u00f6netmeli\u011fi kapsam\u0131na girmektedirler.<\/p>\n<p>Elektrikli cihazlar\u0131n ana yap\u0131s\u0131na yerle\u015fen bile\u015fenlerin emniyeti, bunlar\u0131n \u00fcr\u00fcne yerle\u015ftirilme s\u00fcrecine ba\u011fl\u0131d\u0131r. Elektrik kullanan cihazlar\u0131n ana yap\u0131s\u0131n\u0131 olu\u015fturan bu gibi komponentler, ilgili y\u00f6netmelik kapsam\u0131n\u0131n d\u0131\u015f\u0131nda tutulur ve ilgili belgenin i\u015faretini ta\u015f\u0131mazlar.<\/p>\n<p>Elektrikli bile\u015fenler; bir elektrikli cihaz\u0131n bile\u015feni olarak kullan\u0131lmas\u0131 halinde, tamamen yeni Al\u00e7ak Gerilim Y\u00f6netmeli\u011fi (LVD Y\u00f6netmeli\u011fi) kapsam\u0131nda olurlar.<\/p>\n<p>Transformat\u00f6rler ve elektrik motorlar\u0131 birer bile\u015fendir. Bu gibi b\u00fct\u00fcn komponentlerin kullan\u0131lmas\u0131nda, bir tak\u0131m emniyet de\u011ferlendirmelerinden ge\u00e7irilmesi gereklidir. Bu t\u00fcr komponentlerin bir\u00e7o\u011fu i\u00e7in uygulanabilir \u00f6zel Avrupa standartlar\u0131 bulunmaktad\u0131r. \u0130lgili standarda g\u00f6re gerekli elektriksel g\u00fcvenlik testlerinin yap\u0131lmas\u0131 ve raporlanmas\u0131 gerekmektedir. \u00dcreticiler, \u00fcr\u00fcnlerine ait 2014\/35\/EU LVD direktifi kapsam\u0131nda yapt\u0131rm\u0131\u015f olduklar\u0131 test raporlar\u0131n\u0131 CE i\u015faretlemesi yapabilmek i\u00e7in olu\u015fturduklar\u0131 teknik dosyalarda muhakkak muhafaza etmelidirler.<\/p>\n<p>Turins, Al\u00e7ak Gerilim Cihazlar\u0131 Direktifi 2014\/35\/AB (ex. 2006\/95\/AT) (LVD) kapsam\u0131nda bulunan \u00fcr\u00fcnler i\u00e7in CE Belgelendirme \u00e7al\u0131\u015fmalar\u0131n\u0131 ve bu kapsamdaki \u00fcr\u00fcnler i\u00e7in a\u015fa\u011f\u0131da belirtilen elektriksel g\u00fcvenlik testlerini ger\u00e7ekle\u015ftirmektedir:<\/p>\n<p>Ka\u00e7ak Ak\u0131m Testi<br \/>\nY\u00fcksek Gerilim Testi<br \/>\nGerilim D\u00fc\u015f\u00fcm\u00fc Testi<br \/>\n\u0130zolasyon Testi<br \/>\nS\u00fcreklilik Testi<br \/>\nFonksiyonel Testler<br \/>\nBo\u015falma S\u00fcresi Tayini<\/p>\n<p style=\"text-align: justify;\">Teknik dosyas\u0131n\u0131n i\u00e7inde test raporlar\u0131 olmayan al\u00e7ak gerilim cihazlar\u0131 i\u00e7in, yap\u0131lan CE i\u015faretlemesi yasal \u015fartlar\u0131n\u0131 kar\u015f\u0131lamayacakt\u0131r. Bilim Teknoloji ve Sanayi Bakanl\u0131\u011f\u0131\u2019n\u0131n ger\u00e7ekle\u015ftirdi\u011fi piyasa g\u00f6zetimlerinde cezai yapt\u0131r\u0131mlarla kar\u015f\u0131 kar\u015f\u0131ya kalmamak i\u00e7in \u00fcretici firmalar cihazlar\u0131n\u0131n elektriksel g\u00fcvenlik testlerini yapt\u0131rmal\u0131 ve test raporlar\u0131n\u0131 ilgili \u00fcr\u00fcn\u00fcn teknik dosyalar\u0131nda muhafaza<\/p>\n<\/div><\/section><\/p><\/div><\/p>\n","protected":false},"excerpt":{"rendered":"","protected":false},"author":1,"featured_media":0,"parent":6261,"menu_order":0,"comment_status":"closed","ping_status":"closed","template":"","meta":{"footnotes":""},"_links":{"self":[{"href":"https:\/\/northakademi.com\/tr\/wp-json\/wp\/v2\/pages\/7441"}],"collection":[{"href":"https:\/\/northakademi.com\/tr\/wp-json\/wp\/v2\/pages"}],"about":[{"href":"https:\/\/northakademi.com\/tr\/wp-json\/wp\/v2\/types\/page"}],"author":[{"embeddable":true,"href":"https:\/\/northakademi.com\/tr\/wp-json\/wp\/v2\/users\/1"}],"replies":[{"embeddable":true,"href":"https:\/\/northakademi.com\/tr\/wp-json\/wp\/v2\/comments?post=7441"}],"version-history":[{"count":1,"href":"https:\/\/northakademi.com\/tr\/wp-json\/wp\/v2\/pages\/7441\/revisions"}],"predecessor-version":[{"id":7442,"href":"https:\/\/northakademi.com\/tr\/wp-json\/wp\/v2\/pages\/7441\/revisions\/7442"}],"up":[{"embeddable":true,"href":"https:\/\/northakademi.com\/tr\/wp-json\/wp\/v2\/pages\/6261"}],"wp:attachment":[{"href":"https:\/\/northakademi.com\/tr\/wp-json\/wp\/v2\/media?parent=7441"}],"curies":[{"name":"wp","href":"https:\/\/api.w.org\/{rel}","templated":true}]}}