{"id":7439,"date":"2020-04-29T04:20:13","date_gmt":"2020-04-29T01:20:13","guid":{"rendered":"https:\/\/northakademi.com\/tr\/?page_id=7439"},"modified":"2020-04-29T04:20:13","modified_gmt":"2020-04-29T01:20:13","slug":"yapi-ce-belgelendirme","status":"publish","type":"page","link":"https:\/\/northakademi.com\/tr\/belgelendirme\/urun-belgelendirme\/yapi-ce-belgelendirme\/","title":{"rendered":"Yap\u0131 CE Belgelendirme"},"content":{"rendered":"<\/div><\/div><\/div><!-- close content main div --><\/div><\/div><div id='av_section_1' class='avia-section main_color avia-section-default avia-no-shadow avia-bg-style-scroll   av-minimum-height av-minimum-height-custom container_wrap sidebar_right' style = 'background-repeat: no-repeat; background-image: url(https:\/\/northakademi.com\/tr\/wp-content\/uploads\/2019\/12\/slide-north-akademi-siyah-lacivert.jpg); background-attachment: scroll; background-position: top left; ' data-section-bg-repeat='no-repeat' ><div class='container' style='height:150px'><div class='template-page content  av-content-small alpha units'><div class='post-entry post-entry-type-page post-entry-7439'><div class='entry-content-wrapper clearfix'>\n<div style='padding-bottom:10px;color:#ffffff;' class='av-special-heading av-special-heading-h3 custom-color-heading   '><h3 class='av-special-heading-tag '  itemprop=\"headline\"  >Yap\u0131 CE Belgelendirme<\/h3><div class='special-heading-border'><div class='special-heading-inner-border' style='border-color:#ffffff'><\/div><\/div><\/div>\n<\/div><\/div><\/div><!-- close content main div --><\/div><\/div><div id='after_section_1' class='main_color av_default_container_wrap container_wrap sidebar_right'   ><div class='container' ><div class='template-page content  av-content-small alpha units'><div class='post-entry post-entry-type-page post-entry-7439'><div class='entry-content-wrapper clearfix'><div class=\"flex_column av_one_full  flex_column_div av-zero-column-padding first  \" style='border-radius:0px; '><p><div class='avia-image-container  av-styling-    avia-align-center '  itemprop=\"ImageObject\" itemscope=\"itemscope\" itemtype=\"https:\/\/schema.org\/ImageObject\"  ><div class='avia-image-container-inner'><img class='avia_image ' src='https:\/\/northakademi.com\/tr\/wp-content\/uploads\/2019\/12\/north-akademi-egitim-0124.jpg' alt='' title=''   itemprop=\"thumbnailUrl\"  \/><\/div><\/div><br \/>\n<section class=\"av_textblock_section \"  itemscope=\"itemscope\" itemtype=\"https:\/\/schema.org\/CreativeWork\" ><div class='avia_textblock  '   itemprop=\"text\" ><p>Uyumla\u015ft\u0131r\u0131l\u0131\u015f harmonize standartlar ve Avrupa Teknik Onay K\u0131lavuzlar\u0131 (ATOK) olmadan bir \u00fcr\u00fcn esasen yap\u0131 malzemesi olarak tan\u0131mlansa bile CE i\u015faretlemesi yap\u0131lamaz.<\/p>\n<p>Yap\u0131 Malzemeleri Y\u00f6netmeli\u011fi kapsam\u0131 i\u00e7ine giren bir \u00fcr\u00fcne CE i\u015fareti vurulabilmesi i\u00e7in uyumla\u015ft\u0131r\u0131lm\u0131\u015f harmonize standartlar\u0131n veya Avrupa Teknik Onay K\u0131lavuzlar\u0131n\u0131n y\u00fcr\u00fcrl\u00fckte olmas\u0131 gerekmektedir.<\/p>\n<p>305\/2011\/AB Yap\u0131 Malzemeleri Y\u00f6netmeli\u011finde \u00fcr\u00fcn gruplar\u0131na g\u00f6re b\u00fct\u00fcn uygunluk de\u011ferlendirme sistemleri konsey kararlar\u0131 ile tan\u0131mlanmaktad\u0131r.<br \/>\n305\/2011\/AB Yap\u0131 Malzemeleri Y\u00f6netmeli\u011finde 4 \u00e7e\u015fit Sistem tan\u0131mlanm\u0131\u015f ve bu sistemler i\u00e7inde de \u00fcreticinin ve Onaylanm\u0131\u015f Kurulu\u015flar\u0131n g\u00f6revleri ayr\u0131 ayr\u0131 tan\u0131mlanm\u0131\u015ft\u0131r.<\/p>\n<p>Yap\u0131 Malzemeleri Y\u00f6netmeli\u011fine g\u00f6re CE Belgelendirilmesi i\u015flemleri 4 \u015fekilde ger\u00e7ekle\u015ftirilmektedir.<\/p>\n<p>Sistem 1 ve Sistem 1+ seviyesindeki \u00fcr\u00fcnler i\u00e7in; Malzemenin ba\u015flang\u0131\u00e7 tip testinin yap\u0131lmas\u0131; fabrika ve Fabrika \u00dcretim Kontrol\u00fcn\u00fcn ilk tetkiki; F\u00dcK\u2019\u00fcn devaml\u0131 g\u00f6zetimi al\u0131nan numunelerin deneyi.<\/p>\n<p>Sistem 2 ve Sistem 2+ seviyesindeki \u00fcr\u00fcnler i\u00e7in; Fabrika \u00dcretim Kontrol\u00fcn\u00fcn belgelendirilmesi; Fabrika \u00dcretim Kontrol\u00fcn\u00fcn devaml\u0131 g\u00f6zetimi, de\u011ferlendirilmesi ve onaylanmas\u0131.<\/p>\n<p>Sistem 3 seviyesindeki \u00fcr\u00fcnler i\u00e7in; Malzemenin (onaylanm\u0131\u015f laboratuar taraf\u0131ndan) ba\u015flang\u0131\u00e7 tip testi. Teknik<\/p>\n<p>Sistem 4 seviyesindeki \u00fcr\u00fcnler i\u00e7in; Onaylanm\u0131\u015f kurulu\u015fa gerek yoktur, t\u00fcm g\u00f6revler \u00fcreticinindir.<\/p>\n<p>Yukar\u0131daki b\u00fct\u00fcn sistemlerde bulunmak \u00fczere \u00fcreticiler;<br \/>\n\u201cBa\u015flang\u0131\u00e7 Tip Deneylerini\u201d yapt\u0131rmal\u0131, \u201cTeknik Dosyalar\u0131n\u0131\u201d haz\u0131rlamal\u0131, FPC (Fabrika \u00dcretim Kontrol\u00fc) Sistemlerini uygulamal\u0131 ve yap\u0131lan \u00e7al\u0131\u015fmalar do\u011frultusunda \u201cDeklarasyonlar\u0131n\u0131\u201d beyan etmelidirler.<\/p>\n<\/div><\/section><\/p><\/div><\/p>\n","protected":false},"excerpt":{"rendered":"","protected":false},"author":1,"featured_media":0,"parent":6261,"menu_order":0,"comment_status":"closed","ping_status":"closed","template":"","meta":{"footnotes":""},"_links":{"self":[{"href":"https:\/\/northakademi.com\/tr\/wp-json\/wp\/v2\/pages\/7439"}],"collection":[{"href":"https:\/\/northakademi.com\/tr\/wp-json\/wp\/v2\/pages"}],"about":[{"href":"https:\/\/northakademi.com\/tr\/wp-json\/wp\/v2\/types\/page"}],"author":[{"embeddable":true,"href":"https:\/\/northakademi.com\/tr\/wp-json\/wp\/v2\/users\/1"}],"replies":[{"embeddable":true,"href":"https:\/\/northakademi.com\/tr\/wp-json\/wp\/v2\/comments?post=7439"}],"version-history":[{"count":1,"href":"https:\/\/northakademi.com\/tr\/wp-json\/wp\/v2\/pages\/7439\/revisions"}],"predecessor-version":[{"id":7440,"href":"https:\/\/northakademi.com\/tr\/wp-json\/wp\/v2\/pages\/7439\/revisions\/7440"}],"up":[{"embeddable":true,"href":"https:\/\/northakademi.com\/tr\/wp-json\/wp\/v2\/pages\/6261"}],"wp:attachment":[{"href":"https:\/\/northakademi.com\/tr\/wp-json\/wp\/v2\/media?parent=7439"}],"curies":[{"name":"wp","href":"https:\/\/api.w.org\/{rel}","templated":true}]}}