{"id":7437,"date":"2020-04-29T04:19:11","date_gmt":"2020-04-29T01:19:11","guid":{"rendered":"https:\/\/northakademi.com\/tr\/?page_id=7437"},"modified":"2020-04-29T04:19:11","modified_gmt":"2020-04-29T01:19:11","slug":"makine-ce-belgelendirme","status":"publish","type":"page","link":"https:\/\/northakademi.com\/tr\/belgelendirme\/urun-belgelendirme\/makine-ce-belgelendirme\/","title":{"rendered":"Makine CE Belgelendirme"},"content":{"rendered":"<\/div><\/div><\/div><!-- close content main div --><\/div><\/div><div id='av_section_1' class='avia-section main_color avia-section-default avia-no-shadow avia-bg-style-scroll   av-minimum-height av-minimum-height-custom container_wrap sidebar_right' style = 'background-repeat: no-repeat; background-image: url(https:\/\/northakademi.com\/tr\/wp-content\/uploads\/2019\/12\/slide-north-akademi-siyah-lacivert.jpg); background-attachment: scroll; background-position: top left; ' data-section-bg-repeat='no-repeat' ><div class='container' style='height:150px'><div class='template-page content  av-content-small alpha units'><div class='post-entry post-entry-type-page post-entry-7437'><div class='entry-content-wrapper clearfix'>\n<div style='padding-bottom:10px;color:#ffffff;' class='av-special-heading av-special-heading-h3 custom-color-heading   '><h3 class='av-special-heading-tag '  itemprop=\"headline\"  >Makine CE Belgelendirme<\/h3><div class='special-heading-border'><div class='special-heading-inner-border' style='border-color:#ffffff'><\/div><\/div><\/div>\n<\/div><\/div><\/div><!-- close content main div --><\/div><\/div><div id='after_section_1' class='main_color av_default_container_wrap container_wrap sidebar_right'   ><div class='container' ><div class='template-page content  av-content-small alpha units'><div class='post-entry post-entry-type-page post-entry-7437'><div class='entry-content-wrapper clearfix'><div class=\"flex_column av_one_full  flex_column_div av-zero-column-padding first  \" style='border-radius:0px; '><p><div class='avia-image-container  av-styling-    avia-align-center '  itemprop=\"ImageObject\" itemscope=\"itemscope\" itemtype=\"https:\/\/schema.org\/ImageObject\"  ><div class='avia-image-container-inner'><img class='avia_image ' src='https:\/\/northakademi.com\/tr\/wp-content\/uploads\/2019\/12\/north-akademi-egitim-0124.jpg' alt='' title=''   itemprop=\"thumbnailUrl\"  \/><\/div><\/div><br \/>\n<section class=\"av_textblock_section \"  itemscope=\"itemscope\" itemtype=\"https:\/\/schema.org\/CreativeWork\" ><div class='avia_textblock  '   itemprop=\"text\" ><p>En az bir par\u00e7as\u0131 hareket eden, \u00e7e\u015fitli par\u00e7a ve gruplardan olu\u015fan ve mallar\u0131 i\u015flemeye, ta\u015f\u0131maya yada ambalajlamaya yarayan b\u00fct\u00fcn makinalar ve bunun yan\u0131nda, k\u00f6t\u00fc \u00e7al\u0131\u015fma ko\u015fullar\u0131nda bunlar\u0131n etkisine maruz kalan canl\u0131lar\u0131n g\u00fcvenli\u011fine ve sa\u011fl\u0131\u011f\u0131na y\u00f6nelik riskleri \u00f6nleme ama\u00e7l\u0131 piyasaya s\u00fcr\u00fclen emniyet te\u00e7hizatlar\u0131, Makine Emniyet Y\u00f6netmenli\u011fi kapsam\u0131ndad\u0131r.<\/p>\n<p>Makinalar i\u00e7in, olu\u015fabilecek risklerin temeli itibariyle elektrikten kaynakland\u0131\u011f\u0131 durumlarda, bu t\u00fcr makinalar, bilhassa 2006\/95\/AT say\u0131l\u0131 Al\u00e7ak Gerilim Cihazlar\u0131 Y\u00f6netmeli\u011fi kapsam\u0131na girer. Bir \u00fcr\u00fcne birden fazla yeni yakla\u015f\u0131m direktifi uygulan\u0131yor olabilir. B\u00f6yle bir durumda Makina Direktifinin birinci maddesinin d\u00f6rd\u00fcnc\u00fc ve be\u015finci alt b\u00f6l\u00fcmleri uygulanmad\u0131k\u00e7a, \u00fcr\u00fcn ilgili b\u00fct\u00fcn direktiflerin gereklerine uygun olmak zorundad\u0131r.<\/p>\n<p>Makinalar ya da emniyet te\u00e7hizatlar\u0131 i\u00e7in, bu Y\u00f6netmelikte (direktifte) at\u0131fta bulunulan risklerin belli bir k\u0131sm\u0131n\u0131n ya da tamam\u0131n\u0131n \u00f6zel topluluk direktifleri kapsam\u0131nda yer almas\u0131 halinde makina direktifi, olu\u015fabilecek risklere kar\u015f\u0131 bu t\u00fcr makinalar i\u00e7in ya da emniyet te\u00e7hizatlar\u0131 i\u00e7in uygulanmamaktad\u0131r.<\/p>\n<\/div><\/section><\/p><\/div><\/p>\n","protected":false},"excerpt":{"rendered":"","protected":false},"author":1,"featured_media":0,"parent":6261,"menu_order":0,"comment_status":"closed","ping_status":"closed","template":"","meta":{"footnotes":""},"_links":{"self":[{"href":"https:\/\/northakademi.com\/tr\/wp-json\/wp\/v2\/pages\/7437"}],"collection":[{"href":"https:\/\/northakademi.com\/tr\/wp-json\/wp\/v2\/pages"}],"about":[{"href":"https:\/\/northakademi.com\/tr\/wp-json\/wp\/v2\/types\/page"}],"author":[{"embeddable":true,"href":"https:\/\/northakademi.com\/tr\/wp-json\/wp\/v2\/users\/1"}],"replies":[{"embeddable":true,"href":"https:\/\/northakademi.com\/tr\/wp-json\/wp\/v2\/comments?post=7437"}],"version-history":[{"count":1,"href":"https:\/\/northakademi.com\/tr\/wp-json\/wp\/v2\/pages\/7437\/revisions"}],"predecessor-version":[{"id":7438,"href":"https:\/\/northakademi.com\/tr\/wp-json\/wp\/v2\/pages\/7437\/revisions\/7438"}],"up":[{"embeddable":true,"href":"https:\/\/northakademi.com\/tr\/wp-json\/wp\/v2\/pages\/6261"}],"wp:attachment":[{"href":"https:\/\/northakademi.com\/tr\/wp-json\/wp\/v2\/media?parent=7437"}],"curies":[{"name":"wp","href":"https:\/\/api.w.org\/{rel}","templated":true}]}}