{"id":7428,"date":"2020-04-29T04:12:19","date_gmt":"2020-04-29T01:12:19","guid":{"rendered":"https:\/\/northakademi.com\/tr\/?page_id=7428"},"modified":"2020-04-29T04:12:19","modified_gmt":"2020-04-29T01:12:19","slug":"torna-tezgahi-periyodik-kontrol-muayenesi","status":"publish","type":"page","link":"https:\/\/northakademi.com\/tr\/makine-ve-tezgah-muayenesi\/torna-tezgahi-periyodik-kontrol-muayenesi\/","title":{"rendered":"Torna Tezgah\u0131 Periyodik Kontrol Muayenesi"},"content":{"rendered":"<\/div><\/div><\/div><!-- close content main div --><\/div><\/div><div id='av_section_1' class='avia-section main_color avia-section-default avia-no-shadow avia-bg-style-scroll   av-minimum-height av-minimum-height-custom container_wrap sidebar_right' style = 'background-repeat: no-repeat; background-image: url(https:\/\/northakademi.com\/tr\/wp-content\/uploads\/2019\/12\/slide-north-akademi-siyah-lacivert.jpg); background-attachment: scroll; background-position: top left; ' data-section-bg-repeat='no-repeat' ><div class='container' style='height:150px'><div class='template-page content  av-content-small alpha units'><div class='post-entry post-entry-type-page post-entry-7428'><div class='entry-content-wrapper clearfix'>\n<div style='padding-bottom:10px;color:#ffffff;' class='av-special-heading av-special-heading-h3 custom-color-heading   '><h3 class='av-special-heading-tag '  itemprop=\"headline\"  >Torna Tezgah\u0131 Periyodik Kontrol Muayenesi<\/h3><div class='special-heading-border'><div class='special-heading-inner-border' style='border-color:#ffffff'><\/div><\/div><\/div>\n<\/div><\/div><\/div><!-- close content main div --><\/div><\/div><div id='after_section_1' class='main_color av_default_container_wrap container_wrap sidebar_right'   ><div class='container' ><div class='template-page content  av-content-small alpha units'><div class='post-entry post-entry-type-page post-entry-7428'><div class='entry-content-wrapper clearfix'><div class=\"flex_column av_one_full  flex_column_div av-zero-column-padding first  \" style='border-radius:0px; '><p><div class='avia-image-container  av-styling-    avia-align-center '  itemprop=\"ImageObject\" itemscope=\"itemscope\" itemtype=\"https:\/\/schema.org\/ImageObject\"  ><div class='avia-image-container-inner'><img class='avia_image ' src='https:\/\/northakademi.com\/tr\/wp-content\/uploads\/2019\/12\/north-akademi-egitim-0124.jpg' alt='' title=''   itemprop=\"thumbnailUrl\"  \/><\/div><\/div><br \/>\n<section class=\"av_textblock_section \"  itemscope=\"itemscope\" itemtype=\"https:\/\/schema.org\/CreativeWork\" ><div class='avia_textblock  '   itemprop=\"text\" ><p>Torna tezgah\u0131 kendi ekseni etraf\u0131nda d\u00f6nen bir i\u015f par\u00e7as\u0131n\u0131 kesici tak\u0131mlar\u0131 yard\u0131m\u0131 ile i\u015fleyen makineye denir. Torna tezgah\u0131 i\u00e7erisinde bir \u00e7ok ekipman\u0131 bulunmaktad\u0131r. G\u00f6vde, ayaklar\u0131, ya\u011f g\u00f6stergesi, kalemlik, tala\u015fl\u0131k, h\u0131z kutusu, \u00e7al\u0131\u015ft\u0131rma kolu, so\u011futma suyu deposu ve fener mili gibi bir \u00e7ok ekipman\u0131 bulunan torna tezgah\u0131 t\u00fcm bu sistemi i\u00e7erisinde \u00e7al\u0131\u015f\u0131r.<\/p>\n<p>Geli\u015fen teknoloji ile birlikte torna tezgahlar\u0131 sadece tornalama de\u011fil daha fazla i\u015fi yapmaktad\u0131r. Torna tezgahlar\u0131n\u0131n da sekt\u00f6re g\u00f6re farkl\u0131 \u00e7e\u015fitleri bulunmaktad\u0131r. Genellikle fabrikalarda, sanayilerde kullan\u0131lan torna tezgah\u0131 \u00e7e\u015fitleri ba\u015fl\u0131ca \u015f\u00f6yledir;<br \/>\nUniversal<br \/>\nDik torna<br \/>\nOtomat<br \/>\nRevolver<br \/>\nS\u0131rt alma<br \/>\nKopya torna<br \/>\nKam torna<br \/>\nKrank mili torna<br \/>\nA\u011f\u0131r i\u015f torna<br \/>\nMasa tipi torna<br \/>\nS\u0131vama torna<br \/>\nHava \u00e7ap torna<\/p>\n<p>Bu ve bunun gibi torna tezgahlar\u0131 \u201c\u0130\u015f ekipmanlar\u0131 Kullan\u0131m\u0131nda Sa\u011fl\u0131k ve G\u00fcvenlik \u015eartlar\u0131 Y\u00f6netmeli\u011fi\u201d ne tabiidir. Bu y\u00f6netmelikte belirtilen standartlara g\u00f6re yap\u0131lan kontroller sonucunda i\u015f sa\u011fl\u0131\u011f\u0131 ve g\u00fcvenli\u011fi al\u0131nm\u0131\u015f olur. Ayr\u0131ca kontrolleri yap\u0131lan torna tezgahlar\u0131 uzun y\u0131llar s\u0131k\u0131nt\u0131s\u0131z \u00e7al\u0131\u015f\u0131r.\u00a0Tezgahlara y\u0131lda bir bak\u0131m ve<br \/>\nmuayene yap\u0131lmas\u0131 yeterlidir.<\/p>\n<p>\u0130\u015f Ekipmanlar\u0131 Kullan\u0131m\u0131nda Sa\u011fl\u0131k ve G\u00fcvenlik \u015eartlar\u0131 Y\u00f6netmeli\u011fi<\/p>\n<p>Bu Y\u00f6netmeli\u011fin amac\u0131, i\u015f yerinde i\u015f ekipmanlar\u0131n\u0131n kullan\u0131m\u0131 ile ilgili sa\u011fl\u0131k ve g\u00fcvenlik y\u00f6n\u00fcnden uyulmas\u0131 gerekli asgari \u015fartlar\u0131 belirlemektir. 20\/6\/2012 tarihli ve 6331 say\u0131l\u0131 \u0130\u015f Sa\u011fl\u0131\u011f\u0131 ve G\u00fcvenli\u011fi Kanunu kapsam\u0131na giren t\u00fcm i\u015f yerlerini kapsar.<\/p>\n<p>6331 say\u0131l\u0131 \u0130\u015f Sa\u011fl\u0131\u011f\u0131 ve G\u00fcvenli\u011fi Kanununun 30 ve 31 inci maddeleri ile 9\/1\/1985 tarihli ve 3146 say\u0131l\u0131 \u00c7al\u0131\u015fma ve Sosyal G\u00fcvenlik Bakanl\u0131\u011f\u0131n\u0131n Te\u015fkilat ve G\u00f6revleri Hakk\u0131nda Kanunun 2 ve 12 nci maddelerine dayan\u0131larak ve 3\/10\/2009 tarihli ve 2009\/104\/EC say\u0131l\u0131 Avrupa Birli\u011fi Direktifine paralel olarak haz\u0131rlanm\u0131\u015ft\u0131r.<\/p>\n<\/div><\/section><\/p><\/div><\/p>\n","protected":false},"excerpt":{"rendered":"","protected":false},"author":1,"featured_media":0,"parent":7414,"menu_order":0,"comment_status":"closed","ping_status":"closed","template":"","meta":{"footnotes":""},"_links":{"self":[{"href":"https:\/\/northakademi.com\/tr\/wp-json\/wp\/v2\/pages\/7428"}],"collection":[{"href":"https:\/\/northakademi.com\/tr\/wp-json\/wp\/v2\/pages"}],"about":[{"href":"https:\/\/northakademi.com\/tr\/wp-json\/wp\/v2\/types\/page"}],"author":[{"embeddable":true,"href":"https:\/\/northakademi.com\/tr\/wp-json\/wp\/v2\/users\/1"}],"replies":[{"embeddable":true,"href":"https:\/\/northakademi.com\/tr\/wp-json\/wp\/v2\/comments?post=7428"}],"version-history":[{"count":1,"href":"https:\/\/northakademi.com\/tr\/wp-json\/wp\/v2\/pages\/7428\/revisions"}],"predecessor-version":[{"id":7429,"href":"https:\/\/northakademi.com\/tr\/wp-json\/wp\/v2\/pages\/7428\/revisions\/7429"}],"up":[{"embeddable":true,"href":"https:\/\/northakademi.com\/tr\/wp-json\/wp\/v2\/pages\/7414"}],"wp:attachment":[{"href":"https:\/\/northakademi.com\/tr\/wp-json\/wp\/v2\/media?parent=7428"}],"curies":[{"name":"wp","href":"https:\/\/api.w.org\/{rel}","templated":true}]}}