{"id":7424,"date":"2020-04-29T03:21:56","date_gmt":"2020-04-29T00:21:56","guid":{"rendered":"https:\/\/northakademi.com\/tr\/?page_id=7424"},"modified":"2020-04-29T03:21:56","modified_gmt":"2020-04-29T00:21:56","slug":"cnc-tezgahi-muayenesi","status":"publish","type":"page","link":"https:\/\/northakademi.com\/tr\/makine-ve-tezgah-muayenesi\/cnc-tezgahi-muayenesi\/","title":{"rendered":"Cnc Tezgah\u0131 Muayenesi"},"content":{"rendered":"<\/div><\/div><\/div><!-- close content main div --><\/div><\/div><div id='av_section_1' class='avia-section main_color avia-section-default avia-no-shadow avia-bg-style-scroll   av-minimum-height av-minimum-height-custom container_wrap sidebar_right' style = 'background-repeat: no-repeat; background-image: url(https:\/\/northakademi.com\/tr\/wp-content\/uploads\/2019\/12\/slide-north-akademi-siyah-lacivert.jpg); background-attachment: scroll; background-position: top left; ' data-section-bg-repeat='no-repeat' ><div class='container' style='height:150px'><div class='template-page content  av-content-small alpha units'><div class='post-entry post-entry-type-page post-entry-7424'><div class='entry-content-wrapper clearfix'>\n<div style='padding-bottom:10px;color:#ffffff;' class='av-special-heading av-special-heading-h3 custom-color-heading   '><h3 class='av-special-heading-tag '  itemprop=\"headline\"  >Cnc Tezgah\u0131 Muayenesi<\/h3><div class='special-heading-border'><div class='special-heading-inner-border' style='border-color:#ffffff'><\/div><\/div><\/div>\n<\/div><\/div><\/div><!-- close content main div --><\/div><\/div><div id='after_section_1' class='main_color av_default_container_wrap container_wrap sidebar_right'   ><div class='container' ><div class='template-page content  av-content-small alpha units'><div class='post-entry post-entry-type-page post-entry-7424'><div class='entry-content-wrapper clearfix'><div class=\"flex_column av_one_full  flex_column_div av-zero-column-padding first  \" style='border-radius:0px; '><p><div class='avia-image-container  av-styling-    avia-align-center '  itemprop=\"ImageObject\" itemscope=\"itemscope\" itemtype=\"https:\/\/schema.org\/ImageObject\"  ><div class='avia-image-container-inner'><img class='avia_image ' src='https:\/\/northakademi.com\/tr\/wp-content\/uploads\/2019\/12\/north-akademi-egitim-0124.jpg' alt='' title=''   itemprop=\"thumbnailUrl\"  \/><\/div><\/div><br \/>\n<section class=\"av_textblock_section \"  itemscope=\"itemscope\" itemtype=\"https:\/\/schema.org\/CreativeWork\" ><div class='avia_textblock  '   itemprop=\"text\" ><p>Metal, ah\u015fap, plastik v.b malzemeleri i\u015flemek amac\u0131yla kullan\u0131lan CNC tezgah\u0131 fabrikalarda, sanayilerde kullan\u0131l\u0131r ve CNC tezgahlar\u0131n\u0131n bir \u00e7ok \u00e7e\u015fidi bulunmaktad\u0131r.<\/p>\n<p>CNC tezgahlar\u0131n baz\u0131lar\u0131 a\u015fa\u011f\u0131daki gibidir.<br \/>\nFreze tezgah\u0131<br \/>\nTa\u015flama tezgah\u0131<br \/>\nTorna tezgah\u0131<br \/>\nMatkap tezgah\u0131<br \/>\nDelik b\u00fcy\u00fctme tezgah\u0131<\/p>\n<p>Bu ve bunun gibi tezgahlar\u0131n kendine \u00f6zg\u00fc \u00e7al\u0131\u015fma \u00f6zelli\u011fi vard\u0131r. Bir malzemeyi i\u015flemek i\u00e7in tezgah\u0131n kontrol \u00fcnitesindeki verilere g\u00f6re i\u015flenir. G\u00fcn\u00fcm\u00fcz\u00fcn teknolojisinde daha ileri seviyede olan<br \/>\nCNC tezgahlar\u0131 yapt\u0131\u011f\u0131 i\u015f a\u00e7\u0131s\u0131ndan b\u00fcy\u00fck kolayl\u0131k sa\u011flamaktad\u0131r. Bir operat\u00f6r yard\u0131m\u0131 ile kullan\u0131lan CNC tezgahlar\u0131 pahal\u0131 olduklar\u0131 i\u00e7in ve herhangi bir kazaya sebebiyet vermemesi i\u00e7in mutlaka bak\u0131m ve kontrolleri yap\u0131lmal\u0131d\u0131r.<\/p>\n<p>Periyodik Kontrol S\u00fcresi CNC tezgahlar\u0131 \u201c\u0130\u015f Ekipmanlar\u0131 Kullan\u0131m\u0131nda Sa\u011fl\u0131k ve G\u00fcvenlik \u015eartlar\u0131 Y\u00f6netmeli\u011fine\u201d ve bu y\u00f6netmelikte belirtilen ilgili maddelere tabiidir. Bu y\u00f6netmeli\u011fe g\u00f6re CNC tezgahlar\u0131n periyodik kontrolleri y\u0131lda 1 defa yap\u0131lmal\u0131d\u0131r.<\/p>\n<p><strong>\u0130\u015f Ekipmanlar\u0131 Kullan\u0131m\u0131nda Sa\u011fl\u0131k ve G\u00fcvenlik \u015eartlar\u0131 Y\u00f6netmeli\u011fi<\/strong><\/p>\n<p>Bu Y\u00f6netmeli\u011fin amac\u0131, i\u015f yerinde i\u015f ekipmanlar\u0131n\u0131n kullan\u0131m\u0131 ile ilgili sa\u011fl\u0131k ve g\u00fcvenlik y\u00f6n\u00fcnden uyulmas\u0131 gerekli asgari \u015fartlar\u0131 belirlemektir. 20\/6\/2012 tarihli ve 6331 say\u0131l\u0131 \u0130\u015f Sa\u011fl\u0131\u011f\u0131 ve G\u00fcvenli\u011fi Kanunu kapsam\u0131na giren t\u00fcm i\u015f yerlerini kapsar.<\/p>\n<p>6331 say\u0131l\u0131 \u0130\u015f Sa\u011fl\u0131\u011f\u0131 ve G\u00fcvenli\u011fi Kanununun 30 ve 31 inci maddeleri ile 9\/1\/1985 tarihli ve 3146 say\u0131l\u0131 \u00c7al\u0131\u015fma ve Sosyal G\u00fcvenlik Bakanl\u0131\u011f\u0131n\u0131n Te\u015fkilat ve G\u00f6revleri Hakk\u0131nda Kanunun 2 ve 12 nci maddelerine dayan\u0131larak ve 3\/10\/2009 tarihli ve 2009\/104\/EC say\u0131l\u0131 Avrupa Birli\u011fi Direktifine paralel olarak haz\u0131rlanm\u0131\u015ft\u0131r.<\/p>\n<\/div><\/section><\/p><\/div><\/p>\n","protected":false},"excerpt":{"rendered":"","protected":false},"author":1,"featured_media":0,"parent":7414,"menu_order":0,"comment_status":"closed","ping_status":"closed","template":"","meta":{"footnotes":""},"_links":{"self":[{"href":"https:\/\/northakademi.com\/tr\/wp-json\/wp\/v2\/pages\/7424"}],"collection":[{"href":"https:\/\/northakademi.com\/tr\/wp-json\/wp\/v2\/pages"}],"about":[{"href":"https:\/\/northakademi.com\/tr\/wp-json\/wp\/v2\/types\/page"}],"author":[{"embeddable":true,"href":"https:\/\/northakademi.com\/tr\/wp-json\/wp\/v2\/users\/1"}],"replies":[{"embeddable":true,"href":"https:\/\/northakademi.com\/tr\/wp-json\/wp\/v2\/comments?post=7424"}],"version-history":[{"count":1,"href":"https:\/\/northakademi.com\/tr\/wp-json\/wp\/v2\/pages\/7424\/revisions"}],"predecessor-version":[{"id":7425,"href":"https:\/\/northakademi.com\/tr\/wp-json\/wp\/v2\/pages\/7424\/revisions\/7425"}],"up":[{"embeddable":true,"href":"https:\/\/northakademi.com\/tr\/wp-json\/wp\/v2\/pages\/7414"}],"wp:attachment":[{"href":"https:\/\/northakademi.com\/tr\/wp-json\/wp\/v2\/media?parent=7424"}],"curies":[{"name":"wp","href":"https:\/\/api.w.org\/{rel}","templated":true}]}}