{"id":7422,"date":"2020-04-29T03:20:39","date_gmt":"2020-04-29T00:20:39","guid":{"rendered":"https:\/\/northakademi.com\/tr\/?page_id=7422"},"modified":"2020-04-29T03:20:39","modified_gmt":"2020-04-29T00:20:39","slug":"freze-tezgahi-muayenesi","status":"publish","type":"page","link":"https:\/\/northakademi.com\/tr\/makine-ve-tezgah-muayenesi\/freze-tezgahi-muayenesi\/","title":{"rendered":"Freze Tezgah\u0131 Muayenesi"},"content":{"rendered":"<\/div><\/div><\/div><!-- close content main div --><\/div><\/div><div id='av_section_1' class='avia-section main_color avia-section-default avia-no-shadow avia-bg-style-scroll   av-minimum-height av-minimum-height-custom container_wrap sidebar_right' style = 'background-repeat: no-repeat; background-image: url(https:\/\/northakademi.com\/tr\/wp-content\/uploads\/2019\/12\/slide-north-akademi-siyah-lacivert.jpg); background-attachment: scroll; background-position: top left; ' data-section-bg-repeat='no-repeat' ><div class='container' style='height:150px'><div class='template-page content  av-content-small alpha units'><div class='post-entry post-entry-type-page post-entry-7422'><div class='entry-content-wrapper clearfix'>\n<div style='padding-bottom:10px;color:#ffffff;' class='av-special-heading av-special-heading-h3 custom-color-heading   '><h3 class='av-special-heading-tag '  itemprop=\"headline\"  >Freze Tezgah\u0131 Muayenesi<\/h3><div class='special-heading-border'><div class='special-heading-inner-border' style='border-color:#ffffff'><\/div><\/div><\/div>\n<\/div><\/div><\/div><!-- close content main div --><\/div><\/div><div id='after_section_1' class='main_color av_default_container_wrap container_wrap sidebar_right'   ><div class='container' ><div class='template-page content  av-content-small alpha units'><div class='post-entry post-entry-type-page post-entry-7422'><div class='entry-content-wrapper clearfix'><div class=\"flex_column av_one_full  flex_column_div av-zero-column-padding first  \" style='border-radius:0px; '><p><div class='avia-image-container  av-styling-    avia-align-center '  itemprop=\"ImageObject\" itemscope=\"itemscope\" itemtype=\"https:\/\/schema.org\/ImageObject\"  ><div class='avia-image-container-inner'><img class='avia_image ' src='https:\/\/northakademi.com\/tr\/wp-content\/uploads\/2019\/12\/north-akademi-egitim-0124.jpg' alt='' title=''   itemprop=\"thumbnailUrl\"  \/><\/div><\/div><br \/>\n<section class=\"av_textblock_section \"  itemscope=\"itemscope\" itemtype=\"https:\/\/schema.org\/CreativeWork\" ><div class='avia_textblock  '   itemprop=\"text\" ><p>Tezgah \u00fczerinde bulunan i\u015f par\u00e7as\u0131n\u0131, birden fazla kesici a\u011fz\u0131 ile \u015fekillendirmeye yarayan tezgaha Freze tezgah\u0131 denir. Torna tezgahlar\u0131na g\u00f6re freze tezgahlar\u0131nda d\u00f6nme hareketini kesici tak\u0131m yapmaktad\u0131r. \u00c7ok u\u00e7lu kesici tak\u0131mlar ile malzemeyi \u015fekillendiren freze tezgah\u0131n\u0131n g\u00f6vde, ba\u015fl\u0131k, taba, tezgah mili, taban, araba, konsol, \u00e7evirme kolu, yatak ve ayd\u0131nlatma lambas\u0131 gibi \u00e7al\u0131\u015fan aksamlar\u0131 bulunmaktad\u0131r.<\/p>\n<p>G\u00f6vde b\u00f6l\u00fcm\u00fc t\u00fcm \u00e7al\u0131\u015fan sistemi sa\u011flam bir \u015fekilde tutar ve \u00e7al\u0131\u015fma an\u0131nda titre\u015fimden ve sars\u0131lmalardan \u00f6nler. Sanayide ve fabrikalarda kullan\u0131lan freze tezgahlar\u0131n\u0131n bir \u00e7ok \u00e7e\u015fidi bulunmaktad\u0131r.<\/p>\n<p>Freze Tezgah\u0131 \u00c7e\u015fitleri<br \/>\nS\u00fctunlu freze tezgah\u0131<br \/>\nKonsollu\u00a0freze tezgah\u0131<br \/>\nYatay\u00a0freze tezgah\u0131<br \/>\nD\u00fc\u015fey\u00a0freze tezgah\u0131<br \/>\nPlanya\u00a0freze tezgah\u0131<br \/>\nKopya\u00a0freze tezgah\u0131<br \/>\nUniversal\u00a0freze tezgah\u0131<br \/>\nElektronik\u00a0freze tezgah\u0131<br \/>\nHidrolik\u00a0freze tezgah\u0131<br \/>\n\u00d6zel freze tezgah\u0131<\/p>\n<p>Freze tezgahlar\u0131 \u201c\u0130\u015f ekipmanlar\u0131 Kullan\u0131m\u0131nda Sa\u011fl\u0131k ve G\u00fcvenlik \u015eartlar\u0131 Y\u00f6netmeli\u011fine\u201d tabiidir. Freze tezgahlar\u0131 bu y\u00f6netmeli\u011fe g\u00f6re Freze tezgahlar\u0131 y\u0131lda 1 defa teste tabii tutularak periyodik kontrol\u00fc yap\u0131l\u0131r.<\/p>\n<p><strong>\u0130\u015f Ekipmanlar\u0131 Kullan\u0131m\u0131nda Sa\u011fl\u0131k ve G\u00fcvenlik \u015eartlar\u0131 Y\u00f6netmeli\u011fi<\/strong><\/p>\n<p>Bu Y\u00f6netmeli\u011fin amac\u0131, i\u015f yerinde i\u015f ekipmanlar\u0131n\u0131n kullan\u0131m\u0131 ile ilgili sa\u011fl\u0131k ve g\u00fcvenlik y\u00f6n\u00fcnden uyulmas\u0131 gerekli asgari \u015fartlar\u0131 belirlemektir. 20\/6\/2012 tarihli ve 6331 say\u0131l\u0131 \u0130\u015f Sa\u011fl\u0131\u011f\u0131 ve G\u00fcvenli\u011fi Kanunu kapsam\u0131na giren t\u00fcm i\u015f yerlerini kapsar.<\/p>\n<p>6331 say\u0131l\u0131 \u0130\u015f Sa\u011fl\u0131\u011f\u0131 ve G\u00fcvenli\u011fi Kanununun 30 ve 31 inci maddeleri ile 9\/1\/1985 tarihli ve 3146 say\u0131l\u0131 \u00c7al\u0131\u015fma ve Sosyal G\u00fcvenlik Bakanl\u0131\u011f\u0131n\u0131n Te\u015fkilat ve G\u00f6revleri Hakk\u0131nda Kanunun 2 ve 12 nci maddelerine dayan\u0131larak ve 3\/10\/2009 tarihli ve 2009\/104\/EC say\u0131l\u0131 Avrupa Birli\u011fi Direktifine paralel olarak haz\u0131rlanm\u0131\u015ft\u0131r.<\/p>\n<\/div><\/section><\/p><\/div><\/p>\n","protected":false},"excerpt":{"rendered":"","protected":false},"author":1,"featured_media":0,"parent":7414,"menu_order":0,"comment_status":"closed","ping_status":"closed","template":"","meta":{"footnotes":""},"_links":{"self":[{"href":"https:\/\/northakademi.com\/tr\/wp-json\/wp\/v2\/pages\/7422"}],"collection":[{"href":"https:\/\/northakademi.com\/tr\/wp-json\/wp\/v2\/pages"}],"about":[{"href":"https:\/\/northakademi.com\/tr\/wp-json\/wp\/v2\/types\/page"}],"author":[{"embeddable":true,"href":"https:\/\/northakademi.com\/tr\/wp-json\/wp\/v2\/users\/1"}],"replies":[{"embeddable":true,"href":"https:\/\/northakademi.com\/tr\/wp-json\/wp\/v2\/comments?post=7422"}],"version-history":[{"count":1,"href":"https:\/\/northakademi.com\/tr\/wp-json\/wp\/v2\/pages\/7422\/revisions"}],"predecessor-version":[{"id":7423,"href":"https:\/\/northakademi.com\/tr\/wp-json\/wp\/v2\/pages\/7422\/revisions\/7423"}],"up":[{"embeddable":true,"href":"https:\/\/northakademi.com\/tr\/wp-json\/wp\/v2\/pages\/7414"}],"wp:attachment":[{"href":"https:\/\/northakademi.com\/tr\/wp-json\/wp\/v2\/media?parent=7422"}],"curies":[{"name":"wp","href":"https:\/\/api.w.org\/{rel}","templated":true}]}}