{"id":7420,"date":"2020-04-29T03:19:43","date_gmt":"2020-04-29T00:19:43","guid":{"rendered":"https:\/\/northakademi.com\/tr\/?page_id=7420"},"modified":"2020-04-29T03:19:43","modified_gmt":"2020-04-29T00:19:43","slug":"serit-testere-muayenesi","status":"publish","type":"page","link":"https:\/\/northakademi.com\/tr\/makine-ve-tezgah-muayenesi\/serit-testere-muayenesi\/","title":{"rendered":"\u015eerit Testere Muayenesi"},"content":{"rendered":"<\/div><\/div><\/div><!-- close content main div --><\/div><\/div><div id='av_section_1' class='avia-section main_color avia-section-default avia-no-shadow avia-bg-style-scroll   av-minimum-height av-minimum-height-custom container_wrap sidebar_right' style = 'background-repeat: no-repeat; background-image: url(https:\/\/northakademi.com\/tr\/wp-content\/uploads\/2019\/12\/slide-north-akademi-siyah-lacivert.jpg); background-attachment: scroll; background-position: top left; ' data-section-bg-repeat='no-repeat' ><div class='container' style='height:150px'><div class='template-page content  av-content-small alpha units'><div class='post-entry post-entry-type-page post-entry-7420'><div class='entry-content-wrapper clearfix'>\n<div style='padding-bottom:10px;color:#ffffff;' class='av-special-heading av-special-heading-h3 custom-color-heading   '><h3 class='av-special-heading-tag '  itemprop=\"headline\"  >\u015eerit Testere Muayenesi<\/h3><div class='special-heading-border'><div class='special-heading-inner-border' style='border-color:#ffffff'><\/div><\/div><\/div>\n<\/div><\/div><\/div><!-- close content main div --><\/div><\/div><div id='after_section_1' class='main_color av_default_container_wrap container_wrap sidebar_right'   ><div class='container' ><div class='template-page content  av-content-small alpha units'><div class='post-entry post-entry-type-page post-entry-7420'><div class='entry-content-wrapper clearfix'><div class=\"flex_column av_one_full  flex_column_div av-zero-column-padding first  \" style='border-radius:0px; '><p><div class='avia-image-container  av-styling-    avia-align-center '  itemprop=\"ImageObject\" itemscope=\"itemscope\" itemtype=\"https:\/\/schema.org\/ImageObject\"  ><div class='avia-image-container-inner'><img class='avia_image ' src='https:\/\/northakademi.com\/tr\/wp-content\/uploads\/2019\/12\/north-akademi-egitim-0124.jpg' alt='' title=''   itemprop=\"thumbnailUrl\"  \/><\/div><\/div><br \/>\n<section class=\"av_textblock_section \"  itemscope=\"itemscope\" itemtype=\"https:\/\/schema.org\/CreativeWork\" ><div class='avia_textblock  '   itemprop=\"text\" ><p>Her t\u00fcrl\u00fc a\u011fa\u00e7 \u00e7e\u015fidini istenilen \u00f6l\u00e7\u00fcde kesen \u015ferit testerenin de\u011fi\u015fik \u00e7aplarda kesme a\u011fz\u0131 bulunur ve\u00a0 \u015ferit testerenin g\u00f6vde, tabla, kasnak, koruyucu kapak, testere klavuzu ve lamas\u0131 ayr\u0131ca bir de motoru bulunmaktad\u0131r.<\/p>\n<p>Halk aras\u0131nda deveboynu ve h\u0131zar gibi isimlerle an\u0131lan \u015ferit testere elektrik motorundan ald\u0131\u011f\u0131 g\u00fc\u00e7 ile \u00e7al\u0131\u015fmaktad\u0131r. \u015eerit testere marangoz at\u00f6lyelerinde ve tomruk fabrikalar\u0131nda kullan\u0131lmaktad\u0131rlar. Biri alt tarafta di\u011feri ise \u00fcst tarafta olmak \u00fczere iki kasnak etraf\u0131nda yukar\u0131 a\u015fa\u011f\u0131 d\u00f6necek \u015fekilde \u015ferit lambas\u0131n\u0131n d\u00f6nmesi ile i\u015fleri yapar.<\/p>\n<p>Son derece tehlikeli bir makine olan \u015ferit testerenin mutlaka bak\u0131m ve kontrolleri yap\u0131lmal\u0131d\u0131r. \u201c\u0130\u015f ekipmanlar\u0131 kullan\u0131m\u0131nda sa\u011fl\u0131k ve g\u00fcvenlik \u015fartlar\u0131 y\u00f6netmeli\u011fine\u201d tabiidir. Yap\u0131lan bu kontroller sonucunda \u015ferit testerenin i\u015f sa\u011fl\u0131\u011f\u0131 ve g\u00fcvenli\u011fi al\u0131nm\u0131\u015f olur ve uzun y\u0131llar kullan\u0131m imkan\u0131 sunar. Ayr\u0131ca bu y\u00f6netmeli\u011fe g\u00f6re \u015ferit testere kontrolleri y\u0131lda 1 defa periyodik olarak kontrolleri yap\u0131lmal\u0131d\u0131r.<\/p>\n<p><strong>\u0130\u015f Ekipmanlar\u0131 Kullan\u0131m\u0131nda Sa\u011fl\u0131k ve G\u00fcvenlik \u015eartlar\u0131 Y\u00f6netmeli\u011fi<\/strong><\/p>\n<p>Bu Y\u00f6netmeli\u011fin amac\u0131, i\u015f yerinde i\u015f ekipmanlar\u0131n\u0131n kullan\u0131m\u0131 ile ilgili sa\u011fl\u0131k ve g\u00fcvenlik y\u00f6n\u00fcnden uyulmas\u0131 gerekli asgari \u015fartlar\u0131 belirlemektir. 20\/6\/2012 tarihli ve 6331 say\u0131l\u0131 \u0130\u015f Sa\u011fl\u0131\u011f\u0131 ve G\u00fcvenli\u011fi Kanunu kapsam\u0131na giren t\u00fcm i\u015f yerlerini kapsar.<\/p>\n<p>6331 say\u0131l\u0131 \u0130\u015f Sa\u011fl\u0131\u011f\u0131 ve G\u00fcvenli\u011fi Kanununun 30 ve 31 inci maddeleri ile 9\/1\/1985 tarihli ve 3146 say\u0131l\u0131 \u00c7al\u0131\u015fma ve Sosyal G\u00fcvenlik Bakanl\u0131\u011f\u0131n\u0131n Te\u015fkilat ve G\u00f6revleri Hakk\u0131nda Kanunun 2 ve 12 nci maddelerine dayan\u0131larak ve 3\/10\/2009 tarihli ve 2009\/104\/EC say\u0131l\u0131 Avrupa Birli\u011fi Direktifine paralel olarak haz\u0131rlanm\u0131\u015ft\u0131r.<\/p>\n<\/div><\/section><\/p><\/div><\/p>\n","protected":false},"excerpt":{"rendered":"","protected":false},"author":1,"featured_media":0,"parent":7414,"menu_order":0,"comment_status":"closed","ping_status":"closed","template":"","meta":{"footnotes":""},"_links":{"self":[{"href":"https:\/\/northakademi.com\/tr\/wp-json\/wp\/v2\/pages\/7420"}],"collection":[{"href":"https:\/\/northakademi.com\/tr\/wp-json\/wp\/v2\/pages"}],"about":[{"href":"https:\/\/northakademi.com\/tr\/wp-json\/wp\/v2\/types\/page"}],"author":[{"embeddable":true,"href":"https:\/\/northakademi.com\/tr\/wp-json\/wp\/v2\/users\/1"}],"replies":[{"embeddable":true,"href":"https:\/\/northakademi.com\/tr\/wp-json\/wp\/v2\/comments?post=7420"}],"version-history":[{"count":1,"href":"https:\/\/northakademi.com\/tr\/wp-json\/wp\/v2\/pages\/7420\/revisions"}],"predecessor-version":[{"id":7421,"href":"https:\/\/northakademi.com\/tr\/wp-json\/wp\/v2\/pages\/7420\/revisions\/7421"}],"up":[{"embeddable":true,"href":"https:\/\/northakademi.com\/tr\/wp-json\/wp\/v2\/pages\/7414"}],"wp:attachment":[{"href":"https:\/\/northakademi.com\/tr\/wp-json\/wp\/v2\/media?parent=7420"}],"curies":[{"name":"wp","href":"https:\/\/api.w.org\/{rel}","templated":true}]}}