{"id":7407,"date":"2020-04-29T03:03:01","date_gmt":"2020-04-29T00:03:01","guid":{"rendered":"https:\/\/northakademi.com\/tr\/?page_id=7407"},"modified":"2020-04-29T03:03:01","modified_gmt":"2020-04-29T00:03:01","slug":"yangin-tupu-periyodik-kontrol-muayenesi","status":"publish","type":"page","link":"https:\/\/northakademi.com\/tr\/elektriksel-olcumler-ve-tesisatlar\/yangin-tupu-periyodik-kontrol-muayenesi\/","title":{"rendered":"Yang\u0131n T\u00fcp\u00fc Periyodik Kontrol Muayenesi"},"content":{"rendered":"<\/div><\/div><\/div><!-- close content main div --><\/div><\/div><div id='av_section_1' class='avia-section main_color avia-section-default avia-no-shadow avia-bg-style-scroll   av-minimum-height av-minimum-height-custom container_wrap sidebar_right' style = 'background-repeat: no-repeat; background-image: url(https:\/\/northakademi.com\/tr\/wp-content\/uploads\/2019\/12\/slide-north-akademi-siyah-lacivert.jpg); background-attachment: scroll; background-position: top left; ' data-section-bg-repeat='no-repeat' ><div class='container' style='height:150px'><div class='template-page content  av-content-small alpha units'><div class='post-entry post-entry-type-page post-entry-7407'><div class='entry-content-wrapper clearfix'>\n<div style='padding-bottom:10px;color:#ffffff;' class='av-special-heading av-special-heading-h3 custom-color-heading   '><h3 class='av-special-heading-tag '  itemprop=\"headline\"  >Yang\u0131n T\u00fcp\u00fc Periyodik Kontrol Muayenesi<\/h3><div class='special-heading-border'><div class='special-heading-inner-border' style='border-color:#ffffff'><\/div><\/div><\/div>\n<\/div><\/div><\/div><!-- close content main div --><\/div><\/div><div id='after_section_1' class='main_color av_default_container_wrap container_wrap sidebar_right'   ><div class='container' ><div class='template-page content  av-content-small alpha units'><div class='post-entry post-entry-type-page post-entry-7407'><div class='entry-content-wrapper clearfix'><div class=\"flex_column av_one_full  flex_column_div av-zero-column-padding first  \" style='border-radius:0px; '><p><div class='avia-image-container  av-styling-    avia-align-center '  itemprop=\"ImageObject\" itemscope=\"itemscope\" itemtype=\"https:\/\/schema.org\/ImageObject\"  ><div class='avia-image-container-inner'><img class='avia_image ' src='https:\/\/northakademi.com\/tr\/wp-content\/uploads\/2019\/12\/north-akademi-egitim-0124.jpg' alt='' title=''   itemprop=\"thumbnailUrl\"  \/><\/div><\/div><br \/>\n<section class=\"av_textblock_section \"  itemscope=\"itemscope\" itemtype=\"https:\/\/schema.org\/CreativeWork\" ><div class='avia_textblock  '   itemprop=\"text\" ><p>Yang\u0131na her an m\u00fcdahale etmek i\u00e7in kullan\u0131lan k\u00fc\u00e7\u00fck ama etkili bir s\u00f6nd\u00fcrme cihaz\u0131 olan yang\u0131n t\u00fcp\u00fc, binalarda, m\u00fcstakil evlerde, ofislerde, i\u015fletmelerde, i\u015f yerlerinde, okullarda, kamu binalar\u0131nda akl\u0131n\u0131za gelebilecek her yerde kullan\u0131l\u0131r. Araban\u0131zda dahi g\u00fcvenlik ama\u00e7l\u0131 ufak yang\u0131nlara kar\u015f\u0131 kullan\u0131lan yang\u0131n t\u00fcplerinin bir \u00e7ok \u00e7e\u015fidi vard\u0131r.<\/p>\n<p>K\u00f6p\u00fckl\u00fc, kuru kimyevi tozlu, halokarbonlu ve karbondioksitli yang\u0131n s\u00f6nd\u00fcrme t\u00fcp \u00e7e\u015fitleri vard\u0131r. Kullan\u0131m alanlar\u0131na g\u00f6re farkl\u0131l\u0131k g\u00f6steren yang\u0131n t\u00fcpleri 4-5 metre mesafeye kadar p\u00fcsk\u00fcrtebilir ve 15-20 saniyede de t\u00fcp\u00fc bo\u015faltabilirsiniz. K\u00fc\u00e7\u00fck yang\u0131nlar\u0131n b\u00fcy\u00fcmesini engelleyen yang\u0131n t\u00fcplerinin mutlaka bak\u0131m ve periyodik kontrolleri yap\u0131lmal\u0131d\u0131r.<\/p>\n<p><strong>\u0130\u015f Ekipmanlar\u0131 Kullan\u0131m\u0131nda Sa\u011fl\u0131k ve G\u00fcvenlik \u015eartlar\u0131 Y\u00f6netmeli\u011fi<\/strong><\/p>\n<p>Bu Y\u00f6netmeli\u011fin amac\u0131, i\u015f yerinde i\u015f ekipmanlar\u0131n\u0131n kullan\u0131m\u0131 ile ilgili sa\u011fl\u0131k ve g\u00fcvenlik y\u00f6n\u00fcnden uyulmas\u0131 gerekli asgari \u015fartlar\u0131 belirlemektir. 20\/6\/2012 tarihli ve 6331 say\u0131l\u0131 \u0130\u015f Sa\u011fl\u0131\u011f\u0131 ve G\u00fcvenli\u011fi Kanunu kapsam\u0131na giren t\u00fcm i\u015f yerlerini kapsar.<\/p>\n<p>6331 say\u0131l\u0131 \u0130\u015f Sa\u011fl\u0131\u011f\u0131 ve G\u00fcvenli\u011fi Kanununun 30 ve 31 inci maddeleri ile 9\/1\/1985 tarihli ve 3146 say\u0131l\u0131 \u00c7al\u0131\u015fma ve Sosyal G\u00fcvenlik Bakanl\u0131\u011f\u0131n\u0131n Te\u015fkilat ve G\u00f6revleri Hakk\u0131nda Kanunun 2 ve 12 nci maddelerine dayan\u0131larak ve 3\/10\/2009 tarihli ve 2009\/104\/EC say\u0131l\u0131 Avrupa Birli\u011fi Direktifine paralel olarak haz\u0131rlanm\u0131\u015ft\u0131r.<\/p>\n<\/div><\/section><\/p><\/div><\/p>\n","protected":false},"excerpt":{"rendered":"","protected":false},"author":1,"featured_media":0,"parent":7381,"menu_order":0,"comment_status":"closed","ping_status":"closed","template":"","meta":{"footnotes":""},"_links":{"self":[{"href":"https:\/\/northakademi.com\/tr\/wp-json\/wp\/v2\/pages\/7407"}],"collection":[{"href":"https:\/\/northakademi.com\/tr\/wp-json\/wp\/v2\/pages"}],"about":[{"href":"https:\/\/northakademi.com\/tr\/wp-json\/wp\/v2\/types\/page"}],"author":[{"embeddable":true,"href":"https:\/\/northakademi.com\/tr\/wp-json\/wp\/v2\/users\/1"}],"replies":[{"embeddable":true,"href":"https:\/\/northakademi.com\/tr\/wp-json\/wp\/v2\/comments?post=7407"}],"version-history":[{"count":1,"href":"https:\/\/northakademi.com\/tr\/wp-json\/wp\/v2\/pages\/7407\/revisions"}],"predecessor-version":[{"id":7408,"href":"https:\/\/northakademi.com\/tr\/wp-json\/wp\/v2\/pages\/7407\/revisions\/7408"}],"up":[{"embeddable":true,"href":"https:\/\/northakademi.com\/tr\/wp-json\/wp\/v2\/pages\/7381"}],"wp:attachment":[{"href":"https:\/\/northakademi.com\/tr\/wp-json\/wp\/v2\/media?parent=7407"}],"curies":[{"name":"wp","href":"https:\/\/api.w.org\/{rel}","templated":true}]}}