{"id":7401,"date":"2020-04-29T02:58:01","date_gmt":"2020-04-28T23:58:01","guid":{"rendered":"https:\/\/northakademi.com\/tr\/?page_id=7401"},"modified":"2020-04-29T02:58:01","modified_gmt":"2020-04-28T23:58:01","slug":"termal-kamera-olcumu-ve-periyodik-kontrolu","status":"publish","type":"page","link":"https:\/\/northakademi.com\/tr\/elektriksel-olcumler-ve-tesisatlar\/termal-kamera-olcumu-ve-periyodik-kontrolu\/","title":{"rendered":"Termal Kamera \u00d6l\u00e7\u00fcm\u00fc ve Periyodik Kontrol\u00fc"},"content":{"rendered":"<\/div><\/div><\/div><!-- close content main div --><\/div><\/div><div id='av_section_1' class='avia-section main_color avia-section-default avia-no-shadow avia-bg-style-scroll   av-minimum-height av-minimum-height-custom container_wrap sidebar_right' style = 'background-repeat: no-repeat; background-image: url(https:\/\/northakademi.com\/tr\/wp-content\/uploads\/2019\/12\/slide-north-akademi-siyah-lacivert.jpg); background-attachment: scroll; background-position: top left; ' data-section-bg-repeat='no-repeat' ><div class='container' style='height:150px'><div class='template-page content  av-content-small alpha units'><div class='post-entry post-entry-type-page post-entry-7401'><div class='entry-content-wrapper clearfix'>\n<div style='padding-bottom:10px;color:#ffffff;' class='av-special-heading av-special-heading-h3 custom-color-heading   '><h3 class='av-special-heading-tag '  itemprop=\"headline\"  >Termal Kamera \u00d6l\u00e7\u00fcm\u00fc ve Periyodik Kontrol\u00fc<\/h3><div class='special-heading-border'><div class='special-heading-inner-border' style='border-color:#ffffff'><\/div><\/div><\/div>\n<\/div><\/div><\/div><!-- close content main div --><\/div><\/div><div id='after_section_1' class='main_color av_default_container_wrap container_wrap sidebar_right'   ><div class='container' ><div class='template-page content  av-content-small alpha units'><div class='post-entry post-entry-type-page post-entry-7401'><div class='entry-content-wrapper clearfix'><div class=\"flex_column av_one_full  flex_column_div av-zero-column-padding first  \" style='border-radius:0px; '><p><div class='avia-image-container  av-styling-    avia-align-center '  itemprop=\"ImageObject\" itemscope=\"itemscope\" itemtype=\"https:\/\/schema.org\/ImageObject\"  ><div class='avia-image-container-inner'><img class='avia_image ' src='https:\/\/northakademi.com\/tr\/wp-content\/uploads\/2019\/12\/north-akademi-egitim-0124.jpg' alt='' title=''   itemprop=\"thumbnailUrl\"  \/><\/div><\/div><br \/>\n<section class=\"av_textblock_section \"  itemscope=\"itemscope\" itemtype=\"https:\/\/schema.org\/CreativeWork\" ><div class='avia_textblock  '   itemprop=\"text\" ><p>Termal kamera insan g\u00f6z\u00fcn\u00fcn g\u00f6rmedi\u011fi \u0131s\u0131 enerjisini \u00f6l\u00e7en sistemdir. \u00d6l\u00e7\u00fclen yerin a\u015f\u0131r\u0131 s\u0131cakl\u0131klar\u0131n\u0131 tespit eden bu cihaz ile kazalar\u0131n \u00f6n\u00fcne ge\u00e7ilebilir. Genellikle g\u00fcvenlik ama\u00e7l\u0131 askeri alanlarda kullan\u0131lan termal kameralar \u00f6zel sekt\u00f6rde \u00f6zellikle m\u00fchendislik uygulamalar\u0131nda kullan\u0131lmaktad\u0131r.<\/p>\n<p>Termal kamera \u00f6l\u00e7\u00fcm\u00fc, elektrik tesisat\u0131, elektrik panosu, makinalar, asans\u00f6rler ve in\u015faat sekt\u00f6r\u00fcndeki yap\u0131larda olmak \u00fczere akl\u0131n\u0131za gelebilecek bir \u00e7ok alanda kullan\u0131lmaktad\u0131r. Fabrikan\u0131zda, i\u015f yerinizde \u00fcretti\u011finiz veya \u00fcretilen her hangi bir \u00fcr\u00fcn\u00fcn \u00e7al\u0131\u015fmas\u0131 s\u0131ras\u0131nda s\u0131cakl\u0131k de\u011fi\u015fimleri termal kamera \u00f6l\u00e7\u00fclebilmektedir. Termal kamera ile \u00f6l\u00e7\u00fcm ve testi her sekt\u00f6rde yap\u0131labilmektedir.<\/p>\n<p>Termal Kamera ile \u00d6l\u00e7\u00fcm\u00fc ve Kontrol\u00fc Uygulama Alanlar\u0131<br \/>\nElektrik ak\u0131m\u0131n\u0131n ge\u00e7i\u015finde elektrik tesisat\u0131nda ve tesisattaki di\u011fer elemanlar\u0131n (trafolar, kablolar, sigortalar, merdiven otomati\u011fi, anahtarlar, kapasit\u00f6rler ve di\u011fer ba\u011flant\u0131 elemanlar\u0131)\u2019n\u0131n elektrik ile bulu\u015fmas\u0131 ile olu\u015fan fazla \u0131s\u0131nmalar\u0131 termal kamera ile tespit edilebilir.<br \/>\nFabrikalarda bulunan b\u00fcy\u00fck, k\u00fc\u00e7\u00fck, kesici ve delici t\u00fcm makinalar\u0131n termal kamera a\u015f\u0131r\u0131 s\u0131cakl\u0131klar tespit edilebilir. Seri \u00fcretim yapan fabrikalarda kullan\u0131lan t\u00fcm cihazlar\u0131n ve makinelerin a\u015f\u0131r\u0131 s\u0131cakl\u0131klar\u0131n \u00f6l\u00e7\u00fcm\u00fc yap\u0131l\u0131r.<br \/>\nKonutlarda, plazalarda, komu kurum ve kurulu\u015flarda, depolarda, silolalar da kullan\u0131lan insan ve y\u00fck asans\u00f6rlerinin panolar\u0131, elektrik aksamlar\u0131 ve elektrik motorunun \u00e7al\u0131\u015fmas\u0131 s\u0131ras\u0131nda \u00f6l\u00e7\u00fcmleri yap\u0131larak a\u015f\u0131r\u0131 \u0131s\u0131nan b\u00f6lgeler ve cihazlar termal kamera ile tespit edilebilir.<\/p>\n<p>Bas\u0131n\u00e7l\u0131 kap ve tesisatlar da kullan\u0131lan sistemler y\u00fcksek bas\u0131n\u00e7ta ve y\u00fcksek s\u0131cakl\u0131kta \u00e7al\u0131\u015f\u0131rlar. Bu s\u0131cakl\u0131klar\u0131n normalde \u00e7ok daha fazla olmas\u0131 durumlar\u0131nda, bas\u0131n\u00e7l\u0131 tesisatta ve bu tesisattaki kullan\u0131lan par\u00e7alar\u0131n a\u015f\u0131r\u0131 s\u0131cakl\u0131k de\u011ferlerinin \u00f6l\u00e7\u00fcm\u00fc yap\u0131l\u0131r.<br \/>\nKald\u0131rma iletme ekipmanlar\u0131 olan, teleferikler, forkliftler, vin\u00e7ler, kamyonlar ve di\u011fer t\u00fcm i\u015f makinalar\u0131 termal kamera ile \u00f6l\u00e7\u00fcl\u00fcr ve a\u015f\u0131r\u0131 s\u0131cakl\u0131klar tespit edilir.<\/p>\n<p>Veri merkezlerinde, ileti\u015fim operat\u00f6rlerinin kulland\u0131\u011f\u0131 sunucularda 7\/24 i\u015flem yap\u0131lan t\u00fcm bilgisayar ve donan\u0131mlar\u0131n\u0131n termal kamera ile a\u015f\u0131r\u0131 s\u0131cakl\u0131klar\u0131n\u0131n \u00f6l\u00e7\u00fcm\u00fc yap\u0131l\u0131r.<\/p>\n<p>Yukar\u0131da belirtilen ve di\u011fer b\u00fct\u00fcn sekt\u00f6rlerde kullan\u0131lan cihazlar\u0131n, makinalar\u0131n ve tesisatlar\u0131n termal kamera ile \u00f6l\u00e7\u00fcmleri yap\u0131larak a\u015f\u0131r\u0131 s\u0131cakl\u0131klar\u0131 tespit edilir. Tespit edilen a\u015f\u0131r\u0131 s\u0131cakl\u0131klar firma yetkililerine bildirilerek \u00f6nlemlerin al\u0131nmas\u0131 sa\u011flan\u0131r.<\/p>\n<\/div><\/section><\/p><\/div><\/p>\n","protected":false},"excerpt":{"rendered":"","protected":false},"author":1,"featured_media":0,"parent":7381,"menu_order":0,"comment_status":"closed","ping_status":"closed","template":"","meta":{"footnotes":""},"_links":{"self":[{"href":"https:\/\/northakademi.com\/tr\/wp-json\/wp\/v2\/pages\/7401"}],"collection":[{"href":"https:\/\/northakademi.com\/tr\/wp-json\/wp\/v2\/pages"}],"about":[{"href":"https:\/\/northakademi.com\/tr\/wp-json\/wp\/v2\/types\/page"}],"author":[{"embeddable":true,"href":"https:\/\/northakademi.com\/tr\/wp-json\/wp\/v2\/users\/1"}],"replies":[{"embeddable":true,"href":"https:\/\/northakademi.com\/tr\/wp-json\/wp\/v2\/comments?post=7401"}],"version-history":[{"count":1,"href":"https:\/\/northakademi.com\/tr\/wp-json\/wp\/v2\/pages\/7401\/revisions"}],"predecessor-version":[{"id":7402,"href":"https:\/\/northakademi.com\/tr\/wp-json\/wp\/v2\/pages\/7401\/revisions\/7402"}],"up":[{"embeddable":true,"href":"https:\/\/northakademi.com\/tr\/wp-json\/wp\/v2\/pages\/7381"}],"wp:attachment":[{"href":"https:\/\/northakademi.com\/tr\/wp-json\/wp\/v2\/media?parent=7401"}],"curies":[{"name":"wp","href":"https:\/\/api.w.org\/{rel}","templated":true}]}}