{"id":7399,"date":"2020-04-29T02:57:06","date_gmt":"2020-04-28T23:57:06","guid":{"rendered":"https:\/\/northakademi.com\/tr\/?page_id=7399"},"modified":"2020-04-29T02:57:06","modified_gmt":"2020-04-28T23:57:06","slug":"paratoner-olcumu-periyodik-kontrol","status":"publish","type":"page","link":"https:\/\/northakademi.com\/tr\/elektriksel-olcumler-ve-tesisatlar\/paratoner-olcumu-periyodik-kontrol\/","title":{"rendered":"Paratoner \u00d6l\u00e7\u00fcm\u00fc Periyodik Kontrol"},"content":{"rendered":"<\/div><\/div><\/div><!-- close content main div --><\/div><\/div><div id='av_section_1' class='avia-section main_color avia-section-default avia-no-shadow avia-bg-style-scroll   av-minimum-height av-minimum-height-custom container_wrap sidebar_right' style = 'background-repeat: no-repeat; background-image: url(https:\/\/northakademi.com\/tr\/wp-content\/uploads\/2019\/12\/slide-north-akademi-siyah-lacivert.jpg); background-attachment: scroll; background-position: top left; ' data-section-bg-repeat='no-repeat' ><div class='container' style='height:150px'><div class='template-page content  av-content-small alpha units'><div class='post-entry post-entry-type-page post-entry-7399'><div class='entry-content-wrapper clearfix'>\n<div style='padding-bottom:10px;color:#ffffff;' class='av-special-heading av-special-heading-h3 custom-color-heading   '><h3 class='av-special-heading-tag '  itemprop=\"headline\"  >Paratoner \u00d6l\u00e7\u00fcm\u00fc Periyodik Kontrol<\/h3><div class='special-heading-border'><div class='special-heading-inner-border' style='border-color:#ffffff'><\/div><\/div><\/div>\n<\/div><\/div><\/div><!-- close content main div --><\/div><\/div><div id='after_section_1' class='main_color av_default_container_wrap container_wrap sidebar_right'   ><div class='container' ><div class='template-page content  av-content-small alpha units'><div class='post-entry post-entry-type-page post-entry-7399'><div class='entry-content-wrapper clearfix'><div class=\"flex_column av_one_full  flex_column_div av-zero-column-padding first  \" style='border-radius:0px; '><p><div class='avia-image-container  av-styling-    avia-align-center '  itemprop=\"ImageObject\" itemscope=\"itemscope\" itemtype=\"https:\/\/schema.org\/ImageObject\"  ><div class='avia-image-container-inner'><img class='avia_image ' src='https:\/\/northakademi.com\/tr\/wp-content\/uploads\/2019\/12\/north-akademi-egitim-0124.jpg' alt='' title=''   itemprop=\"thumbnailUrl\"  \/><\/div><\/div><br \/>\n<section class=\"av_textblock_section \"  itemscope=\"itemscope\" itemtype=\"https:\/\/schema.org\/CreativeWork\" ><div class='avia_textblock  '   itemprop=\"text\" ><p>Parlay\u0131c\u0131 ve patlay\u0131c\u0131 \u00f6zellikleri olan tehlikeli maddelerin \u00fcretildi\u011fi, bulunduruldu\u011fu veya depoland\u0131\u011f\u0131 bina ve yap\u0131lar\u0131n, y\u00fcr\u00fcrl\u00fckteki yasal mevzuatlar kapsam\u0131nda, y\u0131ld\u0131r\u0131ma kar\u015f\u0131 donat\u0131lmas\u0131 gerekmektedir. Y\u0131ld\u0131r\u0131ma kar\u015f\u0131 korunma ise paratonerler ve al\u0131nacak di\u011fer koruyucu \u00f6nlemlerle sa\u011flanabilmektedir. Paratonerlerden beklenen yarar\u0131 elde edebilmek i\u00e7in de y\u0131lda en az 1 kere yetkili ki\u015filer taraf\u0131ndan kontrol edilmesi gerekmektedir. Bu zorunluluk \u00c7al\u0131\u015fma ve Sosyal G\u00fcvenlik Bakanl\u0131\u011f\u0131\u2019n\u0131n \u00e7\u0131kard\u0131\u011f\u0131 \u0130\u015f Ekipmanlar\u0131n\u0131n Kullan\u0131m\u0131nda Sa\u011fl\u0131k ve G\u00fcvenlik \u015eartlar\u0131 Y\u00f6netmeli\u011fi\u2019nde ifade edilmektedir.<\/p>\n<p>\u0130\u015f Ekipmanlar\u0131n\u0131n Kullan\u0131m\u0131nda Sa\u011fl\u0131k ve G\u00fcvenlik \u015eartlar\u0131 Y\u00f6netmeli\u011fi\u2019ne g\u00f6re, Elektrik Tesislerinde Topraklamalar Y\u00f6netmeli\u011fi, Elektrik Kuvvetli Ak\u0131m Tesisleri Y\u00f6netmeli\u011fi ve Elektrik \u0130\u00e7 Tesisleri Y\u00f6netmeli\u011fi\u2019nde bulunan h\u00fck\u00fcmler sakl\u0131 kalmak ko\u015fuluyla kontroller s\u0131ras\u0131nda \u015fu temel standartlar esas al\u0131nmaktad\u0131r;<\/p>\n<p>TS EN 62305-1 Y\u0131ld\u0131r\u0131mdan korunma \u2013 B\u00f6l\u00fcm 1: Genel kurallarTS EN 61557-1 Al\u00e7ak gerilim da\u011f\u0131t\u0131m sistemlerinde elektriksel g\u00fcvenlik \u2013 1000 v a.a. ve 1500 v d.a.\u2019ya kadar \u2013 Koruyucu d\u00fczenlerin denenmesi, \u00f6l\u00e7\u00fclmesi veya izlenmesi ile ilgili donan\u0131mlar \u2013 B\u00f6l\u00fcm 1: Genel \u00f6zellikler<br \/>\nTS 2607 ISO 1999 Akustik \u2013 \u0130\u015f yerinde maruz kal\u0131nan g\u00fcr\u00fclt\u00fcn\u00fcn tayini ve bu g\u00fcr\u00fclt\u00fcn\u00fcn sebep oldu\u011fu i\u015fitme kayb\u0131n\u0131n tahmini<br \/>\nTS EN ISO 5349-1 Mekanik titre\u015fim \u2013 Ki\u015filerin maruz kald\u0131\u011f\u0131 elle iletilen titre\u015fimin \u00f6l\u00e7\u00fclmesi ve de\u011ferlendirilmesi -B\u00f6l\u00fcm 1: Genel kurallar<br \/>\nTS EN ISO 5349-2 Mekanik titre\u015fim \u2013 Ki\u015filerin maruz kald\u0131\u011f\u0131, elden v\u00fccuda iletilen titre\u015fimin \u00f6l\u00e7\u00fclmesi ve de\u011ferlendirilmesi \u2013 B\u00f6l\u00fcm 2: \u0130\u015f yerlerinde \u00f6l\u00e7me yapmak i\u00e7in pratik k\u0131lavuz<\/p>\n<p><strong>Paratoner \u00d6l\u00e7\u00fcm\u00fc Ka\u00e7 Y\u0131lda Bir Yap\u0131l\u0131r?<\/strong><\/p>\n<p>\u0130lgili Mevzuat gere\u011fi y\u00f6netmeli\u011fin Ek III Bak\u0131m, Onar\u0131m ve Periyodik Kontrol ile \u0130lgili Hususlar b\u00f6l\u00fcm\u00fcn\u00fcn 1.4 Maddesi gere\u011fi; \u201cPeriyodik muayene aral\u0131\u011f\u0131 ve kriterleri standartlarda aksi bir \u015fekilde belirlenmemi\u015f i\u015f ekipmanlar\u0131n\u0131n periyodik kontrolleri ve muayeneleri, varsa imalat\u00e7\u0131n\u0131n \u00f6ng\u00f6rd\u00fc\u011f\u00fc aral\u0131k ve kriterlerde yap\u0131l\u0131r ibaresi yer almaktad\u0131r. Bu hususlar, imalat\u00e7\u0131 taraf\u0131ndan belirlenmemi\u015fse i\u015f ekipman\u0131n\u0131n periyodik muayene &amp; kontrol, bulundu\u011fu i\u015fyerindeki ortam ko\u015fullar\u0131, kullan\u0131m s\u0131kl\u0131\u011f\u0131 ile kullan\u0131m s\u00fcresi gibi baz\u0131 fakt\u00f6rler g\u00f6z \u00f6n\u00fcnde bulundurularak, yap\u0131lacak risk analizi ve de\u011ferlendirmesi sonu\u00e7lar\u0131na g\u00f6re, belirlenecek aral\u0131klarda yap\u0131lmal\u0131d\u0131r. Belirlenen periyodik muayene aral\u0131\u011f\u0131n\u0131n ilgili Y\u00f6netmelikte olas\u0131 durumlar d\u0131\u015f\u0131nda bir y\u0131l\u0131 a\u015fmamas\u0131 gerekir.\u201d h\u00fckm\u00fcndedir. Paratoner \u00f6l\u00e7\u00fcm\u00fc i\u00e7in y\u0131lda en az \u201c1\u201d kere veya daha fazla aral\u0131klarla olmak ko\u015fulu ile mutlaka i\u015fletmedeki tesisat\u0131n periyodik kontrol muayenelerinin yapt\u0131r\u0131lmas\u0131 kanunen zorunludur.<\/p>\n<p><strong>Paratoner Y\u00f6netmeli\u011fi Nedir?<\/strong><\/p>\n<p>Paratoner \u00f6l\u00e7\u00fcmlerinin kontrollerinin yap\u0131lmas\u0131na dair Mevzuat gere\u011fi \u0130\u015f Kanunu \u00e7er\u00e7evesinde tan\u0131mlanan bir y\u00f6netmelik bulunmaktad\u0131r. Bu y\u00f6netmelik \u201c\u0130\u015f Ekipmanlar\u0131n\u0131n Kullan\u0131m\u0131nda Sa\u011fl\u0131k ve G\u00fcvenlik \u015eartlar\u0131 Y\u00f6netmeli\u011fi\u201ddir. Y\u00f6netmeli\u011fin, Ek III B\u00f6l\u00fcm\u00fcn\u00fcn 2.3. Tesisatlar maddesinin, 2.3.1. bendi \u201cilgili standartlarda aksi belirtilmedi\u011fi s\u00fcrece tesisatlar\u0131n periyodik kontrolleri y\u0131lda bir yap\u0131l\u0131r\u201d h\u00fckm\u00fcndedir. Ve ayr\u0131ca bu Y\u00f6netmeli\u011fi\u2019nin Ek III B\u00f6l\u00fcm\u00fcn\u00fcn 2.4. Tezgahlar maddesinin, 2.4.1. bendi \u201cMakina ve tezgahlar\u0131n periyodik kontrolleri Ek III; Madde 1.4\u2019te yer alan hususlara uygun olarak yap\u0131l\u0131r\u201d h\u00fckm\u00fcndedir. Yap\u0131lan bu elektriksel kontrol; elektriksel \u00f6l\u00e7\u00fcm ve elektriksel muayeneler, 21\/8\/2001 tarihli ve 24500 say\u0131l\u0131 Resm\u00ee Gaz\/ete\u2019de Yay\u0131nlanan Elektrik Tesislerinde Paratonerlar Y\u00f6netmeli\u011fi, 30\/11\/2000 tarihli ve 24246 say\u0131l\u0131 Resm\u00ee Gazete\u2018de yay\u0131mlanan Elektrik Kuvvetli Ak\u0131m Tesisleri Y\u00f6netmeli\u011fi ve 4\/111984 tarihli ve 18565 say\u0131l\u0131 Resm\u00ee Gazete\u2019de yay\u0131mlanan Elektrik \u0130\u00e7 Tesisleri Y\u00f6netmeli\u011fi ile TS EN 60079 standard\u0131nda belirtilen hususlara g\u00f6re yap\u0131l\u0131r. Paratoner \u00f6l\u00e7\u00fcmleri de bu kapsamda de\u011ferlendirilmekte ve ba\u011fl\u0131 bulundu\u011fu standart \u0131\u015f\u0131\u011f\u0131nda kontrol edilmektedir.<\/p>\n<p><strong>Paratoner \u00c7e\u015fitleri Nelerdir?<\/strong><\/p>\n<p>Y\u0131ld\u0131r\u0131m Savar Muayenesi<br \/>\nParatoner \u00d6l\u00e7\u00fcm\u00fc<br \/>\nFaraday Kafesi \u00d6l\u00e7\u00fcm\u00fc<br \/>\nParatoner Topraklama \u00d6l\u00e7\u00fcm\u00fc<br \/>\nFranklin \u00c7ubu\u011fu Topraklama \u00d6l\u00e7\u00fcm\u00fc<\/p>\n<p><strong>Paratoner Raporu Nas\u0131l Haz\u0131rlan\u0131r?<\/strong><br \/>\n\u0130\u015f Ekipmanlar\u0131n\u0131n Kullan\u0131m\u0131nda Sa\u011fl\u0131k ve G\u00fcvenlik \u015eartlar\u0131 Y\u00f6netmeli\u011finde belirtilen tesisatlar konusuna ba\u011fl\u0131 olarak ger\u00e7ekle\u015ftirilmesi gereken Paratoner \u00f6l\u00e7\u00fcmleri ile ilgili ulusal ve uluslararas\u0131 test ve deney standartlar\u0131 do\u011frultusunda \u00fcr\u00fcn\u00fcn teknik bilgilerinin de bulundu\u011fu bir form haz\u0131rlan\u0131r. Standard\u0131n istedi\u011fi t\u00fcm \u00f6l\u00e7\u00fcmler ve g\u00f6rsel testler ile birlikte ilgili kontroller de yap\u0131larak rapora i\u015flenir. Olu\u015fturulan rapor, ilgili teknik uzman\u0131n bulgular\u0131 ve teknik y\u00f6neticinin de onay\u0131yla haz\u0131rlanm\u0131\u015f olur.<\/p>\n<\/div><\/section><\/p><\/div><\/p>\n","protected":false},"excerpt":{"rendered":"","protected":false},"author":1,"featured_media":0,"parent":7381,"menu_order":0,"comment_status":"closed","ping_status":"closed","template":"","meta":{"footnotes":""},"_links":{"self":[{"href":"https:\/\/northakademi.com\/tr\/wp-json\/wp\/v2\/pages\/7399"}],"collection":[{"href":"https:\/\/northakademi.com\/tr\/wp-json\/wp\/v2\/pages"}],"about":[{"href":"https:\/\/northakademi.com\/tr\/wp-json\/wp\/v2\/types\/page"}],"author":[{"embeddable":true,"href":"https:\/\/northakademi.com\/tr\/wp-json\/wp\/v2\/users\/1"}],"replies":[{"embeddable":true,"href":"https:\/\/northakademi.com\/tr\/wp-json\/wp\/v2\/comments?post=7399"}],"version-history":[{"count":1,"href":"https:\/\/northakademi.com\/tr\/wp-json\/wp\/v2\/pages\/7399\/revisions"}],"predecessor-version":[{"id":7400,"href":"https:\/\/northakademi.com\/tr\/wp-json\/wp\/v2\/pages\/7399\/revisions\/7400"}],"up":[{"embeddable":true,"href":"https:\/\/northakademi.com\/tr\/wp-json\/wp\/v2\/pages\/7381"}],"wp:attachment":[{"href":"https:\/\/northakademi.com\/tr\/wp-json\/wp\/v2\/media?parent=7399"}],"curies":[{"name":"wp","href":"https:\/\/api.w.org\/{rel}","templated":true}]}}