{"id":7397,"date":"2020-04-29T02:55:11","date_gmt":"2020-04-28T23:55:11","guid":{"rendered":"https:\/\/northakademi.com\/tr\/?page_id=7397"},"modified":"2020-04-29T02:55:11","modified_gmt":"2020-04-28T23:55:11","slug":"havalandirma-tesisati-periyodik-kontrol-muayenesi","status":"publish","type":"page","link":"https:\/\/northakademi.com\/tr\/elektriksel-olcumler-ve-tesisatlar\/havalandirma-tesisati-periyodik-kontrol-muayenesi\/","title":{"rendered":"Havaland\u0131rma Tesisat\u0131 Periyodik Kontrol Muayenesi"},"content":{"rendered":"<\/div><\/div><\/div><!-- close content main div --><\/div><\/div><div id='av_section_1' class='avia-section main_color avia-section-default avia-no-shadow avia-bg-style-scroll   av-minimum-height av-minimum-height-custom container_wrap sidebar_right' style = 'background-repeat: no-repeat; background-image: url(https:\/\/northakademi.com\/tr\/wp-content\/uploads\/2019\/12\/slide-north-akademi-siyah-lacivert.jpg); background-attachment: scroll; background-position: top left; ' data-section-bg-repeat='no-repeat' ><div class='container' style='height:150px'><div class='template-page content  av-content-small alpha units'><div class='post-entry post-entry-type-page post-entry-7397'><div class='entry-content-wrapper clearfix'>\n<div style='padding-bottom:10px;color:#ffffff;' class='av-special-heading av-special-heading-h3 custom-color-heading   '><h3 class='av-special-heading-tag '  itemprop=\"headline\"  >Havaland\u0131rma Tesisat\u0131 Periyodik Kontrol Muayenesi<\/h3><div class='special-heading-border'><div class='special-heading-inner-border' style='border-color:#ffffff'><\/div><\/div><\/div>\n<\/div><\/div><\/div><!-- close content main div --><\/div><\/div><div id='after_section_1' class='main_color av_default_container_wrap container_wrap sidebar_right'   ><div class='container' ><div class='template-page content  av-content-small alpha units'><div class='post-entry post-entry-type-page post-entry-7397'><div class='entry-content-wrapper clearfix'><div class=\"flex_column av_one_full  flex_column_div av-zero-column-padding first  \" style='border-radius:0px; '><p><div class='avia-image-container  av-styling-    avia-align-center '  itemprop=\"ImageObject\" itemscope=\"itemscope\" itemtype=\"https:\/\/schema.org\/ImageObject\"  ><div class='avia-image-container-inner'><img class='avia_image ' src='https:\/\/northakademi.com\/tr\/wp-content\/uploads\/2019\/12\/north-akademi-egitim-0124.jpg' alt='' title=''   itemprop=\"thumbnailUrl\"  \/><\/div><\/div><br \/>\n<section class=\"av_textblock_section \"  itemscope=\"itemscope\" itemtype=\"https:\/\/schema.org\/CreativeWork\" ><div class='avia_textblock  '   itemprop=\"text\" ><p>Kapal\u0131 alanlara hava ak\u0131\u015f\u0131 sa\u011flayan sistemdir. Havas\u0131z ortamlar\u0131 havaland\u0131ran bu sistem devaml\u0131 taze havay\u0131 kapal\u0131 ortama aktararak daha rahat ve ferah bir alan sa\u011flar. S\u0131cakl\u0131 ve nemi ortadan kald\u0131ran havaland\u0131rma tesisat\u0131 sistemi kapal\u0131 ortamdaki zehirlenmelerin, yang\u0131nlar\u0131n ve patlamalar\u0131n \u00f6n\u00fcne ge\u00e7mektedir. Kullan\u0131m alanlar\u0131na g\u00f6re farkl\u0131 \u00e7e\u015fitlerde bulunan havaland\u0131rma tesisatlar\u0131 b\u00fcy\u00fck \u00f6nem ta\u015f\u0131r.<\/p>\n<p>Havaland\u0131rma \u00e7e\u015fitlerine bakt\u0131\u011f\u0131m\u0131zda Lokal havaland\u0131rma sistemi tek katl\u0131 ofis, ev ve i\u015fletmeler i\u00e7in uygundur. Merkezi havaland\u0131rma sistemleri de \u00e7ok katl\u0131 binalarda, hastanelerde, al\u0131\u015fveri\u015f merkezlerinde ve fabrikalarda kullan\u0131lmaktad\u0131rlar.<\/p>\n<p>Kapal\u0131 ve havas\u0131z ortamlarda hava ak\u0131mlar\u0131n\u0131n olu\u015fmas\u0131n\u0131n engellemesi ile kullan\u0131lan havaland\u0131rma tesisat\u0131 sistemi \u201c\u0130\u015f Ekipmanlar\u0131 Kullan\u0131m\u0131nda Sa\u011fl\u0131k ve G\u00fcvenlik \u015eartlar\u0131 Y\u00f6netmeli\u011fi\u201d ne tabiidir. Projede belirtilen kriterlere uygun olup olmad\u0131\u011f\u0131n\u0131n belirlenmesine y\u00f6nelik olarak yap\u0131l\u0131r. Havaland\u0131rma tesisatlar\u0131 ilgili standartlarda aksi belirtilmedi\u011fi s\u00fcrece, tesisatlar\u0131n periyodik kontrolleri y\u0131lda bir yap\u0131l\u0131r.<\/p>\n<\/div><\/section><\/p><\/div><\/p>\n","protected":false},"excerpt":{"rendered":"","protected":false},"author":1,"featured_media":0,"parent":7381,"menu_order":0,"comment_status":"closed","ping_status":"closed","template":"","meta":{"footnotes":""},"_links":{"self":[{"href":"https:\/\/northakademi.com\/tr\/wp-json\/wp\/v2\/pages\/7397"}],"collection":[{"href":"https:\/\/northakademi.com\/tr\/wp-json\/wp\/v2\/pages"}],"about":[{"href":"https:\/\/northakademi.com\/tr\/wp-json\/wp\/v2\/types\/page"}],"author":[{"embeddable":true,"href":"https:\/\/northakademi.com\/tr\/wp-json\/wp\/v2\/users\/1"}],"replies":[{"embeddable":true,"href":"https:\/\/northakademi.com\/tr\/wp-json\/wp\/v2\/comments?post=7397"}],"version-history":[{"count":1,"href":"https:\/\/northakademi.com\/tr\/wp-json\/wp\/v2\/pages\/7397\/revisions"}],"predecessor-version":[{"id":7398,"href":"https:\/\/northakademi.com\/tr\/wp-json\/wp\/v2\/pages\/7397\/revisions\/7398"}],"up":[{"embeddable":true,"href":"https:\/\/northakademi.com\/tr\/wp-json\/wp\/v2\/pages\/7381"}],"wp:attachment":[{"href":"https:\/\/northakademi.com\/tr\/wp-json\/wp\/v2\/media?parent=7397"}],"curies":[{"name":"wp","href":"https:\/\/api.w.org\/{rel}","templated":true}]}}