{"id":7395,"date":"2020-04-29T02:54:16","date_gmt":"2020-04-28T23:54:16","guid":{"rendered":"https:\/\/northakademi.com\/tr\/?page_id=7395"},"modified":"2020-04-29T02:54:16","modified_gmt":"2020-04-28T23:54:16","slug":"havalandirma-fanlari-periyodik-kontrol","status":"publish","type":"page","link":"https:\/\/northakademi.com\/tr\/elektriksel-olcumler-ve-tesisatlar\/havalandirma-fanlari-periyodik-kontrol\/","title":{"rendered":"Havaland\u0131rma Fanlar\u0131 Periyodik Kontrol"},"content":{"rendered":"<\/div><\/div><\/div><!-- close content main div --><\/div><\/div><div id='av_section_1' class='avia-section main_color avia-section-default avia-no-shadow avia-bg-style-scroll   av-minimum-height av-minimum-height-custom container_wrap sidebar_right' style = 'background-repeat: no-repeat; background-image: url(https:\/\/northakademi.com\/tr\/wp-content\/uploads\/2019\/12\/slide-north-akademi-siyah-lacivert.jpg); background-attachment: scroll; background-position: top left; ' data-section-bg-repeat='no-repeat' ><div class='container' style='height:150px'><div class='template-page content  av-content-small alpha units'><div class='post-entry post-entry-type-page post-entry-7395'><div class='entry-content-wrapper clearfix'>\n<div style='padding-bottom:10px;color:#ffffff;' class='av-special-heading av-special-heading-h3 custom-color-heading   '><h3 class='av-special-heading-tag '  itemprop=\"headline\"  >Havaland\u0131rma Fanlar\u0131 Periyodik Kontrol<\/h3><div class='special-heading-border'><div class='special-heading-inner-border' style='border-color:#ffffff'><\/div><\/div><\/div>\n<\/div><\/div><\/div><!-- close content main div --><\/div><\/div><div id='after_section_1' class='main_color av_default_container_wrap container_wrap sidebar_right'   ><div class='container' ><div class='template-page content  av-content-small alpha units'><div class='post-entry post-entry-type-page post-entry-7395'><div class='entry-content-wrapper clearfix'><div class=\"flex_column av_one_full  flex_column_div av-zero-column-padding first  \" style='border-radius:0px; '><p><div class='avia-image-container  av-styling-    avia-align-center '  itemprop=\"ImageObject\" itemscope=\"itemscope\" itemtype=\"https:\/\/schema.org\/ImageObject\"  ><div class='avia-image-container-inner'><img class='avia_image ' src='https:\/\/northakademi.com\/tr\/wp-content\/uploads\/2019\/12\/north-akademi-egitim-0124.jpg' alt='' title=''   itemprop=\"thumbnailUrl\"  \/><\/div><\/div><br \/>\n<section class=\"av_textblock_section \"  itemscope=\"itemscope\" itemtype=\"https:\/\/schema.org\/CreativeWork\" ><div class='avia_textblock  '   itemprop=\"text\" ><p>Havaland\u0131rma fanlar\u0131 elektrik enerjisi ile \u00e7al\u0131\u015fmaktad\u0131r. Elektrik enerjisinden al\u0131nan g\u00fc\u00e7 pervanelere aktar\u0131larak \u00e7al\u0131\u015fmas\u0131n\u0131 sa\u011flar. Bu pervaneler havaland\u0131rma kanallar\u0131 yard\u0131m\u0131 ile kapal\u0131 havas\u0131z yerlere hava ak\u0131\u015f\u0131n\u0131 sa\u011flar. Havaland\u0131rma fanlar\u0131 ayr\u0131ca k\u00f6t\u00fc pis hava bulunan yerlerinde havas\u0131n\u0131 al\u0131r.<\/p>\n<p>Havaland\u0131rma fanlar\u0131 evlerde, i\u015fletmelerde, yer alt\u0131 i\u015fletmelerinde ve end\u00fcstride s\u0131k\u00e7a kullan\u0131lmaktad\u0131r. Bak\u0131m\u0131 \u00f6nemli olan havaland\u0131rma fanlar\u0131n\u0131n mutlaka kontrolleri yap\u0131lmal\u0131d\u0131r.<\/p>\n<p>Periyodik kontrol yap\u0131lan havland\u0131rma fanlar\u0131 uzun s\u00fcre \u00e7al\u0131\u015fabilirler. Ayr\u0131ca hava ak\u0131\u015f\u0131n\u0131 daha kolay sa\u011flayabilirler. Havaland\u0131rma fanlar\u0131 ve tesisatlar\u0131n\u0131n kontrollerini yapt\u0131rmak yasal bir zorunluluktur.<br \/>\nHavaland\u0131rma fanlar\u0131 \u201c\u0130\u015f ekipmanlar\u0131 kullan\u0131m\u0131nda sa\u011fl\u0131k ve g\u00fcvenlik \u015fartlar\u0131 y\u00f6netmeli\u011fine\u201d ve bu y\u00f6netmelikte beliritilen standartlara g\u00f6re kontrolleri yap\u0131lmal\u0131d\u0131r.<\/p>\n<p><strong>\u0130\u015f Ekipmanlar\u0131 Kullan\u0131m\u0131nda Sa\u011fl\u0131k ve G\u00fcvenlik \u015eartlar\u0131 Y\u00f6netmeli\u011fi<\/strong><\/p>\n<p style=\"text-align: justify;\">Bu Y\u00f6netmeli\u011fin amac\u0131, i\u015f yerinde i\u015f ekipmanlar\u0131n\u0131n kullan\u0131m\u0131 ile ilgili sa\u011fl\u0131k ve g\u00fcvenlik y\u00f6n\u00fcnden uyulmas\u0131 gerekli asgari \u015fartlar\u0131 belirlemektir. 20\/6\/2012 tarihli ve 6331 say\u0131l\u0131 \u0130\u015f Sa\u011fl\u0131\u011f\u0131 ve G\u00fcvenli\u011fi Kanunu kapsam\u0131na giren t\u00fcm i\u015f yerlerini kapsar.<br \/>\n6331 say\u0131l\u0131 \u0130\u015f Sa\u011fl\u0131\u011f\u0131 ve G\u00fcvenli\u011fi Kanununun 30 ve 31 inci maddeleri ile 9\/1\/1985 tarihli ve 3146 say\u0131l\u0131 \u00c7al\u0131\u015fma ve Sosyal G\u00fcvenlik Bakanl\u0131\u011f\u0131n\u0131n Te\u015fkilat ve G\u00f6revleri Hakk\u0131nda Kanunun 2 ve 12 nci maddelerine dayan\u0131larak ve 3\/10\/2009 tarihli ve 2009\/104\/EC say\u0131l\u0131 Avrupa Birli\u011fi Direktifine paralel olarak haz\u0131rlanm\u0131\u015ft\u0131r.<\/p>\n<\/div><\/section><\/p><\/div><\/p>\n","protected":false},"excerpt":{"rendered":"","protected":false},"author":1,"featured_media":0,"parent":7381,"menu_order":0,"comment_status":"closed","ping_status":"closed","template":"","meta":{"footnotes":""},"_links":{"self":[{"href":"https:\/\/northakademi.com\/tr\/wp-json\/wp\/v2\/pages\/7395"}],"collection":[{"href":"https:\/\/northakademi.com\/tr\/wp-json\/wp\/v2\/pages"}],"about":[{"href":"https:\/\/northakademi.com\/tr\/wp-json\/wp\/v2\/types\/page"}],"author":[{"embeddable":true,"href":"https:\/\/northakademi.com\/tr\/wp-json\/wp\/v2\/users\/1"}],"replies":[{"embeddable":true,"href":"https:\/\/northakademi.com\/tr\/wp-json\/wp\/v2\/comments?post=7395"}],"version-history":[{"count":1,"href":"https:\/\/northakademi.com\/tr\/wp-json\/wp\/v2\/pages\/7395\/revisions"}],"predecessor-version":[{"id":7396,"href":"https:\/\/northakademi.com\/tr\/wp-json\/wp\/v2\/pages\/7395\/revisions\/7396"}],"up":[{"embeddable":true,"href":"https:\/\/northakademi.com\/tr\/wp-json\/wp\/v2\/pages\/7381"}],"wp:attachment":[{"href":"https:\/\/northakademi.com\/tr\/wp-json\/wp\/v2\/media?parent=7395"}],"curies":[{"name":"wp","href":"https:\/\/api.w.org\/{rel}","templated":true}]}}