{"id":7393,"date":"2020-04-29T02:53:17","date_gmt":"2020-04-28T23:53:17","guid":{"rendered":"https:\/\/northakademi.com\/tr\/?page_id=7393"},"modified":"2020-04-29T02:53:17","modified_gmt":"2020-04-28T23:53:17","slug":"depo-ve-raf-sistemleri-periyodik-kontrolu","status":"publish","type":"page","link":"https:\/\/northakademi.com\/tr\/elektriksel-olcumler-ve-tesisatlar\/depo-ve-raf-sistemleri-periyodik-kontrolu\/","title":{"rendered":"Depo ve Raf Sistemleri Periyodik Kontrol\u00fc"},"content":{"rendered":"<\/div><\/div><\/div><!-- close content main div --><\/div><\/div><div id='av_section_1' class='avia-section main_color avia-section-default avia-no-shadow avia-bg-style-scroll   av-minimum-height av-minimum-height-custom container_wrap sidebar_right' style = 'background-repeat: no-repeat; background-image: url(https:\/\/northakademi.com\/tr\/wp-content\/uploads\/2019\/12\/slide-north-akademi-siyah-lacivert.jpg); background-attachment: scroll; background-position: top left; ' data-section-bg-repeat='no-repeat' ><div class='container' style='height:150px'><div class='template-page content  av-content-small alpha units'><div class='post-entry post-entry-type-page post-entry-7393'><div class='entry-content-wrapper clearfix'>\n<div style='padding-bottom:10px;color:#ffffff;' class='av-special-heading av-special-heading-h3 custom-color-heading   '><h3 class='av-special-heading-tag '  itemprop=\"headline\"  >Depo ve Raf Sistemleri Periyodik Kontrol\u00fc<\/h3><div class='special-heading-border'><div class='special-heading-inner-border' style='border-color:#ffffff'><\/div><\/div><\/div>\n<\/div><\/div><\/div><!-- close content main div --><\/div><\/div><div id='after_section_1' class='main_color av_default_container_wrap container_wrap sidebar_right'   ><div class='container' ><div class='template-page content  av-content-small alpha units'><div class='post-entry post-entry-type-page post-entry-7393'><div class='entry-content-wrapper clearfix'><div class=\"flex_column av_one_full  flex_column_div av-zero-column-padding first  \" style='border-radius:0px; '><p><div class='avia-image-container  av-styling-    avia-align-center '  itemprop=\"ImageObject\" itemscope=\"itemscope\" itemtype=\"https:\/\/schema.org\/ImageObject\"  ><div class='avia-image-container-inner'><img class='avia_image ' src='https:\/\/northakademi.com\/tr\/wp-content\/uploads\/2019\/12\/north-akademi-egitim-0124.jpg' alt='' title=''   itemprop=\"thumbnailUrl\"  \/><\/div><\/div><br \/>\n<section class=\"av_textblock_section \"  itemscope=\"itemscope\" itemtype=\"https:\/\/schema.org\/CreativeWork\" ><div class='avia_textblock  '   itemprop=\"text\" ><p>Depo, \u00fcretilen mallar\u0131n da\u011f\u0131t\u0131ma \u00e7\u0131kmadan \u00f6nce \u00fcst\u00fc kapal\u0131 ve her yeri muhafaza edilmi\u015f b\u00fcy\u00fck yerlere depo denir. Raf ise depolar ve al\u0131\u015f veri\u015f merkezleri gibi yerlerde \u00fcr\u00fcnlerin s\u0131ral\u0131 bir \u015fekilde dizilmesine ve sabit durmas\u0131n\u0131 sa\u011flayan sistemdir. Depo ve raflar ile \u00e7al\u0131\u015fan profesyonel \u015firketler burada kulland\u0131\u011f\u0131 forklift gibi kald\u0131rma ekipmanlar\u0131 ile deposundaki \u00fcr\u00fcnleri raflara d\u00fczenli bir \u015fekilde dizer.\u00a0\u00d6zellikle lojistik sekt\u00f6r\u00fcnde \u00f6nemli yer tutan depo ve raf sistemlerinde geli\u015fen teknoloji ile profesyonel hale gelmi\u015ftir.<br \/>\nDepolara y\u0131\u011f\u0131lan \u00fcr\u00fcnlerin muhafazas\u0131 i\u00e7in mutlaka baz\u0131 \u00f6nlemlerin al\u0131nmas\u0131 gerekir. K\u00f6t\u00fc hava ko\u015fullar\u0131nda ve depremlere kar\u015f\u0131 depolar sa\u011flam bir \u015fekilde yap\u0131lm\u0131\u015f olmal\u0131d\u0131r. Ancak her ne kadar sa\u011flam yap\u0131lsalar da zamanla depolara ya\u011fmur, \u00e7amur, toz, elektrik ar\u0131zas\u0131ndan do\u011facak yang\u0131nlar ortaya \u00e7\u0131kabilir. Bu nedenle depolar\u0131n ve raflar\u0131n mutlaka ilgili y\u00f6netmeliklere g\u00f6re Depolar\u0131n periyodik kontrolleri nin yap\u0131lmas\u0131 gerekmektedir.\u00a0Ayr\u0131ca tehlikeli s\u0131v\u0131lar\u0131nda bulundu\u011fu depolar\u0131nda kontrolleri mutlaka ilgili y\u00f6netmeli\u011fe g\u00f6re yap\u0131lmal\u0131d\u0131r.<br \/>\nYo\u011fun tempo ile \u00e7al\u0131\u015f\u0131lan depolarda devaml\u0131 olarak y\u00fck indirme ve bindirme i\u015flemleri yap\u0131lmaktad\u0131r. Raflar \u00fczerinde bulunan \u00fcr\u00fcnler zamanla raflar bask\u0131 olu\u015fturaca\u011f\u0131 i\u00e7in raflarda ezilme, oynama, vidalar\u0131n \u00e7\u0131kmas\u0131 ve metal yorgunlu\u011fu gibi hasarlar ortaya \u00e7\u0131kar. Bu nedenle Raflar\u0131n periyodik kontrolleri \u201cTS EN 15635\u201d standart\u2019\u0131na g\u00f6re mutlaka yap\u0131lmal\u0131d\u0131r.<\/p>\n<p>Depo ve Raflarda Yap\u0131lacak Kontroller<br \/>\nDepodaki kolon ve tabanlarda bulunan \u00e7ukur ve hasarlar\u0131n kontrol\u00fc<br \/>\nElektrik tesisat\u0131 ve panosu kontrolleri<br \/>\nRaflar\u0131n metal yorgunlu\u011funun kontrol\u00fc<br \/>\nRaflar\u0131n yere tam oturup oturmad\u0131\u011f\u0131n\u0131n kontrol\u00fc<br \/>\nRaflarda yap\u0131lan kayna\u011f\u0131 ve vidalar\u0131n kontrol\u00fc<br \/>\nKapasitesi \u00fczerinde \u00fczerin de al\u0131nm\u0131\u015f y\u00fck\u00fcn kontrol\u00fc<br \/>\nRaflar\u0131n yere tam oturmas\u0131 ve sabit kalmas\u0131n\u0131n kontrol\u00fc<br \/>\nDepo ve Raf sistemleri T\u00dcR\u0130NS\u2019in son teknoloji<br \/>\nTermal kameralar\u0131 v.b. gibi ekipmanlar\u0131 ile kontrollerini ger\u00e7ekle\u015ftirir. Depolarda ve raflarda yap\u0131lacak kontroller \u201c\u0130\u015f Ekipmanlar\u0131n\u0131n Kullan\u0131m\u0131nda Sa\u011fl\u0131k ve G\u00fcvenlik \u015eartlar\u0131 Y\u00f6netmeli\u011fi\u201dne tabiidir. Yap\u0131lan bu kontroller ile g\u00fcvenli\u011fin al\u0131nmas\u0131 sa\u011flanm\u0131\u015ft\u0131r.<br \/>\nNorth Akademinin, uzman ekip ve ekipmanlar\u0131 ile ger\u00e7ekle\u015ftirdi\u011fi Depo ve Raf kontrollerini yaparak tehlikeli durumlar\u0131\u00a0raporlar.<br \/>\n\u0130\u015f ekipmanlar\u0131n\u0131n kullan\u0131m\u0131nda sa\u011fl\u0131k ve g\u00fcvenlik \u015fartlar\u0131 y\u00f6netmeli\u011finin amac\u0131, i\u015f yerinde i\u015f ekipmanlar\u0131n\u0131n kullan\u0131m\u0131 ile ilgili sa\u011fl\u0131k ve g\u00fcvenlik y\u00f6n\u00fcnden uyulmas\u0131 gerekli asgari \u015fartlar\u0131 belirlemektir.<\/p>\n<\/div><\/section><\/p><\/div><\/p>\n","protected":false},"excerpt":{"rendered":"","protected":false},"author":1,"featured_media":0,"parent":7381,"menu_order":0,"comment_status":"closed","ping_status":"closed","template":"","meta":{"footnotes":""},"_links":{"self":[{"href":"https:\/\/northakademi.com\/tr\/wp-json\/wp\/v2\/pages\/7393"}],"collection":[{"href":"https:\/\/northakademi.com\/tr\/wp-json\/wp\/v2\/pages"}],"about":[{"href":"https:\/\/northakademi.com\/tr\/wp-json\/wp\/v2\/types\/page"}],"author":[{"embeddable":true,"href":"https:\/\/northakademi.com\/tr\/wp-json\/wp\/v2\/users\/1"}],"replies":[{"embeddable":true,"href":"https:\/\/northakademi.com\/tr\/wp-json\/wp\/v2\/comments?post=7393"}],"version-history":[{"count":1,"href":"https:\/\/northakademi.com\/tr\/wp-json\/wp\/v2\/pages\/7393\/revisions"}],"predecessor-version":[{"id":7394,"href":"https:\/\/northakademi.com\/tr\/wp-json\/wp\/v2\/pages\/7393\/revisions\/7394"}],"up":[{"embeddable":true,"href":"https:\/\/northakademi.com\/tr\/wp-json\/wp\/v2\/pages\/7381"}],"wp:attachment":[{"href":"https:\/\/northakademi.com\/tr\/wp-json\/wp\/v2\/media?parent=7393"}],"curies":[{"name":"wp","href":"https:\/\/api.w.org\/{rel}","templated":true}]}}