{"id":7391,"date":"2020-04-29T02:50:34","date_gmt":"2020-04-28T23:50:34","guid":{"rendered":"https:\/\/northakademi.com\/tr\/?page_id=7391"},"modified":"2020-04-29T02:50:34","modified_gmt":"2020-04-28T23:50:34","slug":"ic-tesisat-kontrolu","status":"publish","type":"page","link":"https:\/\/northakademi.com\/tr\/elektriksel-olcumler-ve-tesisatlar\/ic-tesisat-kontrolu\/","title":{"rendered":"\u0130\u00e7 Tesisat Kontrol\u00fc"},"content":{"rendered":"<\/div><\/div><\/div><!-- close content main div --><\/div><\/div><div id='av_section_1' class='avia-section main_color avia-section-default avia-no-shadow avia-bg-style-scroll   av-minimum-height av-minimum-height-custom container_wrap sidebar_right' style = 'background-repeat: no-repeat; background-image: url(https:\/\/northakademi.com\/tr\/wp-content\/uploads\/2019\/12\/slide-north-akademi-siyah-lacivert.jpg); background-attachment: scroll; background-position: top left; ' data-section-bg-repeat='no-repeat' ><div class='container' style='height:150px'><div class='template-page content  av-content-small alpha units'><div class='post-entry post-entry-type-page post-entry-7391'><div class='entry-content-wrapper clearfix'>\n<div style='padding-bottom:10px;color:#ffffff;' class='av-special-heading av-special-heading-h3 custom-color-heading   '><h3 class='av-special-heading-tag '  itemprop=\"headline\"  >\u0130\u00e7 Tesisat Kontrol\u00fc<\/h3><div class='special-heading-border'><div class='special-heading-inner-border' style='border-color:#ffffff'><\/div><\/div><\/div>\n<\/div><\/div><\/div><!-- close content main div --><\/div><\/div><div id='after_section_1' class='main_color av_default_container_wrap container_wrap sidebar_right'   ><div class='container' ><div class='template-page content  av-content-small alpha units'><div class='post-entry post-entry-type-page post-entry-7391'><div class='entry-content-wrapper clearfix'><div class=\"flex_column av_one_full  flex_column_div av-zero-column-padding first  \" style='border-radius:0px; '><p><div class='avia-image-container  av-styling-    avia-align-center '  itemprop=\"ImageObject\" itemscope=\"itemscope\" itemtype=\"https:\/\/schema.org\/ImageObject\"  ><div class='avia-image-container-inner'><img class='avia_image ' src='https:\/\/northakademi.com\/tr\/wp-content\/uploads\/2019\/12\/north-akademi-egitim-0124.jpg' alt='' title=''   itemprop=\"thumbnailUrl\"  \/><\/div><\/div><br \/>\n<section class=\"av_textblock_section \"  itemscope=\"itemscope\" itemtype=\"https:\/\/schema.org\/CreativeWork\" ><div class='avia_textblock  '   itemprop=\"text\" ><p>End\u00fcstriyel Bak\u0131m, sahadaki donan\u0131m\u0131n bozulmalar\u0131n\u0131 en aza indiren, \u00f6mr\u00fcn\u00fc uzatan, i\u015fletmenin kurulu d\u00fczenini s\u00fcrd\u00fcrmesini sa\u011flayan her t\u00fcrl\u00fc m\u00fcdahaledir. End\u00fcstriyel ortam\u0131n gerektirdi\u011fi ko\u015fullar ve bu ko\u015fullarda \u00e7al\u0131\u015fan ekipmanlar d\u00fc\u015f\u00fcn\u00fcld\u00fc\u011f\u00fcnde bu ekipmanlar\u0131n hataya yol a\u00e7malar\u0131 ve i\u015fletme \u00f6m\u00fcrlerini tamamlamalar\u0131 muhtemeldir. Bu nedenle gerekli ekipmanlar\u0131n hatalar\u0131n\u0131n \u00f6nlenmesi veya azalt\u0131lmas\u0131, \u00f6mr\u00fc dolan ekipmanlar\u0131n de\u011fi\u015ftirilmesi, ekipman\u0131n i\u015fletme \u00f6mr\u00fcn\u00fc verimli bir bi\u00e7imde ge\u00e7irmesi ancak bak\u0131m ile m\u00fcmk\u00fcnd\u00fcr.<\/p>\n<p><strong>Elektrik i\u00e7 tesisatlar\u0131<\/strong>\u00a0zamanla eskiyebilir, ba\u011flant\u0131lar\u0131nda sorun olu\u015fabilir veya i\u015flevini yitirebilir. Bu nedenle elektrik i\u00e7 tesisatlar\u0131 d\u00fczenli olarak kontrol edilmelidir. Elektrik tesisat\u0131m\u0131z\u0131 i\u015f g\u00fcvenli\u011fi ve ilgili y\u00f6netmelikler gere\u011fince<strong>\u00a0her y\u0131l<\/strong>\u00a0d\u00fczenli olarak kontrol ettirmeliyiz.\u00a0End\u00fcstriyel bak\u0131m i\u015fletmelerin devam\u0131n\u0131 sa\u011flamas\u0131 yan\u0131 s\u0131ra, i\u015fletmelere kazand\u0131rd\u0131klar\u0131 ile de i\u015fletmelere ciddi yararlar sa\u011flarlar.<\/p>\n<\/div><\/section><\/p><\/div><\/p>\n","protected":false},"excerpt":{"rendered":"","protected":false},"author":1,"featured_media":0,"parent":7381,"menu_order":0,"comment_status":"closed","ping_status":"closed","template":"","meta":{"footnotes":""},"_links":{"self":[{"href":"https:\/\/northakademi.com\/tr\/wp-json\/wp\/v2\/pages\/7391"}],"collection":[{"href":"https:\/\/northakademi.com\/tr\/wp-json\/wp\/v2\/pages"}],"about":[{"href":"https:\/\/northakademi.com\/tr\/wp-json\/wp\/v2\/types\/page"}],"author":[{"embeddable":true,"href":"https:\/\/northakademi.com\/tr\/wp-json\/wp\/v2\/users\/1"}],"replies":[{"embeddable":true,"href":"https:\/\/northakademi.com\/tr\/wp-json\/wp\/v2\/comments?post=7391"}],"version-history":[{"count":1,"href":"https:\/\/northakademi.com\/tr\/wp-json\/wp\/v2\/pages\/7391\/revisions"}],"predecessor-version":[{"id":7392,"href":"https:\/\/northakademi.com\/tr\/wp-json\/wp\/v2\/pages\/7391\/revisions\/7392"}],"up":[{"embeddable":true,"href":"https:\/\/northakademi.com\/tr\/wp-json\/wp\/v2\/pages\/7381"}],"wp:attachment":[{"href":"https:\/\/northakademi.com\/tr\/wp-json\/wp\/v2\/media?parent=7391"}],"curies":[{"name":"wp","href":"https:\/\/api.w.org\/{rel}","templated":true}]}}