{"id":7389,"date":"2020-04-29T02:48:32","date_gmt":"2020-04-28T23:48:32","guid":{"rendered":"https:\/\/northakademi.com\/tr\/?page_id=7389"},"modified":"2020-04-29T02:48:32","modified_gmt":"2020-04-28T23:48:32","slug":"katodik-koruma-olcutu","status":"publish","type":"page","link":"https:\/\/northakademi.com\/tr\/elektriksel-olcumler-ve-tesisatlar\/katodik-koruma-olcutu\/","title":{"rendered":"Katodik Koruma \u00d6l\u00e7\u00fct\u00fc"},"content":{"rendered":"<\/div><\/div><\/div><!-- close content main div --><\/div><\/div><div id='av_section_1' class='avia-section main_color avia-section-default avia-no-shadow avia-bg-style-scroll   av-minimum-height av-minimum-height-custom container_wrap sidebar_right' style = 'background-repeat: no-repeat; background-image: url(https:\/\/northakademi.com\/tr\/wp-content\/uploads\/2019\/12\/slide-north-akademi-siyah-lacivert.jpg); background-attachment: scroll; background-position: top left; ' data-section-bg-repeat='no-repeat' ><div class='container' style='height:150px'><div class='template-page content  av-content-small alpha units'><div class='post-entry post-entry-type-page post-entry-7389'><div class='entry-content-wrapper clearfix'>\n<div style='padding-bottom:10px;color:#ffffff;' class='av-special-heading av-special-heading-h3 custom-color-heading   '><h3 class='av-special-heading-tag '  itemprop=\"headline\"  >Katodik Koruma \u00d6l\u00e7\u00fct\u00fc<\/h3><div class='special-heading-border'><div class='special-heading-inner-border' style='border-color:#ffffff'><\/div><\/div><\/div>\n<\/div><\/div><\/div><!-- close content main div --><\/div><\/div><div id='after_section_1' class='main_color av_default_container_wrap container_wrap sidebar_right'   ><div class='container' ><div class='template-page content  av-content-small alpha units'><div class='post-entry post-entry-type-page post-entry-7389'><div class='entry-content-wrapper clearfix'><div class=\"flex_column av_one_full  flex_column_div av-zero-column-padding first  \" style='border-radius:0px; '><p><div class='avia-image-container  av-styling-    avia-align-center '  itemprop=\"ImageObject\" itemscope=\"itemscope\" itemtype=\"https:\/\/schema.org\/ImageObject\"  ><div class='avia-image-container-inner'><img class='avia_image ' src='https:\/\/northakademi.com\/tr\/wp-content\/uploads\/2019\/12\/north-akademi-egitim-0124.jpg' alt='' title=''   itemprop=\"thumbnailUrl\"  \/><\/div><\/div><br \/>\n<section class=\"av_textblock_section \"  itemscope=\"itemscope\" itemtype=\"https:\/\/schema.org\/CreativeWork\" ><div class='avia_textblock  '   itemprop=\"text\" ><p><strong>Katodik koruma<\/strong>\u00a0olarak tabir edilen asl\u0131nda bir t\u00fcr metal koruma y\u00f6ntemidir. Metallerin \u00e7o\u011fu su veya hava ile temas etti\u011finde zaman i\u00e7inde korozyona u\u011frar. Olu\u015fan korozyon metali zamanla \u00e7\u00fcr\u00fcterek kullan\u0131m d\u0131\u015f\u0131 kalmas\u0131na sebebiyet\u00a0verebilir. Bu durum pek \u00e7ok farkl\u0131 alanda esas\u0131nda b\u00fcy\u00fck bir risk ve ayn\u0131 zamanda maliyet anlam\u0131na da gelmektedir.<\/p>\n<p>Suyun i\u00e7inde veya topra\u011f\u0131n alt\u0131nda kalan metal borular\u0131n korozyona u\u011framamas\u0131 i\u00e7in ge\u00e7mi\u015ften g\u00fcn\u00fcm\u00fcze pek \u00e7ok koruma y\u00f6ntemi geli\u015ftirilmi\u015ftir. Bu y\u00f6ntemlerden biri olan galvanik usul kodik koruma, korozyonu \u00f6nlemek amac\u0131yla borular\u0131n yan\u0131na, onlarla temas edecek \u015fekilde daha aktif bir metalin yerle\u015ftirilmesi prensibine dayan\u0131r.\u00a0Katodik koruman\u0131n\u00a0uyguland\u0131\u011f\u0131 bir\u00e7ok farkl\u0131 uygulama alan\u0131 vard\u0131r ancak en \u00e7ok kullan\u0131lan alan, petrol sondaj kuleleridir.<\/p>\n<p>Katodik koruman\u0131n en \u00e7ok uyguland\u0131\u011f\u0131 bir di\u011fer alan ise gemilerin y\u00fczeylerinin paslanmas\u0131n\u0131 \u00f6nlemek amac\u0131yla kullan\u0131ld\u0131\u011f\u0131d\u0131r. Katodik koruma, korunacak metal yap\u0131y\u0131 olu\u015fturulacak bir elektrokimyasal h\u00fccrenin katodu haline getirerek metal y\u00fczeyinde y\u00fcr\u00fcmekte olan anodik reaksiyonlar\u0131n durdurulmas\u0131 mant\u0131\u011f\u0131na dayan\u0131r.Katodik koruma\u00a0yap\u0131lmas\u0131n\u0131n amac\u0131, korunacak olan metalin potansiyelini anodun a\u00e7\u0131k devre potansiyeline kadar polarize etmektir. Bunu sa\u011flamak i\u00e7in ise metal y\u00fczeye\u00a0<strong>katodik<\/strong>\u00a0y\u00f6nde bir d\u0131\u015f ak\u0131m uygulanmaktad\u0131r.<\/p>\n<\/div><\/section><\/p><\/div><\/p>\n","protected":false},"excerpt":{"rendered":"","protected":false},"author":1,"featured_media":0,"parent":7381,"menu_order":0,"comment_status":"closed","ping_status":"closed","template":"","meta":{"footnotes":""},"_links":{"self":[{"href":"https:\/\/northakademi.com\/tr\/wp-json\/wp\/v2\/pages\/7389"}],"collection":[{"href":"https:\/\/northakademi.com\/tr\/wp-json\/wp\/v2\/pages"}],"about":[{"href":"https:\/\/northakademi.com\/tr\/wp-json\/wp\/v2\/types\/page"}],"author":[{"embeddable":true,"href":"https:\/\/northakademi.com\/tr\/wp-json\/wp\/v2\/users\/1"}],"replies":[{"embeddable":true,"href":"https:\/\/northakademi.com\/tr\/wp-json\/wp\/v2\/comments?post=7389"}],"version-history":[{"count":1,"href":"https:\/\/northakademi.com\/tr\/wp-json\/wp\/v2\/pages\/7389\/revisions"}],"predecessor-version":[{"id":7390,"href":"https:\/\/northakademi.com\/tr\/wp-json\/wp\/v2\/pages\/7389\/revisions\/7390"}],"up":[{"embeddable":true,"href":"https:\/\/northakademi.com\/tr\/wp-json\/wp\/v2\/pages\/7381"}],"wp:attachment":[{"href":"https:\/\/northakademi.com\/tr\/wp-json\/wp\/v2\/media?parent=7389"}],"curies":[{"name":"wp","href":"https:\/\/api.w.org\/{rel}","templated":true}]}}