{"id":7387,"date":"2020-04-29T02:47:22","date_gmt":"2020-04-28T23:47:22","guid":{"rendered":"https:\/\/northakademi.com\/tr\/?page_id=7387"},"modified":"2020-04-29T02:47:22","modified_gmt":"2020-04-28T23:47:22","slug":"paratoner-kontrolu","status":"publish","type":"page","link":"https:\/\/northakademi.com\/tr\/elektriksel-olcumler-ve-tesisatlar\/paratoner-kontrolu\/","title":{"rendered":"Paratoner Kontrol\u00fc"},"content":{"rendered":"<\/div><\/div><\/div><!-- close content main div --><\/div><\/div><div id='av_section_1' class='avia-section main_color avia-section-default avia-no-shadow avia-bg-style-scroll   av-minimum-height av-minimum-height-custom container_wrap sidebar_right' style = 'background-repeat: no-repeat; background-image: url(https:\/\/northakademi.com\/tr\/wp-content\/uploads\/2019\/12\/slide-north-akademi-siyah-lacivert.jpg); background-attachment: scroll; background-position: top left; ' data-section-bg-repeat='no-repeat' ><div class='container' style='height:150px'><div class='template-page content  av-content-small alpha units'><div class='post-entry post-entry-type-page post-entry-7387'><div class='entry-content-wrapper clearfix'>\n<div style='padding-bottom:10px;color:#ffffff;' class='av-special-heading av-special-heading-h3 custom-color-heading   '><h3 class='av-special-heading-tag '  itemprop=\"headline\"  >Paratoner Kontrol\u00fc<\/h3><div class='special-heading-border'><div class='special-heading-inner-border' style='border-color:#ffffff'><\/div><\/div><\/div>\n<\/div><\/div><\/div><!-- close content main div --><\/div><\/div><div id='after_section_1' class='main_color av_default_container_wrap container_wrap sidebar_right'   ><div class='container' ><div class='template-page content  av-content-small alpha units'><div class='post-entry post-entry-type-page post-entry-7387'><div class='entry-content-wrapper clearfix'><div class=\"flex_column av_one_full  flex_column_div av-zero-column-padding first  \" style='border-radius:0px; '><p><div class='avia-image-container  av-styling-    avia-align-center '  itemprop=\"ImageObject\" itemscope=\"itemscope\" itemtype=\"https:\/\/schema.org\/ImageObject\"  ><div class='avia-image-container-inner'><img class='avia_image ' src='https:\/\/northakademi.com\/tr\/wp-content\/uploads\/2019\/12\/north-akademi-egitim-0124.jpg' alt='' title=''   itemprop=\"thumbnailUrl\"  \/><\/div><\/div><br \/>\n<section class=\"av_textblock_section \"  itemscope=\"itemscope\" itemtype=\"https:\/\/schema.org\/CreativeWork\" ><div class='avia_textblock  '   itemprop=\"text\" ><p>Y\u0131ld\u0131r\u0131m, bulut ile yer aras\u0131ndaki elektrik y\u00fcklerinin h\u0131zl\u0131 de\u015farj olma olay\u0131d\u0131r. Y\u0131ld\u0131r\u0131m olu\u015fma esnas\u0131nda, do\u011frudan ve\/veya dolayl\u0131 etkilerini ortadan kald\u0131rmak veya en aza indirmek i\u00e7in y\u0131ld\u0131r\u0131mdan korunma sistemleri kullan\u0131lmaktad\u0131r.\u00a0 Y\u0131ld\u0131r\u0131mdan korunma sistemleri (paratoner, faraday kafesi vb.) kurulu oldu\u011fu her t\u00fcrl\u00fc alan, bina ve tesisleri y\u0131ld\u0131r\u0131mdan kaynakl\u0131 zararl\u0131 etkilere kar\u015f\u0131 koruyan yap\u0131lard\u0131r.<\/p>\n<p>Y\u0131ld\u0131r\u0131mdan korunma sistemleri k\u0131saca d\u00f6rt s\u0131n\u0131fta belirtilebilir;<\/p>\n<ol>\n<li>Franklin \u00c7ubu\u011fu: Franklin \u00e7ubu\u011funda ama\u00e7 sivri u\u00e7 etkisi ile y\u0131ld\u0131r\u0131m\u0131 \u00fcst\u00fcne \u00e7ekmesi metoduna dayanmaktad\u0131r. Ancak koruma etki alan\u0131n\u0131n dar olmas\u0131 sebebiyle g\u00fcn\u00fcm\u00fczde bu metot kullan\u0131lmamaktad\u0131r.<\/li>\n<li>Aktif Paratonerler: Erken ak\u0131\u015f uyar\u0131 sistemi ile \u00e7al\u0131\u015fan bu paratonerler kurulumunun kolay olmas\u0131 ve etkin koruma sa\u011flamas\u0131 nedeniyle g\u00fcn\u00fcm\u00fczde yo\u011fun olarak kullan\u0131lmaktad\u0131rlar.<\/li>\n<li>Radyoaktif Paratonerler: Radyoaktif paratonerlerin, ta\u015f\u0131d\u0131klar\u0131 radyoaktif malzemenin yaratt\u0131\u011f\u0131 radyasyon kirlili\u011fi ve deprem durumunda radyoaktif malzemenin topra\u011fa kar\u0131\u015fmas\u0131 riski sebebiyle, imalat\u0131 ve kullan\u0131m\u0131 durdurulmu\u015ftur.<\/li>\n<\/ol>\n<p>Faraday Kafesi: Yakalama ucu, ini\u015f iletkeni ve topraklama sistemi olmak \u00fczere 3 k\u0131s\u0131mdan olu\u015fan faraday kafesi, korunmas\u0131 istenen alana belirli aral\u0131klarla tesis edilir. Kurulum maliyeti y\u00fcksek olmas\u0131na ra\u011fmen, en etkin koruma sistemi olarak g\u00fcn\u00fcm\u00fczde kullan\u0131lmaktad\u0131r. Y\u0131ld\u0131r\u0131mdan Korunma Sistemi Denetimi Nedir \u2013 Neden Gereklidir?<\/p>\n<p>Y\u0131ld\u0131r\u0131mdan korunma sisteminin etkinli\u011finin kontrol edilmesi, g\u00fcvenilir olarak \u00e7al\u0131\u015fmaya haz\u0131r halde tutulmas\u0131 ve tam olarak ilgili mevzuata uygunlu\u011funun sa\u011flanmas\u0131 i\u00e7in belli periyotlarla yetkili elektrik m\u00fchendisleri taraf\u0131ndan \u00f6l\u00e7\u00fcmlerinin yap\u0131lmas\u0131 ve muayene edilmesi gerekmektedir.\u00a0 Teknik dok\u00fcmanlar\u0131n kontrol\u00fc, g\u00f6z ile muayene, topraklama sisteminin \u00f6l\u00e7\u00fcm\u00fc ve raporlama, denetimin temel \u00f6\u011felerini olu\u015fturmaktad\u0131r.<\/p>\n<p>Y\u0131ld\u0131r\u0131mdan korunma sistemi \u00f6l\u00e7\u00fcm ve incelemeleri kapsam\u0131nda a\u015fa\u011f\u0131daki \u00f6l\u00e7\u00fcm ve kontroller yap\u0131lmaktad\u0131r:<\/p>\n<ul>\n<li>Koruma Borusu ve Bile\u015fenlerinin \u0130ncelenmesi<\/li>\n<li>\u0130ndirme \u0130letkenleri ve Bile\u015fenlerinin \u0130ncelenmesi<\/li>\n<li>Muayene Klemensi ve Bile\u015fenlerinin \u0130ncelenmesi<\/li>\n<li>\u00c7at\u0131 \u00dcst\u00fc Sistemi ve Bile\u015fenlerinin \u0130ncelenmesi<\/li>\n<li>Topraklama Tesisi Direnci \u00d6l\u00e7\u00fcm\u00fc<\/li>\n<\/ul>\n<p>Y\u0131ld\u0131r\u0131mdan Korunma Sistemi \u00d6l\u00e7\u00fcm ve Muayenesi \u0130le \u0130lgili Mevzuat<\/p>\n<p>21.08.2001 tarih ve 24500 say\u0131l\u0131 Resmi Gazete\u2019de yay\u0131nlanarak y\u00fcr\u00fcrl\u00fc\u011fe giren Elektrik Tesislerinde Topraklamalar Y\u00f6netmeli\u011fi\u2019nin 3. maddesi, yeni kurulacak veya kurulu tesislerde muayene ve topraklama diren\u00e7 \u00f6l\u00e7\u00fcmlerinin her y\u0131l periyodik olarak yap\u0131lmas\u0131 gerekmektedir.<\/p>\n<p>Y\u0131ld\u0131r\u0131mdan korunma sisteminin muayeneleri aras\u0131ndaki en uzun s\u00fcre, TS EN 62305 \u2013 3:2007 (Y\u0131ld\u0131r\u0131mdan korunma \u2013 B\u00f6l\u00fcm 3: Yap\u0131larda fiziksel hasar ve hayati tehlike) standard\u0131 Ek E b\u00f6l\u00fcm\u00fc \u00c7izelge E.2\u2019ye g\u00f6re muayene s\u00fcresi azami 1 y\u0131l olmal\u0131d\u0131r.<\/p>\n<p><strong>Y\u0131ld\u0131r\u0131mdan Korunma Sistemi Denetimini Kimler Yapt\u0131rmal\u0131d\u0131r?<\/strong><\/p>\n<p>Y\u0131ld\u0131r\u0131mdan korunma sistemi bulunan t\u00fcm tesis ve i\u015fletmelerde \u00f6l\u00e7\u00fcm ve muayene i\u015flemleri yetkili m\u00fchendisler taraf\u0131ndan y\u0131ll\u0131k periyodik olarak yap\u0131lmal\u0131d\u0131r.<\/p>\n<\/div><\/section><\/p><\/div><\/p>\n","protected":false},"excerpt":{"rendered":"","protected":false},"author":1,"featured_media":0,"parent":7381,"menu_order":0,"comment_status":"closed","ping_status":"closed","template":"","meta":{"footnotes":""},"_links":{"self":[{"href":"https:\/\/northakademi.com\/tr\/wp-json\/wp\/v2\/pages\/7387"}],"collection":[{"href":"https:\/\/northakademi.com\/tr\/wp-json\/wp\/v2\/pages"}],"about":[{"href":"https:\/\/northakademi.com\/tr\/wp-json\/wp\/v2\/types\/page"}],"author":[{"embeddable":true,"href":"https:\/\/northakademi.com\/tr\/wp-json\/wp\/v2\/users\/1"}],"replies":[{"embeddable":true,"href":"https:\/\/northakademi.com\/tr\/wp-json\/wp\/v2\/comments?post=7387"}],"version-history":[{"count":1,"href":"https:\/\/northakademi.com\/tr\/wp-json\/wp\/v2\/pages\/7387\/revisions"}],"predecessor-version":[{"id":7388,"href":"https:\/\/northakademi.com\/tr\/wp-json\/wp\/v2\/pages\/7387\/revisions\/7388"}],"up":[{"embeddable":true,"href":"https:\/\/northakademi.com\/tr\/wp-json\/wp\/v2\/pages\/7381"}],"wp:attachment":[{"href":"https:\/\/northakademi.com\/tr\/wp-json\/wp\/v2\/media?parent=7387"}],"curies":[{"name":"wp","href":"https:\/\/api.w.org\/{rel}","templated":true}]}}