{"id":7385,"date":"2020-04-29T02:44:53","date_gmt":"2020-04-28T23:44:53","guid":{"rendered":"https:\/\/northakademi.com\/tr\/?page_id=7385"},"modified":"2020-04-29T02:44:53","modified_gmt":"2020-04-28T23:44:53","slug":"elektrik-pano-kontrolu","status":"publish","type":"page","link":"https:\/\/northakademi.com\/tr\/elektriksel-olcumler-ve-tesisatlar\/elektrik-pano-kontrolu\/","title":{"rendered":"Elektrik Pano Kontrol\u00fc"},"content":{"rendered":"<\/div><\/div><\/div><!-- close content main div --><\/div><\/div><div id='av_section_1' class='avia-section main_color avia-section-default avia-no-shadow avia-bg-style-scroll   av-minimum-height av-minimum-height-custom container_wrap sidebar_right' style = 'background-repeat: no-repeat; background-image: url(https:\/\/northakademi.com\/tr\/wp-content\/uploads\/2019\/12\/slide-north-akademi-siyah-lacivert.jpg); background-attachment: scroll; background-position: top left; ' data-section-bg-repeat='no-repeat' ><div class='container' style='height:150px'><div class='template-page content  av-content-small alpha units'><div class='post-entry post-entry-type-page post-entry-7385'><div class='entry-content-wrapper clearfix'>\n<div style='padding-bottom:10px;color:#ffffff;' class='av-special-heading av-special-heading-h3 custom-color-heading   '><h3 class='av-special-heading-tag '  itemprop=\"headline\"  >Elektrik Pano Kontrol\u00fc<\/h3><div class='special-heading-border'><div class='special-heading-inner-border' style='border-color:#ffffff'><\/div><\/div><\/div>\n<\/div><\/div><\/div><!-- close content main div --><\/div><\/div><div id='after_section_1' class='main_color av_default_container_wrap container_wrap sidebar_right'   ><div class='container' ><div class='template-page content  av-content-small alpha units'><div class='post-entry post-entry-type-page post-entry-7385'><div class='entry-content-wrapper clearfix'><div class=\"flex_column av_one_full  flex_column_div av-zero-column-padding first  \" style='border-radius:0px; '><p><div class='avia-image-container  av-styling-    avia-align-center '  itemprop=\"ImageObject\" itemscope=\"itemscope\" itemtype=\"https:\/\/schema.org\/ImageObject\"  ><div class='avia-image-container-inner'><img class='avia_image ' src='https:\/\/northakademi.com\/tr\/wp-content\/uploads\/2019\/12\/north-akademi-egitim-0124.jpg' alt='' title=''   itemprop=\"thumbnailUrl\"  \/><\/div><\/div><br \/>\n<section class=\"av_textblock_section \"  itemscope=\"itemscope\" itemtype=\"https:\/\/schema.org\/CreativeWork\" ><div class='avia_textblock  '   itemprop=\"text\" ><p>Elektrik panosu, elektri\u011fin i\u015fletmede kullan\u0131lan sistemlere da\u011f\u0131t\u0131lmas\u0131na yarayan ve i\u00e7inde elektrik saya\u00e7lar\u0131, kondansat\u00f6rler, g\u00fc\u00e7 kontakt\u00f6rleri, \u00f6l\u00e7\u00fc aletleri, g\u00fc\u00e7 r\u00f6lesi, kontrol r\u00f6lesi, kesici \u015falterler ve elektrik sigortas\u0131 gibi elemanlar\u0131n bulundu\u011fu bir kabindir.<\/p>\n<p>Elektrik panolar\u0131, bir tesisteki elektri\u011fin g\u00fcvenli\u011fini ve kontrol\u00fcn\u00fc sa\u011flayan en \u00f6nemli unsurlard\u0131r. \u0130\u015fletmelerde elektri\u011fe ihtiya\u00e7 duyan b\u00fct\u00fcn ara\u00e7lar\u0131n ve ekipmanlar\u0131n g\u00fcvenli \u00e7al\u0131\u015fmas\u0131 ve elektrik tesisat\u0131n\u0131n g\u00fcvenli olmas\u0131n\u0131 sa\u011flayan ara\u00e7lar\u0131n bir araya geldi\u011fi donan\u0131m elektrik panosu olarak tanmlanmaktad\u0131r.<\/p>\n<p>Pano \u00f6l\u00e7\u00fcmleri i\u00e7in \u00e7e\u015fitli muayene y\u00f6ntemleri bulunmaktad\u0131r. \u00d6rne\u011fin termografik muayene y\u00f6nteminde, elektrik panolar\u0131 ve tesisat\u0131nda, termal kameralar yard\u0131m\u0131 ile \u0131s\u0131 \u00f6l\u00e7\u00fcmleri yap\u0131lmaktad\u0131r. Enerji kalitesi \u00f6l\u00e7\u00fcmleme y\u00f6nteminde ise, elektrik panolar\u0131ndaki enerji kalitesi ve harmonik bile\u015fenleri \u00f6l\u00e7\u00fclmektedir.<\/p>\n<p>Elektriksel muayene ve elektrik panosu muayene hizmetleri, elektri\u011fin binaya girdi\u011fi noktadan ba\u015flayarak da\u011f\u0131t\u0131ld\u0131\u011f\u0131 noktalara kadar uzanan bir sistemin \u00e7e\u015fitli test ve kontrol faaliyetlerini kapsamaktad\u0131r. Bu muayene i\u015flemleri ile olas\u0131 patlama, yang\u0131n ve benzeri risklerin minimuma indirilmesi ve enerji kullan\u0131m\u0131nda verimlili\u011fin artt\u0131r\u0131lmas\u0131n\u0131 sa\u011flayan noktalar\u0131n tespit edilmesi hedeflenmektedir. Genel olarak bakacak olursak elektrik panolar\u0131nda, muayene s\u0131ras\u0131nda, panolar\u0131n bulundu\u011fu yer, fiziksel durumu, yal\u0131t\u0131m \u00f6zellikleri, k\u0131sa devre dayan\u0131kl\u0131l\u0131\u011f\u0131, koruyucu devrenin etkinli\u011fi, mekanik i\u015flevselli\u011fi, \u0131s\u0131nma art\u0131\u015f\u0131 gibi hususlar kontrol edilir.<\/p>\n<p>Kablo muayenesi, yal\u0131t\u0131m testi, koruma tedbirleri gibi rutin kontroller zaten g\u00fcvenlik a\u00e7\u0131s\u0131ndan belli aral\u0131klarla yap\u0131lmas\u0131 gerekli olan kontrollerdir. Ancak yukar\u0131da say\u0131lan kontrol noktalar\u0131n\u0131 i\u00e7eren uygunluk testleri, tesisin uzun \u00f6m\u00fcrl\u00fc g\u00fcvenli\u011finin sa\u011flanmas\u0131 i\u00e7in bir zorunluluktur.<\/p>\n<p>\u00c7al\u0131\u015fma ve Sosyal G\u00fcvenlik Bakanl\u0131\u011f\u0131\u2019n\u0131n yay\u0131nlad\u0131\u011f\u0131 6331 say\u0131l\u0131 \u0130\u015f Sa\u011fl\u0131\u011f\u0131 ve G\u00fcvenli\u011fi Kanunu\u2019na dayanarak \u00e7\u0131kar\u0131lan \u0130\u015f Ekipmanlar\u0131n\u0131n Kullan\u0131m\u0131nda Sa\u011fl\u0131k ve G\u00fcvenlik \u015eartlar\u0131 Y\u00f6netmeli\u011fi\u2019ne g\u00f6re, ilgili di\u011fer y\u00f6netmeliklerde ve standartlarda aksi bir s\u00fcre belirtilmemi\u015f ise, y\u0131lda en az 1 kez elektrik panolar\u0131n\u0131n muayenesinin yapt\u0131r\u0131lmas\u0131 gerekmektedir.<\/p>\n<p>\u0130\u015f Ekipmanlar\u0131n\u0131n Kullan\u0131m\u0131nda Sa\u011fl\u0131k ve G\u00fcvenlik \u015eartlar\u0131 Y\u00f6netmeli\u011fi, i\u015f yerlerinde kullan\u0131lan makinalar\u0131n ve tesisat\u0131n \u00e7e\u015fitlerine g\u00f6re, kontrol d\u00f6nemlerinin ne oldu\u011funu ve d\u00f6nemsel kontroller s\u0131ras\u0131nda hangi kriterlerin ve standartlar\u0131n esas al\u0131naca\u011f\u0131n\u0131 ifade etmi\u015ftir. Bu y\u00f6netmeli\u011fe g\u00f6re kontroller, Elektrik Tesislerinde Topraklamalar Y\u00f6netmeli\u011fi, Elektrik Kuvvetli Ak\u0131m Tesisleri Y\u00f6netmeli\u011fi ve Elektrik \u0130\u00e7 Tesisleri Y\u00f6netmeliklerinde yer alan kriterler esas al\u0131narak yap\u0131lacakt\u0131r. Bunun yan\u0131nda TS EN 60079-14:2014 dikkate al\u0131nacak di\u011fer standartt\u0131r.<\/p>\n<p><strong>Elektrik Panosu Y\u00f6netmeli\u011fi Nedir?<\/strong><\/p>\n<p>Elektrik Panosu \u00f6l\u00e7\u00fcmlerinin kontrollerinin yap\u0131lmas\u0131na dair Mevzuat gere\u011fi \u0130\u015f Kanunu \u00e7er\u00e7evesinde tan\u0131mlanan bir y\u00f6netmelik bulunmaktad\u0131r. Bu y\u00f6netmelik \u201c\u0130\u015f Ekipmanlar\u0131n\u0131n Kullan\u0131m\u0131nda Sa\u011fl\u0131k ve G\u00fcvenlik \u015eartlar\u0131 Y\u00f6netmeli\u011fi\u201ddir. Y\u00f6netmeli\u011fin, Ek III B\u00f6l\u00fcm\u00fcn\u00fcn 2.3. Tesisatlar maddesinin, 2.3.1. bendi \u201cilgili standartlarda aksi belirtilmedi\u011fi s\u00fcrece tesisatlar\u0131n periyodik kontrolleri y\u0131lda bir yap\u0131l\u0131r\u201d h\u00fckm\u00fcndedir. Ve ayr\u0131ca bu Y\u00f6netmeli\u011fi\u2019nin Ek III B\u00f6l\u00fcm\u00fcn\u00fcn 2.4. Tezgahlar maddesinin, 2.4.1. bendi \u201cMakina ve tezgahlar\u0131n periyodik kontrolleri Ek III; Madde 1.4\u2019te yer alan hususlara uygun olarak yap\u0131l\u0131r\u201d h\u00fckm\u00fcndedir. Yap\u0131lan bu elektriksel kontrol; elektriksel \u00f6l\u00e7\u00fcm ve elektriksel muayeneler, 21\/8\/2001 tarihli ve 24500 say\u0131l\u0131 Resm\u00ee Gaz\/ete\u2019de Yay\u0131nlanan Elektrik Tesislerinde Elektrik Panosular Y\u00f6netmeli\u011fi, 30\/11\/2000 tarihli ve 24246 say\u0131l\u0131 Resm\u00ee Gazete\u2018de yay\u0131mlanan Elektrik Kuvvetli Ak\u0131m Tesisleri Y\u00f6netmeli\u011fi ve 4\/111984 tarihli ve 18565 say\u0131l\u0131 Resm\u00ee Gazete\u2019de yay\u0131mlanan Elektrik \u0130\u00e7 Tesisleri Y\u00f6netmeli\u011fi ile TS EN 60079 standard\u0131nda belirtilen hususlara g\u00f6re yap\u0131l\u0131r. Elektrik Panosu \u00f6l\u00e7\u00fcmleri de bu kapsamda de\u011ferlendirilmekte ve ba\u011fl\u0131 bulundu\u011fu standart \u0131\u015f\u0131\u011f\u0131nda kontrol edilmektedir.<\/p>\n<p><strong>Elektrik Panosu Raporu Nas\u0131l Haz\u0131rlan\u0131r?<\/strong><\/p>\n<p>\u0130\u015f Ekipmanlar\u0131n\u0131n Kullan\u0131m\u0131nda Sa\u011fl\u0131k ve G\u00fcvenlik \u015eartlar\u0131 Y\u00f6netmeli\u011finde belirtilen tesisatlar konusuna ba\u011fl\u0131 olarak ger\u00e7ekle\u015ftirilmesi gereken Elektrik Panosu \u00f6l\u00e7\u00fcmleri ile ilgili ulusal ve uluslararas\u0131 test ve deney standartlar\u0131 do\u011frultusunda \u00fcr\u00fcn\u00fcn teknik bilgilerinin de bulundu\u011fu bir form haz\u0131rlan\u0131r. Standard\u0131n istedi\u011fi t\u00fcm \u00f6l\u00e7\u00fcmler ve g\u00f6rsel testler ile birlikte ilgili kontroller de yap\u0131larak rapora i\u015flenir. Olu\u015fturulan rapor, ilgili teknik uzman\u0131n bulgular\u0131 ve teknik y\u00f6neticinin de onay\u0131yla haz\u0131rlanm\u0131\u015f olur.<\/p>\n<\/div><\/section><\/p><\/div><\/p>\n","protected":false},"excerpt":{"rendered":"","protected":false},"author":1,"featured_media":0,"parent":7381,"menu_order":0,"comment_status":"closed","ping_status":"closed","template":"","meta":{"footnotes":""},"_links":{"self":[{"href":"https:\/\/northakademi.com\/tr\/wp-json\/wp\/v2\/pages\/7385"}],"collection":[{"href":"https:\/\/northakademi.com\/tr\/wp-json\/wp\/v2\/pages"}],"about":[{"href":"https:\/\/northakademi.com\/tr\/wp-json\/wp\/v2\/types\/page"}],"author":[{"embeddable":true,"href":"https:\/\/northakademi.com\/tr\/wp-json\/wp\/v2\/users\/1"}],"replies":[{"embeddable":true,"href":"https:\/\/northakademi.com\/tr\/wp-json\/wp\/v2\/comments?post=7385"}],"version-history":[{"count":1,"href":"https:\/\/northakademi.com\/tr\/wp-json\/wp\/v2\/pages\/7385\/revisions"}],"predecessor-version":[{"id":7386,"href":"https:\/\/northakademi.com\/tr\/wp-json\/wp\/v2\/pages\/7385\/revisions\/7386"}],"up":[{"embeddable":true,"href":"https:\/\/northakademi.com\/tr\/wp-json\/wp\/v2\/pages\/7381"}],"wp:attachment":[{"href":"https:\/\/northakademi.com\/tr\/wp-json\/wp\/v2\/media?parent=7385"}],"curies":[{"name":"wp","href":"https:\/\/api.w.org\/{rel}","templated":true}]}}