{"id":7380,"date":"2020-04-29T02:42:23","date_gmt":"2020-04-28T23:42:23","guid":{"rendered":"https:\/\/northakademi.com\/tr\/?page_id=7380"},"modified":"2020-04-29T02:42:58","modified_gmt":"2020-04-28T23:42:58","slug":"topraklama-olcumu","status":"publish","type":"page","link":"https:\/\/northakademi.com\/tr\/elektriksel-olcumler-ve-tesisatlar\/topraklama-olcumu\/","title":{"rendered":"Topraklama \u00d6l\u00e7\u00fcm\u00fc"},"content":{"rendered":"<\/div><\/div><\/div><!-- close content main div --><\/div><\/div><div id='av_section_1' class='avia-section main_color avia-section-default avia-no-shadow avia-bg-style-scroll   av-minimum-height av-minimum-height-custom container_wrap sidebar_right' style = 'background-repeat: no-repeat; background-image: url(https:\/\/northakademi.com\/tr\/wp-content\/uploads\/2019\/12\/slide-north-akademi-siyah-lacivert.jpg); background-attachment: scroll; background-position: top left; ' data-section-bg-repeat='no-repeat' ><div class='container' style='height:150px'><div class='template-page content  av-content-small alpha units'><div class='post-entry post-entry-type-page post-entry-7380'><div class='entry-content-wrapper clearfix'>\n<div style='padding-bottom:10px;color:#ffffff;' class='av-special-heading av-special-heading-h3 custom-color-heading   '><h3 class='av-special-heading-tag '  itemprop=\"headline\"  >Topraklama \u00d6l\u00e7\u00fcm\u00fc<\/h3><div class='special-heading-border'><div class='special-heading-inner-border' style='border-color:#ffffff'><\/div><\/div><\/div>\n<\/div><\/div><\/div><!-- close content main div --><\/div><\/div><div id='after_section_1' class='main_color av_default_container_wrap container_wrap sidebar_right'   ><div class='container' ><div class='template-page content  av-content-small alpha units'><div class='post-entry post-entry-type-page post-entry-7380'><div class='entry-content-wrapper clearfix'><div class=\"flex_column av_one_full  flex_column_div av-zero-column-padding first  \" style='border-radius:0px; '><p><div class='avia-image-container  av-styling-    avia-align-center '  itemprop=\"ImageObject\" itemscope=\"itemscope\" itemtype=\"https:\/\/schema.org\/ImageObject\"  ><div class='avia-image-container-inner'><img class='avia_image ' src='https:\/\/northakademi.com\/tr\/wp-content\/uploads\/2019\/12\/north-akademi-egitim-0124.jpg' alt='' title=''   itemprop=\"thumbnailUrl\"  \/><\/div><\/div><br \/>\n<section class=\"av_textblock_section \"  itemscope=\"itemscope\" itemtype=\"https:\/\/schema.org\/CreativeWork\" ><div class='avia_textblock  '   itemprop=\"text\" ><p>Topraklama \u00d6l\u00e7\u00fcm\u00fc Periyodik Kontrol\u00fc, Elektrik Tesislerinde Topraklamalar Y\u00f6netmeli\u011fi\u00a0madde 10 &#8211; a\u2019 da a\u00e7\u0131kland\u0131\u011f\u0131 \u00fczere her topraklama tesisi, montaj esnas\u0131nda ve i\u015fletme a\u015famalar\u0131nda periyodik olarak kontrol edilecektir. Yap\u0131lacak kontroller;<br \/>\n\u2022 G\u00f6zle muayene,<br \/>\n\u2022 Koruma iletkenlerinin, ana ve tamamlay\u0131c\u0131 potansiyel dengeleme iletkenleri ba\u011flant\u0131lar\u0131n\u0131n s\u00fcreklili\u011finin \u00f6l\u00e7\u00fclmesi ve denetlenmesi,<br \/>\n\u2022\u00a0<strong>Toprak \u00f6zg\u00fcl direncinin \u00f6l\u00e7\u00fclmesi\u00a0,<\/strong><br \/>\n\u2022\u00a0<strong>Topraklama ( yay\u0131lma ) direncinin \u00f6l\u00e7\u00fclmesi\u00a0,<\/strong><br \/>\n\u2022\u00a0<strong>Beslemenin otomatik kesilip kesilmedi\u011finin denetlenmesi<\/strong>\u00a0,<br \/>\n\u2022 \u00c7evrim empedans\u0131n\u0131n kontrolu,<br \/>\n\u2022 Ka\u00e7ak Ak\u0131m Koruma d\u00fczeninin kontrolu,<br \/>\n\u015feklinde s\u0131ralanmaktad\u0131r.<br \/>\nYap\u0131lacak kontrollerde Y\u00f6netmelik Ek-P\u2019de verilen \u015fekilde formlar\u0131n kullan\u0131lmas\u0131 tavsiye olunur.\u00a0Kontrol periyotlar\u0131na\u00a0da ayn\u0131 ekte de\u011finilmi\u015ftir.<\/p>\n<p><strong>\u00c7e\u015fitli topraklama tesislerinin i\u015fletme d\u00f6nemi i\u00e7inde denetleme periyodlar\u0131<\/strong><br \/>\n<strong>Elektrik \u00fcretim\u00a0, iletim, da\u011f\u0131t\u0131m tesisleri ( Hatlar hari\u00e7 )<\/strong> : 2 y\u0131l<br \/>\n<strong>Enerji nakil ve da\u011f\u0131t\u0131m hatlar\u0131<\/strong>\u00a0: 5 y\u0131l<br \/>\n<strong>Sanayi tesisleri ve ticaret merkezleri<\/strong>\u00a0: 1 y\u0131l<br \/>\n<strong>Topraklamalara ili\u015fkin diren\u00e7lerin muayene ve \u00f6l\u00e7\u00fclmesi\u00a0<\/strong>: 1 y\u0131l<\/p>\n<p><strong>Topraklama tesisleri\u00a0ile ilgili di\u011fer kontroller :<\/strong> 2 y\u0131l<\/p>\n<p style=\"text-align: justify;\">Sabit olmayan tesisler i\u00e7in<br \/>\nSabit i\u015fletme elemanlar\u0131 : 1 y\u0131l<br \/>\nYer de\u011fi\u015ftirebilen i\u015fletme elemanlar\u0131 : 6 ay<\/p>\n<p><strong>Topraklama tesisinin muayene ve denetlenmesinin amac\u0131<\/strong><br \/>\n1. Tesisin sa\u011flaml\u0131\u011f\u0131n\u0131n denenmesi.<br \/>\n2. Dokunma gerilimin izin verilen s\u0131n\u0131rlar i\u00e7inde olup olmad\u0131\u011f\u0131n\u0131n belirlenmesi.<\/p>\n<p>Tesisin sa\u011flaml\u0131\u011f\u0131na, toprak yay\u0131lma direncinin (\u00a0topraklama direnci\u00a0) \u00f6l\u00e7\u00fclmesi ile karar verilebilir.\u00a0Topraklama tesisinin dokunma gerilimi a\u00e7\u0131s\u0131ndan yeterli olup olmad\u0131\u011f\u0131, topraklama direnci \u00f6l\u00e7\u00fclmesi ile belirlenemez. Farkl\u0131 topraklay\u0131c\u0131 tipleri ve topraklama d\u00fczenleri ayn\u0131 topraklama direncine sahip olmalar\u0131na ra\u011fmen dokunma gerilimi veya ad\u0131m gerilimi bak\u0131m\u0131ndan farkl\u0131 \u00f6zellikler g\u00f6sterirler.<br \/>\nTopraklay\u0131c\u0131lardan ak\u0131m ge\u00e7mesi halinde, toprak i\u00e7inde olu\u015fan potansiyel da\u011f\u0131l\u0131m\u0131 dokunma gerilimini belirler.<\/p>\n<\/div><\/section><\/p><\/div><\/p>\n","protected":false},"excerpt":{"rendered":"","protected":false},"author":1,"featured_media":0,"parent":7381,"menu_order":0,"comment_status":"closed","ping_status":"closed","template":"","meta":{"footnotes":""},"_links":{"self":[{"href":"https:\/\/northakademi.com\/tr\/wp-json\/wp\/v2\/pages\/7380"}],"collection":[{"href":"https:\/\/northakademi.com\/tr\/wp-json\/wp\/v2\/pages"}],"about":[{"href":"https:\/\/northakademi.com\/tr\/wp-json\/wp\/v2\/types\/page"}],"author":[{"embeddable":true,"href":"https:\/\/northakademi.com\/tr\/wp-json\/wp\/v2\/users\/1"}],"replies":[{"embeddable":true,"href":"https:\/\/northakademi.com\/tr\/wp-json\/wp\/v2\/comments?post=7380"}],"version-history":[{"count":2,"href":"https:\/\/northakademi.com\/tr\/wp-json\/wp\/v2\/pages\/7380\/revisions"}],"predecessor-version":[{"id":7384,"href":"https:\/\/northakademi.com\/tr\/wp-json\/wp\/v2\/pages\/7380\/revisions\/7384"}],"up":[{"embeddable":true,"href":"https:\/\/northakademi.com\/tr\/wp-json\/wp\/v2\/pages\/7381"}],"wp:attachment":[{"href":"https:\/\/northakademi.com\/tr\/wp-json\/wp\/v2\/media?parent=7380"}],"curies":[{"name":"wp","href":"https:\/\/api.w.org\/{rel}","templated":true}]}}