{"id":7373,"date":"2020-04-29T02:37:21","date_gmt":"2020-04-28T23:37:21","guid":{"rendered":"https:\/\/northakademi.com\/tr\/?page_id=7373"},"modified":"2020-04-29T02:37:21","modified_gmt":"2020-04-28T23:37:21","slug":"otoklav-muayenesi","status":"publish","type":"page","link":"https:\/\/northakademi.com\/tr\/basincli-kaplar-ve-tesisatlar\/otoklav-muayenesi\/","title":{"rendered":"Otoklav Muayenesi"},"content":{"rendered":"<\/div><\/div><\/div><!-- close content main div --><\/div><\/div><div id='av_section_1' class='avia-section main_color avia-section-default avia-no-shadow avia-bg-style-scroll   av-minimum-height av-minimum-height-custom container_wrap sidebar_right' style = 'background-repeat: no-repeat; background-image: url(https:\/\/northakademi.com\/tr\/wp-content\/uploads\/2019\/12\/slide-north-akademi-siyah-lacivert.jpg); background-attachment: scroll; background-position: top left; ' data-section-bg-repeat='no-repeat' ><div class='container' style='height:150px'><div class='template-page content  av-content-small alpha units'><div class='post-entry post-entry-type-page post-entry-7373'><div class='entry-content-wrapper clearfix'>\n<div style='padding-bottom:10px;color:#ffffff;' class='av-special-heading av-special-heading-h3 custom-color-heading   '><h3 class='av-special-heading-tag '  itemprop=\"headline\"  >Otoklav Muayenesi<\/h3><div class='special-heading-border'><div class='special-heading-inner-border' style='border-color:#ffffff'><\/div><\/div><\/div>\n<\/div><\/div><\/div><!-- close content main div --><\/div><\/div><div id='after_section_1' class='main_color av_default_container_wrap container_wrap sidebar_right'   ><div class='container' ><div class='template-page content  av-content-small alpha units'><div class='post-entry post-entry-type-page post-entry-7373'><div class='entry-content-wrapper clearfix'><div class=\"flex_column av_one_full  flex_column_div av-zero-column-padding first  \" style='border-radius:0px; '><p><div class='avia-image-container  av-styling-    avia-align-center '  itemprop=\"ImageObject\" itemscope=\"itemscope\" itemtype=\"https:\/\/schema.org\/ImageObject\"  ><div class='avia-image-container-inner'><img class='avia_image ' src='https:\/\/northakademi.com\/tr\/wp-content\/uploads\/2019\/12\/north-akademi-egitim-0124.jpg' alt='' title=''   itemprop=\"thumbnailUrl\"  \/><\/div><\/div><br \/>\n<section class=\"av_textblock_section \"  itemscope=\"itemscope\" itemtype=\"https:\/\/schema.org\/CreativeWork\" ><div class='avia_textblock  '   itemprop=\"text\" ><p>Otoklavlar y\u00fcksek s\u0131cakl\u0131k alt\u0131nda sterilizasyon veya lastik, kau\u00e7uk, cam gibi malzemelerin i\u015flenmesinde kullan\u0131lan ekipmanlard\u0131r. Bas\u0131n\u00e7 i\u00e7erdiklerinden dolay\u0131 bas\u0131n\u00e7l\u0131 kap olarak s\u0131n\u0131fland\u0131r\u0131l\u0131r ve uygun \u00f6nlemlerin al\u0131nmas\u0131 gereklidir. 10-15 lt. gibi k\u00fc\u00e7\u00fck kapasitelerde kullan\u0131labildikleri gibi \u00e7ok b\u00fcy\u00fck hacimli de olabilirler. Teknolojik olarak da olduk\u00e7a basit \u015fekilde kapakl\u0131 bir kaptan ibaret olabildikleri gibi bilgisayar kontroll\u00fc de\u011fi\u015fik fonksiyonlar\u0131 i\u00e7eren \u015fekilde de olabilirler. Baz\u0131 otoklav tipleri buhar\u0131 kendi yap\u0131lar\u0131nda bulunan rezistanslarla \u00fcretirler. Di\u011fer baz\u0131 otoklav tiplerinde ise buhar bir ba\u015fka kaynaktan borular vas\u0131tas\u0131yla otoklava iletilir.<\/p>\n<p>Otoklavlar buhar, bas\u0131n\u00e7 ve elektrikten kaynakl\u0131 riskler i\u00e7erirler. Otoklavlarda manometre, termometre, kronometre gibi \u00f6l\u00e7\u00fc ekipmanlar\u0131; presostat, termostat gibi kontrol cihazlar\u0131 ile emniyet ventilleri gibi g\u00fcvenlik ekipmanlar\u0131 bulunur.<\/p>\n<p>Otoklav periyodik kontrolleri \u0130\u015f Ekipmanlar\u0131n\u0131n Kullan\u0131m\u0131nda Sa\u011fl\u0131k ve G\u00fcvenlik \u015eartlar\u0131 Y\u00f6netmeli\u011fi\u2019nin Ek-III b\u00f6l\u00fcm\u00fcnde yer alan \u201cBas\u0131n\u00e7l\u0131 Kap ve Tesisatlar\u201d grubu i\u00e7erisinde de\u011ferlendirilerek ger\u00e7ekle\u015ftirilir. En ge\u00e7 y\u0131lda 1 kez periyodik kontrollerinin yap\u0131lmas\u0131 gerekmektedir. Otoklav periyodik kontrollerini ger\u00e7ekle\u015ftirmeye makine m\u00fchendisleri ile makine tekniker veya y\u00fcksek teknikerleri yetkilidir.<\/p>\n<p>Otoklav periyodik kontrollerinde ekipman yerle\u015fimi, elektrik tesisat ba\u011flant\u0131lar\u0131n\u0131n uygunlu\u011fu, ekipman\u0131n durumu (korozyon, deformasyon, kaynak diki\u015fleri vb.), kapak durumu, \u00f6l\u00e7\u00fc ve kontrol cihazlar\u0131n\u0131n \u00e7al\u0131\u015fmas\u0131 gibi kontroller ger\u00e7ekle\u015ftirilir. Test amac\u0131yla ekipman\u0131n maruz kald\u0131\u011f\u0131 maksimum bas\u0131nc\u0131n 1,5 kat\u0131 bas\u0131n\u00e7 uygulanarak hidrostatik test ger\u00e7ekle\u015ftirilir. Emniyet ventilinin ise ekipman\u0131n normal \u00e7al\u0131\u015fma bas\u0131nc\u0131n\u0131 %10\u2019dan fazla a\u015fmadan tahliyeyi ger\u00e7ekle\u015ftirdi\u011fi test edilir.<\/p>\n<\/div><\/section><\/p><\/div><\/p>\n","protected":false},"excerpt":{"rendered":"","protected":false},"author":1,"featured_media":0,"parent":7363,"menu_order":0,"comment_status":"closed","ping_status":"closed","template":"","meta":{"footnotes":""},"_links":{"self":[{"href":"https:\/\/northakademi.com\/tr\/wp-json\/wp\/v2\/pages\/7373"}],"collection":[{"href":"https:\/\/northakademi.com\/tr\/wp-json\/wp\/v2\/pages"}],"about":[{"href":"https:\/\/northakademi.com\/tr\/wp-json\/wp\/v2\/types\/page"}],"author":[{"embeddable":true,"href":"https:\/\/northakademi.com\/tr\/wp-json\/wp\/v2\/users\/1"}],"replies":[{"embeddable":true,"href":"https:\/\/northakademi.com\/tr\/wp-json\/wp\/v2\/comments?post=7373"}],"version-history":[{"count":1,"href":"https:\/\/northakademi.com\/tr\/wp-json\/wp\/v2\/pages\/7373\/revisions"}],"predecessor-version":[{"id":7374,"href":"https:\/\/northakademi.com\/tr\/wp-json\/wp\/v2\/pages\/7373\/revisions\/7374"}],"up":[{"embeddable":true,"href":"https:\/\/northakademi.com\/tr\/wp-json\/wp\/v2\/pages\/7363"}],"wp:attachment":[{"href":"https:\/\/northakademi.com\/tr\/wp-json\/wp\/v2\/media?parent=7373"}],"curies":[{"name":"wp","href":"https:\/\/api.w.org\/{rel}","templated":true}]}}