{"id":7371,"date":"2020-04-29T02:36:17","date_gmt":"2020-04-28T23:36:17","guid":{"rendered":"https:\/\/northakademi.com\/tr\/?page_id=7371"},"modified":"2020-04-29T02:36:17","modified_gmt":"2020-04-28T23:36:17","slug":"hidrofor-muayenesi","status":"publish","type":"page","link":"https:\/\/northakademi.com\/tr\/basincli-kaplar-ve-tesisatlar\/hidrofor-muayenesi\/","title":{"rendered":"Hidrofor Muayenesi"},"content":{"rendered":"<\/div><\/div><\/div><!-- close content main div --><\/div><\/div><div id='av_section_1' class='avia-section main_color avia-section-default avia-no-shadow avia-bg-style-scroll   av-minimum-height av-minimum-height-custom container_wrap sidebar_right' style = 'background-repeat: no-repeat; background-image: url(https:\/\/northakademi.com\/tr\/wp-content\/uploads\/2019\/12\/slide-north-akademi-siyah-lacivert.jpg); background-attachment: scroll; background-position: top left; ' data-section-bg-repeat='no-repeat' ><div class='container' style='height:150px'><div class='template-page content  av-content-small alpha units'><div class='post-entry post-entry-type-page post-entry-7371'><div class='entry-content-wrapper clearfix'>\n<div style='padding-bottom:10px;color:#ffffff;' class='av-special-heading av-special-heading-h3 custom-color-heading   '><h3 class='av-special-heading-tag '  itemprop=\"headline\"  >Hidrofor Muayenesi<\/h3><div class='special-heading-border'><div class='special-heading-inner-border' style='border-color:#ffffff'><\/div><\/div><\/div>\n<\/div><\/div><\/div><!-- close content main div --><\/div><\/div><div id='after_section_1' class='main_color av_default_container_wrap container_wrap sidebar_right'   ><div class='container' ><div class='template-page content  av-content-small alpha units'><div class='post-entry post-entry-type-page post-entry-7371'><div class='entry-content-wrapper clearfix'><div class=\"flex_column av_one_full  flex_column_div av-zero-column-padding first  \" style='border-radius:0px; '><p><div class='avia-image-container  av-styling-    avia-align-center '  itemprop=\"ImageObject\" itemscope=\"itemscope\" itemtype=\"https:\/\/schema.org\/ImageObject\"  ><div class='avia-image-container-inner'><img class='avia_image ' src='https:\/\/northakademi.com\/tr\/wp-content\/uploads\/2019\/12\/north-akademi-egitim-0124.jpg' alt='' title=''   itemprop=\"thumbnailUrl\"  \/><\/div><\/div><br \/>\n<section class=\"av_textblock_section \"  itemscope=\"itemscope\" itemtype=\"https:\/\/schema.org\/CreativeWork\" ><div class='avia_textblock  '   itemprop=\"text\" ><p>Yeterli teknik te\u00e7hizat ve bilgi birikimine sahip makine m\u00fchendisleri taraf\u0131ndan yap\u0131lan bas\u0131n\u00e7l\u0131 ekipmanlar\u0131n periyodik kontrolleri, bu cihazlar\u0131n neden olabilece\u011fi i\u015f kazalar\u0131n\u0131n azalt\u0131lmas\u0131na, \u00f6nlenmesine ve i\u015f g\u00fcvenli\u011finin sa\u011flanmas\u0131na yard\u0131mc\u0131 olmaktad\u0131r. \u0130\u015fletmelerde i\u015f sa\u011fl\u0131\u011f\u0131 ve i\u015f g\u00fcvenli\u011fi y\u00f6n\u00fcnden, bas\u0131n\u00e7l\u0131 ekipmanlar\u0131n emniyet ekipmanlar\u0131 ile beraber g\u00fcvenli bir bi\u00e7imde kullan\u0131lmas\u0131 i\u00e7in, bu bas\u0131n\u00e7l\u0131 ekipmanlar\u0131n periyodik olarak korozyon, s\u0131zd\u0131rmazl\u0131k, a\u015f\u0131nma, \u00e7atlak, deformasyon, ba\u011flant\u0131 kontrol\u00fc, s\u0131cakl\u0131k, bas\u0131n\u00e7, temizlik, fonksiyon gibi kriterlerin test ve kontrol edilmesi gerekmektedir.<\/p>\n<p><strong>Hidrofor Periyodik Kontrol Muayene S\u00fcresi Nedir?<\/strong><\/p>\n<p>\u201c\u0130lgili Mevzuat gere\u011fi y\u00f6netmeli\u011fin Ek III Bak\u0131m, Onar\u0131m ve Periyodik Kontrol ile \u0130lgili Hususlar b\u00f6l\u00fcm\u00fcn\u00fcn 1.4 Maddesi gere\u011fi; \u201cPeriyodik muayene aral\u0131\u011f\u0131 ve kriterleri standartlarda aksi bir \u015fekilde belirlenmemi\u015f i\u015f ekipmanlar\u0131n\u0131n periyodik kontrolleri ve muayeneleri, varsa imalat\u00e7\u0131n\u0131n \u00f6ng\u00f6rd\u00fc\u011f\u00fc aral\u0131k ve kriterlerde yap\u0131l\u0131r ibaresi yer almaktad\u0131r. Bu hususlar, imalat\u00e7\u0131 taraf\u0131ndan belirlenmemi\u015fse i\u015f ekipman\u0131n\u0131n periyodik muayene &amp; kontrol, bulundu\u011fu i\u015fyerindeki ortam ko\u015fullar\u0131, kullan\u0131m s\u0131kl\u0131\u011f\u0131 ile kullan\u0131m s\u00fcresi gibi baz\u0131 fakt\u00f6rler g\u00f6z \u00f6n\u00fcnde bulundurularak, yap\u0131lacak risk analizi ve de\u011ferlendirmesi sonu\u00e7lar\u0131na g\u00f6re, belirlenecek aral\u0131klarda yap\u0131lmal\u0131d\u0131r. Belirlenen periyodik muayene aral\u0131\u011f\u0131n\u0131n ilgili Y\u00f6netmelikte olas\u0131 durumlar d\u0131\u015f\u0131nda bir y\u0131l\u0131 a\u015fmamas\u0131 gerekir.\u201d h\u00fckm\u00fcndedir. Hidroforlar\u0131n kullan\u0131m s\u0131kl\u0131\u011f\u0131na g\u00f6re y\u0131lda en az \u201c1\u201d kere veya daha fazla aral\u0131klarla olmak ko\u015fulu ile mutlaka periyodik kontrol muayenelerinin yapt\u0131r\u0131lmas\u0131 kanunen zorunludur.\u201d<\/p>\n<p><strong>Hidrofor Periyodik Kontrol Muayene Y\u00f6netmeli\u011fi Nedir?<\/strong><\/p>\n<p>\u201cHidroforlar\u0131n periyodik kontrollerinin yap\u0131lmas\u0131na dair Mevzuat gere\u011fi \u0130\u015f Kanunu \u00e7er\u00e7evesinde tan\u0131mlanan bir y\u00f6netmelik bulunmaktad\u0131r. Bu y\u00f6netmelik \u201c\u0130\u015f Ekipmanlar\u0131n\u0131n Kullan\u0131m\u0131nda Sa\u011fl\u0131k ve G\u00fcvenlik \u015eartlar\u0131 Y\u00f6netmeli\u011fi\u201ddir. Y\u00f6netmeli\u011fin Ek III B\u00f6l\u00fcm\u00fcn\u00fcn 2.1. Bas\u0131n\u00e7l\u0131 Kap ve Tesisatlar bentinin, 2.1.1. alt benti \u201cBas\u0131n\u00e7l\u0131 kaplarda temel prensip olarak hidrostatik test yap\u0131lmas\u0131 esast\u0131r. Bu testler, standartlarda aksi belirtilmedi\u011fi s\u00fcrece i\u015fletme bas\u0131nc\u0131n\u0131n 1,5 kat\u0131 ile ve bir y\u0131l\u0131 a\u015fmayan s\u00fcrelerle yap\u0131l\u0131r. Ancak i\u015f ekipman\u0131n\u0131n \u00f6zelli\u011fi ve i\u015fletmeden kaynaklanan zorunlu \u015fartlar gere\u011fince hidrostatik test yapma imk\u00e2n\u0131 olmayan bas\u0131n\u00e7l\u0131 kaplarda hidrostatik test yerine standartlarda belirtilen tahribats\u0131z muayene y\u00f6ntemleri de uygulanabilir. Bu durumda, d\u00fczenlenecek periyodik kontrol raporlar\u0131nda bu husus gerek\u00e7esi ile birlikte belirtilir.\u201d h\u00fckm\u00fcne yer vermi\u015ftir. Hidroforlar da bir bas\u0131n\u00e7l\u0131 kap olarak bu kapsamda de\u011ferlendirilmekte ve ba\u011fl\u0131 bulundu\u011fu standart \u0131\u015f\u0131\u011f\u0131nda kontrol edilmektedir.\u201d<\/p>\n<\/div><\/section><\/p><\/div><\/p>\n","protected":false},"excerpt":{"rendered":"","protected":false},"author":1,"featured_media":0,"parent":7363,"menu_order":0,"comment_status":"closed","ping_status":"closed","template":"","meta":{"footnotes":""},"_links":{"self":[{"href":"https:\/\/northakademi.com\/tr\/wp-json\/wp\/v2\/pages\/7371"}],"collection":[{"href":"https:\/\/northakademi.com\/tr\/wp-json\/wp\/v2\/pages"}],"about":[{"href":"https:\/\/northakademi.com\/tr\/wp-json\/wp\/v2\/types\/page"}],"author":[{"embeddable":true,"href":"https:\/\/northakademi.com\/tr\/wp-json\/wp\/v2\/users\/1"}],"replies":[{"embeddable":true,"href":"https:\/\/northakademi.com\/tr\/wp-json\/wp\/v2\/comments?post=7371"}],"version-history":[{"count":1,"href":"https:\/\/northakademi.com\/tr\/wp-json\/wp\/v2\/pages\/7371\/revisions"}],"predecessor-version":[{"id":7372,"href":"https:\/\/northakademi.com\/tr\/wp-json\/wp\/v2\/pages\/7371\/revisions\/7372"}],"up":[{"embeddable":true,"href":"https:\/\/northakademi.com\/tr\/wp-json\/wp\/v2\/pages\/7363"}],"wp:attachment":[{"href":"https:\/\/northakademi.com\/tr\/wp-json\/wp\/v2\/media?parent=7371"}],"curies":[{"name":"wp","href":"https:\/\/api.w.org\/{rel}","templated":true}]}}