{"id":7368,"date":"2020-04-29T02:21:18","date_gmt":"2020-04-28T23:21:18","guid":{"rendered":"https:\/\/northakademi.com\/tr\/?page_id=7368"},"modified":"2020-04-29T02:21:37","modified_gmt":"2020-04-28T23:21:37","slug":"kompresor-muayenesi","status":"publish","type":"page","link":"https:\/\/northakademi.com\/tr\/basincli-kaplar-ve-tesisatlar\/kompresor-muayenesi\/","title":{"rendered":"Kompres\u00f6r Muayenesi"},"content":{"rendered":"<\/div><\/div><\/div><!-- close content main div --><\/div><\/div><div id='av_section_1' class='avia-section main_color avia-section-default avia-no-shadow avia-bg-style-scroll   av-minimum-height av-minimum-height-custom container_wrap sidebar_right' style = 'background-repeat: no-repeat; background-image: url(https:\/\/northakademi.com\/tr\/wp-content\/uploads\/2019\/12\/slide-north-akademi-siyah-lacivert.jpg); background-attachment: scroll; background-position: top left; ' data-section-bg-repeat='no-repeat' ><div class='container' style='height:150px'><div class='template-page content  av-content-small alpha units'><div class='post-entry post-entry-type-page post-entry-7368'><div class='entry-content-wrapper clearfix'>\n<div style='padding-bottom:10px;color:#ffffff;' class='av-special-heading av-special-heading-h3 custom-color-heading   '><h3 class='av-special-heading-tag '  itemprop=\"headline\"  >Kompres\u00f6r Muayenesi<\/h3><div class='special-heading-border'><div class='special-heading-inner-border' style='border-color:#ffffff'><\/div><\/div><\/div>\n<\/div><\/div><\/div><!-- close content main div --><\/div><\/div><div id='after_section_1' class='main_color av_default_container_wrap container_wrap sidebar_right'   ><div class='container' ><div class='template-page content  av-content-small alpha units'><div class='post-entry post-entry-type-page post-entry-7368'><div class='entry-content-wrapper clearfix'>\n<div class=\"flex_column av_one_full  flex_column_div av-zero-column-padding first  \" style='border-radius:0px; '><p><div class='avia-image-container  av-styling-    avia-align-center '  itemprop=\"ImageObject\" itemscope=\"itemscope\" itemtype=\"https:\/\/schema.org\/ImageObject\"  ><div class='avia-image-container-inner'><img class='avia_image ' src='https:\/\/northakademi.com\/tr\/wp-content\/uploads\/2019\/12\/north-akademi-egitim-0124.jpg' alt='' title=''   itemprop=\"thumbnailUrl\"  \/><\/div><\/div><br \/>\n<section class=\"av_textblock_section \"  itemscope=\"itemscope\" itemtype=\"https:\/\/schema.org\/CreativeWork\" ><div class='avia_textblock  '   itemprop=\"text\" ><p>Kompres\u00f6r periyodik muayenesin de esas yap\u0131lmas\u0131 gereken hidrostatik bas\u0131n\u00e7land\u0131rma testidir. Bu testler standartlarda aksi belirtilmedik\u00e7e i\u015fletme bas\u0131nc\u0131n\u0131n 1,5 kat\u0131 ile 1 y\u0131l\u0131 a\u015fmayan s\u00fcrelerle yap\u0131lmas\u0131 gerekti\u011fi ve Ancak i\u015f ekipman\u0131n\u0131n \u00f6zelli\u011fi ve i\u015fletmeden kaynaklanan zorunlu \u015fartlar gere\u011fince hidrostatik test yapma imk\u00e2n\u0131 olmayan bas\u0131n\u00e7l\u0131 kaplarda hidrostatik test yerine standartlarda belirtilen tahribats\u0131z muayene y\u00f6ntemleri de uygulanabilir. Bu durumda, d\u00fczenlenecek periyodik kontrol raporlar\u0131nda bu husus gerek\u00e7esi ile birlikte belirtilir. \u0130\u015f ekipmanlar\u0131 y\u00f6netmeli\u011finin 2.1 Bas\u0131n\u00e7l\u0131 kap ve tesisatlar maddesinin 2.1.1 bend\u2019in de a\u00e7\u0131k\u00e7a belirtilmi\u015ftir.<\/p>\n<p>Kompres\u00f6r hava tank\u0131n\u0131n muayenesi Tahribats\u0131z muayene y\u00f6ntemleri olan g\u00f6zle kontrol, Radyografik ve ultrasonik y\u00f6ntemle kal\u0131nl\u0131k \u00f6l\u00e7me, Manyetik Par\u00e7ac\u0131k ile Muayene, S\u0131v\u0131 Emdirme (Penetran S\u0131v\u0131s\u0131) ile Muayene, Girdap ak\u0131mlar\u0131 (Eddy Ak\u0131m\u0131) y\u00f6ntemleri ile periyodik muayene yap\u0131labilmektedir. Bas\u0131n\u00e7l\u0131 ekipmanlar y\u00f6netmeli\u011fi Madde 2.11.2 de anlat\u0131lan anl\u0131k bas\u0131n\u00e7 dalgalanmas\u0131, maksimum izin verilebilir bas\u0131nc\u0131n %10 unda tutulmal\u0131d\u0131r ibaresi yer almaktad\u0131r.<\/p>\n<p>Kompres\u00f6rlerin Hava tanklar\u0131nda bir emniyet cihaz\u0131 olmal\u0131d\u0131r. Emniyet Valfi m\u00fcsaade edilen en y\u00fcksek bas\u0131nc\u0131n %10\u2019undan fazla bir art\u0131\u015fa neden olmadan a\u00e7\u0131lmal\u0131d\u0131r.<\/p>\n<p><strong>Kompres\u00f6r periyodik muayenesinde<\/strong><\/p>\n<p>Kompres\u00f6r Hava Tank\u0131 d\u0131\u015f \u00e7eperi, kaynaklar\u0131 herhangi bir deformasyon, korozyona kar\u015f\u0131 g\u00f6zle kontrol edilir.<\/p>\n<p>Sisteme giden ba\u011flant\u0131lar kapat\u0131ld\u0131ktan sonra hi\u00e7 hava kalmayacak \u015fekilde tank su ile doldurulup i\u015fletme bas\u0131nc\u0131n\u0131n 1,5 kat\u0131nda bas\u0131n\u00e7\u2019a \u00e7\u0131kart\u0131larak hidrostatik test uygulan\u0131r varsa tank\u0131n \u00fczerinde tak\u0131l\u0131 olan manometre ve emniyet cihaz\u0131n\u0131n uygunlu\u011fu kontrol edilir ve 30 dk\u2019l\u0131k hidrostatik test sonucunda tankta ve kaynaklarda deformasyon durumu g\u00f6zlendikten sonra test i\u015flemi bitirilir.<\/p>\n<p>2.1.3. (De\u011fi\u015fik:RG-23\/7\/2016-29779) (2) Bas\u0131n\u00e7l\u0131 kap ve tesisatlar\u0131n periyodik kontrolleri, makine m\u00fchendisleri, (Ek ibare:RG-24\/4\/2017-30047) metalurji ve malzeme m\u00fchendisleri, makine veya metal e\u011fitimi b\u00f6l\u00fcm\u00fc mezunu teknik \u00f6\u011fretmenler ya da makine tekniker veya y\u00fcksek teknikerleri taraf\u0131ndan yap\u0131l\u0131r. S\u00f6z konusu periyodik kontrollerde tahribats\u0131z muayene y\u00f6ntemlerinin kullan\u0131lmas\u0131 durumunda, bu y\u00f6ntemler sadece TS EN ISO 9712 standart\u0131na g\u00f6re e\u011fitim alm\u0131\u015f m\u00fchendisler, teknik \u00f6\u011fretmenler, teknikerler veya y\u00fcksek teknikerler taraf\u0131ndan uygulanabilir.<\/p>\n<p>M\u00fc\u015fteri periyodik kontroller \u00f6ncesi yap\u0131lmas\u0131 gereken haz\u0131rl\u0131klar ve bulundurulmas\u0131 gereken y\u00fckler ile ilgili olarak \u0130nter sistem Teknik Personeli taraf\u0131ndan \u00f6nceden mail yolu ile bilgilendirilir.<\/p>\n<\/div><\/section><\/p><\/div>\n","protected":false},"excerpt":{"rendered":"","protected":false},"author":1,"featured_media":0,"parent":7363,"menu_order":0,"comment_status":"closed","ping_status":"closed","template":"","meta":{"footnotes":""},"_links":{"self":[{"href":"https:\/\/northakademi.com\/tr\/wp-json\/wp\/v2\/pages\/7368"}],"collection":[{"href":"https:\/\/northakademi.com\/tr\/wp-json\/wp\/v2\/pages"}],"about":[{"href":"https:\/\/northakademi.com\/tr\/wp-json\/wp\/v2\/types\/page"}],"author":[{"embeddable":true,"href":"https:\/\/northakademi.com\/tr\/wp-json\/wp\/v2\/users\/1"}],"replies":[{"embeddable":true,"href":"https:\/\/northakademi.com\/tr\/wp-json\/wp\/v2\/comments?post=7368"}],"version-history":[{"count":2,"href":"https:\/\/northakademi.com\/tr\/wp-json\/wp\/v2\/pages\/7368\/revisions"}],"predecessor-version":[{"id":7370,"href":"https:\/\/northakademi.com\/tr\/wp-json\/wp\/v2\/pages\/7368\/revisions\/7370"}],"up":[{"embeddable":true,"href":"https:\/\/northakademi.com\/tr\/wp-json\/wp\/v2\/pages\/7363"}],"wp:attachment":[{"href":"https:\/\/northakademi.com\/tr\/wp-json\/wp\/v2\/media?parent=7368"}],"curies":[{"name":"wp","href":"https:\/\/api.w.org\/{rel}","templated":true}]}}