{"id":7366,"date":"2020-04-29T02:20:31","date_gmt":"2020-04-28T23:20:31","guid":{"rendered":"https:\/\/northakademi.com\/tr\/?page_id=7366"},"modified":"2020-04-29T02:20:31","modified_gmt":"2020-04-28T23:20:31","slug":"tank-muayenesi","status":"publish","type":"page","link":"https:\/\/northakademi.com\/tr\/basincli-kaplar-ve-tesisatlar\/tank-muayenesi\/","title":{"rendered":"Tank Muayenesi"},"content":{"rendered":"<\/div><\/div><\/div><!-- close content main div --><\/div><\/div><div id='av_section_1' class='avia-section main_color avia-section-default avia-no-shadow avia-bg-style-scroll   av-minimum-height av-minimum-height-custom container_wrap sidebar_right' style = 'background-repeat: no-repeat; background-image: url(https:\/\/northakademi.com\/tr\/wp-content\/uploads\/2019\/12\/slide-north-akademi-siyah-lacivert.jpg); background-attachment: scroll; background-position: top left; ' data-section-bg-repeat='no-repeat' ><div class='container' style='height:150px'><div class='template-page content  av-content-small alpha units'><div class='post-entry post-entry-type-page post-entry-7366'><div class='entry-content-wrapper clearfix'>\n<div style='padding-bottom:10px;color:#ffffff;' class='av-special-heading av-special-heading-h3 custom-color-heading   '><h3 class='av-special-heading-tag '  itemprop=\"headline\"  >Tank Muayenesi<\/h3><div class='special-heading-border'><div class='special-heading-inner-border' style='border-color:#ffffff'><\/div><\/div><\/div>\n<\/div><\/div><\/div><!-- close content main div --><\/div><\/div><div id='after_section_1' class='main_color av_default_container_wrap container_wrap sidebar_right'   ><div class='container' ><div class='template-page content  av-content-small alpha units'><div class='post-entry post-entry-type-page post-entry-7366'><div class='entry-content-wrapper clearfix'><div class=\"flex_column av_one_full  flex_column_div av-zero-column-padding first  \" style='border-radius:0px; '><p><div class='avia-image-container  av-styling-    avia-align-center '  itemprop=\"ImageObject\" itemscope=\"itemscope\" itemtype=\"https:\/\/schema.org\/ImageObject\"  ><div class='avia-image-container-inner'><img class='avia_image ' src='https:\/\/northakademi.com\/tr\/wp-content\/uploads\/2019\/12\/north-akademi-egitim-0124.jpg' alt='' title=''   itemprop=\"thumbnailUrl\"  \/><\/div><\/div><br \/>\n<section class=\"av_textblock_section \"  itemscope=\"itemscope\" itemtype=\"https:\/\/schema.org\/CreativeWork\" ><div class='avia_textblock  '   itemprop=\"text\" ><p>0,5 Bar\u2019dan daha fazla etkili bas\u0131n\u00e7 uygulayan gaz, buhar veya s\u0131v\u0131 ak\u0131\u015fkanlar\u0131 \u00fczerine tasarlanan ya da geli\u015ftirilen sabit ya da hareketli kaplar veya depolar \u2018\u2019Bas\u0131n\u00e7l\u0131 Ekipmanlar\u2019\u2019 olarak ifade edilmektedir.<\/p>\n<p>Bas\u0131n\u00e7l\u0131 Ekipmanlar\u0131n test ve kontrolleri; imalat\u0131n\u0131n bitiminden hemen sonra ve montaj\u0131 yap\u0131l\u0131p kullan\u0131lmaya ba\u015flanmadan evvel veya yap\u0131lan de\u011fi\u015fiklik ve b\u00fcy\u00fck onar\u0131mlardan sonra, en az \u00fc\u00e7 ay kullanmaya kullanmay\u0131p yeniden tekrar kullanmaya ba\u015flamalar\u0131 halinde ise tekrar kullanmaya ba\u015flanmadan hemen \u00f6nce ve i\u015f ekipmanlar\u0131n\u0131n kullan\u0131m\u0131nda sa\u011fl\u0131k ve g\u00fcvenlik \u015fartlar\u0131 y\u00f6netmeli\u011fin gere\u011fi de, periyodik olarak y\u0131lda en az 1 defa yap\u0131lmal\u0131d\u0131r.<\/p>\n<p>Hava tank\u0131n\u0131n kontrolleri; TS 1203 EN 286-1, TS EN 1012-1:2010, TS EN 13445-5 standartlar\u0131nda belirtilen kriterlere uygun olarak yap\u0131lmaktad\u0131r.<\/p>\n<\/div><\/section><\/p><\/div><\/p>\n","protected":false},"excerpt":{"rendered":"","protected":false},"author":1,"featured_media":0,"parent":7363,"menu_order":0,"comment_status":"closed","ping_status":"closed","template":"","meta":{"footnotes":""},"_links":{"self":[{"href":"https:\/\/northakademi.com\/tr\/wp-json\/wp\/v2\/pages\/7366"}],"collection":[{"href":"https:\/\/northakademi.com\/tr\/wp-json\/wp\/v2\/pages"}],"about":[{"href":"https:\/\/northakademi.com\/tr\/wp-json\/wp\/v2\/types\/page"}],"author":[{"embeddable":true,"href":"https:\/\/northakademi.com\/tr\/wp-json\/wp\/v2\/users\/1"}],"replies":[{"embeddable":true,"href":"https:\/\/northakademi.com\/tr\/wp-json\/wp\/v2\/comments?post=7366"}],"version-history":[{"count":1,"href":"https:\/\/northakademi.com\/tr\/wp-json\/wp\/v2\/pages\/7366\/revisions"}],"predecessor-version":[{"id":7367,"href":"https:\/\/northakademi.com\/tr\/wp-json\/wp\/v2\/pages\/7366\/revisions\/7367"}],"up":[{"embeddable":true,"href":"https:\/\/northakademi.com\/tr\/wp-json\/wp\/v2\/pages\/7363"}],"wp:attachment":[{"href":"https:\/\/northakademi.com\/tr\/wp-json\/wp\/v2\/media?parent=7366"}],"curies":[{"name":"wp","href":"https:\/\/api.w.org\/{rel}","templated":true}]}}