{"id":7362,"date":"2020-04-29T02:17:55","date_gmt":"2020-04-28T23:17:55","guid":{"rendered":"https:\/\/northakademi.com\/tr\/?page_id=7362"},"modified":"2020-04-29T02:18:02","modified_gmt":"2020-04-28T23:18:02","slug":"kazan-muayenesi","status":"publish","type":"page","link":"https:\/\/northakademi.com\/tr\/basincli-kaplar-ve-tesisatlar\/kazan-muayenesi\/","title":{"rendered":"Kazan Muayenesi"},"content":{"rendered":"<\/div><\/div><\/div><!-- close content main div --><\/div><\/div><div id='av_section_1' class='avia-section main_color avia-section-default avia-no-shadow avia-bg-style-scroll   av-minimum-height av-minimum-height-custom container_wrap sidebar_right' style = 'background-repeat: no-repeat; background-image: url(https:\/\/northakademi.com\/tr\/wp-content\/uploads\/2019\/12\/slide-north-akademi-siyah-lacivert.jpg); background-attachment: scroll; background-position: top left; ' data-section-bg-repeat='no-repeat' ><div class='container' style='height:150px'><div class='template-page content  av-content-small alpha units'><div class='post-entry post-entry-type-page post-entry-7362'><div class='entry-content-wrapper clearfix'>\n<div style='padding-bottom:10px;color:#ffffff;' class='av-special-heading av-special-heading-h3 custom-color-heading   '><h3 class='av-special-heading-tag '  itemprop=\"headline\"  >Kazan Muayenesi<\/h3><div class='special-heading-border'><div class='special-heading-inner-border' style='border-color:#ffffff'><\/div><\/div><\/div>\n<\/div><\/div><\/div><!-- close content main div --><\/div><\/div><div id='after_section_1' class='main_color av_default_container_wrap container_wrap sidebar_right'   ><div class='container' ><div class='template-page content  av-content-small alpha units'><div class='post-entry post-entry-type-page post-entry-7362'><div class='entry-content-wrapper clearfix'><div class=\"flex_column av_one_full  flex_column_div av-zero-column-padding first  \" style='border-radius:0px; '><p><div class='avia-image-container  av-styling-    avia-align-center '  itemprop=\"ImageObject\" itemscope=\"itemscope\" itemtype=\"https:\/\/schema.org\/ImageObject\"  ><div class='avia-image-container-inner'><img class='avia_image ' src='https:\/\/northakademi.com\/tr\/wp-content\/uploads\/2019\/12\/north-akademi-egitim-0124.jpg' alt='' title=''   itemprop=\"thumbnailUrl\"  \/><\/div><\/div><br \/>\n<section class=\"av_textblock_section \"  itemscope=\"itemscope\" itemtype=\"https:\/\/schema.org\/CreativeWork\" ><div class='avia_textblock  '   itemprop=\"text\" ><p>Kazanlar g\u00fcvenli \u015fekilde kuruldu\u011fu ve \u00e7al\u0131\u015ft\u0131r\u0131ld\u0131\u011f\u0131 zaman hayat\u0131 ve \u00fcretimi kolayla\u015ft\u0131ran; g\u00fcvenlik \u015fartlar\u0131na uyulmad\u0131\u011f\u0131 zaman ise hem ortamda \u00e7al\u0131\u015fanlara, hem i\u015fletmenin kendisine, hem de \u00e7evrede ya\u015fayanlara tehdit olu\u015fturabilen \u00e7ok tehlikeli ekipmanlard\u0131r.<\/p>\n<p>Kazan daireleri, ba\u015fta yang\u0131n tehlikesi, yak\u0131t depolama alanlar\u0131 ve patlama riskleri olmak \u00fczere bir\u00e7ok konuda ciddi riskleri bar\u0131nd\u0131ran i\u015fletmenin en \u00f6nemli mahallerinden biridir.<\/p>\n<p>6331 say\u0131l\u0131 &#8220;\u0130\u015f Sa\u011fl\u0131\u011f\u0131 ve G\u00fcvenli\u011fi Kanunu&#8221; uyar\u0131nca \u00e7\u0131kar\u0131lan ve 25.04.2013 tarih ve 28628 say\u0131l\u0131 Resmi Gazetede yay\u0131mlanarak y\u00fcr\u00fcrl\u00fc\u011fe giren &#8220;\u0130\u015f Ekipmanlar\u0131n\u0131n Kullan\u0131m\u0131nda Sa\u011fl\u0131k ve G\u00fcvenlik \u015eartlar\u0131 Y\u00f6netmeli\u011fi&#8221;, i\u015fyerlerinde bulunan i\u015f ekipmanlar\u0131n\u0131n kullan\u0131m\u0131 ile ilgili sa\u011fl\u0131k ve g\u00fcvenlik y\u00f6n\u00fcnden uyulmas\u0131 gereken asgari \u015fartlar\u0131 belirlemi\u015ftir.<\/p>\n<p><strong>Kontroller;<\/strong><\/p>\n<p>TS EN 12952-6 standard\u0131nda belirtilen kriterlere uygun olarak yap\u0131l\u0131r.<\/p>\n<\/div><\/section><\/p><\/div><\/p>\n","protected":false},"excerpt":{"rendered":"","protected":false},"author":1,"featured_media":0,"parent":7363,"menu_order":0,"comment_status":"closed","ping_status":"closed","template":"","meta":{"footnotes":""},"_links":{"self":[{"href":"https:\/\/northakademi.com\/tr\/wp-json\/wp\/v2\/pages\/7362"}],"collection":[{"href":"https:\/\/northakademi.com\/tr\/wp-json\/wp\/v2\/pages"}],"about":[{"href":"https:\/\/northakademi.com\/tr\/wp-json\/wp\/v2\/types\/page"}],"author":[{"embeddable":true,"href":"https:\/\/northakademi.com\/tr\/wp-json\/wp\/v2\/users\/1"}],"replies":[{"embeddable":true,"href":"https:\/\/northakademi.com\/tr\/wp-json\/wp\/v2\/comments?post=7362"}],"version-history":[{"count":1,"href":"https:\/\/northakademi.com\/tr\/wp-json\/wp\/v2\/pages\/7362\/revisions"}],"predecessor-version":[{"id":7365,"href":"https:\/\/northakademi.com\/tr\/wp-json\/wp\/v2\/pages\/7362\/revisions\/7365"}],"up":[{"embeddable":true,"href":"https:\/\/northakademi.com\/tr\/wp-json\/wp\/v2\/pages\/7363"}],"wp:attachment":[{"href":"https:\/\/northakademi.com\/tr\/wp-json\/wp\/v2\/media?parent=7362"}],"curies":[{"name":"wp","href":"https:\/\/api.w.org\/{rel}","templated":true}]}}