{"id":7358,"date":"2020-04-29T02:12:40","date_gmt":"2020-04-28T23:12:40","guid":{"rendered":"https:\/\/northakademi.com\/tr\/?page_id=7358"},"modified":"2020-04-29T02:12:40","modified_gmt":"2020-04-28T23:12:40","slug":"teleferik-periyodik-kontrol-muayenesi","status":"publish","type":"page","link":"https:\/\/northakademi.com\/tr\/periyodik-kontrol-muayene\/teleferik-periyodik-kontrol-muayenesi\/","title":{"rendered":"Teleferik Periyodik Kontrol Muayenesi"},"content":{"rendered":"<\/div><\/div><\/div><!-- close content main div --><\/div><\/div><div id='av_section_1' class='avia-section main_color avia-section-default avia-no-shadow avia-bg-style-scroll   av-minimum-height av-minimum-height-custom container_wrap sidebar_right' style = 'background-repeat: no-repeat; background-image: url(https:\/\/northakademi.com\/tr\/wp-content\/uploads\/2019\/12\/slide-north-akademi-siyah-lacivert.jpg); background-attachment: scroll; background-position: top left; ' data-section-bg-repeat='no-repeat' ><div class='container' style='height:150px'><div class='template-page content  av-content-small alpha units'><div class='post-entry post-entry-type-page post-entry-7358'><div class='entry-content-wrapper clearfix'>\n<div style='padding-bottom:10px;color:#ffffff;' class='av-special-heading av-special-heading-h3 custom-color-heading   '><h3 class='av-special-heading-tag '  itemprop=\"headline\"  >Teleferik Periyodik Kontrol Muayenesi<\/h3><div class='special-heading-border'><div class='special-heading-inner-border' style='border-color:#ffffff'><\/div><\/div><\/div>\n<\/div><\/div><\/div><!-- close content main div --><\/div><\/div><div id='after_section_1' class='main_color av_default_container_wrap container_wrap sidebar_right'   ><div class='container' ><div class='template-page content  av-content-small alpha units'><div class='post-entry post-entry-type-page post-entry-7358'><div class='entry-content-wrapper clearfix'><div class=\"flex_column av_one_full  flex_column_div av-zero-column-padding first  \" style='border-radius:0px; '><p><div class='avia-image-container  av-styling-    avia-align-center '  itemprop=\"ImageObject\" itemscope=\"itemscope\" itemtype=\"https:\/\/schema.org\/ImageObject\"  ><div class='avia-image-container-inner'><img class='avia_image ' src='https:\/\/northakademi.com\/tr\/wp-content\/uploads\/2019\/12\/north-akademi-egitim-0124.jpg' alt='' title=''   itemprop=\"thumbnailUrl\"  \/><\/div><\/div><br \/>\n<section class=\"av_textblock_section \"  itemscope=\"itemscope\" itemtype=\"https:\/\/schema.org\/CreativeWork\" ><div class='avia_textblock  '   itemprop=\"text\" ><p>Kayak merkezlerinde veya manzaral\u0131 bir yerde manzaray\u0131 seyretmek ve \u00e7ok uzun mesafeleri \u00e7ok k\u0131sa s\u00fcrede kat etmek i\u00e7in kullan\u0131lan\u00a0teleferik, insan ta\u015f\u0131ma ama\u00e7l\u0131 kullan\u0131l\u0131rlar. Uzak iki yer aras\u0131na havadan gerilmi\u015f \u00e7elik halatlar \u00fczerinde hareket eden teleferikler y\u00fck ta\u015f\u0131ma ama\u00e7l\u0131da kullan\u0131labilirler. Ticari ama\u00e7la kullan\u0131lan teleferiklerde 100 ki\u015fiye kadar insan ta\u015f\u0131yabilirler.<\/p>\n<p>\u0130ki kablolu ve \u00e7ift hatl\u0131 teleferik sistemleri genellikle da\u011fl\u0131k b\u00f6lgelerde kullan\u0131l\u0131rlar. Tehlikeli ta\u015f\u0131ma ara\u00e7lar\u0131 olan teleferiklerin mutlaka onaylanm\u0131\u015f kurulu\u015flara periyodik kontrolleri yap\u0131lmal\u0131d\u0131r.\u00a0Teleferikler \u201c\u0130\u015f Ekipmanlar\u0131 Kullan\u0131m\u0131nda Sa\u011fl\u0131k ve G\u00fcvenlik \u015eartlar\u0131 Y\u00f6netmeli\u011fi\u201d ne ve \u201c\u0130nsan Ta\u015f\u0131mak \u00dczere Tasar\u0131mlanan Kablolu Ta\u015f\u0131ma Tesisat\u0131 Y\u00f6netmeli\u011fi\u201d ne tabiidir. Bu y\u00f6netmeliklerde belirtilen kriterlere\u00a0ve standartlara g\u00f6re periyodik kontrolleri yap\u0131lmal\u0131d\u0131r.<\/p>\n<p><strong>\u0130\u015f Ekipmanlar\u0131 Kullan\u0131m\u0131nda Sa\u011fl\u0131k ve G\u00fcvenlik \u015eartlar\u0131 Y\u00f6netmeli\u011fi<\/strong><\/p>\n<p>Bu Y\u00f6netmeli\u011fin amac\u0131, i\u015f yerinde i\u015f ekipmanlar\u0131n\u0131n kullan\u0131m\u0131 ile ilgili sa\u011fl\u0131k ve g\u00fcvenlik y\u00f6n\u00fcnden uyulmas\u0131 gerekli asgari \u015fartlar\u0131 belirlemektir.\u00a020\/6\/2012 tarihli ve 6331 say\u0131l\u0131 \u0130\u015f Sa\u011fl\u0131\u011f\u0131 ve G\u00fcvenli\u011fi Kanunu kapsam\u0131na giren t\u00fcm i\u015f yerlerini kapsar.<br \/>\n6331 say\u0131l\u0131 \u0130\u015f Sa\u011fl\u0131\u011f\u0131 ve G\u00fcvenli\u011fi Kanununun 30 ve 31 inci maddeleri ile 9\/1\/1985 tarihli ve 3146 say\u0131l\u0131 \u00c7al\u0131\u015fma ve Sosyal G\u00fcvenlik Bakanl\u0131\u011f\u0131n\u0131n Te\u015fkilat ve G\u00f6revleri Hakk\u0131nda Kanunun 2 ve 12 nci maddelerine dayan\u0131larak ve 3\/10\/2009 tarihli ve 2009\/104\/EC say\u0131l\u0131 Avrupa Birli\u011fi Direktifine paralel olarak haz\u0131rlanm\u0131\u015ft\u0131r.<\/p>\n<p><strong>\u0130nsan Ta\u015f\u0131mak \u00dczere Tasar\u0131mlanan Kablolu Ta\u015f\u0131ma Tesisat\u0131 Y\u00f6netmeli\u011fi<\/strong><\/p>\n<p>Bu Y\u00f6netmeli\u011fin amac\u0131; ki\u015fileri ta\u015f\u0131mak \u00fczere tasar\u0131mlanan kablolu ta\u015f\u0131ma tesisatlar\u0131n\u0131n, emniyet aksamlar\u0131n\u0131n ve alt sistemlerinin tasar\u0131m, yap\u0131m ve hizmete girmelerine dair asgari g\u00fcvenlik kurallar\u0131n\u0131, belgelendirilmesini, i\u015faretlenmesini ve piyasaya arz edilmelerini sa\u011flamakt\u0131r.<\/p>\n<\/div><\/section><\/p><\/div><\/p>\n","protected":false},"excerpt":{"rendered":"","protected":false},"author":1,"featured_media":0,"parent":6229,"menu_order":0,"comment_status":"closed","ping_status":"closed","template":"","meta":{"footnotes":""},"_links":{"self":[{"href":"https:\/\/northakademi.com\/tr\/wp-json\/wp\/v2\/pages\/7358"}],"collection":[{"href":"https:\/\/northakademi.com\/tr\/wp-json\/wp\/v2\/pages"}],"about":[{"href":"https:\/\/northakademi.com\/tr\/wp-json\/wp\/v2\/types\/page"}],"author":[{"embeddable":true,"href":"https:\/\/northakademi.com\/tr\/wp-json\/wp\/v2\/users\/1"}],"replies":[{"embeddable":true,"href":"https:\/\/northakademi.com\/tr\/wp-json\/wp\/v2\/comments?post=7358"}],"version-history":[{"count":1,"href":"https:\/\/northakademi.com\/tr\/wp-json\/wp\/v2\/pages\/7358\/revisions"}],"predecessor-version":[{"id":7359,"href":"https:\/\/northakademi.com\/tr\/wp-json\/wp\/v2\/pages\/7358\/revisions\/7359"}],"up":[{"embeddable":true,"href":"https:\/\/northakademi.com\/tr\/wp-json\/wp\/v2\/pages\/6229"}],"wp:attachment":[{"href":"https:\/\/northakademi.com\/tr\/wp-json\/wp\/v2\/media?parent=7358"}],"curies":[{"name":"wp","href":"https:\/\/api.w.org\/{rel}","templated":true}]}}