{"id":7352,"date":"2020-04-29T02:09:16","date_gmt":"2020-04-28T23:09:16","guid":{"rendered":"https:\/\/northakademi.com\/tr\/?page_id=7352"},"modified":"2020-04-29T02:09:16","modified_gmt":"2020-04-28T23:09:16","slug":"sapan-periyodik-kontrol-muayenesi","status":"publish","type":"page","link":"https:\/\/northakademi.com\/tr\/periyodik-kontrol-muayene\/sapan-periyodik-kontrol-muayenesi\/","title":{"rendered":"Sapan Periyodik Kontrol Muayenesi"},"content":{"rendered":"<\/div><\/div><\/div><!-- close content main div --><\/div><\/div><div id='av_section_1' class='avia-section main_color avia-section-default avia-no-shadow avia-bg-style-scroll   av-minimum-height av-minimum-height-custom container_wrap sidebar_right' style = 'background-repeat: no-repeat; background-image: url(https:\/\/northakademi.com\/tr\/wp-content\/uploads\/2019\/12\/slide-north-akademi-siyah-lacivert.jpg); background-attachment: scroll; background-position: top left; ' data-section-bg-repeat='no-repeat' ><div class='container' style='height:150px'><div class='template-page content  av-content-small alpha units'><div class='post-entry post-entry-type-page post-entry-7352'><div class='entry-content-wrapper clearfix'>\n<div style='padding-bottom:10px;color:#ffffff;' class='av-special-heading av-special-heading-h3 custom-color-heading   '><h3 class='av-special-heading-tag '  itemprop=\"headline\"  >Sapan Periyodik Kontrol Muayenesi<\/h3><div class='special-heading-border'><div class='special-heading-inner-border' style='border-color:#ffffff'><\/div><\/div><\/div>\n<\/div><\/div><\/div><!-- close content main div --><\/div><\/div><div id='after_section_1' class='main_color av_default_container_wrap container_wrap sidebar_right'   ><div class='container' ><div class='template-page content  av-content-small alpha units'><div class='post-entry post-entry-type-page post-entry-7352'><div class='entry-content-wrapper clearfix'><div class=\"flex_column av_one_full  flex_column_div av-zero-column-padding first  \" style='border-radius:0px; '><p><div class='avia-image-container  av-styling-    avia-align-center '  itemprop=\"ImageObject\" itemscope=\"itemscope\" itemtype=\"https:\/\/schema.org\/ImageObject\"  ><div class='avia-image-container-inner'><img class='avia_image ' src='https:\/\/northakademi.com\/tr\/wp-content\/uploads\/2019\/12\/north-akademi-egitim-0124.jpg' alt='' title=''   itemprop=\"thumbnailUrl\"  \/><\/div><\/div><br \/>\n<section class=\"av_textblock_section \"  itemscope=\"itemscope\" itemtype=\"https:\/\/schema.org\/CreativeWork\" ><div class='avia_textblock  '   itemprop=\"text\" ><p>Sapanlar hemen hemen her a\u011f\u0131r i\u015fte devaml\u0131 olarak kullan\u0131ld\u0131klar\u0131 i\u00e7in mutlaka bak\u0131mlar\u0131 ve periyodik kontrolleri yap\u0131lmal\u0131d\u0131r. Sapan a\u011f\u0131r y\u00fcklerin kald\u0131r\u0131lmas\u0131nda kullan\u0131lan bir ekipmand\u0131r. \u00c7elik bir malzemeden \u00fcretilen sapan zincir ve kanca aras\u0131nda bulunan ekipmand\u0131r.<\/p>\n<p>Periyodik kontrol yap\u0131lan y\u00fck kald\u0131rma sapan ekipman\u0131 i\u015f kazalar\u0131n\u0131n \u00f6n\u00fcne ge\u00e7er. Son y\u0131llarda dikkat edilen bu husus \u00f6nceki y\u0131llarda pek dikkate al\u0131nm\u0131yordu. Bu nedenle kazalar s\u0131k\u00e7a ya\u015fanabiliyordu. Kald\u0131rma ve iletme ekipmanlar\u0131nda periyodik kontrol ve denetim art\u0131k yasal bir zorunluluktur. Y\u00f6netmeli\u011fe uymayan ve kontrollerini yapt\u0131rmayan firmalar ise a\u011f\u0131r cezalar ile kar\u015f\u0131la\u015fa bilmektedirler. Her hangi bir kazaya veya cezaya maruz kalmak istemeyen firmalar mutlaka kontrollerini onaylanm\u0131\u015f kurulu\u015flara yapt\u0131rmal\u0131d\u0131r.<\/p>\n<p style=\"text-align: justify;\">Y\u00fck kald\u0131rma ekipman\u0131 olan sapan kontrolleri \u201c\u0130\u015f Ekipmanlar\u0131 Kullan\u0131m\u0131nda Sa\u011fl\u0131k ve G\u00fcvenlik \u015eartlar\u0131 Y\u00f6netmeli\u011fi\u201d ne tabiidir. Bu y\u00f6netmelikte belirtilen standartlara ve kriterlere g\u00f6re sapan muayenesi yap\u0131lmal\u0131d\u0131r.<\/p>\n<p style=\"text-align: justify;\"><strong>\u0130\u015f ekipmanlar\u0131 Kullan\u0131m\u0131nda Sa\u011fl\u0131k ve G\u00fcvenlik \u015eartlar\u0131 Y\u00f6netmeli\u011fi<\/strong><\/p>\n<p style=\"text-align: justify;\">\u0130\u015f yerinde i\u015f ekipmanlar\u0131n\u0131n kullan\u0131m\u0131 ile ilgili sa\u011fl\u0131k ve g\u00fcvenlik y\u00f6n\u00fcnden uyulmas\u0131 gerekli asgari \u015fartlar\u0131 belirlemektir.\u00a020\/6\/2012 tarihli ve 6331 say\u0131l\u0131 \u0130\u015f Sa\u011fl\u0131\u011f\u0131 ve G\u00fcvenli\u011fi Kanunu kapsam\u0131na giren t\u00fcm i\u015f yerlerini kapsar.<\/p>\n<p style=\"text-align: justify;\">6331 say\u0131l\u0131 \u0130\u015f Sa\u011fl\u0131\u011f\u0131 ve G\u00fcvenli\u011fi Kanununun 30 ve 31 inci maddeleri ile 9\/1\/1985 tarihli ve 3146 say\u0131l\u0131 \u00c7al\u0131\u015fma ve Sosyal G\u00fcvenlik Bakanl\u0131\u011f\u0131n\u0131n Te\u015fkilat ve G\u00f6revleri Hakk\u0131nda Kanunun 2 ve 12 nci maddelerine dayan\u0131larak ve 3\/10\/2009 tarihli ve 2009\/104\/EC say\u0131l\u0131 Avrupa Birli\u011fi Direktifine paralel olarak haz\u0131rlanm\u0131\u015ft\u0131r.<\/p>\n<p style=\"text-align: justify;\"><strong>Kald\u0131rma ve iletme ekipmanlar\u0131<\/strong><\/p>\n<p style=\"text-align: justify;\">2.2.1. Standartlarda aksi belirtilmedi\u011fi s\u00fcrece, kald\u0131rma ve iletme ekipmanlar\u0131, beyan edilen y\u00fck\u00fcn en az 1,25 kat\u0131n\u0131, etkili ve g\u00fcvenli bir \u015fekilde kald\u0131racak ve ask\u0131da tutabilecek g\u00fc\u00e7te olur ve bunlar\u0131n bu y\u00fcke dayan\u0131kl\u0131 ve yeterli y\u00fck frenleri bulunur.<\/p>\n<p style=\"text-align: justify;\">2.2.2. Kald\u0131rma ve iletme ekipmanlar\u0131n\u0131n periyodik kontrolleri, makine m\u00fchendisleri, makine veya metal e\u011fitimi b\u00f6l\u00fcm\u00fc mezunu teknik \u00f6\u011fretmenler ya da makine tekniker veya y\u00fcksek teknikerleri taraf\u0131ndan yap\u0131l\u0131r. S\u00f6z konusu periyodik kontrollerde tahribats\u0131z<br \/>\nmuayene y\u00f6ntemlerinin kullan\u0131lmas\u0131 durumunda, bu y\u00f6ntemler sadece\u00a0 TS EN ISO 9712 standart\u0131na g\u00f6re e\u011fitim alm\u0131\u015f m\u00fchendisler, teknik \u00f6\u011fretmenler, teknikerler veya y\u00fcksek teknikerler taraf\u0131ndan uygulanabilir.<\/p>\n<p style=\"text-align: justify;\">2.2.3. Madde 2.2.1.\u2019de belirtilen kriterler sakl\u0131 kalmak kayd\u0131 ile bir k\u0131s\u0131m kald\u0131rma ve iletme ekipman\u0131n\u0131n periyodik kontrol kriterleri ve kontrol s\u00fcreleri Tablo: 2\u2019de belirtilmi\u015ftir.<\/p>\n<\/div><\/section><\/p><\/div><\/p>\n","protected":false},"excerpt":{"rendered":"","protected":false},"author":1,"featured_media":0,"parent":6229,"menu_order":0,"comment_status":"closed","ping_status":"closed","template":"","meta":{"footnotes":""},"_links":{"self":[{"href":"https:\/\/northakademi.com\/tr\/wp-json\/wp\/v2\/pages\/7352"}],"collection":[{"href":"https:\/\/northakademi.com\/tr\/wp-json\/wp\/v2\/pages"}],"about":[{"href":"https:\/\/northakademi.com\/tr\/wp-json\/wp\/v2\/types\/page"}],"author":[{"embeddable":true,"href":"https:\/\/northakademi.com\/tr\/wp-json\/wp\/v2\/users\/1"}],"replies":[{"embeddable":true,"href":"https:\/\/northakademi.com\/tr\/wp-json\/wp\/v2\/comments?post=7352"}],"version-history":[{"count":1,"href":"https:\/\/northakademi.com\/tr\/wp-json\/wp\/v2\/pages\/7352\/revisions"}],"predecessor-version":[{"id":7353,"href":"https:\/\/northakademi.com\/tr\/wp-json\/wp\/v2\/pages\/7352\/revisions\/7353"}],"up":[{"embeddable":true,"href":"https:\/\/northakademi.com\/tr\/wp-json\/wp\/v2\/pages\/6229"}],"wp:attachment":[{"href":"https:\/\/northakademi.com\/tr\/wp-json\/wp\/v2\/media?parent=7352"}],"curies":[{"name":"wp","href":"https:\/\/api.w.org\/{rel}","templated":true}]}}