{"id":7348,"date":"2020-04-29T01:45:04","date_gmt":"2020-04-28T22:45:04","guid":{"rendered":"https:\/\/northakademi.com\/tr\/?page_id=7348"},"modified":"2020-04-29T01:45:04","modified_gmt":"2020-04-28T22:45:04","slug":"portal-vinc-periyodik-kontrol-muayenesi","status":"publish","type":"page","link":"https:\/\/northakademi.com\/tr\/periyodik-kontrol-muayene\/portal-vinc-periyodik-kontrol-muayenesi\/","title":{"rendered":"Portal Vin\u00e7 Periyodik Kontrol Muayenesi"},"content":{"rendered":"<\/div><\/div><\/div><!-- close content main div --><\/div><\/div><div id='av_section_1' class='avia-section main_color avia-section-default avia-no-shadow avia-bg-style-scroll   av-minimum-height av-minimum-height-custom container_wrap sidebar_right' style = 'background-repeat: no-repeat; background-image: url(https:\/\/northakademi.com\/tr\/wp-content\/uploads\/2019\/12\/slide-north-akademi-siyah-lacivert.jpg); background-attachment: scroll; background-position: top left; ' data-section-bg-repeat='no-repeat' ><div class='container' style='height:150px'><div class='template-page content  av-content-small alpha units'><div class='post-entry post-entry-type-page post-entry-7348'><div class='entry-content-wrapper clearfix'>\n<div style='padding-bottom:10px;color:#ffffff;' class='av-special-heading av-special-heading-h3 custom-color-heading   '><h3 class='av-special-heading-tag '  itemprop=\"headline\"  >Portal Vin\u00e7 Periyodik Kontrol Muayenesi<\/h3><div class='special-heading-border'><div class='special-heading-inner-border' style='border-color:#ffffff'><\/div><\/div><\/div>\n<\/div><\/div><\/div><!-- close content main div --><\/div><\/div><div id='after_section_1' class='main_color av_default_container_wrap container_wrap sidebar_right'   ><div class='container' ><div class='template-page content  av-content-small alpha units'><div class='post-entry post-entry-type-page post-entry-7348'><div class='entry-content-wrapper clearfix'><div class=\"flex_column av_one_full  flex_column_div av-zero-column-padding first  \" style='border-radius:0px; '><p><div class='avia-image-container  av-styling-    avia-align-center '  itemprop=\"ImageObject\" itemscope=\"itemscope\" itemtype=\"https:\/\/schema.org\/ImageObject\"  ><div class='avia-image-container-inner'><img class='avia_image ' src='https:\/\/northakademi.com\/tr\/wp-content\/uploads\/2019\/12\/north-akademi-egitim-0124.jpg' alt='' title=''   itemprop=\"thumbnailUrl\"  \/><\/div><\/div><br \/>\n<section class=\"av_textblock_section \"  itemscope=\"itemscope\" itemtype=\"https:\/\/schema.org\/CreativeWork\" ><div class='avia_textblock  '   itemprop=\"text\" ><p>En a\u011f\u0131r y\u00fckleri bile kald\u0131rabilen portal vin\u00e7, genellikle d\u00f6rt ayakl\u0131 olan portal vin\u00e7ler elektrik motoru ile \u00e7al\u0131\u015fmaktad\u0131r. Elektrik motorunun b\u00fcy\u00fckl\u00fc\u011f\u00fcne ve h\u0131z\u0131na g\u00f6re farkl\u0131 a\u011f\u0131r y\u00fckleri kald\u0131rabilirler. Portal vin\u00e7 -35 derecedeki ortamlarda dahi \u00e7al\u0131\u015fabilmektedirler. Portal vin\u00e7ler in\u015faat sekt\u00f6r\u00fcnde, sanayide, limanlarda, silolarda, b\u00fcy\u00fck ara\u00e7 tamirhanelerinde kullan\u0131lmaktad\u0131rlar.<\/p>\n<p>Portal vin\u00e7ler kullan\u0131lan sekt\u00f6re g\u00f6re boyutlar\u0131 ve kald\u0131rd\u0131\u011f\u0131 a\u011f\u0131rl\u0131klar de\u011fi\u015febilir. \u00c7ok a\u011f\u0131r y\u00fckleri kald\u0131rd\u0131klar\u0131 i\u00e7in bu vin\u00e7lerin onaylanm\u0131\u015f kurulu\u015flar taraf\u0131ndan mutlaka periyodik kontrolleri yap\u0131lmal\u0131d\u0131r. Kontrolleri yap\u0131lmayan portal vin\u00e7ler belirli bir s\u00fcre sonra mutlaka ar\u0131za verebilir. Bu durumda da mal ve can kayb\u0131 ya\u015fanabilir. Sizde portal vin\u00e7leriniz i\u00e7in\u00a0periyodik kontrol hizmeti almak istiyorsan\u0131z onaylanm\u0131\u015f olan kurulu\u015fumuza ba\u015fvurarak en iyi hizmeti alabilirsiniz.<\/p>\n<p><strong>\u0130\u015f Ekipmanlar\u0131 Kullan\u0131m\u0131nda Sa\u011fl\u0131k ve G\u00fcvenlik \u015eartlar\u0131 Y\u00f6netmeli\u011fi<\/strong><\/p>\n<p>Bu Y\u00f6netmeli\u011fin amac\u0131, i\u015f yerinde i\u015f ekipmanlar\u0131n\u0131n kullan\u0131m\u0131 ile ilgili sa\u011fl\u0131k ve g\u00fcvenlik y\u00f6n\u00fcnden uyulmas\u0131 gerekli asgari \u015fartlar\u0131 belirlemektir.\u00a020\/6\/2012 tarihli ve 6331 say\u0131l\u0131 \u0130\u015f Sa\u011fl\u0131\u011f\u0131 ve G\u00fcvenli\u011fi Kanunu kapsam\u0131na giren t\u00fcm i\u015f yerlerini kapsar.<\/p>\n<p>6331 say\u0131l\u0131 \u0130\u015f Sa\u011fl\u0131\u011f\u0131 ve G\u00fcvenli\u011fi Kanununun 30 ve 31 inci maddeleri ile 9\/1\/1985 tarihli ve 3146 say\u0131l\u0131 \u00c7al\u0131\u015fma ve Sosyal G\u00fcvenlik Bakanl\u0131\u011f\u0131n\u0131n Te\u015fkilat ve G\u00f6revleri Hakk\u0131nda Kanunun 2 ve 12 nci maddelerine dayan\u0131larak ve 3\/10\/2009 tarihli ve 2009\/104\/EC say\u0131l\u0131 Avrupa Birli\u011fi Direktifine paralel olarak haz\u0131rlanm\u0131\u015ft\u0131r.<\/p>\n<p>Vin\u00e7lerin periyodik kontrol\u00fcnde uygulanan y\u00fck testlerinin \u201cASME\u00a0B30.17\u201d standard\u0131na uygun olarak\u00a0nominal\u00a0y\u00fckte yap\u0131lmas\u0131 durumunda; ger\u00e7ekle\u015ftirilen periyodik kontrole ek olarak vin\u00e7ler, y\u0131lda en az bir kez uygun tahribats\u0131z muayene y\u00f6ntemleri ile kontrol edilir ve nominal y\u00fcke maruz b\u0131rakarak vin\u00e7lerin ta\u015f\u0131y\u0131c\u0131 kiri\u015flerinde sehim kontrol\u00fc yap\u0131l\u0131r.<\/p>\n<\/div><\/section><\/p><\/div><\/p>\n","protected":false},"excerpt":{"rendered":"","protected":false},"author":1,"featured_media":0,"parent":6229,"menu_order":0,"comment_status":"closed","ping_status":"closed","template":"","meta":{"footnotes":""},"_links":{"self":[{"href":"https:\/\/northakademi.com\/tr\/wp-json\/wp\/v2\/pages\/7348"}],"collection":[{"href":"https:\/\/northakademi.com\/tr\/wp-json\/wp\/v2\/pages"}],"about":[{"href":"https:\/\/northakademi.com\/tr\/wp-json\/wp\/v2\/types\/page"}],"author":[{"embeddable":true,"href":"https:\/\/northakademi.com\/tr\/wp-json\/wp\/v2\/users\/1"}],"replies":[{"embeddable":true,"href":"https:\/\/northakademi.com\/tr\/wp-json\/wp\/v2\/comments?post=7348"}],"version-history":[{"count":1,"href":"https:\/\/northakademi.com\/tr\/wp-json\/wp\/v2\/pages\/7348\/revisions"}],"predecessor-version":[{"id":7349,"href":"https:\/\/northakademi.com\/tr\/wp-json\/wp\/v2\/pages\/7348\/revisions\/7349"}],"up":[{"embeddable":true,"href":"https:\/\/northakademi.com\/tr\/wp-json\/wp\/v2\/pages\/6229"}],"wp:attachment":[{"href":"https:\/\/northakademi.com\/tr\/wp-json\/wp\/v2\/media?parent=7348"}],"curies":[{"name":"wp","href":"https:\/\/api.w.org\/{rel}","templated":true}]}}