{"id":7334,"date":"2020-04-29T01:19:59","date_gmt":"2020-04-28T22:19:59","guid":{"rendered":"https:\/\/northakademi.com\/tr\/?page_id=7334"},"modified":"2020-05-09T18:03:34","modified_gmt":"2020-05-09T15:03:34","slug":"kule-vinc-periyodik-kontrol-muayenesi","status":"publish","type":"page","link":"https:\/\/northakademi.com\/tr\/periyodik-kontrol-muayene\/kaldirma-iletme-ekipmanlari\/kule-vinc-periyodik-kontrol-muayenesi\/","title":{"rendered":"Kule Vin\u00e7 Periyodik Kontrol Muayenesi"},"content":{"rendered":"<\/div><\/div><\/div><!-- close content main div --><\/div><\/div><div id='av_section_1' class='avia-section main_color avia-section-default avia-no-shadow avia-bg-style-scroll   av-minimum-height av-minimum-height-custom container_wrap sidebar_right' style = 'background-repeat: no-repeat; background-image: url(https:\/\/northakademi.com\/tr\/wp-content\/uploads\/2019\/12\/slide-north-akademi-siyah-lacivert.jpg); background-attachment: scroll; background-position: top left; ' data-section-bg-repeat='no-repeat' ><div class='container' style='height:150px'><div class='template-page content  av-content-small alpha units'><div class='post-entry post-entry-type-page post-entry-7334'><div class='entry-content-wrapper clearfix'>\n<div style='padding-bottom:10px;color:#ffffff;' class='av-special-heading av-special-heading-h3 custom-color-heading   '><h3 class='av-special-heading-tag '  itemprop=\"headline\"  >Kule Vin\u00e7 Periyodik Kontrol Muayenesi<\/h3><div class='special-heading-border'><div class='special-heading-inner-border' style='border-color:#ffffff'><\/div><\/div><\/div>\n<\/div><\/div><\/div><!-- close content main div --><\/div><\/div><div id='after_section_1' class='main_color av_default_container_wrap container_wrap sidebar_right'   ><div class='container' ><div class='template-page content  av-content-small alpha units'><div class='post-entry post-entry-type-page post-entry-7334'><div class='entry-content-wrapper clearfix'><div class=\"flex_column av_one_full  flex_column_div av-zero-column-padding first  \" style='border-radius:0px; '><p><div class='avia-image-container  av-styling-    avia-align-center '  itemprop=\"ImageObject\" itemscope=\"itemscope\" itemtype=\"https:\/\/schema.org\/ImageObject\"  ><div class='avia-image-container-inner'><img class='avia_image ' src='https:\/\/northakademi.com\/tr\/wp-content\/uploads\/2019\/12\/north-akademi-egitim-0124.jpg' alt='' title=''   itemprop=\"thumbnailUrl\"  \/><\/div><\/div><br \/>\n<section class=\"av_textblock_section \"  itemscope=\"itemscope\" itemtype=\"https:\/\/schema.org\/CreativeWork\" ><div class='avia_textblock  '   itemprop=\"text\" ><p>\u0130n\u015faat sekt\u00f6r\u00fcnde kullan\u0131lmak \u00fczere yap\u0131lm\u0131\u015f\u00a0kule vin\u00e7,\u00a0\u00e7ok y\u00fcksek seviyelere \u00e7\u0131kar ve a\u011f\u0131r y\u00fckleri kald\u0131rmak i\u00e7in kullan\u0131l\u0131r. Normal makaral\u0131 vin\u00e7lerin dahi kald\u0131ramayaca\u011f\u0131 y\u00fckleri rahatl\u0131kla kald\u0131ran ve binan\u0131n istenilen yerine \u00e7\u0131kartabilir. B\u00fcy\u00fck elektrik direklerine benzeyen bu vin\u00e7lerin \u00fczerinde y\u00fcklerin yatayda da hareket edebilmesi i\u00e7in uzunlamas\u0131na bir rayl\u0131 sistem mevcuttur. Bu rayl\u0131 sistemin operat\u00f6r\u00fcn arka taraf\u0131ndan y\u00fck\u00fc dengelemek i\u00e7in bir a\u011f\u0131rl\u0131k mevcuttur.<\/p>\n<p>Kule vin\u00e7ler devrilme riski y\u00fcksek olan vin\u00e7lerdir. Bu nedenle k\u00f6t\u00fc hava ko\u015fullar\u0131nda \u00f6zellikle r\u00fczgarl\u0131 havalarda kesinlikle kullan\u0131lmamal\u0131d\u0131r. Ayr\u0131ca bu vin\u00e7ler kald\u0131rabilece\u011fi kadar y\u00fck kald\u0131rmal\u0131d\u0131r. \u00d6zellikle yatayda en u\u00e7ta bulunan k\u0131s\u0131ma verilecek a\u011f\u0131rl\u0131k dikkate al\u0131nmal\u0131 ve ona g\u00f6re y\u00fck y\u00fcklenmelidir. \u0130n\u015faat sekt\u00f6r\u00fcnde devaml\u0131 olarak \u00e7al\u0131\u015fan bu vin\u00e7lerin mutlaka bak\u0131mlar\u0131 ve periyodik kontrolleri yap\u0131lmal\u0131d\u0131r.<\/p>\n<p>Kule vin\u00e7ler \u201c\u0130\u015f Ekipmanlar\u0131 Kullan\u0131m\u0131nda Sa\u011fl\u0131k ve G\u00fcvenlik \u015eartlar\u0131 Y\u00f6netmeli\u011fi\u201dne tabiidir. Bu y\u00f6netmelikte belirtilen maddelere ve standartlara g\u00f6re onaylanm\u0131\u015f kurulu\u015flar taraf\u0131ndan mutlaka periyodik kontrol yap\u0131lmal\u0131d\u0131r.<\/p>\n<p>Vin\u00e7lerin periyodik kontrol\u00fcnde uygulanan y\u00fck testlerinin \u201cASME\u00a0B30.17\u201d standard\u0131na uygun olarak\u00a0nominal\u00a0y\u00fckte yap\u0131lmas\u0131 durumunda; ger\u00e7ekle\u015ftirilen periyodik kontrole ek olarak vin\u00e7ler, y\u0131lda en az bir kez uygun tahribats\u0131z muayene y\u00f6ntemleri ile kontrol edilir ve nominal y\u00fcke maruz b\u0131rakarak vin\u00e7lerin ta\u015f\u0131y\u0131c\u0131 kiri\u015flerinde sehim kontrol\u00fc yap\u0131l\u0131r.<\/p>\n<\/div><\/section><\/p><\/div><\/p>\n","protected":false},"excerpt":{"rendered":"","protected":false},"author":1,"featured_media":0,"parent":7522,"menu_order":0,"comment_status":"closed","ping_status":"closed","template":"","meta":{"footnotes":""},"_links":{"self":[{"href":"https:\/\/northakademi.com\/tr\/wp-json\/wp\/v2\/pages\/7334"}],"collection":[{"href":"https:\/\/northakademi.com\/tr\/wp-json\/wp\/v2\/pages"}],"about":[{"href":"https:\/\/northakademi.com\/tr\/wp-json\/wp\/v2\/types\/page"}],"author":[{"embeddable":true,"href":"https:\/\/northakademi.com\/tr\/wp-json\/wp\/v2\/users\/1"}],"replies":[{"embeddable":true,"href":"https:\/\/northakademi.com\/tr\/wp-json\/wp\/v2\/comments?post=7334"}],"version-history":[{"count":1,"href":"https:\/\/northakademi.com\/tr\/wp-json\/wp\/v2\/pages\/7334\/revisions"}],"predecessor-version":[{"id":7335,"href":"https:\/\/northakademi.com\/tr\/wp-json\/wp\/v2\/pages\/7334\/revisions\/7335"}],"up":[{"embeddable":true,"href":"https:\/\/northakademi.com\/tr\/wp-json\/wp\/v2\/pages\/7522"}],"wp:attachment":[{"href":"https:\/\/northakademi.com\/tr\/wp-json\/wp\/v2\/media?parent=7334"}],"curies":[{"name":"wp","href":"https:\/\/api.w.org\/{rel}","templated":true}]}}