{"id":7332,"date":"2020-04-29T01:17:45","date_gmt":"2020-04-28T22:17:45","guid":{"rendered":"https:\/\/northakademi.com\/tr\/?page_id=7332"},"modified":"2020-05-09T18:03:22","modified_gmt":"2020-05-09T15:03:22","slug":"kriko-periyodik-kontrol-muayenesi","status":"publish","type":"page","link":"https:\/\/northakademi.com\/tr\/periyodik-kontrol-muayene\/kaldirma-iletme-ekipmanlari\/kriko-periyodik-kontrol-muayenesi\/","title":{"rendered":"Kriko Periyodik Kontrol Muayenesi"},"content":{"rendered":"<\/div><\/div><\/div><!-- close content main div --><\/div><\/div><div id='av_section_1' class='avia-section main_color avia-section-default avia-no-shadow avia-bg-style-scroll   av-minimum-height av-minimum-height-custom container_wrap sidebar_right' style = 'background-repeat: no-repeat; background-image: url(https:\/\/northakademi.com\/tr\/wp-content\/uploads\/2019\/12\/slide-north-akademi-siyah-lacivert.jpg); background-attachment: scroll; background-position: top left; ' data-section-bg-repeat='no-repeat' ><div class='container' style='height:150px'><div class='template-page content  av-content-small alpha units'><div class='post-entry post-entry-type-page post-entry-7332'><div class='entry-content-wrapper clearfix'>\n<div style='padding-bottom:10px;color:#ffffff;' class='av-special-heading av-special-heading-h3 custom-color-heading   '><h3 class='av-special-heading-tag '  itemprop=\"headline\"  >Kriko Periyodik Kontrol Muayenesi<\/h3><div class='special-heading-border'><div class='special-heading-inner-border' style='border-color:#ffffff'><\/div><\/div><\/div>\n<\/div><\/div><\/div><!-- close content main div --><\/div><\/div><div id='after_section_1' class='main_color av_default_container_wrap container_wrap sidebar_right'   ><div class='container' ><div class='template-page content  av-content-small alpha units'><div class='post-entry post-entry-type-page post-entry-7332'><div class='entry-content-wrapper clearfix'><div class=\"flex_column av_one_full  flex_column_div av-zero-column-padding first  \" style='border-radius:0px; '><p><div class='avia-image-container  av-styling-    avia-align-center '  itemprop=\"ImageObject\" itemscope=\"itemscope\" itemtype=\"https:\/\/schema.org\/ImageObject\"  ><div class='avia-image-container-inner'><img class='avia_image ' src='https:\/\/northakademi.com\/tr\/wp-content\/uploads\/2019\/12\/north-akademi-egitim-0124.jpg' alt='' title=''   itemprop=\"thumbnailUrl\"  \/><\/div><\/div><br \/>\n<section class=\"av_textblock_section \"  itemscope=\"itemscope\" itemtype=\"https:\/\/schema.org\/CreativeWork\" ><div class='avia_textblock  '   itemprop=\"text\" ><p>Tonlarca a\u011f\u0131rl\u0131\u011f\u0131 \u00e7ok az kald\u0131rma i\u015flemini yapan kriko, mekanik ve hidrolik sistem ile \u00e7al\u0131\u015f\u0131r ve\u00a0genellikle arabalar\u0131 kald\u0131rmak i\u00e7in kullan\u0131l\u0131r. Bir \u00e7ok \u00e7e\u015fidi bulunan krikolar ihtiyaca g\u00f6re farkl\u0131 a\u011f\u0131rl\u0131klar\u0131 kald\u0131rabilirler. Krikolar kald\u0131rd\u0131klar\u0131 y\u00fck\u00fc istedikleri kadar havada tutabilirler.<\/p>\n<p>Hidrolik krikolar \u00e7ap\u0131 b\u00fcy\u00fck ve k\u00fc\u00e7\u00fck silindirlerden olu\u015fur. K\u00fc\u00e7\u00fck silindir pistona kuvvet uygulayarak i\u00e7inde bulunan s\u0131v\u0131da b\u00fcy\u00fck bir bas\u0131n\u00e7 ortaya \u00e7\u0131kar ve b\u00fcy\u00fck piston harekete ge\u00e7er ve b\u00fcy\u00fck pistonla birlikte y\u00fckte b\u00fcy\u00fck bir kuvvetle yukar\u0131 kalkar. Y\u00fck tekrar a\u015fa\u011f\u0131 indirilmek istendi\u011finde krikonun kolu hareket ettirildi\u011finde b\u00fcy\u00fck silindirdeki s\u0131v\u0131, s\u0131v\u0131 deposuna alarak y\u00fck\u00fc a\u015fa\u011f\u0131 indirir. A\u011f\u0131r y\u00fckleri kald\u0131ran bu krikolar\u0131n mutlaka bak\u0131m ve kontrolleri yap\u0131lmal\u0131d\u0131r.<br \/>\nKrikolar\u0131n periyodik kontrol yap\u0131lmas\u0131 olu\u015fabilecek kazalar\u0131n \u00f6n\u00fcne ge\u00e7er. Krikolar devaml\u0131 olarak a\u011f\u0131rl\u0131k kald\u0131rd\u0131klar\u0131 i\u00e7in aksamlar\u0131nda bir s\u0131k\u0131nt\u0131 \u00e7\u0131kabilir bu neden\u00a0le kontrolleri yap\u0131lmal\u0131d\u0131r. Krikolar \u201c\u0130\u015f Ekipmanlar\u0131 Kullan\u0131m\u0131nda Sa\u011fl\u0131k ve G\u00fcvenlik \u015eartlar\u0131 Y\u00f6netmeli\u011fi\u201dne tabiidir. Bu y\u00f6netmelikte belirtilen yap\u0131lan kontroller Avrupa standartlar\u0131ndad\u0131r.<\/p>\n<p><strong>\u0130\u015f ekipmanlar\u0131 Kullan\u0131m\u0131nda Sa\u011fl\u0131k ve G\u00fcvenlik \u015eartlar\u0131 Y\u00f6netmeli\u011fi<\/strong><\/p>\n<p>Y\u00f6netmeli\u011fin amac\u0131 , i\u015f yerinde i\u015f ekipmanlar\u0131n\u0131n kullan\u0131m\u0131 ile ilgili sa\u011fl\u0131k ve g\u00fcvenlik y\u00f6n\u00fcnden uyulmas\u0131 gerekli asgari \u015fartlar\u0131 belirlemektir.\u00a020\/6\/2012 tarihli ve 6331 say\u0131l\u0131 \u0130\u015f Sa\u011fl\u0131\u011f\u0131 ve G\u00fcvenli\u011fi Kanunu kapsam\u0131na giren t\u00fcm i\u015f yerlerini kapsar.<\/p>\n<p>6331 say\u0131l\u0131 \u0130\u015f Sa\u011fl\u0131\u011f\u0131 ve G\u00fcvenli\u011fi Kanununun 30 ve 31 inci maddeleri ile 9\/1\/1985 tarihli ve 3146 say\u0131l\u0131 \u00c7al\u0131\u015fma ve Sosyal G\u00fcvenlik Bakanl\u0131\u011f\u0131n\u0131n Te\u015fkilat ve G\u00f6revleri Hakk\u0131nda Kanunun 2 ve 12 nci maddelerine dayan\u0131larak ve 3\/10\/2009 tarihli ve 2009\/104\/EC say\u0131l\u0131 Avrupa Birli\u011fi Direktifine paralel olarak haz\u0131rlanm\u0131\u015ft\u0131r.<\/p>\n<\/div><\/section><\/p><\/div><\/p>\n","protected":false},"excerpt":{"rendered":"","protected":false},"author":1,"featured_media":0,"parent":7522,"menu_order":0,"comment_status":"closed","ping_status":"closed","template":"","meta":{"footnotes":""},"_links":{"self":[{"href":"https:\/\/northakademi.com\/tr\/wp-json\/wp\/v2\/pages\/7332"}],"collection":[{"href":"https:\/\/northakademi.com\/tr\/wp-json\/wp\/v2\/pages"}],"about":[{"href":"https:\/\/northakademi.com\/tr\/wp-json\/wp\/v2\/types\/page"}],"author":[{"embeddable":true,"href":"https:\/\/northakademi.com\/tr\/wp-json\/wp\/v2\/users\/1"}],"replies":[{"embeddable":true,"href":"https:\/\/northakademi.com\/tr\/wp-json\/wp\/v2\/comments?post=7332"}],"version-history":[{"count":1,"href":"https:\/\/northakademi.com\/tr\/wp-json\/wp\/v2\/pages\/7332\/revisions"}],"predecessor-version":[{"id":7333,"href":"https:\/\/northakademi.com\/tr\/wp-json\/wp\/v2\/pages\/7332\/revisions\/7333"}],"up":[{"embeddable":true,"href":"https:\/\/northakademi.com\/tr\/wp-json\/wp\/v2\/pages\/7522"}],"wp:attachment":[{"href":"https:\/\/northakademi.com\/tr\/wp-json\/wp\/v2\/media?parent=7332"}],"curies":[{"name":"wp","href":"https:\/\/api.w.org\/{rel}","templated":true}]}}