{"id":7330,"date":"2020-04-29T01:16:23","date_gmt":"2020-04-28T22:16:23","guid":{"rendered":"https:\/\/northakademi.com\/tr\/?page_id=7330"},"modified":"2020-05-09T18:03:04","modified_gmt":"2020-05-09T15:03:04","slug":"koprulu-vinc-periyodik-kontrol-muayenesi","status":"publish","type":"page","link":"https:\/\/northakademi.com\/tr\/periyodik-kontrol-muayene\/kaldirma-iletme-ekipmanlari\/koprulu-vinc-periyodik-kontrol-muayenesi\/","title":{"rendered":"K\u00f6pr\u00fcl\u00fc Vin\u00e7 Periyodik Kontrol Muayenesi"},"content":{"rendered":"<\/div><\/div><\/div><!-- close content main div --><\/div><\/div><div id='av_section_1' class='avia-section main_color avia-section-default avia-no-shadow avia-bg-style-scroll   av-minimum-height av-minimum-height-custom container_wrap sidebar_right' style = 'background-repeat: no-repeat; background-image: url(https:\/\/northakademi.com\/tr\/wp-content\/uploads\/2019\/12\/slide-north-akademi-siyah-lacivert.jpg); background-attachment: scroll; background-position: top left; ' data-section-bg-repeat='no-repeat' ><div class='container' style='height:150px'><div class='template-page content  av-content-small alpha units'><div class='post-entry post-entry-type-page post-entry-7330'><div class='entry-content-wrapper clearfix'>\n<div style='padding-bottom:10px;color:#ffffff;' class='av-special-heading av-special-heading-h3 custom-color-heading   '><h3 class='av-special-heading-tag '  itemprop=\"headline\"  >K\u00f6pr\u00fcl\u00fc Vin\u00e7 Periyodik Kontrol Muayenesi<\/h3><div class='special-heading-border'><div class='special-heading-inner-border' style='border-color:#ffffff'><\/div><\/div><\/div>\n<\/div><\/div><\/div><!-- close content main div --><\/div><\/div><div id='after_section_1' class='main_color av_default_container_wrap container_wrap sidebar_right'   ><div class='container' ><div class='template-page content  av-content-small alpha units'><div class='post-entry post-entry-type-page post-entry-7330'><div class='entry-content-wrapper clearfix'><div class=\"flex_column av_one_full  flex_column_div av-zero-column-padding first  \" style='border-radius:0px; '><p><div class='avia-image-container  av-styling-    avia-align-center '  itemprop=\"ImageObject\" itemscope=\"itemscope\" itemtype=\"https:\/\/schema.org\/ImageObject\"  ><div class='avia-image-container-inner'><img class='avia_image ' src='https:\/\/northakademi.com\/tr\/wp-content\/uploads\/2019\/12\/north-akademi-egitim-0124.jpg' alt='' title=''   itemprop=\"thumbnailUrl\"  \/><\/div><\/div><br \/>\n<section class=\"av_textblock_section \"  itemscope=\"itemscope\" itemtype=\"https:\/\/schema.org\/CreativeWork\" ><div class='avia_textblock  '   itemprop=\"text\" ><p>B\u00fcy\u00fck bir depoda veya bir i\u015f yerinde en \u00fcstteki kolon aras\u0131na yerle\u015ftirilen \u00e7elik kons\u00fcksiyonlar\u0131n \u00fczerindeki elektrik motoru ile y\u00fck kald\u0131rma ve indirme i\u015fini yapan k\u00f6pr\u00fcl\u00fc vin\u00e7ler, tek ve \u00e7ift kiri\u015fli olarak ta kullan\u0131lanlar\u0131 da vard\u0131r.<\/p>\n<p>Fabrikalarda, sanayilerde, b\u00fcy\u00fck depolarda olmak \u00fczere a\u011f\u0131r i\u015flerin yap\u0131ld\u0131\u011f\u0131 t\u00fcm sekt\u00f6rlerde kullan\u0131lmaktad\u0131rlar.<br \/>\nK\u00f6pr\u00fcl\u00fc vin\u00e7ler 1 ton\u2019dan 100 tona kadar a\u011f\u0131r y\u00fckleri kald\u0131rabilirler. K\u00f6pr\u00fcl\u00fc vin\u00e7ler y\u00fck ta\u015f\u0131ma, y\u00fckleme ve depolama alalar\u0131nda b\u00fcy\u00fck i\u015fler yaparlar. K\u00f6pr\u00fcl\u00fc vin\u00e7ler \u00e7ok a\u011f\u0131r y\u00fckleri kald\u0131rd\u0131klar\u0131 i\u00e7in mutlaka onaylanm\u0131\u015f kurulu\u015flar taraf\u0131ndan kontrolleri yap\u0131lmal\u0131d\u0131r.<\/p>\n<p>Her hangi bir kazaya sebebiyet vermemek i\u00e7in akredite olmu\u015f bir kurulu\u015f taraf\u0131ndan mutlaka periyodik olarak kontrolleri yap\u0131lmal\u0131d\u0131r. K\u00f6pr\u00fcl\u00fc vin\u00e7lerin aksamlar\u0131n\u0131, ekipmanlar\u0131n\u0131 kontrolleri yap\u0131larak hem i\u015f sa\u011fl\u0131\u011f\u0131 hemde i\u015f g\u00fcvenli\u011fi sa\u011flanm\u0131\u015f olur.<\/p>\n<p>K\u00f6pr\u00fcl\u00fc vin\u00e7ler \u201c\u0130\u015f Ekipmanlar\u0131 Kullan\u0131m\u0131nda Sa\u011fl\u0131k ve G\u00fcvenlik \u015eartlar\u0131 Y\u00f6netmeli\u011fi\u201d ne tabiidir. Bu y\u00f6netmelikte belirtilen standartlara ve kriterlere g\u00f6re kontrolleri yap\u0131lmal\u0131d\u0131r. K\u00f6pr\u00fcl\u00fc vin\u00e7ler ile ilgili olan bu y\u00f6netmelikte uygulanacak standartlar Avrupa standartlar\u0131na uygundur.<\/p>\n<p><strong>\u0130\u015f Ekipmanlar\u0131 Kullan\u0131m\u0131nda Sa\u011fl\u0131k ve G\u00fcvenlik \u015eartlar\u0131 Y\u00f6netmeli\u011fi<\/strong><\/p>\n<p>Bu Y\u00f6netmeli\u011fin amac\u0131, i\u015f yerinde i\u015f ekipmanlar\u0131n\u0131n kullan\u0131m\u0131 ile ilgili sa\u011fl\u0131k ve g\u00fcvenlik y\u00f6n\u00fcnden uyulmas\u0131 gerekli asgari \u015fartlar\u0131 belirlemektir.\u00a020\/6\/2012 tarihli ve 6331 say\u0131l\u0131 \u0130\u015f Sa\u011fl\u0131\u011f\u0131 ve G\u00fcvenli\u011fi Kanunu kapsam\u0131na giren t\u00fcm i\u015f yerlerini kapsar.<\/p>\n<p>6331 say\u0131l\u0131 \u0130\u015f Sa\u011fl\u0131\u011f\u0131 ve G\u00fcvenli\u011fi Kanununun 30 ve 31 inci maddeleri ile 9\/1\/1985 tarihli ve 3146 say\u0131l\u0131 \u00c7al\u0131\u015fma ve Sosyal G\u00fcvenlik Bakanl\u0131\u011f\u0131n\u0131n Te\u015fkilat ve G\u00f6revleri Hakk\u0131nda Kanunun 2 ve 12 nci maddelerine dayan\u0131larak ve 3\/10\/2009 tarihli ve 2009\/104\/EC say\u0131l\u0131 Avrupa Birli\u011fi Direktifine paralel olarak haz\u0131rlanm\u0131\u015ft\u0131r.<\/p>\n<p>Vin\u00e7lerin periyodik kontrol\u00fcnde uygulanan y\u00fck testlerinin \u201c ASME\u00a0B30.17 \u201d standard\u0131na uygun olarak\u00a0nominal\u00a0y\u00fckte yap\u0131lmas\u0131 durumunda; ger\u00e7ekle\u015ftirilen periyodik kontrole ek olarak vin\u00e7ler, y\u0131lda en az bir kez uygun tahribats\u0131z muayene y\u00f6ntemleri ile kontrol edilir ve nominal y\u00fcke maruz b\u0131rakarak vin\u00e7lerin ta\u015f\u0131y\u0131c\u0131 kiri\u015flerinde sehim kontrol\u00fc yap\u0131l\u0131r.<\/p>\n<p>Vin\u00e7lerin periyodik kontrollerinde yap\u0131lacak olan statik deneyde deney y\u00fck\u00fc, beyan edilen y\u00fck\u00fcn en az 1,25 kat\u0131, dinamik deneyde ise en az 1,1 kat\u0131 olmas\u0131 gerekir.<\/p>\n<p><strong>Kald\u0131rma ve iletme ekipmanlar\u0131<\/strong><\/p>\n<p>2.2.1. Standartlarda aksi belirtilmedi\u011fi s\u00fcrece, kald\u0131rma ve iletme ekipmanlar\u0131, beyan edilen y\u00fck\u00fcn en az 1,25 kat\u0131n\u0131, etkili ve g\u00fcvenli bir \u015fekilde kald\u0131racak ve ask\u0131da tutabilecek g\u00fc\u00e7te olur ve bunlar\u0131n bu y\u00fcke dayan\u0131kl\u0131 ve yeterli y\u00fck frenleri bulunur.<\/p>\n<p>2.2.2. Kald\u0131rma ve iletme ekipmanlar\u0131n\u0131n periyodik kontrolleri, makine m\u00fchendisleri, makine veya metal e\u011fitimi b\u00f6l\u00fcm\u00fc mezunu teknik \u00f6\u011fretmenler ya da makine tekniker veya y\u00fcksek teknikerleri taraf\u0131ndan yap\u0131l\u0131r. S\u00f6z konusu periyodik kontrollerde tahribats\u0131z muayene y\u00f6ntemlerinin kullan\u0131lmas\u0131 durumunda, bu y\u00f6ntemler sadece\u00a0 TS EN ISO 9712 standart\u0131na g\u00f6re e\u011fitim alm\u0131\u015f m\u00fchendisler, teknik \u00f6\u011fretmenler, teknikerler veya y\u00fcksek teknikerler taraf\u0131ndan uygulanabilir.<\/p>\n<p>2.2.3. Madde 2.2.1.\u2019de belirtilen kriterler sakl\u0131 kalmak kayd\u0131 ile bir k\u0131s\u0131m kald\u0131rma ve iletme ekipman\u0131n\u0131n periyodik kontrol kriterleri ve kontrol s\u00fcreleri Tablo: 2\u2019de belirtilmi\u015ftir.<\/p>\n<\/div><\/section><\/p><\/div><\/p>\n","protected":false},"excerpt":{"rendered":"","protected":false},"author":1,"featured_media":0,"parent":7522,"menu_order":0,"comment_status":"closed","ping_status":"closed","template":"","meta":{"footnotes":""},"_links":{"self":[{"href":"https:\/\/northakademi.com\/tr\/wp-json\/wp\/v2\/pages\/7330"}],"collection":[{"href":"https:\/\/northakademi.com\/tr\/wp-json\/wp\/v2\/pages"}],"about":[{"href":"https:\/\/northakademi.com\/tr\/wp-json\/wp\/v2\/types\/page"}],"author":[{"embeddable":true,"href":"https:\/\/northakademi.com\/tr\/wp-json\/wp\/v2\/users\/1"}],"replies":[{"embeddable":true,"href":"https:\/\/northakademi.com\/tr\/wp-json\/wp\/v2\/comments?post=7330"}],"version-history":[{"count":1,"href":"https:\/\/northakademi.com\/tr\/wp-json\/wp\/v2\/pages\/7330\/revisions"}],"predecessor-version":[{"id":7331,"href":"https:\/\/northakademi.com\/tr\/wp-json\/wp\/v2\/pages\/7330\/revisions\/7331"}],"up":[{"embeddable":true,"href":"https:\/\/northakademi.com\/tr\/wp-json\/wp\/v2\/pages\/7522"}],"wp:attachment":[{"href":"https:\/\/northakademi.com\/tr\/wp-json\/wp\/v2\/media?parent=7330"}],"curies":[{"name":"wp","href":"https:\/\/api.w.org\/{rel}","templated":true}]}}