{"id":7328,"date":"2020-04-29T01:14:48","date_gmt":"2020-04-28T22:14:48","guid":{"rendered":"https:\/\/northakademi.com\/tr\/?page_id=7328"},"modified":"2020-05-09T18:00:57","modified_gmt":"2020-05-09T15:00:57","slug":"kanca-periyodik-kontrol","status":"publish","type":"page","link":"https:\/\/northakademi.com\/tr\/periyodik-kontrol-muayene\/kaldirma-iletme-ekipmanlari\/kanca-periyodik-kontrol\/","title":{"rendered":"Kanca Periyodik Kontrol"},"content":{"rendered":"<\/div><\/div><\/div><!-- close content main div --><\/div><\/div><div id='av_section_1' class='avia-section main_color avia-section-default avia-no-shadow avia-bg-style-scroll   av-minimum-height av-minimum-height-custom container_wrap sidebar_right' style = 'background-repeat: no-repeat; background-image: url(https:\/\/northakademi.com\/tr\/wp-content\/uploads\/2019\/12\/slide-north-akademi-siyah-lacivert.jpg); background-attachment: scroll; background-position: top left; ' data-section-bg-repeat='no-repeat' ><div class='container' style='height:150px'><div class='template-page content  av-content-small alpha units'><div class='post-entry post-entry-type-page post-entry-7328'><div class='entry-content-wrapper clearfix'>\n<div style='padding-bottom:10px;color:#ffffff;' class='av-special-heading av-special-heading-h3 custom-color-heading   '><h3 class='av-special-heading-tag '  itemprop=\"headline\"  >Kanca Periyodik Kontrol<\/h3><div class='special-heading-border'><div class='special-heading-inner-border' style='border-color:#ffffff'><\/div><\/div><\/div>\n<\/div><\/div><\/div><!-- close content main div --><\/div><\/div><div id='after_section_1' class='main_color av_default_container_wrap container_wrap sidebar_right'   ><div class='container' ><div class='template-page content  av-content-small alpha units'><div class='post-entry post-entry-type-page post-entry-7328'><div class='entry-content-wrapper clearfix'><div class=\"flex_column av_one_full  flex_column_div av-zero-column-padding first  \" style='border-radius:0px; '><p><div class='avia-image-container  av-styling-    avia-align-center '  itemprop=\"ImageObject\" itemscope=\"itemscope\" itemtype=\"https:\/\/schema.org\/ImageObject\"  ><div class='avia-image-container-inner'><img class='avia_image ' src='https:\/\/northakademi.com\/tr\/wp-content\/uploads\/2019\/12\/north-akademi-egitim-0124.jpg' alt='' title=''   itemprop=\"thumbnailUrl\"  \/><\/div><\/div><br \/>\n<section class=\"av_textblock_section \"  itemscope=\"itemscope\" itemtype=\"https:\/\/schema.org\/CreativeWork\" ><div class='avia_textblock  '   itemprop=\"text\" ><p>20 kilodan 200-300 ton a\u011f\u0131rl\u0131\u011fa kadar dayanabilen kancalar \u00fclkemizde de bir \u00e7ok firma taraf\u0131ndan \u00fcretilmektedir. Genellikle y\u00fck kald\u0131rmada vin\u00e7lere ve y\u00fck \u00e7ekle halatlar\u0131n\u0131n ucuna ba\u011flanan kanca y\u00fck kald\u0131rmada kritik i\u015fleri yapmaktad\u0131r. Y\u00fcke ba\u011flanan kancalar y\u00fck\u00fc tutarak vin\u00e7 ile birlikte kald\u0131rma i\u015flemini ger\u00e7ekle\u015ftirir.<\/p>\n<p>Kancalar \u00e7e\u015fitlerinde vin\u00e7 kancas\u0131, sapl\u0131, g\u00fczl\u00fc, f\u0131rd\u00f6nd\u00fcl\u00fc, pimli, ve otomatik kilitli kancalar bulunmaktad\u0131r. \u00d6zellikle sanayilerde ve end\u00fcstriyel i\u015flerde kullan\u0131lmaktad\u0131r. Sanayinin vazge\u00e7ilmez bir par\u00e7as\u0131 olan kancalar\u0131n da mutlaka kontrolleri yap\u0131lmal\u0131d\u0131r. Sa\u011fl\u0131k ve g\u00fcvenlik ama\u00e7l\u0131 yap\u0131lan kontroller \u201c\u0130\u015f ekipmanlar\u0131 kullan\u0131m\u0131nda sa\u011fl\u0131k ve g\u00fcvenlik \u015fartlar\u0131 y\u00f6netmeli\u011fi\u201d ne tabiidir.<\/p>\n<p><strong>Y\u00f6netmelik<\/strong><\/p>\n<p>Bu Y\u00f6netmeli\u011fin amac\u0131, i\u015f yerinde i\u015f ekipmanlar\u0131n\u0131n kullan\u0131m\u0131 ile ilgili sa\u011fl\u0131k ve g\u00fcvenlik y\u00f6n\u00fcnden uyulmas\u0131 gerekli asgari \u015fartlar\u0131 belirlemektir.\u00a020\/6\/2012 tarihli ve 6331 say\u0131l\u0131 \u0130\u015f Sa\u011fl\u0131\u011f\u0131 ve G\u00fcvenli\u011fi Kanunu kapsam\u0131na giren t\u00fcm i\u015f yerlerini kapsar.<br \/>\n6331 say\u0131l\u0131 \u0130\u015f Sa\u011fl\u0131\u011f\u0131 ve G\u00fcvenli\u011fi Kanununun 30 ve 31 inci maddeleri ile 9\/1\/1985 tarihli ve 3146 say\u0131l\u0131 \u00c7al\u0131\u015fma ve Sosyal G\u00fcvenlik Bakanl\u0131\u011f\u0131n\u0131n Te\u015fkilat ve G\u00f6revleri Hakk\u0131nda Kanunun 2 ve 12 nci maddelerine dayan\u0131larak ve 3\/10\/2009 tarihli ve 2009\/104\/EC say\u0131l\u0131 Avrupa Birli\u011fi Direktifine paralel olarak haz\u0131rlanm\u0131\u015ft\u0131r.<\/p>\n<p>Kald\u0131rma ve iletme ekipmanlar\u0131n\u0131n periyodik kontrolleri, makine m\u00fchendisleri, makine veya metal e\u011fitimi b\u00f6l\u00fcm\u00fc mezunu teknik \u00f6\u011fretmenler ya da makine tekniker veya y\u00fcksek teknikerleri taraf\u0131ndan yap\u0131l\u0131r. S\u00f6z konusu periyodik kontrollerde tahribats\u0131z\u00a0muayene y\u00f6ntemlerinin kullan\u0131lmas\u0131 durumunda, bu y\u00f6ntemler sadece TS EN ISO 9712 standart\u0131na g\u00f6re e\u011fitim alm\u0131\u015f m\u00fchendisler, teknik \u00f6\u011fretmenler, teknikerler veya y\u00fcksek teknikerler taraf\u0131ndan uygulanabilir.<\/p>\n<\/div><\/section><\/p><\/div><\/p>\n","protected":false},"excerpt":{"rendered":"","protected":false},"author":1,"featured_media":0,"parent":7522,"menu_order":0,"comment_status":"closed","ping_status":"closed","template":"","meta":{"footnotes":""},"_links":{"self":[{"href":"https:\/\/northakademi.com\/tr\/wp-json\/wp\/v2\/pages\/7328"}],"collection":[{"href":"https:\/\/northakademi.com\/tr\/wp-json\/wp\/v2\/pages"}],"about":[{"href":"https:\/\/northakademi.com\/tr\/wp-json\/wp\/v2\/types\/page"}],"author":[{"embeddable":true,"href":"https:\/\/northakademi.com\/tr\/wp-json\/wp\/v2\/users\/1"}],"replies":[{"embeddable":true,"href":"https:\/\/northakademi.com\/tr\/wp-json\/wp\/v2\/comments?post=7328"}],"version-history":[{"count":1,"href":"https:\/\/northakademi.com\/tr\/wp-json\/wp\/v2\/pages\/7328\/revisions"}],"predecessor-version":[{"id":7329,"href":"https:\/\/northakademi.com\/tr\/wp-json\/wp\/v2\/pages\/7328\/revisions\/7329"}],"up":[{"embeddable":true,"href":"https:\/\/northakademi.com\/tr\/wp-json\/wp\/v2\/pages\/7522"}],"wp:attachment":[{"href":"https:\/\/northakademi.com\/tr\/wp-json\/wp\/v2\/media?parent=7328"}],"curies":[{"name":"wp","href":"https:\/\/api.w.org\/{rel}","templated":true}]}}