{"id":7322,"date":"2020-04-29T01:10:35","date_gmt":"2020-04-28T22:10:35","guid":{"rendered":"https:\/\/northakademi.com\/tr\/?page_id=7322"},"modified":"2020-05-09T18:00:21","modified_gmt":"2020-05-09T15:00:21","slug":"hidrolik-platform-periyodik-kontrol-muayenesi","status":"publish","type":"page","link":"https:\/\/northakademi.com\/tr\/periyodik-kontrol-muayene\/kaldirma-iletme-ekipmanlari\/hidrolik-platform-periyodik-kontrol-muayenesi\/","title":{"rendered":"Hidrolik Platform Periyodik Kontrol Muayenesi"},"content":{"rendered":"<\/div><\/div><\/div><!-- close content main div --><\/div><\/div><div id='av_section_1' class='avia-section main_color avia-section-default avia-no-shadow avia-bg-style-scroll   av-minimum-height av-minimum-height-custom container_wrap sidebar_right' style = 'background-repeat: no-repeat; background-image: url(https:\/\/northakademi.com\/tr\/wp-content\/uploads\/2019\/12\/slide-north-akademi-siyah-lacivert.jpg); background-attachment: scroll; background-position: top left; ' data-section-bg-repeat='no-repeat' ><div class='container' style='height:150px'><div class='template-page content  av-content-small alpha units'><div class='post-entry post-entry-type-page post-entry-7322'><div class='entry-content-wrapper clearfix'>\n<div style='padding-bottom:10px;color:#ffffff;' class='av-special-heading av-special-heading-h3 custom-color-heading   '><h3 class='av-special-heading-tag '  itemprop=\"headline\"  >Hidrolik Platform Periyodik Kontrol Muayenesi<\/h3><div class='special-heading-border'><div class='special-heading-inner-border' style='border-color:#ffffff'><\/div><\/div><\/div>\n<\/div><\/div><\/div><!-- close content main div --><\/div><\/div><div id='after_section_1' class='main_color av_default_container_wrap container_wrap sidebar_right'   ><div class='container' ><div class='template-page content  av-content-small alpha units'><div class='post-entry post-entry-type-page post-entry-7322'><div class='entry-content-wrapper clearfix'><div class=\"flex_column av_one_full  flex_column_div av-zero-column-padding first  \" style='border-radius:0px; '><p><div class='avia-image-container  av-styling-    avia-align-center '  itemprop=\"ImageObject\" itemscope=\"itemscope\" itemtype=\"https:\/\/schema.org\/ImageObject\"  ><div class='avia-image-container-inner'><img class='avia_image ' src='https:\/\/northakademi.com\/tr\/wp-content\/uploads\/2019\/12\/north-akademi-egitim-0124.jpg' alt='' title=''   itemprop=\"thumbnailUrl\"  \/><\/div><\/div><br \/>\n<section class=\"av_textblock_section \"  itemscope=\"itemscope\" itemtype=\"https:\/\/schema.org\/CreativeWork\" ><div class='avia_textblock  '   itemprop=\"text\" ><p>End\u00fcstrinin her alan\u0131nda kullan\u0131lan hidrolik sistemler, \u00f6zellikle Kald\u0131rma iletme ekipmanlar\u0131n\u0131n a\u011f\u0131r y\u00fckleri kolayl\u0131kla kald\u0131rmas\u0131nda kullan\u0131l\u0131r. Hidrolik sistem elektrik ve s\u0131v\u0131 yak\u0131tlardan en b\u00fcy\u00fck avantaj\u0131 a\u011f\u0131r y\u00fckleri kald\u0131rabilmesidir.<\/p>\n<p>Hidrolik platform sabit ve hareketli olmak \u00fczere iki farkl\u0131 gruba ay\u0131rabiliriz.\u00a0Hidrolik platform a\u011f\u0131r y\u00fckleri kald\u0131rmak ve y\u00fcksek mesafelerde i\u015f yapmak i\u00e7in kullan\u0131l\u0131r. Hidrolik platformun piyasada bir \u00e7ok \u00e7e\u015fidi bulunmaktad\u0131r. \u0130n\u015faat i\u015flerinde, montaj, tadilat, tamirat i\u015flerinde, a\u011f\u0131r y\u00fckleri belli bir y\u00fckseklikte tutma gibi i\u015fleri yapan hidrolik platform sistemi olduk\u00e7a pop\u00fclerdir. A\u011f\u0131r y\u00fckleri y\u00fcksek mesafelere kald\u0131ran bu sistemin mutlaka bak\u0131m ve periyodik kontrolleri yap\u0131lmal\u0131d\u0131r.<\/p>\n<p>Hidrolik platform 6331 say\u0131l\u0131 i\u015f sa\u011fl\u0131\u011f\u0131 ve g\u00fcvenli\u011fi kanununca i\u015f ekipmanlar\u0131n\u0131n kullan\u0131m\u0131nda sa\u011fl\u0131k ve g\u00fcvenlik \u015fartlar\u0131 y\u00f6netmeli\u011finin kald\u0131rma iletme ekipmanlar\u0131 maddesine ba\u011fl\u0131d\u0131r. 20\/6\/2012 tarihli ve 6331 say\u0131l\u0131 \u0130\u015f Sa\u011fl\u0131\u011f\u0131 ve G\u00fcvenli\u011fi Kanunu kapsam\u0131na giren t\u00fcm i\u015f yerlerini kapsar.<br \/>\n6331 say\u0131l\u0131 \u0130\u015f Sa\u011fl\u0131\u011f\u0131 ve G\u00fcvenli\u011fi Kanununun 30 ve 31 inci maddeleri ile 9\/1\/1985 tarihli ve 3146 say\u0131l\u0131 \u00c7al\u0131\u015fma ve Sosyal G\u00fcvenlik Bakanl\u0131\u011f\u0131n\u0131n Te\u015fkilat ve G\u00f6revleri Hakk\u0131nda Kanunun 2 ve 12 nci maddelerine dayan\u0131larak ve 3\/10\/2009 tarihli ve 2009\/104\/EC say\u0131l\u0131 Avrupa Birli\u011fi Direktifine paralel olarak haz\u0131rlanm\u0131\u015ft\u0131r. Periyodik kontroller ve bak\u0131mlar bu y\u00f6netmeli\u011fe g\u00f6re yap\u0131lmal\u0131d\u0131r.<\/p>\n<p><strong>Kald\u0131rma \u0130letme Ekipmanlar\u0131<\/strong><\/p>\n<p>2.2.1. Standartlarda aksi belirtilmedi\u011fi s\u00fcrece, kald\u0131rma ve iletme ekipmanlar\u0131, beyan edilen y\u00fck\u00fcn en az 1,25 kat\u0131n\u0131, etkili ve g\u00fcvenli bir \u015fekilde kald\u0131racak ve ask\u0131da tutabilecek g\u00fc\u00e7te olur ve bunlar\u0131n bu y\u00fcke dayan\u0131kl\u0131 ve yeterli y\u00fck frenleri bulunur.<\/p>\n<p>2.2.2. Kald\u0131rma ve iletme ekipmanlar\u0131n\u0131n periyodik kontrolleri, makine m\u00fchendisleri, makine veya metal e\u011fitimi b\u00f6l\u00fcm\u00fc mezunu teknik \u00f6\u011fretmenler ya da makine tekniker veya y\u00fcksek teknikerleri taraf\u0131ndan yap\u0131l\u0131r. S\u00f6z konusu periyodik kontrollerde tahribats\u0131z<br \/>\nmuayene y\u00f6ntemlerinin kullan\u0131lmas\u0131 durumunda, bu y\u00f6ntemler sadece TS EN ISO 9712 standart\u0131na g\u00f6re e\u011fitim alm\u0131\u015f m\u00fchendisler, teknik \u00f6\u011fretmenler, teknikerler veya y\u00fcksek teknikerler taraf\u0131ndan uygulanabilir.<\/p>\n<p>2.2.3. Madde 2.2.1.\u2019de belirtilen kriterler sakl\u0131 kalmak kayd\u0131 ile bir k\u0131s\u0131m kald\u0131rma ve iletme ekipman\u0131n\u0131n periyodik kontrol kriterleri ve kontrol s\u00fcreleri Tablo: 2\u2019de belirtilmi\u015ftir.<\/p>\n<\/div><\/section><\/p><\/div><\/p>\n","protected":false},"excerpt":{"rendered":"","protected":false},"author":1,"featured_media":0,"parent":7522,"menu_order":0,"comment_status":"closed","ping_status":"closed","template":"","meta":{"footnotes":""},"_links":{"self":[{"href":"https:\/\/northakademi.com\/tr\/wp-json\/wp\/v2\/pages\/7322"}],"collection":[{"href":"https:\/\/northakademi.com\/tr\/wp-json\/wp\/v2\/pages"}],"about":[{"href":"https:\/\/northakademi.com\/tr\/wp-json\/wp\/v2\/types\/page"}],"author":[{"embeddable":true,"href":"https:\/\/northakademi.com\/tr\/wp-json\/wp\/v2\/users\/1"}],"replies":[{"embeddable":true,"href":"https:\/\/northakademi.com\/tr\/wp-json\/wp\/v2\/comments?post=7322"}],"version-history":[{"count":1,"href":"https:\/\/northakademi.com\/tr\/wp-json\/wp\/v2\/pages\/7322\/revisions"}],"predecessor-version":[{"id":7323,"href":"https:\/\/northakademi.com\/tr\/wp-json\/wp\/v2\/pages\/7322\/revisions\/7323"}],"up":[{"embeddable":true,"href":"https:\/\/northakademi.com\/tr\/wp-json\/wp\/v2\/pages\/7522"}],"wp:attachment":[{"href":"https:\/\/northakademi.com\/tr\/wp-json\/wp\/v2\/media?parent=7322"}],"curies":[{"name":"wp","href":"https:\/\/api.w.org\/{rel}","templated":true}]}}